{"id":11894,"date":"2025-08-12T10:17:28","date_gmt":"2025-08-12T08:17:28","guid":{"rendered":"https:\/\/eu.haitianinter.com\/karriere\/mitarbeiter-im-technischen-vertrieb-w-m-d\/"},"modified":"2025-08-12T10:36:31","modified_gmt":"2025-08-12T08:36:31","slug":"mitarbeiter-im-technischen-vertrieb-w-m-d","status":"publish","type":"page","link":"https:\/\/eu.haitianinter.com\/de\/karriere\/mitarbeiter-im-technischen-vertrieb-w-m-d\/","title":{"rendered":"Mitarbeiter im technischen Vertrieb (w\/m\/d)"},"content":{"rendered":"<p>[et_pb_section fb_built=&#8220;1&#8243; _builder_version=&#8220;4.23.1&#8243; _module_preset=&#8220;default&#8220; custom_padding=&#8220;||4px||false|false&#8220; global_colors_info=&#8220;{}&#8220;][et_pb_row _builder_version=&#8220;4.23.1&#8243; _module_preset=&#8220;default&#8220; global_colors_info=&#8220;{}&#8220;][et_pb_column type=&#8220;4_4&#8243; _builder_version=&#8220;4.23.1&#8243; _module_preset=&#8220;default&#8220; global_colors_info=&#8220;{}&#8220;][et_pb_image src=&#8220;https:\/\/eu.haitianinter.com\/wp-content\/uploads\/sites\/3\/2024\/01\/HTI_Golden.png&#8220; title_text=&#8220;HTI Golden&#8220; align=&#8220;center&#8220; _builder_version=&#8220;4.23.1&#8243; _module_preset=&#8220;default&#8220; width=&#8220;8%&#8220; custom_margin=&#8220;||10px||false|false&#8220; global_colors_info=&#8220;{}&#8220;][\/et_pb_image][et_pb_text _builder_version=&#8220;4.27.4&#8243; _module_preset=&#8220;default&#8220; header_3_font_size=&#8220;33px&#8220; custom_margin=&#8220;||12px|||&#8220; global_colors_info=&#8220;{}&#8220;]<\/p>\n<h6 style=\"text-align: center\"><strong>Spritzgie\u00dfmaschinen &amp; Robotik<\/strong><\/h6>\n<h3 style=\"text-align: center\">Mitarbeiter im technischen Vertrieb (w\/m\/d)<\/h3>\n<h6 style=\"text-align: center\"><span>Standort Franken, unbegrenzt, Berufserfahrung<\/span><\/h6>\n<p>[\/et_pb_text][et_pb_button button_url=&#8220;mailto:jobs@haitiangermany.com&#8220; button_text=&#8220;Jetzt bewerben&#8220; button_alignment=&#8220;center&#8220; _builder_version=&#8220;4.27.4&#8243; _module_preset=&#8220;default&#8220; custom_button=&#8220;on&#8220; background_layout=&#8220;dark&#8220; custom_margin=&#8220;||18px||false|false&#8220; custom_padding=&#8220;5px||5px||false|false&#8220; mix_blend_mode=&#8220;soft-light&#8220; hover_enabled=&#8220;0&#8243; locked=&#8220;off&#8220; global_colors_info=&#8220;{}&#8220; sticky_enabled=&#8220;0&#8243;][\/et_pb_button][\/et_pb_column][\/et_pb_row][\/et_pb_section][et_pb_section fb_built=&#8220;1&#8243; _builder_version=&#8220;4.23.1&#8243; _module_preset=&#8220;default&#8220; custom_padding=&#8220;2px||4px|||&#8220; global_colors_info=&#8220;{}&#8220;][et_pb_row _builder_version=&#8220;4.27.4&#8243; _module_preset=&#8220;default&#8220; hover_enabled=&#8220;0&#8243; global_colors_info=&#8220;{}&#8220; sticky_enabled=&#8220;0&#8243;][et_pb_column type=&#8220;4_4&#8243; _builder_version=&#8220;4.23.1&#8243; _module_preset=&#8220;default&#8220; global_colors_info=&#8220;{}&#8220;][et_pb_text _builder_version=&#8220;4.27.4&#8243; _module_preset=&#8220;default&#8220; text_line_height=&#8220;1.8em&#8220; hover_enabled=&#8220;0&#8243; global_colors_info=&#8220;{}&#8220; sticky_enabled=&#8220;0&#8243;]<\/p>\n<h3>Ihre Verantwortlichkeiten<\/h3>\n<ul>\n<li>Beratung und Betreuung von Kunden in der Region Mittelfranken<\/li>\n<li>Verkauf und Vermarktung von Spritzgie\u00dfmaschinen und Zubeh\u00f6r<\/li>\n<li>Erstellen von Angeboten und Anlage von Auftr\u00e4gen<\/li>\n<li>Durchf\u00fchren von Kundenbesuchen und Pr\u00e4sentationen<\/li>\n<li>Erstellung von technischen Dokumentationen und Unterlagen<\/li>\n<li>Aufbau und Pflege von Kundenbeziehungen<\/li>\n<li>Teilnahme an Messen und Branchenveranstaltungen<\/li>\n<\/ul>\n<h3>Ihre Qualifikationen<\/h3>\n<ul>\n<li>Abgeschlossene Ausbildung im Bereich Spritzgie\u00dfen, Werkzeugbau oder einem vergleichbaren Bereich.<\/li>\n<li>Erfahrung im Verkauf von Maschinen oder Systemen, vorzugsweise Spritzgie\u00dfmaschinen<\/li>\n<li>Vorkenntnisse in der Kunststoffindustrie und der Kunststoffverarbeitung<\/li>\n<li>Ein hohes Ma\u00df an technischem Verst\u00e4ndnis<\/li>\n<li>Englisch-Kenntnisse<\/li>\n<li>F\u00fchrerschein der Klasse B<\/li>\n<li>Gute MS Office-Kenntnisse<\/li>\n<\/ul>\n<h3>Unser Angebot<\/h3>\n<ul>\n<li style=\"font-weight: 400\">Eine anspruchsvolle und abwechslungsreiche Aufgabe in einem erfolgreichen Unternehmen<\/li>\n<li style=\"font-weight: 400\">Leistungsabh\u00e4ngige Verg\u00fctung<\/li>\n<li style=\"font-weight: 400\">Intensive Einarbeitung und Weiterbildung<\/li>\n<li style=\"font-weight: 400\">Ein engagiertes Team und eine offene Unternehmenskultur<\/li>\n<li style=\"font-weight: 400\">Langfristige Perspektiven in einem vielversprechenden Markt<\/li>\n<\/ul>\n<p style=\"font-weight: 400\"><strong>Interessiert?<\/strong><\/p>\n<p style=\"font-weight: 400\">Bitte senden Sie uns Ihre ausf\u00fchrlichen Bewerbungsunterlagen (einschlie\u00dflich Ihrer Gehaltsvorstellungen) unter Angabe Ihres fr\u00fchestm\u00f6glichen Eintrittstermins. Wir bevorzugen Ihre Bewerbung in digitaler Form. <\/p>\n<div><a href=\"mailto:Jobs@haitiangermany.com\">Jobs@haitiangermany.com<\/a><\/div>\n<p>[\/et_pb_text][et_pb_button button_url=&#8220;mailto:jobs@haitiangermany.com&#8220; button_text=&#8220;Jetzt bewerben&#8220; button_alignment=&#8220;left&#8220; _builder_version=&#8220;4.27.4&#8243; _module_preset=&#8220;default&#8220; custom_button=&#8220;on&#8220; background_layout=&#8220;dark&#8220; custom_margin=&#8220;||18px||false|false&#8220; custom_padding=&#8220;5px||5px||false|false&#8220; mix_blend_mode=&#8220;soft-light&#8220; hover_enabled=&#8220;0&#8243; locked=&#8220;off&#8220; global_colors_info=&#8220;{}&#8220; sticky_enabled=&#8220;0&#8243;][\/et_pb_button][\/et_pb_column][\/et_pb_row][et_pb_row _builder_version=&#8220;4.23.1&#8243; _module_preset=&#8220;default&#8220; global_colors_info=&#8220;{}&#8220;][et_pb_column type=&#8220;4_4&#8243; _builder_version=&#8220;4.23.1&#8243; _module_preset=&#8220;default&#8220; global_colors_info=&#8220;{}&#8220;][et_pb_text _builder_version=&#8220;4.27.4&#8243; _module_preset=&#8220;default&#8220; hover_enabled=&#8220;0&#8243; global_colors_info=&#8220;{}&#8220; sticky_enabled=&#8220;0&#8243;]<a href=\"https:\/\/eu.haitianinter.com\/de\/karriere\/\">Alle Stellenausschreibungen<\/a>[\/et_pb_text][\/et_pb_column][\/et_pb_row][\/et_pb_section][et_pb_section fb_built=&#8220;1&#8243; _builder_version=&#8220;4.23.1&#8243; _module_preset=&#8220;default&#8220; global_colors_info=&#8220;{}&#8220;][\/et_pb_section]<\/p>\n","protected":false},"excerpt":{"rendered":"<p>Mitarbeiter im technischen Vertrieb (w\/m\/d)<\/p>\n","protected":false},"author":5,"featured_media":0,"parent":2450,"menu_order":0,"comment_status":"closed","ping_status":"closed","template":"","meta":{"_et_pb_use_builder":"on","_et_pb_old_content":"","_et_gb_content_width":"","footnotes":""},"class_list":["post-11894","page","type-page","status-publish","hentry"],"yoast_head":"<!-- This site is optimized with the Yoast SEO plugin v27.2 - https:\/\/yoast.com\/product\/yoast-seo-wordpress\/ -->\n<title>Mitarbeiter im technischen Vertrieb (w\/m\/d) - Haitian International Germany<\/title>\n<meta name=\"description\" content=\"Technischer Vertriebsmitarbeiter f\u00fcr Haitian International\" \/>\n<meta name=\"robots\" content=\"index, follow, max-snippet:-1, max-image-preview:large, max-video-preview:-1\" \/>\n<link rel=\"canonical\" href=\"https:\/\/eu.haitianinter.com\/de\/karriere\/mitarbeiter-im-technischen-vertrieb-w-m-d\/\" \/>\n<meta property=\"og:locale\" content=\"de_DE\" \/>\n<meta property=\"og:type\" content=\"article\" \/>\n<meta property=\"og:title\" content=\"Mitarbeiter im technischen Vertrieb (w\/m\/d) - Haitian International Germany\" \/>\n<meta property=\"og:description\" content=\"Technischer Vertriebsmitarbeiter f\u00fcr Haitian International\" \/>\n<meta property=\"og:url\" content=\"https:\/\/eu.haitianinter.com\/de\/karriere\/mitarbeiter-im-technischen-vertrieb-w-m-d\/\" \/>\n<meta property=\"og:site_name\" content=\"Haitian International Germany\" \/>\n<meta property=\"article:modified_time\" content=\"2025-08-12T08:36:31+00:00\" \/>\n<meta name=\"twitter:card\" content=\"summary_large_image\" \/>\n<meta name=\"twitter:label1\" content=\"Gesch\u00e4tzte Lesezeit\" \/>\n\t<meta name=\"twitter:data1\" content=\"3\u00a0Minuten\" \/>\n<script type=\"application\/ld+json\" class=\"yoast-schema-graph\">{\"@context\":\"https:\/\/schema.org\",\"@graph\":[{\"@type\":\"WebPage\",\"@id\":\"https:\/\/eu.haitianinter.com\/de\/karriere\/mitarbeiter-im-technischen-vertrieb-w-m-d\/\",\"url\":\"https:\/\/eu.haitianinter.com\/de\/karriere\/mitarbeiter-im-technischen-vertrieb-w-m-d\/\",\"name\":\"Mitarbeiter im technischen Vertrieb (w\/m\/d) - Haitian International Germany\",\"isPartOf\":{\"@id\":\"https:\/\/eu.haitianinter.com\/de\/#website\"},\"datePublished\":\"2025-08-12T08:17:28+00:00\",\"dateModified\":\"2025-08-12T08:36:31+00:00\",\"description\":\"Technischer Vertriebsmitarbeiter f\u00fcr Haitian International\",\"breadcrumb\":{\"@id\":\"https:\/\/eu.haitianinter.com\/de\/karriere\/mitarbeiter-im-technischen-vertrieb-w-m-d\/#breadcrumb\"},\"inLanguage\":\"de\",\"potentialAction\":[{\"@type\":\"ReadAction\",\"target\":[\"https:\/\/eu.haitianinter.com\/de\/karriere\/mitarbeiter-im-technischen-vertrieb-w-m-d\/\"]}]},{\"@type\":\"BreadcrumbList\",\"@id\":\"https:\/\/eu.haitianinter.com\/de\/karriere\/mitarbeiter-im-technischen-vertrieb-w-m-d\/#breadcrumb\",\"itemListElement\":[{\"@type\":\"ListItem\",\"position\":1,\"name\":\"Home\",\"item\":\"https:\/\/eu.haitianinter.com\/de\/\"},{\"@type\":\"ListItem\",\"position\":2,\"name\":\"Karriere\",\"item\":\"https:\/\/eu.haitianinter.com\/de\/karriere\/\"},{\"@type\":\"ListItem\",\"position\":3,\"name\":\"Mitarbeiter im technischen Vertrieb (w\/m\/d)\"}]},{\"@type\":\"WebSite\",\"@id\":\"https:\/\/eu.haitianinter.com\/de\/#website\",\"url\":\"https:\/\/eu.haitianinter.com\/de\/\",\"name\":\"Haitian International Germany\",\"description\":\"We Create and Extend Advantage\",\"potentialAction\":[{\"@type\":\"SearchAction\",\"target\":{\"@type\":\"EntryPoint\",\"urlTemplate\":\"https:\/\/eu.haitianinter.com\/de\/?s={search_term_string}\"},\"query-input\":{\"@type\":\"PropertyValueSpecification\",\"valueRequired\":true,\"valueName\":\"search_term_string\"}}],\"inLanguage\":\"de\"}]}<\/script>\n<!-- \/ Yoast SEO plugin. -->","yoast_head_json":{"title":"Mitarbeiter im technischen Vertrieb (w\/m\/d) - Haitian International Germany","description":"Technischer Vertriebsmitarbeiter f\u00fcr Haitian International","robots":{"index":"index","follow":"follow","max-snippet":"max-snippet:-1","max-image-preview":"max-image-preview:large","max-video-preview":"max-video-preview:-1"},"canonical":"https:\/\/eu.haitianinter.com\/de\/karriere\/mitarbeiter-im-technischen-vertrieb-w-m-d\/","og_locale":"de_DE","og_type":"article","og_title":"Mitarbeiter im technischen Vertrieb (w\/m\/d) - Haitian International Germany","og_description":"Technischer Vertriebsmitarbeiter f\u00fcr Haitian International","og_url":"https:\/\/eu.haitianinter.com\/de\/karriere\/mitarbeiter-im-technischen-vertrieb-w-m-d\/","og_site_name":"Haitian International Germany","article_modified_time":"2025-08-12T08:36:31+00:00","twitter_card":"summary_large_image","twitter_misc":{"Gesch\u00e4tzte Lesezeit":"3\u00a0Minuten"},"schema":{"@context":"https:\/\/schema.org","@graph":[{"@type":"WebPage","@id":"https:\/\/eu.haitianinter.com\/de\/karriere\/mitarbeiter-im-technischen-vertrieb-w-m-d\/","url":"https:\/\/eu.haitianinter.com\/de\/karriere\/mitarbeiter-im-technischen-vertrieb-w-m-d\/","name":"Mitarbeiter im technischen Vertrieb (w\/m\/d) - Haitian International Germany","isPartOf":{"@id":"https:\/\/eu.haitianinter.com\/de\/#website"},"datePublished":"2025-08-12T08:17:28+00:00","dateModified":"2025-08-12T08:36:31+00:00","description":"Technischer Vertriebsmitarbeiter f\u00fcr Haitian International","breadcrumb":{"@id":"https:\/\/eu.haitianinter.com\/de\/karriere\/mitarbeiter-im-technischen-vertrieb-w-m-d\/#breadcrumb"},"inLanguage":"de","potentialAction":[{"@type":"ReadAction","target":["https:\/\/eu.haitianinter.com\/de\/karriere\/mitarbeiter-im-technischen-vertrieb-w-m-d\/"]}]},{"@type":"BreadcrumbList","@id":"https:\/\/eu.haitianinter.com\/de\/karriere\/mitarbeiter-im-technischen-vertrieb-w-m-d\/#breadcrumb","itemListElement":[{"@type":"ListItem","position":1,"name":"Home","item":"https:\/\/eu.haitianinter.com\/de\/"},{"@type":"ListItem","position":2,"name":"Karriere","item":"https:\/\/eu.haitianinter.com\/de\/karriere\/"},{"@type":"ListItem","position":3,"name":"Mitarbeiter im technischen Vertrieb (w\/m\/d)"}]},{"@type":"WebSite","@id":"https:\/\/eu.haitianinter.com\/de\/#website","url":"https:\/\/eu.haitianinter.com\/de\/","name":"Haitian International Germany","description":"We Create and Extend Advantage","potentialAction":[{"@type":"SearchAction","target":{"@type":"EntryPoint","urlTemplate":"https:\/\/eu.haitianinter.com\/de\/?s={search_term_string}"},"query-input":{"@type":"PropertyValueSpecification","valueRequired":true,"valueName":"search_term_string"}}],"inLanguage":"de"}]}},"_links":{"self":[{"href":"https:\/\/eu.haitianinter.com\/de\/wp-json\/wp\/v2\/pages\/11894","targetHints":{"allow":["GET"]}}],"collection":[{"href":"https:\/\/eu.haitianinter.com\/de\/wp-json\/wp\/v2\/pages"}],"about":[{"href":"https:\/\/eu.haitianinter.com\/de\/wp-json\/wp\/v2\/types\/page"}],"author":[{"embeddable":true,"href":"https:\/\/eu.haitianinter.com\/de\/wp-json\/wp\/v2\/users\/5"}],"replies":[{"embeddable":true,"href":"https:\/\/eu.haitianinter.com\/de\/wp-json\/wp\/v2\/comments?post=11894"}],"version-history":[{"count":2,"href":"https:\/\/eu.haitianinter.com\/de\/wp-json\/wp\/v2\/pages\/11894\/revisions"}],"predecessor-version":[{"id":11896,"href":"https:\/\/eu.haitianinter.com\/de\/wp-json\/wp\/v2\/pages\/11894\/revisions\/11896"}],"up":[{"embeddable":true,"href":"https:\/\/eu.haitianinter.com\/de\/wp-json\/wp\/v2\/pages\/2450"}],"wp:attachment":[{"href":"https:\/\/eu.haitianinter.com\/de\/wp-json\/wp\/v2\/media?parent=11894"}],"curies":[{"name":"wp","href":"https:\/\/api.w.org\/{rel}","templated":true}]}}