{"id":2174,"date":"2023-12-02T14:07:25","date_gmt":"2023-12-02T13:07:25","guid":{"rendered":"https:\/\/eu.haitianinter.com\/ueber-uns\/"},"modified":"2024-04-08T10:10:34","modified_gmt":"2024-04-08T08:10:34","slug":"ueber-uns","status":"publish","type":"page","link":"https:\/\/eu.haitianinter.com\/de\/ueber-uns\/","title":{"rendered":"\u00dcber uns"},"content":{"rendered":"<p>[et_pb_section fb_built=&#8220;1&#8243; fullwidth=&#8220;on&#8220; module_class=&#8220;teaser-image-under-text&#8220; _builder_version=&#8220;4.22.2&#8243; _module_preset=&#8220;default&#8220; locked=&#8220;off&#8220; global_colors_info=&#8220;{}&#8220;][et_pb_fullwidth_header title=&#8220;\u00dcber uns&#8220; subhead=&#8220;Haitian International Germany&#8220; text_orientation=&#8220;center&#8220; header_fullscreen=&#8220;on&#8220; header_image_url=&#8220;https:\/\/eu.haitianinter.com\/wp-content\/uploads\/sites\/3\/2024\/03\/Haitian_Company_About_us.jpg&#8220; image_orientation=&#8220;bottom&#8220; _builder_version=&#8220;4.23.1&#8243; _module_preset=&#8220;default&#8220; background_enable_color=&#8220;off&#8220; background_layout=&#8220;light&#8220; global_colors_info=&#8220;{}&#8220;][\/et_pb_fullwidth_header][\/et_pb_section][et_pb_section fb_built=&#8220;1&#8243; module_class=&#8220;section-content-center&#8220; _builder_version=&#8220;4.22.2&#8243; _module_preset=&#8220;default&#8220; custom_padding=&#8220;||2px|||&#8220; locked=&#8220;off&#8220; global_colors_info=&#8220;{}&#8220;][et_pb_row _builder_version=&#8220;4.22.2&#8243; _module_preset=&#8220;default&#8220; locked=&#8220;off&#8220; global_colors_info=&#8220;{}&#8220;][et_pb_column type=&#8220;4_4&#8243; _builder_version=&#8220;4.22.2&#8243; _module_preset=&#8220;default&#8220; global_colors_info=&#8220;{}&#8220;][et_pb_text module_class=&#8220;content-center&#8220; _builder_version=&#8220;4.23.1&#8243; _module_preset=&#8220;default&#8220; global_colors_info=&#8220;{}&#8220;]<\/p>\n<h5><span>Unser Mission ist es, Vorteile f\u00fcr unsere Kunden zu schaffen und zu erweitern. Wir entwickeln kontinuierlich neue Standards und L\u00f6sungen, die mehr Effizienz, mehr Flexibilit\u00e4t und mehr Produktivit\u00e4t f\u00fcr ihren nachhaltigen Unternehmenserfolg bringen.<\/span><\/h5>\n<p>[\/et_pb_text][\/et_pb_column][\/et_pb_row][\/et_pb_section][et_pb_section fb_built=&#8220;1&#8243; _builder_version=&#8220;4.23.1&#8243; _module_preset=&#8220;default&#8220; custom_padding=&#8220;92px||170px|||&#8220; global_colors_info=&#8220;{}&#8220;][et_pb_row column_structure=&#8220;1_2,1_2&#8243; module_class=&#8220;row-counter row-divider-counter&#8220; _builder_version=&#8220;4.23.1&#8243; _module_preset=&#8220;default&#8220; width=&#8220;50%&#8220; width_tablet=&#8220;auto&#8220; width_phone=&#8220;auto&#8220; width_last_edited=&#8220;on|phone&#8220; custom_padding=&#8220;0px||||false|false&#8220; global_colors_info=&#8220;{}&#8220;][et_pb_column type=&#8220;1_2&#8243; _builder_version=&#8220;4.22.2&#8243; _module_preset=&#8220;default&#8220; global_colors_info=&#8220;{}&#8220;][et_pb_number_counter title=&#8220;Mitarbeiter am Standort Deutschland&#8220; number=&#8220;90&#8243; percent_sign=&#8220;off&#8220; _builder_version=&#8220;4.23.1&#8243; _module_preset=&#8220;default&#8220; title_level=&#8220;h6&#8243; title_font=&#8220;|600|||||||&#8220; number_font=&#8220;|700|||||||&#8220; width=&#8220;70%&#8220; width_tablet=&#8220;40%&#8220; width_phone=&#8220;50%&#8220; width_last_edited=&#8220;on|phone&#8220; global_colors_info=&#8220;{}&#8220;][\/et_pb_number_counter][\/et_pb_column][et_pb_column type=&#8220;1_2&#8243; _builder_version=&#8220;4.22.2&#8243; _module_preset=&#8220;default&#8220; global_colors_info=&#8220;{}&#8220;][et_pb_number_counter title=&#8220;qm Produktionsfl\u00e4che am Standort&#8220; number=&#8220;12,000&#8243; percent_sign=&#8220;off&#8220; _builder_version=&#8220;4.23.1&#8243; _module_preset=&#8220;default&#8220; title_level=&#8220;h6&#8243; title_font=&#8220;|600|||||||&#8220; number_font=&#8220;|700|||||||&#8220; width=&#8220;70%&#8220; width_tablet=&#8220;40%&#8220; width_phone=&#8220;50%&#8220; width_last_edited=&#8220;on|phone&#8220; global_colors_info=&#8220;{}&#8220;][\/et_pb_number_counter][\/et_pb_column][\/et_pb_row][et_pb_row column_structure=&#8220;1_3,1_3,1_3&#8243; module_class=&#8220;row-counter row-divider-counter&#8220; _builder_version=&#8220;4.23.1&#8243; _module_preset=&#8220;default&#8220; custom_padding=&#8220;0px||||false|false&#8220; global_colors_info=&#8220;{}&#8220;][et_pb_column type=&#8220;1_3&#8243; _builder_version=&#8220;4.22.2&#8243; _module_preset=&#8220;default&#8220; global_colors_info=&#8220;{}&#8220;][et_pb_number_counter title=&#8220;Maschinen auf Lager&#8220; number=&#8220;200+&#8220; percent_sign=&#8220;off&#8220; _builder_version=&#8220;4.23.1&#8243; _module_preset=&#8220;default&#8220; title_level=&#8220;h6&#8243; title_font=&#8220;|600|||||||&#8220; number_font=&#8220;|700|||||||&#8220; width=&#8220;70%&#8220; width_tablet=&#8220;40%&#8220; width_phone=&#8220;50%&#8220; width_last_edited=&#8220;on|phone&#8220; global_colors_info=&#8220;{}&#8220;][\/et_pb_number_counter][\/et_pb_column][et_pb_column type=&#8220;1_3&#8243; _builder_version=&#8220;4.22.2&#8243; _module_preset=&#8220;default&#8220; global_colors_info=&#8220;{}&#8220;][et_pb_number_counter title=&#8220;Haitian Partner in Europa&#8220; number=&#8220;24&#8243; percent_sign=&#8220;off&#8220; _builder_version=&#8220;4.24.2&#8243; _module_preset=&#8220;default&#8220; title_level=&#8220;h6&#8243; title_font=&#8220;|600|||||||&#8220; number_font=&#8220;|700|||||||&#8220; width=&#8220;70%&#8220; width_tablet=&#8220;40%&#8220; width_phone=&#8220;50%&#8220; width_last_edited=&#8220;on|phone&#8220; hover_enabled=&#8220;0&#8243; global_colors_info=&#8220;{}&#8220; sticky_enabled=&#8220;0&#8243;][\/et_pb_number_counter][\/et_pb_column][et_pb_column type=&#8220;1_3&#8243; _builder_version=&#8220;4.22.2&#8243; _module_preset=&#8220;default&#8220; global_colors_info=&#8220;{}&#8220;][et_pb_number_counter title=&#8220;Vertriebs- und Servicetechniker in ganz Europa&#8220; number=&#8220;220+  &#8220; percent_sign=&#8220;off&#8220; _builder_version=&#8220;4.23.1&#8243; _module_preset=&#8220;default&#8220; title_level=&#8220;h6&#8243; title_font=&#8220;|600|||||||&#8220; number_font=&#8220;|700|||||||&#8220; width=&#8220;70%&#8220; width_tablet=&#8220;40%&#8220; width_phone=&#8220;50%&#8220; width_last_edited=&#8220;on|phone&#8220; global_colors_info=&#8220;{}&#8220;][\/et_pb_number_counter][\/et_pb_column][\/et_pb_row][\/et_pb_section][et_pb_section fb_built=&#8220;1&#8243; admin_label=&#8220;Section\/Teaserbox with Text and Image&#8220; module_class=&#8220;section-text-image-box-withIcon&#8220; _builder_version=&#8220;4.23.1&#8243; custom_padding=&#8220;0px||2px|||&#8220; locked=&#8220;off&#8220; collapsed=&#8220;off&#8220; global_colors_info=&#8220;{}&#8220;][et_pb_row column_structure=&#8220;1_2,1_2&#8243; make_equal=&#8220;on&#8220; admin_label=&#8220;row&#8220; _builder_version=&#8220;4.23.1&#8243; background_size=&#8220;initial&#8220; background_position=&#8220;top_left&#8220; background_repeat=&#8220;repeat&#8220; min_height_tablet=&#8220;&#8220; min_height_phone=&#8220;&#8220; min_height_last_edited=&#8220;on|desktop&#8220; custom_padding=&#8220;0px||0px||true|false&#8220; global_colors_info=&#8220;{}&#8220;][et_pb_column type=&#8220;1_2&#8243; module_class=&#8220;background&#8220; _builder_version=&#8220;4.23.1&#8243; background_image=&#8220;https:\/\/eu.haitianinter.com\/wp-content\/uploads\/sites\/3\/2024\/03\/HTIG_location-droneflight.jpg&#8220; custom_padding=&#8220;|||&#8220; global_colors_info=&#8220;{}&#8220; custom_padding__hover=&#8220;|||&#8220;][\/et_pb_column][et_pb_column type=&#8220;1_2&#8243; _builder_version=&#8220;4.22.2&#8243; global_colors_info=&#8220;{}&#8220; custom_padding__hover=&#8220;|||&#8220;][et_pb_blurb title=&#8220;Seit 1989 in Europa&#8220; image_icon_width=&#8220;30%&#8220; icon_alignment=&#8220;left&#8220; _builder_version=&#8220;4.23.1&#8243; _module_preset=&#8220;default&#8220; image_icon_custom_margin=&#8220;||0px||false|false&#8220; global_colors_info=&#8220;{}&#8220;]<\/p>\n<h5>Seit unsere erste Spritzgie\u00dfmaschine 1989 nach Europa kam, ist Haitian International zu einem vertrauensw\u00fcrdigen Namen in der europ\u00e4ischen Kunststoffverarbeitungsindustrie geworden. <br \/>Unser Weg der Innovation f\u00fchrte 2015 zur Gr\u00fcndung von Haitian in Ebermannsdorf.<\/h5>\n<p>[\/et_pb_blurb][\/et_pb_column][\/et_pb_row][\/et_pb_section][et_pb_section fb_built=&#8220;1&#8243; admin_label=&#8220;Section\/Teaserbox with Text and Image&#8220; module_class=&#8220;section-text-image-box-withIcon&#8220; _builder_version=&#8220;4.23.1&#8243; custom_margin=&#8220;-2px|||||&#8220; custom_padding=&#8220;0px||0px|||&#8220; locked=&#8220;off&#8220; global_colors_info=&#8220;{}&#8220;][et_pb_row column_structure=&#8220;1_2,1_2&#8243; make_equal=&#8220;on&#8220; admin_label=&#8220;row&#8220; module_class=&#8220;reverse&#8220; _builder_version=&#8220;4.23.1&#8243; background_size=&#8220;initial&#8220; background_position=&#8220;top_left&#8220; background_repeat=&#8220;repeat&#8220; min_height=&#8220;300px&#8220; custom_margin=&#8220;||||false&#8220; custom_padding=&#8220;0px||0px||true|false&#8220; global_colors_info=&#8220;{}&#8220;][et_pb_column type=&#8220;1_2&#8243; _builder_version=&#8220;4.22.2&#8243; background_enable_image=&#8220;off&#8220; global_colors_info=&#8220;{}&#8220; custom_padding__hover=&#8220;|||&#8220;][et_pb_blurb title=&#8220;Ma\u00dfgeschneiderte Dienstleistungen&#8220; image_icon_width=&#8220;30%&#8220; icon_alignment=&#8220;left&#8220; _builder_version=&#8220;4.23.1&#8243; _module_preset=&#8220;default&#8220; image_icon_custom_margin=&#8220;||0px||false|false&#8220; global_colors_info=&#8220;{}&#8220;]<\/p>\n<h5>Wir bieten europ\u00e4ischen Kunststoffverarbeitern Dienstleistungen aller Art. U.a. stehen Maschinen und Ersatzteile in gro\u00dfer Anzahl auf Lager f\u00fcr Sie bereit. Unser Anwendungszentrum ist f\u00fcr Tests und Werkzeugversuche unserer Kunden ausgelegt, erg\u00e4nzt um Trainings f\u00fcr die Maschineneinrichtung und Wartung.<\/h5>\n<p>[\/et_pb_blurb][\/et_pb_column][et_pb_column type=&#8220;1_2&#8243; module_class=&#8220;background&#8220; _builder_version=&#8220;4.23.1&#8243; background_image=&#8220;https:\/\/eu.haitianinter.com\/wp-content\/uploads\/sites\/3\/2024\/03\/about-us_Application-center.jpg&#8220; custom_padding=&#8220;|||&#8220; global_colors_info=&#8220;{}&#8220; custom_padding__hover=&#8220;|||&#8220;][\/et_pb_column][\/et_pb_row][\/et_pb_section][et_pb_section fb_built=&#8220;1&#8243; admin_label=&#8220;Section\/Teaserbox with Text and Image&#8220; module_class=&#8220;section-text-image-box-withIcon&#8220; _builder_version=&#8220;4.23.1&#8243; custom_padding=&#8220;0px||2px|||&#8220; locked=&#8220;off&#8220; collapsed=&#8220;off&#8220; global_colors_info=&#8220;{}&#8220;][et_pb_row column_structure=&#8220;1_2,1_2&#8243; make_equal=&#8220;on&#8220; admin_label=&#8220;row&#8220; _builder_version=&#8220;4.23.1&#8243; background_size=&#8220;initial&#8220; background_position=&#8220;top_left&#8220; background_repeat=&#8220;repeat&#8220; min_height_tablet=&#8220;&#8220; min_height_phone=&#8220;&#8220; min_height_last_edited=&#8220;on|desktop&#8220; custom_padding=&#8220;0px||0px||true|false&#8220; global_colors_info=&#8220;{}&#8220;][et_pb_column type=&#8220;1_2&#8243; module_class=&#8220;column_lightbox&#8220; _builder_version=&#8220;4.23.1&#8243; background_enable_image=&#8220;off&#8220; custom_padding=&#8220;|||&#8220; global_colors_info=&#8220;{}&#8220; custom_padding__hover=&#8220;|||&#8220;][et_pb_image src=&#8220;https:\/\/eu.haitianinter.com\/wp-content\/uploads\/sites\/3\/2024\/03\/EU-Karte_2000xx2000.jpg&#8220; title_text=&#8220;EU-Karte 2000xx2000&#8243; show_in_lightbox=&#8220;on&#8220; force_fullwidth=&#8220;on&#8220; _builder_version=&#8220;4.23.1&#8243; _module_preset=&#8220;default&#8220; global_colors_info=&#8220;{}&#8220;][\/et_pb_image][\/et_pb_column][et_pb_column type=&#8220;1_2&#8243; _builder_version=&#8220;4.23.1&#8243; global_colors_info=&#8220;{}&#8220; custom_padding__hover=&#8220;|||&#8220;][et_pb_blurb title=&#8220;Vertriebs- und Servicenetz&#8220; image_icon_width=&#8220;30%&#8220; icon_alignment=&#8220;left&#8220; _builder_version=&#8220;4.23.1&#8243; _module_preset=&#8220;default&#8220; image_icon_custom_margin=&#8220;||0px||false|false&#8220; global_colors_info=&#8220;{}&#8220;]<\/p>\n<h5>Unser Netzwerk umfasst 24 Vertriebs- und Servicepartner in ganz Europa, sechs davon sind in Deutschland ans\u00e4ssig. Insgesamt stehen mehr als 220 Vertriebsmitarbeiter und Servicetechniker bereit, sodass europaweit sofortige Reaktionen gew\u00e4hrleistet sind.<\/h5>\n<p>[\/et_pb_blurb][\/et_pb_column][\/et_pb_row][\/et_pb_section][et_pb_section fb_built=&#8220;1&#8243; _builder_version=&#8220;4.23.1&#8243; _module_preset=&#8220;default&#8220; custom_padding=&#8220;92px|||||&#8220; locked=&#8220;off&#8220; global_colors_info=&#8220;{}&#8220;][et_pb_row module_class=&#8220;row-fullwidth&#8220; _builder_version=&#8220;4.23.1&#8243; _module_preset=&#8220;default&#8220; width_tablet=&#8220;&#8220; width_phone=&#8220;&#8220; width_last_edited=&#8220;on|phone&#8220; custom_padding=&#8220;68px|||||&#8220; global_colors_info=&#8220;{}&#8220;][et_pb_column type=&#8220;4_4&#8243; _builder_version=&#8220;4.23.1&#8243; _module_preset=&#8220;default&#8220; global_colors_info=&#8220;{}&#8220;][et_pb_text _builder_version=&#8220;4.23.1&#8243; _module_preset=&#8220;default&#8220; global_colors_info=&#8220;{}&#8220;]<\/p>\n<h2 style=\"text-align: center\">Wir schaffen und erweitern Vorteile<\/h2>\n<p>[\/et_pb_text][\/et_pb_column][\/et_pb_row][et_pb_row module_class=&#8220;row-fullwidth&#8220; _builder_version=&#8220;4.23.1&#8243; _module_preset=&#8220;default&#8220; width_tablet=&#8220;&#8220; width_phone=&#8220;&#8220; width_last_edited=&#8220;on|phone&#8220; custom_padding=&#8220;68px|||||&#8220; global_colors_info=&#8220;{}&#8220;][et_pb_column type=&#8220;4_4&#8243; module_class=&#8220;carousel-2Col-blurb-slider&#8220; _builder_version=&#8220;4.23.1&#8243; _module_preset=&#8220;default&#8220; global_colors_info=&#8220;{}&#8220;][et_pb_blurb title=&#8220;Niedrige Investitionskosten&#8220; image=&#8220;https:\/\/eu.haitianinter.com\/wp-content\/uploads\/sites\/3\/2024\/03\/Anschaffungspreis_HTBlau.svg&#8220; image_icon_width=&#8220;40%&#8220; _builder_version=&#8220;4.23.1&#8243; _module_preset=&#8220;default&#8220; background_enable_image=&#8220;off&#8220; background_size=&#8220;contain&#8220; global_colors_info=&#8220;{}&#8220;]<\/p>\n<h5>Ausgezeichnetes Preis-Leistungs-Verh\u00e4ltnis, kosteneffiziente Produktion, Kernkomponenten aus der Haitian-Produktion<\/h5>\n<p>[\/et_pb_blurb][et_pb_blurb title=&#8220;Kurze Lieferzeiten&#8220; image=&#8220;https:\/\/eu.haitianinter.com\/wp-content\/uploads\/sites\/3\/2024\/03\/KurzeLieferzeit_HTBlau.svg&#8220; image_icon_width=&#8220;40%&#8220; _builder_version=&#8220;4.23.1&#8243; _module_preset=&#8220;default&#8220; background_enable_image=&#8220;off&#8220; background_size=&#8220;contain&#8220; global_colors_info=&#8220;{}&#8220;]<\/p>\n<h5>Kurze Lieferzeiten, auch f\u00fcr gro\u00dfe Maschinen, weltweite Standorte mit Lagermaschinen f\u00fcr kundenspezifische Anpassungen<\/h5>\n<p>[\/et_pb_blurb][et_pb_blurb title=&#8220;Niedrige Servicekosten&#8220; image=&#8220;https:\/\/eu.haitianinter.com\/wp-content\/uploads\/sites\/3\/2024\/03\/Servicekosten_HTBlau.svg&#8220; image_icon_width=&#8220;40%&#8220; _builder_version=&#8220;4.23.1&#8243; _module_preset=&#8220;default&#8220; background_enable_image=&#8220;off&#8220; background_size=&#8220;contain&#8220; global_colors_info=&#8220;{}&#8220;]<\/p>\n<h5>Wartungsarme Maschinenkonzepte, offene Ersatzteilstrategie, weltweites Servicenetz<\/h5>\n<p>[\/et_pb_blurb][et_pb_blurb title=&#8220;Breites Anwendungsspektrum&#8220; image=&#8220;https:\/\/eu.haitianinter.com\/wp-content\/uploads\/sites\/3\/2024\/03\/Maschinenverfugbarkeit_HTBlau.svg&#8220; image_icon_width=&#8220;40%&#8220; _builder_version=&#8220;4.23.1&#8243; _module_preset=&#8220;default&#8220; background_enable_image=&#8220;off&#8220; background_size=&#8220;contain&#8220; global_colors_info=&#8220;{}&#8220;]<\/p>\n<h5>Spezielle Branchenl\u00f6sungen, elektrische oder servo-hydraulische Maschinen von 400 bis 88.000 kN f\u00fcr alle Marktanforderungen<\/h5>\n<p>[\/et_pb_blurb][et_pb_blurb title=&#8220;Hohe Energieeinsparungen&#8220; image=&#8220;https:\/\/eu.haitianinter.com\/wp-content\/uploads\/sites\/3\/2024\/03\/Energieeinsparung_HTBlau.svg&#8220; image_icon_width=&#8220;40%&#8220; _builder_version=&#8220;4.23.1&#8243; _module_preset=&#8220;default&#8220; background_enable_image=&#8220;off&#8220; background_size=&#8220;contain&#8220; global_colors_info=&#8220;{}&#8220;]<\/p>\n<h5>Patentierte servo-hydraulische Antriebssysteme, elektrisches Plastifizieren im Standard<\/h5>\n<p>[\/et_pb_blurb][\/et_pb_column][\/et_pb_row][\/et_pb_section]<\/p>\n","protected":false},"excerpt":{"rendered":"<p>Unser Mission ist es, Vorteile f\u00fcr unsere Kunden zu schaffen und zu erweitern. Wir entwickeln kontinuierlich neue Standards und L\u00f6sungen, die mehr Effizienz, mehr Flexibilit\u00e4t und mehr Produktivit\u00e4t f\u00fcr ihren nachhaltigen Unternehmenserfolg bringen.Seit unsere erste Spritzgie\u00dfmaschine 1989 nach Europa kam, ist Haitian International zu einem vertrauensw\u00fcrdigen Namen in der europ\u00e4ischen Kunststoffverarbeitungsindustrie geworden. Unser Weg der [&hellip;]<\/p>\n","protected":false},"author":1,"featured_media":0,"parent":0,"menu_order":0,"comment_status":"closed","ping_status":"closed","template":"","meta":{"_et_pb_use_builder":"on","_et_pb_old_content":"","_et_gb_content_width":"","footnotes":""},"class_list":["post-2174","page","type-page","status-publish","hentry"],"yoast_head":"<!-- This site is optimized with the Yoast SEO plugin v27.2 - https:\/\/yoast.com\/product\/yoast-seo-wordpress\/ -->\n<title>\u00dcber uns - Haitian International Germany<\/title>\n<meta name=\"robots\" content=\"index, follow, max-snippet:-1, max-image-preview:large, max-video-preview:-1\" \/>\n<link rel=\"canonical\" href=\"https:\/\/eu.haitianinter.com\/de\/ueber-uns\/\" \/>\n<meta property=\"og:locale\" content=\"de_DE\" \/>\n<meta property=\"og:type\" content=\"article\" \/>\n<meta property=\"og:title\" content=\"\u00dcber uns - Haitian International Germany\" \/>\n<meta property=\"og:description\" content=\"Unser Mission ist es, Vorteile f\u00fcr unsere Kunden zu schaffen und zu erweitern. Wir entwickeln kontinuierlich neue Standards und L\u00f6sungen, die mehr Effizienz, mehr Flexibilit\u00e4t und mehr Produktivit\u00e4t f\u00fcr ihren nachhaltigen Unternehmenserfolg bringen.Seit unsere erste Spritzgie\u00dfmaschine 1989 nach Europa kam, ist Haitian International zu einem vertrauensw\u00fcrdigen Namen in der europ\u00e4ischen Kunststoffverarbeitungsindustrie geworden. Unser Weg der [&hellip;]\" \/>\n<meta property=\"og:url\" content=\"https:\/\/eu.haitianinter.com\/de\/ueber-uns\/\" \/>\n<meta property=\"og:site_name\" content=\"Haitian International Germany\" \/>\n<meta property=\"article:modified_time\" content=\"2024-04-08T08:10:34+00:00\" \/>\n<meta name=\"twitter:card\" content=\"summary_large_image\" \/>\n<meta name=\"twitter:label1\" content=\"Gesch\u00e4tzte Lesezeit\" \/>\n\t<meta name=\"twitter:data1\" content=\"8\u00a0Minuten\" \/>\n<script type=\"application\/ld+json\" class=\"yoast-schema-graph\">{\"@context\":\"https:\/\/schema.org\",\"@graph\":[{\"@type\":\"WebPage\",\"@id\":\"https:\/\/eu.haitianinter.com\/de\/ueber-uns\/\",\"url\":\"https:\/\/eu.haitianinter.com\/de\/ueber-uns\/\",\"name\":\"\u00dcber uns - Haitian International Germany\",\"isPartOf\":{\"@id\":\"https:\/\/eu.haitianinter.com\/de\/#website\"},\"datePublished\":\"2023-12-02T13:07:25+00:00\",\"dateModified\":\"2024-04-08T08:10:34+00:00\",\"breadcrumb\":{\"@id\":\"https:\/\/eu.haitianinter.com\/de\/ueber-uns\/#breadcrumb\"},\"inLanguage\":\"de\",\"potentialAction\":[{\"@type\":\"ReadAction\",\"target\":[\"https:\/\/eu.haitianinter.com\/de\/ueber-uns\/\"]}]},{\"@type\":\"BreadcrumbList\",\"@id\":\"https:\/\/eu.haitianinter.com\/de\/ueber-uns\/#breadcrumb\",\"itemListElement\":[{\"@type\":\"ListItem\",\"position\":1,\"name\":\"Home\",\"item\":\"https:\/\/eu.haitianinter.com\/de\/\"},{\"@type\":\"ListItem\",\"position\":2,\"name\":\"\u00dcber uns\"}]},{\"@type\":\"WebSite\",\"@id\":\"https:\/\/eu.haitianinter.com\/de\/#website\",\"url\":\"https:\/\/eu.haitianinter.com\/de\/\",\"name\":\"Haitian International Germany\",\"description\":\"We Create and Extend Advantage\",\"potentialAction\":[{\"@type\":\"SearchAction\",\"target\":{\"@type\":\"EntryPoint\",\"urlTemplate\":\"https:\/\/eu.haitianinter.com\/de\/?s={search_term_string}\"},\"query-input\":{\"@type\":\"PropertyValueSpecification\",\"valueRequired\":true,\"valueName\":\"search_term_string\"}}],\"inLanguage\":\"de\"}]}<\/script>\n<!-- \/ Yoast SEO plugin. -->","yoast_head_json":{"title":"\u00dcber uns - Haitian International Germany","robots":{"index":"index","follow":"follow","max-snippet":"max-snippet:-1","max-image-preview":"max-image-preview:large","max-video-preview":"max-video-preview:-1"},"canonical":"https:\/\/eu.haitianinter.com\/de\/ueber-uns\/","og_locale":"de_DE","og_type":"article","og_title":"\u00dcber uns - Haitian International Germany","og_description":"Unser Mission ist es, Vorteile f\u00fcr unsere Kunden zu schaffen und zu erweitern. Wir entwickeln kontinuierlich neue Standards und L\u00f6sungen, die mehr Effizienz, mehr Flexibilit\u00e4t und mehr Produktivit\u00e4t f\u00fcr ihren nachhaltigen Unternehmenserfolg bringen.Seit unsere erste Spritzgie\u00dfmaschine 1989 nach Europa kam, ist Haitian International zu einem vertrauensw\u00fcrdigen Namen in der europ\u00e4ischen Kunststoffverarbeitungsindustrie geworden. Unser Weg der [&hellip;]","og_url":"https:\/\/eu.haitianinter.com\/de\/ueber-uns\/","og_site_name":"Haitian International Germany","article_modified_time":"2024-04-08T08:10:34+00:00","twitter_card":"summary_large_image","twitter_misc":{"Gesch\u00e4tzte Lesezeit":"8\u00a0Minuten"},"schema":{"@context":"https:\/\/schema.org","@graph":[{"@type":"WebPage","@id":"https:\/\/eu.haitianinter.com\/de\/ueber-uns\/","url":"https:\/\/eu.haitianinter.com\/de\/ueber-uns\/","name":"\u00dcber uns - Haitian International Germany","isPartOf":{"@id":"https:\/\/eu.haitianinter.com\/de\/#website"},"datePublished":"2023-12-02T13:07:25+00:00","dateModified":"2024-04-08T08:10:34+00:00","breadcrumb":{"@id":"https:\/\/eu.haitianinter.com\/de\/ueber-uns\/#breadcrumb"},"inLanguage":"de","potentialAction":[{"@type":"ReadAction","target":["https:\/\/eu.haitianinter.com\/de\/ueber-uns\/"]}]},{"@type":"BreadcrumbList","@id":"https:\/\/eu.haitianinter.com\/de\/ueber-uns\/#breadcrumb","itemListElement":[{"@type":"ListItem","position":1,"name":"Home","item":"https:\/\/eu.haitianinter.com\/de\/"},{"@type":"ListItem","position":2,"name":"\u00dcber uns"}]},{"@type":"WebSite","@id":"https:\/\/eu.haitianinter.com\/de\/#website","url":"https:\/\/eu.haitianinter.com\/de\/","name":"Haitian International Germany","description":"We Create and Extend Advantage","potentialAction":[{"@type":"SearchAction","target":{"@type":"EntryPoint","urlTemplate":"https:\/\/eu.haitianinter.com\/de\/?s={search_term_string}"},"query-input":{"@type":"PropertyValueSpecification","valueRequired":true,"valueName":"search_term_string"}}],"inLanguage":"de"}]}},"_links":{"self":[{"href":"https:\/\/eu.haitianinter.com\/de\/wp-json\/wp\/v2\/pages\/2174","targetHints":{"allow":["GET"]}}],"collection":[{"href":"https:\/\/eu.haitianinter.com\/de\/wp-json\/wp\/v2\/pages"}],"about":[{"href":"https:\/\/eu.haitianinter.com\/de\/wp-json\/wp\/v2\/types\/page"}],"author":[{"embeddable":true,"href":"https:\/\/eu.haitianinter.com\/de\/wp-json\/wp\/v2\/users\/1"}],"replies":[{"embeddable":true,"href":"https:\/\/eu.haitianinter.com\/de\/wp-json\/wp\/v2\/comments?post=2174"}],"version-history":[{"count":27,"href":"https:\/\/eu.haitianinter.com\/de\/wp-json\/wp\/v2\/pages\/2174\/revisions"}],"predecessor-version":[{"id":3938,"href":"https:\/\/eu.haitianinter.com\/de\/wp-json\/wp\/v2\/pages\/2174\/revisions\/3938"}],"wp:attachment":[{"href":"https:\/\/eu.haitianinter.com\/de\/wp-json\/wp\/v2\/media?parent=2174"}],"curies":[{"name":"wp","href":"https:\/\/api.w.org\/{rel}","templated":true}]}}