{"id":2356,"date":"2024-03-05T12:44:35","date_gmt":"2024-03-05T11:44:35","guid":{"rendered":"https:\/\/eu.haitianinter.com\/unsere-grundsaetze\/"},"modified":"2024-04-08T10:13:26","modified_gmt":"2024-04-08T08:13:26","slug":"unsere-grundsaetze","status":"publish","type":"page","link":"https:\/\/eu.haitianinter.com\/de\/unsere-grundsaetze\/","title":{"rendered":"Unsere Grunds\u00e4tze"},"content":{"rendered":"<p>[et_pb_section fb_built=&#8220;1&#8243; fullwidth=&#8220;on&#8220; module_class=&#8220;teaser-image-under-text&#8220; _builder_version=&#8220;4.22.2&#8243; _module_preset=&#8220;default&#8220; locked=&#8220;off&#8220; global_colors_info=&#8220;{}&#8220;][et_pb_fullwidth_header title=&#8220;Unsere Grunds\u00e4tze&#8220; text_orientation=&#8220;center&#8220; header_fullscreen=&#8220;on&#8220; header_image_url=&#8220;https:\/\/eu.haitianinter.com\/wp-content\/uploads\/sites\/3\/2024\/03\/Our_Principles.Kompass.jpg&#8220; image_orientation=&#8220;bottom&#8220; _builder_version=&#8220;4.23.1&#8243; _module_preset=&#8220;default&#8220; background_enable_color=&#8220;off&#8220; background_layout=&#8220;light&#8220; global_colors_info=&#8220;{}&#8220;][\/et_pb_fullwidth_header][\/et_pb_section][et_pb_section fb_built=&#8220;1&#8243; _builder_version=&#8220;4.23.1&#8243; _module_preset=&#8220;default&#8220; custom_padding=&#8220;||||false|false&#8220; global_colors_info=&#8220;{}&#8220;][et_pb_row _builder_version=&#8220;4.23.1&#8243; _module_preset=&#8220;default&#8220; global_colors_info=&#8220;{}&#8220;][et_pb_column type=&#8220;4_4&#8243; _builder_version=&#8220;4.23.1&#8243; _module_preset=&#8220;default&#8220; global_colors_info=&#8220;{}&#8220;][et_pb_text _builder_version=&#8220;4.23.1&#8243; _module_preset=&#8220;default&#8220; global_colors_info=&#8220;{}&#8220;]<\/p>\n<h5 style=\"text-align: center\"><span>Unternehmergeist, Kostenbewusstsein, Investitionsbereitschaft und voller Respekt gegen\u00fcber Mitarbeitern, Partnern und Kunden sind die Eckpfeiler unserer Unternehmenskultur. Denn hochwertige und international wettbewerbsf\u00e4hige Produkte entstehen in den K\u00f6pfen und mit den H\u00e4nden von motivierten Mitarbeitern.<\/span><\/h5>\n<p>[\/et_pb_text][\/et_pb_column][\/et_pb_row][\/et_pb_section][et_pb_section fb_built=&#8220;1&#8243; admin_label=&#8220;Section Image-Text-Box-light&#8220; module_class=&#8220;section-text-image-box&#8220; _builder_version=&#8220;4.22.2&#8243; _module_preset=&#8220;default&#8220; locked=&#8220;off&#8220; global_colors_info=&#8220;{}&#8220;][et_pb_row column_structure=&#8220;1_2,1_2&#8243; make_equal=&#8220;on&#8220; module_class=&#8220;icon-mirror-left&#8220; _builder_version=&#8220;4.23.1&#8243; _module_preset=&#8220;default&#8220; custom_padding=&#8220;0px||0px||true|false&#8220; global_colors_info=&#8220;{}&#8220;][et_pb_column type=&#8220;1_2&#8243; _builder_version=&#8220;4.23.1&#8243; _module_preset=&#8220;default&#8220; background_image=&#8220;https:\/\/eu.haitianinter.com\/wp-content\/uploads\/sites\/3\/2024\/03\/Our_Principles.Mission.jpg&#8220; global_colors_info=&#8220;{}&#8220;][\/et_pb_column][et_pb_column type=&#8220;1_2&#8243; module_class=&#8220;light&#8220; _builder_version=&#8220;4.22.2&#8243; _module_preset=&#8220;default&#8220; background_enable_color=&#8220;off&#8220; global_colors_info=&#8220;{}&#8220;][et_pb_text admin_label=&#8220;Headline&#8220; _builder_version=&#8220;4.23.1&#8243; _module_preset=&#8220;default&#8220; locked=&#8220;off&#8220; global_colors_info=&#8220;{}&#8220;]<\/p>\n<h4>Leitbild<\/h4>\n<p>[\/et_pb_text][et_pb_text admin_label=&#8220;Content&#8220; _builder_version=&#8220;4.23.1&#8243; _module_preset=&#8220;default&#8220; locked=&#8220;off&#8220; global_colors_info=&#8220;{}&#8220;]<\/p>\n<h5 style=\"text-align: left\">Wir wollen langfristige Beziehungen zu Kunden auf der ganzen Welt aufbauen und sie in die Lage versetzen, ihr Gesch\u00e4ft erfolgreich und nachhaltig zu f\u00fchren, indem wir ihnen ma\u00dfgeschneiderte Branchenl\u00f6sungen mit dem besten Preis-Leistungs-Verh\u00e4ltnis bei maximaler Effizienz anbieten.<\/h5>\n<p>[\/et_pb_text][\/et_pb_column][\/et_pb_row][et_pb_row column_structure=&#8220;1_2,1_2&#8243; use_custom_gutter=&#8220;on&#8220; make_equal=&#8220;on&#8220; module_class=&#8220;icon-mirror-right reverse&#8220; _builder_version=&#8220;4.23.1&#8243; _module_preset=&#8220;default&#8220; background_enable_color=&#8220;off&#8220; custom_padding=&#8220;0px||0px||true|false&#8220; global_colors_info=&#8220;{}&#8220;][et_pb_column type=&#8220;1_2&#8243; module_class=&#8220;light&#8220; _builder_version=&#8220;4.22.2&#8243; _module_preset=&#8220;default&#8220; background_enable_color=&#8220;off&#8220; global_colors_info=&#8220;{}&#8220;][et_pb_text admin_label=&#8220;Headline&#8220; _builder_version=&#8220;4.23.1&#8243; _module_preset=&#8220;default&#8220; global_colors_info=&#8220;{}&#8220;][\/et_pb_text][et_pb_text admin_label=&#8220;Content&#8220; _builder_version=&#8220;4.23.1&#8243; _module_preset=&#8220;default&#8220; locked=&#8220;off&#8220; global_colors_info=&#8220;{}&#8220;]<\/p>\n<h4>Management-Philosophie<\/h4>\n<h5>Wir wollen f\u00fchrend sein in unserer Branche und unsere Kunden bestm\u00f6glich unterst\u00fctzen. Eine vertrauensvolle Kommunikation ist die Basis daf\u00fcr. So k\u00f6nnen wir starke Innovationen entwickeln, die unseren Kunden zu mehr Effizienz verhelfen und ihnen klare Wettbewerbsvorteile verschaffen.<\/h5>\n<p>[\/et_pb_text][\/et_pb_column][et_pb_column type=&#8220;1_2&#8243; _builder_version=&#8220;4.23.1&#8243; _module_preset=&#8220;default&#8220; background_image=&#8220;https:\/\/eu.haitianinter.com\/wp-content\/uploads\/sites\/3\/2024\/03\/Our_Principles.communication.jpg&#8220; global_colors_info=&#8220;{}&#8220;][\/et_pb_column][\/et_pb_row][et_pb_row column_structure=&#8220;1_2,1_2&#8243; make_equal=&#8220;on&#8220; module_class=&#8220;icon-mirror-left&#8220; _builder_version=&#8220;4.23.1&#8243; _module_preset=&#8220;default&#8220; custom_padding=&#8220;0px||0px||true|false&#8220; global_colors_info=&#8220;{}&#8220;][et_pb_column type=&#8220;1_2&#8243; _builder_version=&#8220;4.23.1&#8243; _module_preset=&#8220;default&#8220; background_image=&#8220;https:\/\/eu.haitianinter.com\/wp-content\/uploads\/sites\/3\/2024\/03\/Our_Principles.productstrategy.jpg&#8220; global_colors_info=&#8220;{}&#8220;][\/et_pb_column][et_pb_column type=&#8220;1_2&#8243; module_class=&#8220;light&#8220; _builder_version=&#8220;4.23.1&#8243; _module_preset=&#8220;default&#8220; background_enable_color=&#8220;off&#8220; global_colors_info=&#8220;{}&#8220;][et_pb_text admin_label=&#8220;Content&#8220; _builder_version=&#8220;4.23.1&#8243; _module_preset=&#8220;default&#8220; locked=&#8220;off&#8220; global_colors_info=&#8220;{}&#8220;]<\/p>\n<h5 style=\"text-align: left\"><span style=\"font-size: 31.96px\"><\/span><\/h5>\n<h4 style=\"text-align: left\"><span style=\"font-size: 31.96px\">Produktstrategie<\/span><\/h4>\n<h5 style=\"text-align: left\">Die Herausforderungen der Zukunft sind gro\u00df und vielf\u00e4ltig. Unser Portfolio ist daran ausgerichtet. Sparsame Technik, digitale Intelligenz und hohe Konnektivit\u00e4t garantieren ein hohes Ma\u00df an Flexibilit\u00e4t \u2013 f\u00fcr mehr Qualit\u00e4t, mehr Effizienz, mehr Nachhaltigkeit. Technologie auf den Punkt.<\/h5>\n<p>&nbsp;<\/p>\n<p>[\/et_pb_text][\/et_pb_column][\/et_pb_row][\/et_pb_section][et_pb_section fb_built=&#8220;1&#8243; _builder_version=&#8220;4.23.1&#8243; _module_preset=&#8220;default&#8220; custom_padding=&#8220;0px|||||&#8220; locked=&#8220;off&#8220; global_colors_info=&#8220;{}&#8220;][et_pb_row module_class=&#8220;row-fullwidth&#8220; _builder_version=&#8220;4.23.1&#8243; _module_preset=&#8220;default&#8220; width_tablet=&#8220;&#8220; width_phone=&#8220;&#8220; width_last_edited=&#8220;on|phone&#8220; custom_padding=&#8220;68px|||||&#8220; global_colors_info=&#8220;{}&#8220;][et_pb_column type=&#8220;4_4&#8243; _builder_version=&#8220;4.23.1&#8243; _module_preset=&#8220;default&#8220; global_colors_info=&#8220;{}&#8220;][et_pb_text _builder_version=&#8220;4.24.2&#8243; _module_preset=&#8220;default&#8220; global_colors_info=&#8220;{}&#8220;]<\/p>\n<h2 style=\"text-align: center\"><span>Wir schaffen und erweitern Vorteile<\/span><span>\u00a0<\/span><\/h2>\n<p>[\/et_pb_text][\/et_pb_column][\/et_pb_row][et_pb_row module_class=&#8220;row-fullwidth&#8220; _builder_version=&#8220;4.23.1&#8243; _module_preset=&#8220;default&#8220; width_tablet=&#8220;&#8220; width_phone=&#8220;&#8220; width_last_edited=&#8220;on|phone&#8220; custom_padding=&#8220;68px|||||&#8220; global_colors_info=&#8220;{}&#8220;][et_pb_column type=&#8220;4_4&#8243; module_class=&#8220;carousel-2Col-blurb-slider&#8220; _builder_version=&#8220;4.23.1&#8243; _module_preset=&#8220;default&#8220; global_colors_info=&#8220;{}&#8220;][et_pb_blurb title=&#8220;Niedrige Investitionskosten&#8220; image=&#8220;https:\/\/eu.haitianinter.com\/wp-content\/uploads\/sites\/3\/2024\/03\/Anschaffungspreis_HTBlau.svg&#8220; image_icon_width=&#8220;40%&#8220; _builder_version=&#8220;4.24.2&#8243; _module_preset=&#8220;default&#8220; background_enable_image=&#8220;off&#8220; background_size=&#8220;contain&#8220; global_colors_info=&#8220;{}&#8220;]<\/p>\n<h5><span>Ausgezeichnetes Preis-Leistungs-Verh\u00e4ltnis, kosteneffiziente Produktion, Kernkomponenten made by Haitian<\/span><\/h5>\n<p>[\/et_pb_blurb][et_pb_blurb title=&#8220;Kurze Lieferzeiten&#8220; image=&#8220;https:\/\/eu.haitianinter.com\/wp-content\/uploads\/sites\/3\/2024\/03\/KurzeLieferzeit_HTBlau.svg&#8220; image_icon_width=&#8220;40%&#8220; _builder_version=&#8220;4.24.2&#8243; _module_preset=&#8220;default&#8220; background_enable_image=&#8220;off&#8220; background_size=&#8220;contain&#8220; global_colors_info=&#8220;{}&#8220;]<\/p>\n<h5><span>Kurze Lieferzeiten, auch f\u00fcr gro\u00dfe Maschinen, weltweite Standorte mit Lagermaschinen f\u00fcr kundenspezifische Anpassungen<\/span><\/h5>\n<p>[\/et_pb_blurb][et_pb_blurb title=&#8220;Niedrige Servicekosten&#8220; image=&#8220;https:\/\/eu.haitianinter.com\/wp-content\/uploads\/sites\/3\/2024\/03\/Servicekosten_HTBlau.svg&#8220; image_icon_width=&#8220;40%&#8220; _builder_version=&#8220;4.24.2&#8243; _module_preset=&#8220;default&#8220; background_enable_image=&#8220;off&#8220; background_size=&#8220;contain&#8220; global_colors_info=&#8220;{}&#8220;]<\/p>\n<h5><span>Wartungsarme Maschinenkonzepte, offene Ersatzteilstrategie, weltweites Servicenetz<\/span><\/h5>\n<p>[\/et_pb_blurb][et_pb_blurb title=&#8220;Breites Anwendungsspektrum&#8220; image=&#8220;https:\/\/eu.haitianinter.com\/wp-content\/uploads\/sites\/3\/2024\/03\/Maschinenverfugbarkeit_HTBlau.svg&#8220; image_icon_width=&#8220;40%&#8220; _builder_version=&#8220;4.24.2&#8243; _module_preset=&#8220;default&#8220; background_enable_image=&#8220;off&#8220; background_size=&#8220;contain&#8220; global_colors_info=&#8220;{}&#8220;]<\/p>\n<h5><span>Spezielle Branchenl\u00f6sungen, elektrische oder servo-hydraulische Maschinen von 400 bis 88.000 kN f\u00fcr nahezu alle Marktanforderunge<\/span><\/h5>\n<p>[\/et_pb_blurb][et_pb_blurb title=&#8220;Hohe Energieeinsparungen&#8220; image=&#8220;https:\/\/eu.haitianinter.com\/wp-content\/uploads\/sites\/3\/2024\/03\/Energieeinsparung_HTBlau.svg&#8220; image_icon_width=&#8220;40%&#8220; _builder_version=&#8220;4.24.2&#8243; _module_preset=&#8220;default&#8220; background_enable_image=&#8220;off&#8220; background_size=&#8220;contain&#8220; global_colors_info=&#8220;{}&#8220;]<\/p>\n<h5><span>Patentierte servo-hydraulische Antriebssysteme, elektrisches Dosieren im Standard<\/span><\/h5>\n<p>[\/et_pb_blurb][\/et_pb_column][\/et_pb_row][\/et_pb_section]<\/p>\n","protected":false},"excerpt":{"rendered":"<p>Unternehmergeist, Kostenbewusstsein, Investitionsbereitschaft und voller Respekt gegen\u00fcber Mitarbeitern, Partnern und Kunden sind die Eckpfeiler unserer Unternehmenskultur. Denn hochwertige und international wettbewerbsf\u00e4hige Produkte entstehen in den K\u00f6pfen und mit den H\u00e4nden von motivierten Mitarbeitern.LeitbildWir wollen langfristige Beziehungen zu Kunden auf der ganzen Welt aufbauen und sie in die Lage versetzen, ihr Gesch\u00e4ft erfolgreich und nachhaltig zu [&hellip;]<\/p>\n","protected":false},"author":5,"featured_media":0,"parent":0,"menu_order":0,"comment_status":"closed","ping_status":"closed","template":"","meta":{"_et_pb_use_builder":"on","_et_pb_old_content":"","_et_gb_content_width":"","footnotes":""},"class_list":["post-2356","page","type-page","status-publish","hentry"],"yoast_head":"<!-- This site is optimized with the Yoast SEO plugin v27.2 - https:\/\/yoast.com\/product\/yoast-seo-wordpress\/ -->\n<title>Unsere Grunds\u00e4tze - Haitian International Germany<\/title>\n<meta name=\"robots\" content=\"index, follow, max-snippet:-1, max-image-preview:large, max-video-preview:-1\" \/>\n<link rel=\"canonical\" href=\"https:\/\/eu.haitianinter.com\/de\/unsere-grundsaetze\/\" \/>\n<meta property=\"og:locale\" content=\"de_DE\" \/>\n<meta property=\"og:type\" content=\"article\" \/>\n<meta property=\"og:title\" content=\"Unsere Grunds\u00e4tze - Haitian International Germany\" \/>\n<meta property=\"og:description\" content=\"Unternehmergeist, Kostenbewusstsein, Investitionsbereitschaft und voller Respekt gegen\u00fcber Mitarbeitern, Partnern und Kunden sind die Eckpfeiler unserer Unternehmenskultur. Denn hochwertige und international wettbewerbsf\u00e4hige Produkte entstehen in den K\u00f6pfen und mit den H\u00e4nden von motivierten Mitarbeitern.LeitbildWir wollen langfristige Beziehungen zu Kunden auf der ganzen Welt aufbauen und sie in die Lage versetzen, ihr Gesch\u00e4ft erfolgreich und nachhaltig zu [&hellip;]\" \/>\n<meta property=\"og:url\" content=\"https:\/\/eu.haitianinter.com\/de\/unsere-grundsaetze\/\" \/>\n<meta property=\"og:site_name\" content=\"Haitian International Germany\" \/>\n<meta property=\"article:modified_time\" content=\"2024-04-08T08:13:26+00:00\" \/>\n<meta name=\"twitter:card\" content=\"summary_large_image\" \/>\n<meta name=\"twitter:label1\" content=\"Gesch\u00e4tzte Lesezeit\" \/>\n\t<meta name=\"twitter:data1\" content=\"5\u00a0Minuten\" \/>\n<script type=\"application\/ld+json\" class=\"yoast-schema-graph\">{\"@context\":\"https:\/\/schema.org\",\"@graph\":[{\"@type\":\"WebPage\",\"@id\":\"https:\/\/eu.haitianinter.com\/de\/unsere-grundsaetze\/\",\"url\":\"https:\/\/eu.haitianinter.com\/de\/unsere-grundsaetze\/\",\"name\":\"Unsere Grunds\u00e4tze - Haitian International Germany\",\"isPartOf\":{\"@id\":\"https:\/\/eu.haitianinter.com\/de\/#website\"},\"datePublished\":\"2024-03-05T11:44:35+00:00\",\"dateModified\":\"2024-04-08T08:13:26+00:00\",\"breadcrumb\":{\"@id\":\"https:\/\/eu.haitianinter.com\/de\/unsere-grundsaetze\/#breadcrumb\"},\"inLanguage\":\"de\",\"potentialAction\":[{\"@type\":\"ReadAction\",\"target\":[\"https:\/\/eu.haitianinter.com\/de\/unsere-grundsaetze\/\"]}]},{\"@type\":\"BreadcrumbList\",\"@id\":\"https:\/\/eu.haitianinter.com\/de\/unsere-grundsaetze\/#breadcrumb\",\"itemListElement\":[{\"@type\":\"ListItem\",\"position\":1,\"name\":\"Home\",\"item\":\"https:\/\/eu.haitianinter.com\/de\/\"},{\"@type\":\"ListItem\",\"position\":2,\"name\":\"Unsere Grunds\u00e4tze\"}]},{\"@type\":\"WebSite\",\"@id\":\"https:\/\/eu.haitianinter.com\/de\/#website\",\"url\":\"https:\/\/eu.haitianinter.com\/de\/\",\"name\":\"Haitian International Germany\",\"description\":\"We Create and Extend Advantage\",\"potentialAction\":[{\"@type\":\"SearchAction\",\"target\":{\"@type\":\"EntryPoint\",\"urlTemplate\":\"https:\/\/eu.haitianinter.com\/de\/?s={search_term_string}\"},\"query-input\":{\"@type\":\"PropertyValueSpecification\",\"valueRequired\":true,\"valueName\":\"search_term_string\"}}],\"inLanguage\":\"de\"}]}<\/script>\n<!-- \/ Yoast SEO plugin. -->","yoast_head_json":{"title":"Unsere Grunds\u00e4tze - Haitian International Germany","robots":{"index":"index","follow":"follow","max-snippet":"max-snippet:-1","max-image-preview":"max-image-preview:large","max-video-preview":"max-video-preview:-1"},"canonical":"https:\/\/eu.haitianinter.com\/de\/unsere-grundsaetze\/","og_locale":"de_DE","og_type":"article","og_title":"Unsere Grunds\u00e4tze - Haitian International Germany","og_description":"Unternehmergeist, Kostenbewusstsein, Investitionsbereitschaft und voller Respekt gegen\u00fcber Mitarbeitern, Partnern und Kunden sind die Eckpfeiler unserer Unternehmenskultur. Denn hochwertige und international wettbewerbsf\u00e4hige Produkte entstehen in den K\u00f6pfen und mit den H\u00e4nden von motivierten Mitarbeitern.LeitbildWir wollen langfristige Beziehungen zu Kunden auf der ganzen Welt aufbauen und sie in die Lage versetzen, ihr Gesch\u00e4ft erfolgreich und nachhaltig zu [&hellip;]","og_url":"https:\/\/eu.haitianinter.com\/de\/unsere-grundsaetze\/","og_site_name":"Haitian International Germany","article_modified_time":"2024-04-08T08:13:26+00:00","twitter_card":"summary_large_image","twitter_misc":{"Gesch\u00e4tzte Lesezeit":"5\u00a0Minuten"},"schema":{"@context":"https:\/\/schema.org","@graph":[{"@type":"WebPage","@id":"https:\/\/eu.haitianinter.com\/de\/unsere-grundsaetze\/","url":"https:\/\/eu.haitianinter.com\/de\/unsere-grundsaetze\/","name":"Unsere Grunds\u00e4tze - Haitian International Germany","isPartOf":{"@id":"https:\/\/eu.haitianinter.com\/de\/#website"},"datePublished":"2024-03-05T11:44:35+00:00","dateModified":"2024-04-08T08:13:26+00:00","breadcrumb":{"@id":"https:\/\/eu.haitianinter.com\/de\/unsere-grundsaetze\/#breadcrumb"},"inLanguage":"de","potentialAction":[{"@type":"ReadAction","target":["https:\/\/eu.haitianinter.com\/de\/unsere-grundsaetze\/"]}]},{"@type":"BreadcrumbList","@id":"https:\/\/eu.haitianinter.com\/de\/unsere-grundsaetze\/#breadcrumb","itemListElement":[{"@type":"ListItem","position":1,"name":"Home","item":"https:\/\/eu.haitianinter.com\/de\/"},{"@type":"ListItem","position":2,"name":"Unsere Grunds\u00e4tze"}]},{"@type":"WebSite","@id":"https:\/\/eu.haitianinter.com\/de\/#website","url":"https:\/\/eu.haitianinter.com\/de\/","name":"Haitian International Germany","description":"We Create and Extend Advantage","potentialAction":[{"@type":"SearchAction","target":{"@type":"EntryPoint","urlTemplate":"https:\/\/eu.haitianinter.com\/de\/?s={search_term_string}"},"query-input":{"@type":"PropertyValueSpecification","valueRequired":true,"valueName":"search_term_string"}}],"inLanguage":"de"}]}},"_links":{"self":[{"href":"https:\/\/eu.haitianinter.com\/de\/wp-json\/wp\/v2\/pages\/2356","targetHints":{"allow":["GET"]}}],"collection":[{"href":"https:\/\/eu.haitianinter.com\/de\/wp-json\/wp\/v2\/pages"}],"about":[{"href":"https:\/\/eu.haitianinter.com\/de\/wp-json\/wp\/v2\/types\/page"}],"author":[{"embeddable":true,"href":"https:\/\/eu.haitianinter.com\/de\/wp-json\/wp\/v2\/users\/5"}],"replies":[{"embeddable":true,"href":"https:\/\/eu.haitianinter.com\/de\/wp-json\/wp\/v2\/comments?post=2356"}],"version-history":[{"count":24,"href":"https:\/\/eu.haitianinter.com\/de\/wp-json\/wp\/v2\/pages\/2356\/revisions"}],"predecessor-version":[{"id":3940,"href":"https:\/\/eu.haitianinter.com\/de\/wp-json\/wp\/v2\/pages\/2356\/revisions\/3940"}],"wp:attachment":[{"href":"https:\/\/eu.haitianinter.com\/de\/wp-json\/wp\/v2\/media?parent=2356"}],"curies":[{"name":"wp","href":"https:\/\/api.w.org\/{rel}","templated":true}]}}