{"id":2362,"date":"2023-12-02T13:23:57","date_gmt":"2023-12-02T12:23:57","guid":{"rendered":"https:\/\/eu.haitianinter.com\/elektrische-loesungen\/"},"modified":"2026-03-12T16:53:24","modified_gmt":"2026-03-12T15:53:24","slug":"elektrische-loesungen","status":"publish","type":"page","link":"https:\/\/eu.haitianinter.com\/de\/produkte\/elektrische-loesungen\/","title":{"rendered":"Elektrische Spritzgie\u00dfmaschinen"},"content":{"rendered":"<p>[et_pb_section fb_built=&#8220;1&#8243; fullwidth=&#8220;on&#8220; module_class=&#8220;teaser-product&#8220; _builder_version=&#8220;4.23.1&#8243; _module_preset=&#8220;default&#8220; locked=&#8220;off&#8220; global_colors_info=&#8220;{}&#8220;][et_pb_fullwidth_header title=&#8220;Unsere elektrischen Spritzgie\u00dfmaschinen&#8220; subhead=&#8220;Zhafir Plastics Machinery&#8220; text_orientation=&#8220;center&#8220; header_fullscreen=&#8220;on&#8220; header_image_url=&#8220;http:\/\/eu.haitianinter.com\/wp-content\/uploads\/sites\/3\/2024\/01\/Zhafir-Family-Teaser-3840px.jpg&#8220; image_orientation=&#8220;bottom&#8220; _builder_version=&#8220;4.23.1&#8243; _module_preset=&#8220;default&#8220; background_enable_color=&#8220;off&#8220; background_layout=&#8220;light&#8220; global_colors_info=&#8220;{}&#8220;][\/et_pb_fullwidth_header][\/et_pb_section][et_pb_section fb_built=&#8220;1&#8243; module_class=&#8220;section-content-center&#8220; _builder_version=&#8220;4.22.2&#8243; _module_preset=&#8220;default&#8220; custom_padding=&#8220;||2px|||&#8220; locked=&#8220;off&#8220; global_colors_info=&#8220;{}&#8220;][et_pb_row _builder_version=&#8220;4.22.2&#8243; _module_preset=&#8220;default&#8220; locked=&#8220;off&#8220; global_colors_info=&#8220;{}&#8220;][et_pb_column type=&#8220;4_4&#8243; _builder_version=&#8220;4.22.2&#8243; _module_preset=&#8220;default&#8220; global_colors_info=&#8220;{}&#8220;][et_pb_text module_class=&#8220;content-center&#8220; _builder_version=&#8220;4.27.4&#8243; _module_preset=&#8220;default&#8220; global_colors_info=&#8220;{}&#8220;]<\/p>\n<h5>Unsere elektrischen Spritzgie\u00dfmaschinen bieten ein H\u00f6chstma\u00df an Pr\u00e4zision, Energieeffizienz und Wiederholgenauigkeit &#8211; einige von ihnen mit integrierter Hydraulik. Dank der vollelektrischen Antriebstechnik sind sie besonders wartungsarm und erm\u00f6glichen schnelle Zykluszeiten bei geringem Energieverbrauch.<br \/>Flexible Allrounder zu speziellen L\u00f6sungen f\u00fcr die Medizin-, Elektronik- oder Verpackungsindustrie, die auf saubere, effiziente und stabile Produktionsprozesse angewiesen sind. <\/h5>\n<p>[\/et_pb_text][\/et_pb_column][\/et_pb_row][\/et_pb_section][et_pb_section fb_built=&#8220;1&#8243; _builder_version=&#8220;4.22.2&#8243; _module_preset=&#8220;default&#8220; locked=&#8220;off&#8220; global_colors_info=&#8220;{}&#8220;][et_pb_row column_structure=&#8220;1_5,1_5,1_5,1_5,1_5&#8243; module_class=&#8220;product-icons&#8220; _builder_version=&#8220;4.23.1&#8243; _module_preset=&#8220;default&#8220; global_colors_info=&#8220;{}&#8220;][et_pb_column type=&#8220;1_5&#8243; _builder_version=&#8220;4.23.1&#8243; _module_preset=&#8220;default&#8220; global_colors_info=&#8220;{}&#8220;][et_pb_blurb title=&#8220;Elektrisches Portfolio&#8220; image=&#8220;https:\/\/eu.haitianinter.com\/wp-content\/uploads\/sites\/3\/2024\/01\/Icon_haitiancontroller-300&#215;203.png&#8220; _builder_version=&#8220;4.27.4&#8243; _module_preset=&#8220;default&#8220; header_level=&#8220;h6&#8243; global_colors_info=&#8220;{}&#8220; title_text=&#8220;Icon Haitiancontroller&#8220;]<\/p>\n<p>Elektrischer Maschinenbereich von 400 &#8211; 33.000 kN<\/p>\n<p>[\/et_pb_blurb][\/et_pb_column][et_pb_column type=&#8220;1_5&#8243; _builder_version=&#8220;4.23.1&#8243; _module_preset=&#8220;default&#8220; global_colors_info=&#8220;{}&#8220;][et_pb_blurb title=&#8220;Hohe Reproduzierbarkeit&#8220; image=&#8220;https:\/\/eu.haitianinter.com\/wp-content\/uploads\/sites\/3\/2024\/01\/Icon_injection.png&#8220; _builder_version=&#8220;4.27.4&#8243; _module_preset=&#8220;default&#8220; header_level=&#8220;h6&#8243; global_colors_info=&#8220;{}&#8220;]<\/p>\n<p>perfekte Ergebnisse auch bei komplexen Teilen<\/p>\n<p>[\/et_pb_blurb][\/et_pb_column][et_pb_column type=&#8220;1_5&#8243; _builder_version=&#8220;4.23.1&#8243; _module_preset=&#8220;default&#8220; global_colors_info=&#8220;{}&#8220;][et_pb_blurb title=&#8220;Energieeffizient &#8220; image=&#8220;https:\/\/eu.haitianinter.com\/wp-content\/uploads\/sites\/3\/2024\/01\/Icon_screwdiameter-300&#215;203.png&#8220; _builder_version=&#8220;4.27.4&#8243; _module_preset=&#8220;default&#8220; header_level=&#8220;h6&#8243; hover_enabled=&#8220;0&#8243; global_colors_info=&#8220;{}&#8220; title_text=&#8220;Icon Screwdiameter&#8220; sticky_enabled=&#8220;0&#8243;]<\/p>\n<p>vollelektrische Antriebstechnik f\u00fcr reduzierten Energieverbrauch<\/p>\n<p>[\/et_pb_blurb][\/et_pb_column][et_pb_column type=&#8220;1_5&#8243; _builder_version=&#8220;4.23.1&#8243; _module_preset=&#8220;default&#8220; global_colors_info=&#8220;{}&#8220;][et_pb_blurb title=&#8220;Niedrige Wartungskosten&#8220; image=&#8220;https:\/\/eu.haitianinter.com\/wp-content\/uploads\/sites\/3\/2024\/01\/Icon_tiebardistance.png&#8220; _builder_version=&#8220;4.27.4&#8243; _module_preset=&#8220;default&#8220; header_level=&#8220;h6&#8243; global_colors_info=&#8220;{}&#8220;]<\/p>\n<p>Keine Hydraulik, weniger Verschlei\u00df<\/p>\n<p>[\/et_pb_blurb][\/et_pb_column][et_pb_column type=&#8220;1_5&#8243; _builder_version=&#8220;4.23.1&#8243; _module_preset=&#8220;default&#8220; global_colors_info=&#8220;{}&#8220;][et_pb_blurb title=&#8220;Schnellform \u00f6ffnen schlie\u00dfen&#8220; image=&#8220;https:\/\/eu.haitianinter.com\/wp-content\/uploads\/sites\/3\/2024\/01\/Icon_Clampingunit-300&#215;203.png&#8220; _builder_version=&#8220;4.27.4&#8243; _module_preset=&#8220;default&#8220; header_level=&#8220;h6&#8243; hover_enabled=&#8220;0&#8243; global_colors_info=&#8220;{}&#8220; title_text=&#8220;Icon Clampingunit&#8220; sticky_enabled=&#8220;0&#8243;]<\/p>\n<p>f\u00fcr maximale Produktivit\u00e4t<\/p>\n<p>[\/et_pb_blurb][\/et_pb_column][\/et_pb_row][\/et_pb_section][et_pb_section fb_built=&#8220;1&#8243; _builder_version=&#8220;4.23.1&#8243; _module_preset=&#8220;default&#8220; locked=&#8220;off&#8220; global_colors_info=&#8220;{}&#8220;][et_pb_row module_class=&#8220;row-text-center&#8220; _builder_version=&#8220;4.22.2&#8243; _module_preset=&#8220;default&#8220; global_colors_info=&#8220;{}&#8220;][et_pb_column type=&#8220;4_4&#8243; _builder_version=&#8220;4.22.2&#8243; _module_preset=&#8220;default&#8220; global_colors_info=&#8220;{}&#8220;][et_pb_text _builder_version=&#8220;4.27.4&#8243; _module_preset=&#8220;default&#8220; global_colors_info=&#8220;{}&#8220;]<\/p>\n<h3>Unsere elektrischen Maschinen auf einen Blick<\/h3>\n<p>[\/et_pb_text][\/et_pb_column][\/et_pb_row][et_pb_row column_structure=&#8220;1_2,1_2&#8243; admin_label=&#8220;Zeile_Produkte_\u00dcbersicht_Elektrische_L\u00f6sungen_1&#8243; module_class=&#8220;row_products_overview&#8220; _builder_version=&#8220;4.23.1&#8243; _module_preset=&#8220;default&#8220; global_module=&#8220;800&#8243; saved_tabs=&#8220;all&#8220; locked=&#8220;off&#8220; global_colors_info=&#8220;{}&#8220;][et_pb_column type=&#8220;1_2&#8243; _builder_version=&#8220;4.23.1&#8243; _module_preset=&#8220;default&#8220; link_option_url=&#8220;https:\/\/eu.haitianinter.com\/de\/produkte\/elektrische-loesungen\/zhafir-venus-serie\/&#8220; global_colors_info=&#8220;{}&#8220;][et_pb_image src=&#8220;https:\/\/eu.haitianinter.com\/wp-content\/uploads\/sites\/3\/2024\/01\/Zhafir-Venus-frontview.png&#8220; title_text=&#8220;Zhafir Venus Frontansicht&#8220; module_class=&#8220;image-first&#8220; _builder_version=&#8220;4.23.1&#8243; _module_preset=&#8220;default&#8220; global_colors_info=&#8220;{}&#8220;][\/et_pb_image][et_pb_image src=&#8220;https:\/\/eu.haitianinter.com\/wp-content\/uploads\/sites\/3\/2024\/01\/Zhafir-Venus-topview.png&#8220; title_text=&#8220;Zhafir Venus Draufsicht&#8220; module_class=&#8220;image-hover&#8220; _builder_version=&#8220;4.23.1&#8243; _module_preset=&#8220;default&#8220; global_colors_info=&#8220;{}&#8220;][\/et_pb_image][et_pb_image src=&#8220;https:\/\/eu.haitianinter.com\/wp-content\/uploads\/sites\/3\/2024\/01\/VE_Vignette.svg&#8220; title_text=&#8220;VE-Vignette&#8220; module_class=&#8220;logo-product&#8220; _builder_version=&#8220;4.23.1&#8243; _module_preset=&#8220;default&#8220; global_colors_info=&#8220;{}&#8220;][\/et_pb_image][et_pb_text _builder_version=&#8220;4.25.2&#8243; _module_preset=&#8220;default&#8220; global_colors_info=&#8220;{}&#8220;]<\/p>\n<h4>Zhafir Venus Serie<\/h4>\n<p>400 \u2013 13.800 kN<\/p>\n<p>vollelektrisch &#8211; pr\u00e4zise &#8211; sauber<\/p>\n<p>[\/et_pb_text][et_pb_icon font_icon=&#8220;&#x24;||divi||400&#8243; url=&#8220;https:\/\/eu.haitianinter.com\/de\/produkte\/elektrische-loesungen\/zhafir-venus-serie\/&#8220; _builder_version=&#8220;4.23.1&#8243; _module_preset=&#8220;default&#8220; global_colors_info=&#8220;{}&#8220;][\/et_pb_icon][\/et_pb_column][et_pb_column type=&#8220;1_2&#8243; _builder_version=&#8220;4.23.1&#8243; _module_preset=&#8220;default&#8220; link_option_url=&#8220;https:\/\/eu.haitianinter.com\/de\/produkte\/elektrische-loesungen\/zhafir-zeres-serie\/&#8220; global_colors_info=&#8220;{}&#8220;][et_pb_image src=&#8220;https:\/\/eu.haitianinter.com\/wp-content\/uploads\/sites\/3\/2024\/01\/Zhafir-Zeres-frontview.png&#8220; title_text=&#8220;Zhafir Zeres Frontansicht&#8220; module_class=&#8220;image-first&#8220; _builder_version=&#8220;4.23.1&#8243; _module_preset=&#8220;default&#8220; global_colors_info=&#8220;{}&#8220;][\/et_pb_image][et_pb_image src=&#8220;https:\/\/eu.haitianinter.com\/wp-content\/uploads\/sites\/3\/2024\/01\/Zhafir-Zeres-topview.png&#8220; title_text=&#8220;Zhafir Zeres Draufsicht&#8220; module_class=&#8220;image-hover&#8220; _builder_version=&#8220;4.23.1&#8243; _module_preset=&#8220;default&#8220; global_colors_info=&#8220;{}&#8220;][\/et_pb_image][et_pb_image src=&#8220;https:\/\/eu.haitianinter.com\/wp-content\/uploads\/sites\/3\/2024\/01\/ZE_Vignette.svg&#8220; title_text=&#8220;ZE-Vignette&#8220; module_class=&#8220;logo-product&#8220; _builder_version=&#8220;4.23.1&#8243; _module_preset=&#8220;default&#8220; global_colors_info=&#8220;{}&#8220;][\/et_pb_image][et_pb_text _builder_version=&#8220;4.25.2&#8243; _module_preset=&#8220;default&#8220; global_colors_info=&#8220;{}&#8220;]<\/p>\n<h4>Zhafir Zeres Serie<\/h4>\n<p>400 \u2013 13.800 kN<\/p>\n<p>Integrierte Hydraulik &#8211; pr\u00e4zise &#8211; flexibel<\/p>\n<p>[\/et_pb_text][et_pb_icon font_icon=&#8220;&#x24;||divi||400&#8243; url=&#8220;https:\/\/eu.haitianinter.com\/de\/produkte\/elektrische-loesungen\/zhafir-zeres-serie\/&#8220; _builder_version=&#8220;4.23.1&#8243; _module_preset=&#8220;default&#8220; global_colors_info=&#8220;{}&#8220;][\/et_pb_icon][\/et_pb_column][\/et_pb_row][\/et_pb_section][et_pb_section fb_built=&#8220;1&#8243; disabled_on=&#8220;off|off|off&#8220; _builder_version=&#8220;4.23.1&#8243; _module_preset=&#8220;default&#8220; locked=&#8220;off&#8220; global_colors_info=&#8220;{}&#8220;][et_pb_row _builder_version=&#8220;4.23.1&#8243; _module_preset=&#8220;default&#8220; global_colors_info=&#8220;{}&#8220;][et_pb_column type=&#8220;4_4&#8243; _builder_version=&#8220;4.23.1&#8243; _module_preset=&#8220;default&#8220; global_colors_info=&#8220;{}&#8220;][et_pb_text _builder_version=&#8220;4.27.4&#8243; _module_preset=&#8220;default&#8220; text_text_color=&#8220;#143a84&#8243; header_text_color=&#8220;#143a84&#8243; header_3_text_color=&#8220;#143a84&#8243; text_orientation=&#8220;center&#8220; global_colors_info=&#8220;{}&#8220;]<\/p>\n<h3>Kontakt aufnehmen<\/h3>\n<p>[\/et_pb_text][et_pb_team_member name=&#8220;Herr Niels Herz&#8220; position=&#8220;Vertriebsleiter Deutschland&#8220; linkedin_url=&#8220;https:\/\/www.linkedin.com\/in\/niels-herz-00517a6b\/&#8220; _builder_version=&#8220;4.27.4&#8243; _module_preset=&#8220;default&#8220; header_level=&#8220;h6&#8243; text_orientation=&#8220;center&#8220; custom_css_main_element=&#8220;display: flex;||flex-direction: column;||align-items: center;||text-align: center;||&#8220; db_email_addr=&#8220;niels.herz@haitiangermany.com&#8220; db_phone=&#8220;+49 9438 9439-117&#8243; global_colors_info=&#8220;{}&#8220;]<\/p>\n<p>&nbsp;<\/p>\n<p><a href=\"mailto:\">E-Mail senden<\/a><\/p>\n<p>[\/et_pb_team_member][\/et_pb_column][\/et_pb_row][\/et_pb_section][et_pb_section fb_built=&#8220;1&#8243; admin_label=&#8220;News &#8211; Related Posts&#8220; module_class=&#8220;section-carousel-slider-post&#8220; _builder_version=&#8220;4.23.1&#8243; _module_preset=&#8220;default&#8220; global_colors_info=&#8220;{}&#8220;][et_pb_row module_class=&#8220;row-text-center&#8220; _builder_version=&#8220;4.22.2&#8243; _module_preset=&#8220;default&#8220; global_colors_info=&#8220;{}&#8220;][et_pb_column type=&#8220;4_4&#8243; _builder_version=&#8220;4.22.2&#8243; _module_preset=&#8220;default&#8220; global_colors_info=&#8220;{}&#8220;][et_pb_text _builder_version=&#8220;4.27.4&#8243; _module_preset=&#8220;default&#8220; global_colors_info=&#8220;{}&#8220;]<\/p>\n<h3>Verwandte Beitr\u00e4ge<\/h3>\n<p>[\/et_pb_text][\/et_pb_column][\/et_pb_row][et_pb_row _builder_version=&#8220;4.22.2&#8243; _module_preset=&#8220;default&#8220; locked=&#8220;off&#8220; global_colors_info=&#8220;{}&#8220;][et_pb_column type=&#8220;4_4&#8243; _builder_version=&#8220;4.22.2&#8243; _module_preset=&#8220;default&#8220; global_colors_info=&#8220;{}&#8220;][et_pb_blog_extras include_categories=&#8220;2195,2196,2235,2262,2261,2258&#8243; blog_layout=&#8220;slider&#8220; slider_layout=&#8220;vertical_grid&#8220; meta_date=&#8220;m\/j\/Y&#8220; excerpt_length=&#8220;100&#8243; use_read_more_button=&#8220;on&#8220; read_more_text=&#8220;more&#8220; show_author=&#8220;off&#8220; show_comments=&#8220;off&#8220; slides_per_view=&#8220;3&#8243; slider_loop=&#8220;on&#8220; autoplay=&#8220;off&#8220; show_arrow=&#8220;on&#8220; show_arrow_on_hover=&#8220;on&#8220; show_control_dot=&#8220;on&#8220; slides_per_view_tablet=&#8220;2&#8243; slides_per_view_phone=&#8220;1&#8243; slides_per_view_last_edited=&#8220;on|phone&#8220; space_between_slides_tablet=&#8220;&#8220; space_between_slides_phone=&#8220;10px&#8220; space_between_slides_last_edited=&#8220;on|phone&#8220; _builder_version=&#8220;4.27.4&#8243; _module_preset=&#8220;default&#8220; header_level=&#8220;h4&#8243; read_more_alignment=&#8220;center&#8220; global_colors_info=&#8220;{}&#8220;][\/et_pb_blog_extras][\/et_pb_column][\/et_pb_row][\/et_pb_section][et_pb_section fb_built=&#8220;1&#8243; admin_label=&#8220;Section\/Teaserbox with Text and Image&#8220; module_class=&#8220;section-text-image-box-withIcon noPadding-top noPadding-bottom&#8220; _builder_version=&#8220;4.27.4&#8243; custom_padding=&#8220;||50px||false|false&#8220; locked=&#8220;off&#8220; global_colors_info=&#8220;{}&#8220; custom_margin=&#8220;||100px|||&#8220;][et_pb_row column_structure=&#8220;1_2,1_2&#8243; make_equal=&#8220;on&#8220; admin_label=&#8220;row&#8220; _builder_version=&#8220;4.27.4&#8243; background_size=&#8220;initial&#8220; background_position=&#8220;top_left&#8220; background_repeat=&#8220;repeat&#8220; min_height_tablet=&#8220;&#8220; min_height_phone=&#8220;&#8220; min_height_last_edited=&#8220;on|desktop&#8220; custom_padding=&#8220;0px||0px||true|false&#8220; global_colors_info=&#8220;{}&#8220;][et_pb_column type=&#8220;1_2&#8243; module_class=&#8220;background&#8220; _builder_version=&#8220;4.27.4&#8243; background_image=&#8220;https:\/\/eu.haitianinter.com\/wp-content\/uploads\/sites\/3\/2024\/02\/Next-generation-imm.jpg&#8220; custom_padding=&#8220;|||&#8220; global_colors_info=&#8220;{}&#8220; custom_padding__hover=&#8220;|||&#8220;][\/et_pb_column][et_pb_column type=&#8220;1_2&#8243; _builder_version=&#8220;4.22.2&#8243; global_colors_info=&#8220;{}&#8220; custom_padding__hover=&#8220;|||&#8220;][et_pb_blurb title=&#8220;Haitian Plastics Machinery&#8220; image_icon_width=&#8220;30%&#8220; icon_alignment=&#8220;left&#8220; _builder_version=&#8220;4.27.4&#8243; _module_preset=&#8220;default&#8220; header_level=&#8220;h6&#8243; image_icon_custom_margin=&#8220;||0px||false|false&#8220; global_colors_info=&#8220;{}&#8220;]<\/p>\n<h4>Unsere servo-hydraulischen Spritzgie\u00dfmaschinen<\/h4>\n<h5 class=\"p1\">Entdecken Sie unsere servohydraulische Maschinenserie. Energieeffizient mit intelligenten Funktionen und einfacher Steuerung f\u00fcr maximale Produktivit\u00e4t. <\/h5>\n<p>[\/et_pb_blurb][et_pb_button button_url=&#8220;@ET-DC@eyJkeW5hbWljIjp0cnVlLCJjb250ZW50IjoicG9zdF9saW5rX3VybF9wYWdlIiwic2V0dGluZ3MiOnsicG9zdF9pZCI6Ijk1IiwiZW5hYmxlX2h0bWwiOiJvZmYifX0=@&#8220; button_text=&#8220;Servo-hydraulische IMM&#8220; _builder_version=&#8220;4.27.4&#8243; _dynamic_attributes=&#8220;button_url&#8220; _module_preset=&#8220;default&#8220; custom_button=&#8220;on&#8220; background_layout=&#8220;dark&#8220; mix_blend_mode=&#8220;soft-light&#8220; locked=&#8220;off&#8220; global_colors_info=&#8220;{}&#8220;][\/et_pb_button][\/et_pb_column][\/et_pb_row][\/et_pb_section]<\/p>\n","protected":false},"excerpt":{"rendered":"<p>Unsere elektrischen Spritzgie\u00dfmaschinen bieten ein H\u00f6chstma\u00df an Pr\u00e4zision, Energieeffizienz und Wiederholgenauigkeit &#8211; einige von ihnen mit integrierter Hydraulik. Dank der vollelektrischen Antriebstechnik sind sie besonders wartungsarm und erm\u00f6glichen schnelle Zykluszeiten bei geringem Energieverbrauch.Flexible Allrounder zu speziellen L\u00f6sungen f\u00fcr die Medizin-, Elektronik- oder Verpackungsindustrie, die auf saubere, effiziente und stabile Produktionsprozesse angewiesen sind. Elektrischer Maschinenbereich von [&hellip;]<\/p>\n","protected":false},"author":1,"featured_media":0,"parent":3336,"menu_order":0,"comment_status":"closed","ping_status":"closed","template":"custom-template-product-zhafir-layout.php","meta":{"_et_pb_use_builder":"on","_et_pb_old_content":"","_et_gb_content_width":"","footnotes":""},"class_list":["post-2362","page","type-page","status-publish","hentry"],"yoast_head":"<!-- This site is optimized with the Yoast SEO plugin v27.2 - https:\/\/yoast.com\/product\/yoast-seo-wordpress\/ -->\n<title>Elektrische Spritzgie\u00dfmaschinen - Haitian International Germany<\/title>\n<meta name=\"robots\" content=\"index, follow, max-snippet:-1, max-image-preview:large, max-video-preview:-1\" \/>\n<link rel=\"canonical\" href=\"https:\/\/eu.haitianinter.com\/de\/produkte\/elektrische-loesungen\/\" \/>\n<meta property=\"og:locale\" content=\"de_DE\" \/>\n<meta property=\"og:type\" content=\"article\" \/>\n<meta property=\"og:title\" content=\"Elektrische Spritzgie\u00dfmaschinen - Haitian International Germany\" \/>\n<meta property=\"og:description\" content=\"Unsere elektrischen Spritzgie\u00dfmaschinen bieten ein H\u00f6chstma\u00df an Pr\u00e4zision, Energieeffizienz und Wiederholgenauigkeit - einige von ihnen mit integrierter Hydraulik. Dank der vollelektrischen Antriebstechnik sind sie besonders wartungsarm und erm\u00f6glichen schnelle Zykluszeiten bei geringem Energieverbrauch.Flexible Allrounder zu speziellen L\u00f6sungen f\u00fcr die Medizin-, Elektronik- oder Verpackungsindustrie, die auf saubere, effiziente und stabile Produktionsprozesse angewiesen sind. Elektrischer Maschinenbereich von [&hellip;]\" \/>\n<meta property=\"og:url\" content=\"https:\/\/eu.haitianinter.com\/de\/produkte\/elektrische-loesungen\/\" \/>\n<meta property=\"og:site_name\" content=\"Haitian International Germany\" \/>\n<meta property=\"article:modified_time\" content=\"2026-03-12T15:53:24+00:00\" \/>\n<meta name=\"twitter:card\" content=\"summary_large_image\" \/>\n<meta name=\"twitter:label1\" content=\"Gesch\u00e4tzte Lesezeit\" \/>\n\t<meta name=\"twitter:data1\" content=\"8\u00a0Minuten\" \/>\n<script type=\"application\/ld+json\" class=\"yoast-schema-graph\">{\"@context\":\"https:\/\/schema.org\",\"@graph\":[{\"@type\":\"WebPage\",\"@id\":\"https:\/\/eu.haitianinter.com\/de\/produkte\/elektrische-loesungen\/\",\"url\":\"https:\/\/eu.haitianinter.com\/de\/produkte\/elektrische-loesungen\/\",\"name\":\"Elektrische Spritzgie\u00dfmaschinen - Haitian International Germany\",\"isPartOf\":{\"@id\":\"https:\/\/eu.haitianinter.com\/de\/#website\"},\"datePublished\":\"2023-12-02T12:23:57+00:00\",\"dateModified\":\"2026-03-12T15:53:24+00:00\",\"breadcrumb\":{\"@id\":\"https:\/\/eu.haitianinter.com\/de\/produkte\/elektrische-loesungen\/#breadcrumb\"},\"inLanguage\":\"de\",\"potentialAction\":[{\"@type\":\"ReadAction\",\"target\":[\"https:\/\/eu.haitianinter.com\/de\/produkte\/elektrische-loesungen\/\"]}]},{\"@type\":\"BreadcrumbList\",\"@id\":\"https:\/\/eu.haitianinter.com\/de\/produkte\/elektrische-loesungen\/#breadcrumb\",\"itemListElement\":[{\"@type\":\"ListItem\",\"position\":1,\"name\":\"Home\",\"item\":\"https:\/\/eu.haitianinter.com\/de\/\"},{\"@type\":\"ListItem\",\"position\":2,\"name\":\"Produkte\",\"item\":\"https:\/\/eu.haitianinter.com\/de\/produkte\/\"},{\"@type\":\"ListItem\",\"position\":3,\"name\":\"Elektrische Spritzgie\u00dfmaschinen\"}]},{\"@type\":\"WebSite\",\"@id\":\"https:\/\/eu.haitianinter.com\/de\/#website\",\"url\":\"https:\/\/eu.haitianinter.com\/de\/\",\"name\":\"Haitian International Germany\",\"description\":\"We Create and Extend Advantage\",\"potentialAction\":[{\"@type\":\"SearchAction\",\"target\":{\"@type\":\"EntryPoint\",\"urlTemplate\":\"https:\/\/eu.haitianinter.com\/de\/?s={search_term_string}\"},\"query-input\":{\"@type\":\"PropertyValueSpecification\",\"valueRequired\":true,\"valueName\":\"search_term_string\"}}],\"inLanguage\":\"de\"}]}<\/script>\n<!-- \/ Yoast SEO plugin. -->","yoast_head_json":{"title":"Elektrische Spritzgie\u00dfmaschinen - Haitian International Germany","robots":{"index":"index","follow":"follow","max-snippet":"max-snippet:-1","max-image-preview":"max-image-preview:large","max-video-preview":"max-video-preview:-1"},"canonical":"https:\/\/eu.haitianinter.com\/de\/produkte\/elektrische-loesungen\/","og_locale":"de_DE","og_type":"article","og_title":"Elektrische Spritzgie\u00dfmaschinen - Haitian International Germany","og_description":"Unsere elektrischen Spritzgie\u00dfmaschinen bieten ein H\u00f6chstma\u00df an Pr\u00e4zision, Energieeffizienz und Wiederholgenauigkeit - einige von ihnen mit integrierter Hydraulik. Dank der vollelektrischen Antriebstechnik sind sie besonders wartungsarm und erm\u00f6glichen schnelle Zykluszeiten bei geringem Energieverbrauch.Flexible Allrounder zu speziellen L\u00f6sungen f\u00fcr die Medizin-, Elektronik- oder Verpackungsindustrie, die auf saubere, effiziente und stabile Produktionsprozesse angewiesen sind. Elektrischer Maschinenbereich von [&hellip;]","og_url":"https:\/\/eu.haitianinter.com\/de\/produkte\/elektrische-loesungen\/","og_site_name":"Haitian International Germany","article_modified_time":"2026-03-12T15:53:24+00:00","twitter_card":"summary_large_image","twitter_misc":{"Gesch\u00e4tzte Lesezeit":"8\u00a0Minuten"},"schema":{"@context":"https:\/\/schema.org","@graph":[{"@type":"WebPage","@id":"https:\/\/eu.haitianinter.com\/de\/produkte\/elektrische-loesungen\/","url":"https:\/\/eu.haitianinter.com\/de\/produkte\/elektrische-loesungen\/","name":"Elektrische Spritzgie\u00dfmaschinen - Haitian International Germany","isPartOf":{"@id":"https:\/\/eu.haitianinter.com\/de\/#website"},"datePublished":"2023-12-02T12:23:57+00:00","dateModified":"2026-03-12T15:53:24+00:00","breadcrumb":{"@id":"https:\/\/eu.haitianinter.com\/de\/produkte\/elektrische-loesungen\/#breadcrumb"},"inLanguage":"de","potentialAction":[{"@type":"ReadAction","target":["https:\/\/eu.haitianinter.com\/de\/produkte\/elektrische-loesungen\/"]}]},{"@type":"BreadcrumbList","@id":"https:\/\/eu.haitianinter.com\/de\/produkte\/elektrische-loesungen\/#breadcrumb","itemListElement":[{"@type":"ListItem","position":1,"name":"Home","item":"https:\/\/eu.haitianinter.com\/de\/"},{"@type":"ListItem","position":2,"name":"Produkte","item":"https:\/\/eu.haitianinter.com\/de\/produkte\/"},{"@type":"ListItem","position":3,"name":"Elektrische Spritzgie\u00dfmaschinen"}]},{"@type":"WebSite","@id":"https:\/\/eu.haitianinter.com\/de\/#website","url":"https:\/\/eu.haitianinter.com\/de\/","name":"Haitian International Germany","description":"We Create and Extend Advantage","potentialAction":[{"@type":"SearchAction","target":{"@type":"EntryPoint","urlTemplate":"https:\/\/eu.haitianinter.com\/de\/?s={search_term_string}"},"query-input":{"@type":"PropertyValueSpecification","valueRequired":true,"valueName":"search_term_string"}}],"inLanguage":"de"}]}},"_links":{"self":[{"href":"https:\/\/eu.haitianinter.com\/de\/wp-json\/wp\/v2\/pages\/2362","targetHints":{"allow":["GET"]}}],"collection":[{"href":"https:\/\/eu.haitianinter.com\/de\/wp-json\/wp\/v2\/pages"}],"about":[{"href":"https:\/\/eu.haitianinter.com\/de\/wp-json\/wp\/v2\/types\/page"}],"author":[{"embeddable":true,"href":"https:\/\/eu.haitianinter.com\/de\/wp-json\/wp\/v2\/users\/1"}],"replies":[{"embeddable":true,"href":"https:\/\/eu.haitianinter.com\/de\/wp-json\/wp\/v2\/comments?post=2362"}],"version-history":[{"count":20,"href":"https:\/\/eu.haitianinter.com\/de\/wp-json\/wp\/v2\/pages\/2362\/revisions"}],"predecessor-version":[{"id":13087,"href":"https:\/\/eu.haitianinter.com\/de\/wp-json\/wp\/v2\/pages\/2362\/revisions\/13087"}],"up":[{"embeddable":true,"href":"https:\/\/eu.haitianinter.com\/de\/wp-json\/wp\/v2\/pages\/3336"}],"wp:attachment":[{"href":"https:\/\/eu.haitianinter.com\/de\/wp-json\/wp\/v2\/media?parent=2362"}],"curies":[{"name":"wp","href":"https:\/\/api.w.org\/{rel}","templated":true}]}}