{"id":2973,"date":"2024-03-17T13:57:09","date_gmt":"2024-03-17T12:57:09","guid":{"rendered":"https:\/\/eu.haitianinter.com\/karriere\/serviceingenieur-servicetechniker-m-w-d\/"},"modified":"2024-03-17T16:48:57","modified_gmt":"2024-03-17T15:48:57","slug":"serviceingenieur-servicetechniker-m-w-d","status":"publish","type":"page","link":"https:\/\/eu.haitianinter.com\/de\/karriere\/serviceingenieur-servicetechniker-m-w-d\/","title":{"rendered":"Serviceingenieur \/ Servicetechniker (m\/w\/d)"},"content":{"rendered":"<p>[et_pb_section fb_built=&#8220;1&#8243; fullwidth=&#8220;on&#8220; module_class=&#8220;teaser-image-under-text&#8220; _builder_version=&#8220;4.22.2&#8243; _module_preset=&#8220;default&#8220; locked=&#8220;off&#8220; global_colors_info=&#8220;{}&#8220;][et_pb_fullwidth_header text_orientation=&#8220;center&#8220; header_fullscreen=&#8220;on&#8220; header_image_url=&#8220;https:\/\/eu.haitianinter.com\/wp-content\/uploads\/sites\/3\/2024\/03\/Company_Career.jpg&#8220; image_orientation=&#8220;bottom&#8220; _builder_version=&#8220;4.23.1&#8243; _module_preset=&#8220;default&#8220; background_enable_color=&#8220;off&#8220; background_layout=&#8220;light&#8220; global_colors_info=&#8220;{}&#8220;][\/et_pb_fullwidth_header][\/et_pb_section][et_pb_section fb_built=&#8220;1&#8243; _builder_version=&#8220;4.23.1&#8243; _module_preset=&#8220;default&#8220; custom_padding=&#8220;||4px||false|false&#8220; global_colors_info=&#8220;{}&#8220;][et_pb_row _builder_version=&#8220;4.23.1&#8243; _module_preset=&#8220;default&#8220; global_colors_info=&#8220;{}&#8220; theme_builder_area=&#8220;post_content&#8220;][et_pb_column type=&#8220;4_4&#8243; _builder_version=&#8220;4.23.1&#8243; _module_preset=&#8220;default&#8220; global_colors_info=&#8220;{}&#8220; theme_builder_area=&#8220;post_content&#8220;][et_pb_image src=&#8220;https:\/\/eu.haitianinter.com\/wp-content\/uploads\/sites\/3\/2024\/01\/HTI_Golden.png&#8220; title_text=&#8220;HTI Golden&#8220; align=&#8220;center&#8220; _builder_version=&#8220;4.23.1&#8243; _module_preset=&#8220;default&#8220; width=&#8220;8%&#8220; custom_margin=&#8220;||10px||false|false&#8220; global_colors_info=&#8220;{}&#8220; theme_builder_area=&#8220;post_content&#8220;][\/et_pb_image][et_pb_text _builder_version=&#8220;4.23.1&#8243; _module_preset=&#8220;default&#8220; header_3_font_size=&#8220;33px&#8220; custom_margin=&#8220;||12px|||&#8220; hover_enabled=&#8220;0&#8243; global_colors_info=&#8220;{}&#8220; theme_builder_area=&#8220;post_content&#8220; sticky_enabled=&#8220;0&#8243;]<\/p>\n<h6 style=\"text-align: center\"><strong>Spritzgie\u00dfmaschinen<\/strong><\/h6>\n<h3 style=\"text-align: center\">Serviceingenieur \/ Servicetechniker (m\/w\/d)<\/h3>\n<h6 style=\"text-align: center\">Standort Ebermannsdorf, unbefristet, Berufserfahrung<\/h6>\n<p>[\/et_pb_text][et_pb_button button_text=&#8220;jetzt bewerben&#8220; button_alignment=&#8220;center&#8220; _builder_version=&#8220;4.23.1&#8243; _module_preset=&#8220;default&#8220; custom_button=&#8220;on&#8220; background_layout=&#8220;dark&#8220; custom_margin=&#8220;||18px||false|false&#8220; custom_padding=&#8220;5px||5px||false|false&#8220; mix_blend_mode=&#8220;soft-light&#8220; hover_enabled=&#8220;0&#8243; locked=&#8220;off&#8220; global_colors_info=&#8220;{}&#8220; theme_builder_area=&#8220;post_content&#8220; sticky_enabled=&#8220;0&#8243; button_url=&#8220;mailto:jobs@haitiangermany.com&#8220;][\/et_pb_button][\/et_pb_column][\/et_pb_row][\/et_pb_section][et_pb_section fb_built=&#8220;1&#8243; _builder_version=&#8220;4.23.1&#8243; _module_preset=&#8220;default&#8220; custom_padding=&#8220;2px||4px|||&#8220; global_colors_info=&#8220;{}&#8220;][et_pb_row column_structure=&#8220;1_5,3_5,1_5&#8243; _builder_version=&#8220;4.23.1&#8243; _module_preset=&#8220;default&#8220; global_colors_info=&#8220;{}&#8220; disabled_on=&#8220;on|on|on&#8220; disabled=&#8220;on&#8220;][et_pb_column type=&#8220;1_5&#8243; _builder_version=&#8220;4.23.1&#8243; _module_preset=&#8220;default&#8220; global_colors_info=&#8220;{}&#8220;][\/et_pb_column][et_pb_column type=&#8220;3_5&#8243; _builder_version=&#8220;4.23.1&#8243; _module_preset=&#8220;default&#8220; global_colors_info=&#8220;{}&#8220;][et_pb_text _builder_version=&#8220;4.23.1&#8243; _module_preset=&#8220;default&#8220; global_colors_info=&#8220;{}&#8220;]<\/p>\n<h3 style=\"text-align: center\">Das Stellenangebot gilt f\u00fcr unser Schwesterunternehmen Haitian Precision Germany, ebenfalls mit Sitz in Ebermannsdorf, Deutschland.<\/h3>\n<p>[\/et_pb_text][\/et_pb_column][et_pb_column type=&#8220;1_5&#8243; _builder_version=&#8220;4.23.1&#8243; _module_preset=&#8220;default&#8220; global_colors_info=&#8220;{}&#8220;][\/et_pb_column][\/et_pb_row][et_pb_row _builder_version=&#8220;4.23.1&#8243; _module_preset=&#8220;default&#8220; global_colors_info=&#8220;{}&#8220;][et_pb_column type=&#8220;4_4&#8243; _builder_version=&#8220;4.23.1&#8243; _module_preset=&#8220;default&#8220; global_colors_info=&#8220;{}&#8220;][et_pb_text _builder_version=&#8220;4.23.1&#8243; _module_preset=&#8220;default&#8220; text_line_height=&#8220;1.8em&#8220; hover_enabled=&#8220;0&#8243; global_colors_info=&#8220;{}&#8220; sticky_enabled=&#8220;0&#8243;]<\/p>\n<h3>Ihre Aufgabe<\/h3>\n<p>Zur Verst\u00e4rkung unserer Serviceabteilung in Ebermannsdorf in der Oberpfalz suchen wir einen Serviceingenieur oder Servicetechniker (m\/w) mit Engagement und Erfahrung. Sie sind verantwortlich f\u00fcr die Installation und Wartung unserer servohydraulischen und vollelektrischen Spritzgie\u00dfmaschinen der Marken Haitian und Zhafir. In Abstimmung mit der technischen Leitung leisten Sie kompetente Serviceunterst\u00fctzung und stellen den reibungslosen Betrieb unserer Maschinen beim Kunden sicher. Au\u00dferdem instruieren und schulen Sie Kundenmitarbeiter an den Maschinen vor Ort.<\/p>\n<h3>Ihr Profil<\/h3>\n<ul>\n<li>Sie haben eine abgeschlossene Berufsausbildung in einem technischen Beruf mit guten Kenntnissen der Elektronik<\/li>\n<li>Alternativ haben Sie Erfahrung in der Wartung komplexer technischer Systeme und verf\u00fcgen \u00fcber gute Kenntnisse der Elektrotechnik.<\/li>\n<li>Idealerweise haben Sie bereits Erfahrung im Bereich der Spritzgie\u00dftechnik<\/li>\n<li>Sie sind bereit, auf Reisen zu gehen<\/li>\n<li>Gute Englischkenntnisse sind w\u00fcnschenswert<\/li>\n<\/ul>\n<h3>Unser Angebot<\/h3>\n<p>Wir bieten Ihnen einen sicheren Arbeitsplatz mit unbefristeter Anstellung, ein attraktives Gehalt und eine intensive Einarbeitung. Sie erhalten dann einen Firmenwagen, den Sie auch privat nutzen k\u00f6nnen.<\/p>\n<h3>Ihre Bewerbung<\/h3>\n<p>Bitte senden Sie uns Ihre ausf\u00fchrlichen Bewerbungsunterlagen (einschlie\u00dflich Ihrer Gehaltsvorstellungen) unter Angabe Ihres fr\u00fchestm\u00f6glichen Eintrittstermins. Wir bevorzugen Ihre Bewerbung in digitaler Form.<\/p>\n<p>[\/et_pb_text][et_pb_button button_text=&#8220;jetzt bewerben&#8220; button_alignment=&#8220;left&#8220; _builder_version=&#8220;4.23.1&#8243; _module_preset=&#8220;default&#8220; custom_button=&#8220;on&#8220; background_layout=&#8220;dark&#8220; custom_margin=&#8220;||18px||false|false&#8220; custom_padding=&#8220;5px||5px||false|false&#8220; mix_blend_mode=&#8220;soft-light&#8220; hover_enabled=&#8220;0&#8243; locked=&#8220;off&#8220; global_colors_info=&#8220;{}&#8220; theme_builder_area=&#8220;post_content&#8220; sticky_enabled=&#8220;0&#8243; button_url=&#8220;mailto:jobs@haitiangermany.com&#8220;][\/et_pb_button][\/et_pb_column][\/et_pb_row][\/et_pb_section][et_pb_section fb_built=&#8220;1&#8243; _builder_version=&#8220;4.23.1&#8243; _module_preset=&#8220;default&#8220; global_colors_info=&#8220;{}&#8220;][\/et_pb_section]<\/p>\n","protected":false},"excerpt":{"rendered":"<p>Spritzgie\u00dfmaschinen Serviceingenieur \/ Servicetechniker (m\/w\/d) Standort Ebermannsdorf, unbefristet, BerufserfahrungDas Stellenangebot gilt f\u00fcr unser Schwesterunternehmen Haitian Precision Germany, ebenfalls mit Sitz in Ebermannsdorf, Deutschland.Ihre Aufgabe Zur Verst\u00e4rkung unserer Serviceabteilung in Ebermannsdorf in der Oberpfalz suchen wir einen Serviceingenieur oder Servicetechniker (m\/w) mit Engagement und Erfahrung. Sie sind verantwortlich f\u00fcr die Installation und Wartung unserer servohydraulischen und [&hellip;]<\/p>\n","protected":false},"author":4,"featured_media":0,"parent":2450,"menu_order":0,"comment_status":"closed","ping_status":"closed","template":"","meta":{"_et_pb_use_builder":"on","_et_pb_old_content":"","_et_gb_content_width":"","footnotes":""},"class_list":["post-2973","page","type-page","status-publish","hentry"],"yoast_head":"<!-- This site is optimized with the Yoast SEO plugin v27.2 - https:\/\/yoast.com\/product\/yoast-seo-wordpress\/ -->\n<title>Serviceingenieur \/ Servicetechniker (m\/w\/d) - Haitian International Germany<\/title>\n<meta name=\"robots\" content=\"index, follow, max-snippet:-1, max-image-preview:large, max-video-preview:-1\" \/>\n<link rel=\"canonical\" href=\"https:\/\/eu.haitianinter.com\/de\/karriere\/serviceingenieur-servicetechniker-m-w-d\/\" \/>\n<meta property=\"og:locale\" content=\"de_DE\" \/>\n<meta property=\"og:type\" content=\"article\" \/>\n<meta property=\"og:title\" content=\"Serviceingenieur \/ Servicetechniker (m\/w\/d) - Haitian International Germany\" \/>\n<meta property=\"og:description\" content=\"Spritzgie\u00dfmaschinen Serviceingenieur \/ Servicetechniker (m\/w\/d) Standort Ebermannsdorf, unbefristet, BerufserfahrungDas Stellenangebot gilt f\u00fcr unser Schwesterunternehmen Haitian Precision Germany, ebenfalls mit Sitz in Ebermannsdorf, Deutschland.Ihre Aufgabe Zur Verst\u00e4rkung unserer Serviceabteilung in Ebermannsdorf in der Oberpfalz suchen wir einen Serviceingenieur oder Servicetechniker (m\/w) mit Engagement und Erfahrung. Sie sind verantwortlich f\u00fcr die Installation und Wartung unserer servohydraulischen und [&hellip;]\" \/>\n<meta property=\"og:url\" content=\"https:\/\/eu.haitianinter.com\/de\/karriere\/serviceingenieur-servicetechniker-m-w-d\/\" \/>\n<meta property=\"og:site_name\" content=\"Haitian International Germany\" \/>\n<meta property=\"article:modified_time\" content=\"2024-03-17T15:48:57+00:00\" \/>\n<meta name=\"twitter:card\" content=\"summary_large_image\" \/>\n<meta name=\"twitter:label1\" content=\"Gesch\u00e4tzte Lesezeit\" \/>\n\t<meta name=\"twitter:data1\" content=\"4\u00a0Minuten\" \/>\n<script type=\"application\/ld+json\" class=\"yoast-schema-graph\">{\"@context\":\"https:\/\/schema.org\",\"@graph\":[{\"@type\":\"WebPage\",\"@id\":\"https:\/\/eu.haitianinter.com\/de\/karriere\/serviceingenieur-servicetechniker-m-w-d\/\",\"url\":\"https:\/\/eu.haitianinter.com\/de\/karriere\/serviceingenieur-servicetechniker-m-w-d\/\",\"name\":\"Serviceingenieur \/ Servicetechniker (m\/w\/d) - Haitian International Germany\",\"isPartOf\":{\"@id\":\"https:\/\/eu.haitianinter.com\/de\/#website\"},\"datePublished\":\"2024-03-17T12:57:09+00:00\",\"dateModified\":\"2024-03-17T15:48:57+00:00\",\"breadcrumb\":{\"@id\":\"https:\/\/eu.haitianinter.com\/de\/karriere\/serviceingenieur-servicetechniker-m-w-d\/#breadcrumb\"},\"inLanguage\":\"de\",\"potentialAction\":[{\"@type\":\"ReadAction\",\"target\":[\"https:\/\/eu.haitianinter.com\/de\/karriere\/serviceingenieur-servicetechniker-m-w-d\/\"]}]},{\"@type\":\"BreadcrumbList\",\"@id\":\"https:\/\/eu.haitianinter.com\/de\/karriere\/serviceingenieur-servicetechniker-m-w-d\/#breadcrumb\",\"itemListElement\":[{\"@type\":\"ListItem\",\"position\":1,\"name\":\"Home\",\"item\":\"https:\/\/eu.haitianinter.com\/de\/\"},{\"@type\":\"ListItem\",\"position\":2,\"name\":\"Karriere\",\"item\":\"https:\/\/eu.haitianinter.com\/de\/karriere\/\"},{\"@type\":\"ListItem\",\"position\":3,\"name\":\"Serviceingenieur \/ Servicetechniker (m\/w\/d)\"}]},{\"@type\":\"WebSite\",\"@id\":\"https:\/\/eu.haitianinter.com\/de\/#website\",\"url\":\"https:\/\/eu.haitianinter.com\/de\/\",\"name\":\"Haitian International Germany\",\"description\":\"We Create and Extend Advantage\",\"potentialAction\":[{\"@type\":\"SearchAction\",\"target\":{\"@type\":\"EntryPoint\",\"urlTemplate\":\"https:\/\/eu.haitianinter.com\/de\/?s={search_term_string}\"},\"query-input\":{\"@type\":\"PropertyValueSpecification\",\"valueRequired\":true,\"valueName\":\"search_term_string\"}}],\"inLanguage\":\"de\"}]}<\/script>\n<!-- \/ Yoast SEO plugin. -->","yoast_head_json":{"title":"Serviceingenieur \/ Servicetechniker (m\/w\/d) - Haitian International Germany","robots":{"index":"index","follow":"follow","max-snippet":"max-snippet:-1","max-image-preview":"max-image-preview:large","max-video-preview":"max-video-preview:-1"},"canonical":"https:\/\/eu.haitianinter.com\/de\/karriere\/serviceingenieur-servicetechniker-m-w-d\/","og_locale":"de_DE","og_type":"article","og_title":"Serviceingenieur \/ Servicetechniker (m\/w\/d) - Haitian International Germany","og_description":"Spritzgie\u00dfmaschinen Serviceingenieur \/ Servicetechniker (m\/w\/d) Standort Ebermannsdorf, unbefristet, BerufserfahrungDas Stellenangebot gilt f\u00fcr unser Schwesterunternehmen Haitian Precision Germany, ebenfalls mit Sitz in Ebermannsdorf, Deutschland.Ihre Aufgabe Zur Verst\u00e4rkung unserer Serviceabteilung in Ebermannsdorf in der Oberpfalz suchen wir einen Serviceingenieur oder Servicetechniker (m\/w) mit Engagement und Erfahrung. Sie sind verantwortlich f\u00fcr die Installation und Wartung unserer servohydraulischen und [&hellip;]","og_url":"https:\/\/eu.haitianinter.com\/de\/karriere\/serviceingenieur-servicetechniker-m-w-d\/","og_site_name":"Haitian International Germany","article_modified_time":"2024-03-17T15:48:57+00:00","twitter_card":"summary_large_image","twitter_misc":{"Gesch\u00e4tzte Lesezeit":"4\u00a0Minuten"},"schema":{"@context":"https:\/\/schema.org","@graph":[{"@type":"WebPage","@id":"https:\/\/eu.haitianinter.com\/de\/karriere\/serviceingenieur-servicetechniker-m-w-d\/","url":"https:\/\/eu.haitianinter.com\/de\/karriere\/serviceingenieur-servicetechniker-m-w-d\/","name":"Serviceingenieur \/ Servicetechniker (m\/w\/d) - Haitian International Germany","isPartOf":{"@id":"https:\/\/eu.haitianinter.com\/de\/#website"},"datePublished":"2024-03-17T12:57:09+00:00","dateModified":"2024-03-17T15:48:57+00:00","breadcrumb":{"@id":"https:\/\/eu.haitianinter.com\/de\/karriere\/serviceingenieur-servicetechniker-m-w-d\/#breadcrumb"},"inLanguage":"de","potentialAction":[{"@type":"ReadAction","target":["https:\/\/eu.haitianinter.com\/de\/karriere\/serviceingenieur-servicetechniker-m-w-d\/"]}]},{"@type":"BreadcrumbList","@id":"https:\/\/eu.haitianinter.com\/de\/karriere\/serviceingenieur-servicetechniker-m-w-d\/#breadcrumb","itemListElement":[{"@type":"ListItem","position":1,"name":"Home","item":"https:\/\/eu.haitianinter.com\/de\/"},{"@type":"ListItem","position":2,"name":"Karriere","item":"https:\/\/eu.haitianinter.com\/de\/karriere\/"},{"@type":"ListItem","position":3,"name":"Serviceingenieur \/ Servicetechniker (m\/w\/d)"}]},{"@type":"WebSite","@id":"https:\/\/eu.haitianinter.com\/de\/#website","url":"https:\/\/eu.haitianinter.com\/de\/","name":"Haitian International Germany","description":"We Create and Extend Advantage","potentialAction":[{"@type":"SearchAction","target":{"@type":"EntryPoint","urlTemplate":"https:\/\/eu.haitianinter.com\/de\/?s={search_term_string}"},"query-input":{"@type":"PropertyValueSpecification","valueRequired":true,"valueName":"search_term_string"}}],"inLanguage":"de"}]}},"_links":{"self":[{"href":"https:\/\/eu.haitianinter.com\/de\/wp-json\/wp\/v2\/pages\/2973","targetHints":{"allow":["GET"]}}],"collection":[{"href":"https:\/\/eu.haitianinter.com\/de\/wp-json\/wp\/v2\/pages"}],"about":[{"href":"https:\/\/eu.haitianinter.com\/de\/wp-json\/wp\/v2\/types\/page"}],"author":[{"embeddable":true,"href":"https:\/\/eu.haitianinter.com\/de\/wp-json\/wp\/v2\/users\/4"}],"replies":[{"embeddable":true,"href":"https:\/\/eu.haitianinter.com\/de\/wp-json\/wp\/v2\/comments?post=2973"}],"version-history":[{"count":11,"href":"https:\/\/eu.haitianinter.com\/de\/wp-json\/wp\/v2\/pages\/2973\/revisions"}],"predecessor-version":[{"id":2984,"href":"https:\/\/eu.haitianinter.com\/de\/wp-json\/wp\/v2\/pages\/2973\/revisions\/2984"}],"up":[{"embeddable":true,"href":"https:\/\/eu.haitianinter.com\/de\/wp-json\/wp\/v2\/pages\/2450"}],"wp:attachment":[{"href":"https:\/\/eu.haitianinter.com\/de\/wp-json\/wp\/v2\/media?parent=2973"}],"curies":[{"name":"wp","href":"https:\/\/api.w.org\/{rel}","templated":true}]}}