{"id":3118,"date":"2023-12-02T14:02:17","date_gmt":"2023-12-02T13:02:17","guid":{"rendered":"https:\/\/eu.haitianinter.com\/dienst\/kundendienst\/"},"modified":"2024-03-19T13:21:43","modified_gmt":"2024-03-19T12:21:43","slug":"kundendienst","status":"publish","type":"page","link":"https:\/\/eu.haitianinter.com\/de\/service\/kundendienst\/","title":{"rendered":"Kundendienst"},"content":{"rendered":"<p>[et_pb_section fb_built=&#8220;1&#8243; fullwidth=&#8220;on&#8220; module_class=&#8220;teaser-image-under-text&#8220; _builder_version=&#8220;4.22.2&#8243; _module_preset=&#8220;default&#8220; locked=&#8220;off&#8220; global_colors_info=&#8220;{}&#8220;][et_pb_fullwidth_header title=&#8220;Kundendienst&#8220; text_orientation=&#8220;center&#8220; header_fullscreen=&#8220;on&#8220; header_image_url=&#8220;https:\/\/eu.haitianinter.com\/wp-content\/uploads\/sites\/3\/2024\/03\/Service_Training.jpg&#8220; image_orientation=&#8220;bottom&#8220; _builder_version=&#8220;4.23.1&#8243; _module_preset=&#8220;default&#8220; background_enable_color=&#8220;off&#8220; background_layout=&#8220;light&#8220; global_colors_info=&#8220;{}&#8220;][\/et_pb_fullwidth_header][\/et_pb_section][et_pb_section fb_built=&#8220;1&#8243; module_class=&#8220;section-content-center&#8220; _builder_version=&#8220;4.22.2&#8243; _module_preset=&#8220;default&#8220; locked=&#8220;off&#8220; global_colors_info=&#8220;{}&#8220;][et_pb_row _builder_version=&#8220;4.22.2&#8243; _module_preset=&#8220;default&#8220; locked=&#8220;off&#8220; global_colors_info=&#8220;{}&#8220;][et_pb_column type=&#8220;4_4&#8243; _builder_version=&#8220;4.22.2&#8243; _module_preset=&#8220;default&#8220; global_colors_info=&#8220;{}&#8220;][et_pb_text module_class=&#8220;content-center&#8220; _builder_version=&#8220;4.23.1&#8243; _module_preset=&#8220;default&#8220; global_colors_info=&#8220;{}&#8220;]<\/p>\n<h5>Kompetenter Kundenservice mit umfassender Erreichbarkeit. Unser Netzwerk garantiert eine effiziente Betreuung in Deutschland und Europa, immer in Ihrer N\u00e4he.<\/h5>\n<p>[\/et_pb_text][\/et_pb_column][\/et_pb_row][\/et_pb_section][et_pb_section fb_built=&#8220;1&#8243; _builder_version=&#8220;4.22.2&#8243; _module_preset=&#8220;default&#8220; global_colors_info=&#8220;{}&#8220;][et_pb_row column_structure=&#8220;1_3,1_3,1_3&#8243; module_class=&#8220;row-counter row-divider-counter&#8220; _builder_version=&#8220;4.23.1&#8243; _module_preset=&#8220;default&#8220; custom_padding=&#8220;0px||||false|false&#8220; global_colors_info=&#8220;{}&#8220;][et_pb_column type=&#8220;1_3&#8243; _builder_version=&#8220;4.23.1&#8243; _module_preset=&#8220;default&#8220; global_colors_info=&#8220;{}&#8220;][et_pb_number_counter title=&#8220;Servicetechniker in Deutschland&#8220; number=&#8220;34&#8243; percent_sign=&#8220;off&#8220; _builder_version=&#8220;4.23.1&#8243; _module_preset=&#8220;default&#8220; title_level=&#8220;h6&#8243; title_font=&#8220;|600|||||||&#8220; number_font=&#8220;|700|||||||&#8220; width=&#8220;70%&#8220; width_tablet=&#8220;40%&#8220; width_phone=&#8220;50%&#8220; width_last_edited=&#8220;on|phone&#8220; global_colors_info=&#8220;{}&#8220;][\/et_pb_number_counter][\/et_pb_column][et_pb_column type=&#8220;1_3&#8243; _builder_version=&#8220;4.22.2&#8243; _module_preset=&#8220;default&#8220; global_colors_info=&#8220;{}&#8220;][et_pb_number_counter title=&#8220;Servicetechniker in Europa&#8220; number=&#8220;83&#8243; percent_sign=&#8220;off&#8220; _builder_version=&#8220;4.23.1&#8243; _module_preset=&#8220;default&#8220; title_level=&#8220;h6&#8243; title_font=&#8220;|600|||||||&#8220; number_font=&#8220;|700|||||||&#8220; width=&#8220;70%&#8220; width_tablet=&#8220;40%&#8220; width_phone=&#8220;50%&#8220; width_last_edited=&#8220;on|phone&#8220; global_colors_info=&#8220;{}&#8220;][\/et_pb_number_counter][\/et_pb_column][et_pb_column type=&#8220;1_3&#8243; _builder_version=&#8220;4.22.2&#8243; _module_preset=&#8220;default&#8220; global_colors_info=&#8220;{}&#8220;][et_pb_number_counter title=&#8220;Dienstleistungsstandorte in Europa&#8220; number=&#8220;25&#8243; percent_sign=&#8220;off&#8220; _builder_version=&#8220;4.23.1&#8243; _module_preset=&#8220;default&#8220; title_level=&#8220;h6&#8243; title_font=&#8220;|600|||||||&#8220; number_font=&#8220;|700|||||||&#8220; width=&#8220;70%&#8220; width_tablet=&#8220;40%&#8220; width_phone=&#8220;50%&#8220; width_last_edited=&#8220;on|phone&#8220; global_colors_info=&#8220;{}&#8220;][\/et_pb_number_counter][\/et_pb_column][\/et_pb_row][\/et_pb_section][et_pb_section fb_built=&#8220;1&#8243; admin_label=&#8220;Section\/Teaserbox with Text and Image&#8220; module_class=&#8220;section-text-image-box-withIcon&#8220; _builder_version=&#8220;4.22.2&#8243; locked=&#8220;off&#8220; global_colors_info=&#8220;{}&#8220;][et_pb_row column_structure=&#8220;1_2,1_2&#8243; make_equal=&#8220;on&#8220; admin_label=&#8220;row&#8220; _builder_version=&#8220;4.23.1&#8243; background_size=&#8220;initial&#8220; background_position=&#8220;top_left&#8220; background_repeat=&#8220;repeat&#8220; min_height_tablet=&#8220;&#8220; min_height_phone=&#8220;&#8220; min_height_last_edited=&#8220;on|desktop&#8220; custom_padding=&#8220;0px||0px||true|false&#8220; collapsed=&#8220;on&#8220; global_colors_info=&#8220;{}&#8220;][et_pb_column type=&#8220;1_2&#8243; module_class=&#8220;background&#8220; _builder_version=&#8220;4.23.1&#8243; background_image=&#8220;https:\/\/eu.haitianinter.com\/wp-content\/uploads\/sites\/3\/2024\/03\/Service-Team_Legros.jpg&#8220; custom_padding=&#8220;|||&#8220; global_colors_info=&#8220;{}&#8220; custom_padding__hover=&#8220;|||&#8220;][\/et_pb_column][et_pb_column type=&#8220;1_2&#8243; _builder_version=&#8220;4.22.2&#8243; global_colors_info=&#8220;{}&#8220; custom_padding__hover=&#8220;|||&#8220;][et_pb_blurb image_icon_width=&#8220;30%&#8220; icon_alignment=&#8220;left&#8220; _builder_version=&#8220;4.23.1&#8243; _module_preset=&#8220;default&#8220; header_level=&#8220;h6&#8243; image_icon_custom_margin=&#8220;||0px||false|false&#8220; global_colors_info=&#8220;{}&#8220;]<\/p>\n<h4>Kompetenz und Verf\u00fcgbarkeit<\/h4>\n<h5>Wir wissen, wie wichtig Fachwissen und Verf\u00fcgbarkeit in der heutigen schnelllebigen Fertigungswelt sind, und sind bestrebt, Ihre Anforderungen nicht nur zu erf\u00fcllen, sondern zu \u00fcbertreffen, um die Langlebigkeit und Effizienz Ihrer Anlagen zu gew\u00e4hrleisten.<\/h5>\n<p>[\/et_pb_blurb][\/et_pb_column][\/et_pb_row][et_pb_row column_structure=&#8220;1_2,1_2&#8243; use_custom_gutter=&#8220;on&#8220; make_equal=&#8220;on&#8220; module_class=&#8220;icon-mirror-right&#8220; _builder_version=&#8220;4.23.1&#8243; _module_preset=&#8220;default&#8220; background_enable_color=&#8220;off&#8220; custom_padding=&#8220;0px||0px||true|false&#8220; collapsed=&#8220;on&#8220; global_colors_info=&#8220;{}&#8220;][et_pb_column type=&#8220;1_2&#8243; module_class=&#8220;light&#8220; _builder_version=&#8220;4.22.2&#8243; _module_preset=&#8220;default&#8220; background_enable_color=&#8220;off&#8220; global_colors_info=&#8220;{}&#8220;][et_pb_text admin_label=&#8220;Content&#8220; _builder_version=&#8220;4.23.1&#8243; _module_preset=&#8220;default&#8220; locked=&#8220;off&#8220; global_colors_info=&#8220;{}&#8220;]<\/p>\n<h4><span>25 Servicestandorte<\/span><\/h4>\n<h5><span>Unser Servicenetz ist in fast allen Regionen Europas etabliert und realisiert einen zuverl\u00e4ssigen, effizienten Service f\u00fcr jeden unserer Kunden. Gem\u00e4\u00df unserem Grundsatz &#8222;Aufrichtiger Service, nachhaltiges Streben nach Perfektion&#8220; setzen wir mit innovativen Dienstleistungen und Ideen immer wieder neue Ma\u00dfst\u00e4be. Wir konzentrieren uns auf praktische, zuverl\u00e4ssige L\u00f6sungen und behalten einen international ausgerichteten Ansatz im Auge.<\/span><\/h5>\n<p>[\/et_pb_text][et_pb_button _builder_version=&#8220;4.23.1&#8243; _module_preset=&#8220;default&#8220; background_layout=&#8220;dark&#8220; global_colors_info=&#8220;{}&#8220;][\/et_pb_button][\/et_pb_column][et_pb_column type=&#8220;1_2&#8243; _builder_version=&#8220;4.23.1&#8243; _module_preset=&#8220;default&#8220; background_image=&#8220;https:\/\/eu.haitianinter.com\/wp-content\/uploads\/sites\/3\/2024\/03\/EU-Karte_2000xx2000.jpg&#8220; global_colors_info=&#8220;{}&#8220;][\/et_pb_column][\/et_pb_row][\/et_pb_section][et_pb_section fb_built=&#8220;1&#8243; disabled_on=&#8220;off|off|off&#8220; _builder_version=&#8220;4.23.1&#8243; _module_preset=&#8220;default&#8220; locked=&#8220;off&#8220; global_colors_info=&#8220;{}&#8220;][et_pb_row column_structure=&#8220;1_2,1_2&#8243; _builder_version=&#8220;4.23.1&#8243; _module_preset=&#8220;default&#8220; width=&#8220;60%&#8220; width_tablet=&#8220;80%&#8220; width_phone=&#8220;auto&#8220; width_last_edited=&#8220;on|phone&#8220; global_colors_info=&#8220;{}&#8220;][et_pb_column type=&#8220;1_2&#8243; _builder_version=&#8220;4.23.1&#8243; _module_preset=&#8220;default&#8220; global_colors_info=&#8220;{}&#8220;][et_pb_team_member name=&#8220;Marc Legros&#8220; position=&#8220;Service Manager Europa&#8220; image_url=&#8220;https:\/\/eu.haitianinter.com\/wp-content\/uploads\/sites\/3\/2024\/03\/Marc-Legros.jpg&#8220; db_link_target=&#8220;on&#8220; _builder_version=&#8220;4.23.1&#8243; _module_preset=&#8220;default&#8220; header_level=&#8220;h6&#8243; text_orientation=&#8220;center&#8220; module_alignment=&#8220;center&#8220; child_mix_blend_mode=&#8220;exclusion&#8220; hover_enabled=&#8220;0&#8243; global_colors_info=&#8220;{}&#8220; sticky_enabled=&#8220;0&#8243;]<\/p>\n<p>T: +49 (0) 9438 9439 210<\/p>\n<p>[\/et_pb_team_member][et_pb_button button_url=&#8220;mailto:marc.legros@haitiangermany.com&#8220; button_text=&#8220;E-Mail senden&#8220; button_alignment=&#8220;center&#8220; _builder_version=&#8220;4.23.1&#8243; _module_preset=&#8220;default&#8220; custom_button=&#8220;on&#8220; background_layout=&#8220;dark&#8220; mix_blend_mode=&#8220;soft-light&#8220; locked=&#8220;off&#8220; global_colors_info=&#8220;{}&#8220;][\/et_pb_button][\/et_pb_column][et_pb_column type=&#8220;1_2&#8243; _builder_version=&#8220;4.23.1&#8243; _module_preset=&#8220;default&#8220; global_colors_info=&#8220;{}&#8220;][et_pb_team_member name=&#8220;Andreas Weber&#8220; position=&#8220;Service Manager Deutschland&#8220; image_url=&#8220;https:\/\/eu.haitianinter.com\/wp-content\/uploads\/sites\/3\/2024\/03\/Andreas-Weber.jpg&#8220; db_link_target=&#8220;on&#8220; _builder_version=&#8220;4.23.1&#8243; _module_preset=&#8220;default&#8220; header_level=&#8220;h6&#8243; text_orientation=&#8220;center&#8220; hover_enabled=&#8220;0&#8243; global_colors_info=&#8220;{}&#8220; sticky_enabled=&#8220;0&#8243;]<\/p>\n<p>T: +49 (0) 9438 9439 220<\/p>\n<p>[\/et_pb_team_member][et_pb_button button_url=&#8220;mailto:andreas.weber@haitiangermany.com&#8220; button_text=&#8220;E-Mail senden&#8220; button_alignment=&#8220;center&#8220; _builder_version=&#8220;4.23.1&#8243; _module_preset=&#8220;default&#8220; custom_button=&#8220;on&#8220; background_layout=&#8220;dark&#8220; mix_blend_mode=&#8220;soft-light&#8220; locked=&#8220;off&#8220; global_colors_info=&#8220;{}&#8220;][\/et_pb_button][\/et_pb_column][\/et_pb_row][\/et_pb_section]<\/p>\n","protected":false},"excerpt":{"rendered":"<p>Kompetenter Kundenservice mit umfassender Erreichbarkeit. Unser Netzwerk garantiert eine effiziente Betreuung in Deutschland und Europa, immer in Ihrer N\u00e4he.Kompetenz und Verf\u00fcgbarkeit Wir wissen, wie wichtig Fachwissen und Verf\u00fcgbarkeit in der heutigen schnelllebigen Fertigungswelt sind, und sind bestrebt, Ihre Anforderungen nicht nur zu erf\u00fcllen, sondern zu \u00fcbertreffen, um die Langlebigkeit und Effizienz Ihrer Anlagen zu gew\u00e4hrleisten.25 [&hellip;]<\/p>\n","protected":false},"author":1,"featured_media":0,"parent":2988,"menu_order":0,"comment_status":"closed","ping_status":"closed","template":"","meta":{"_et_pb_use_builder":"on","_et_pb_old_content":"","_et_gb_content_width":"","footnotes":""},"class_list":["post-3118","page","type-page","status-publish","hentry"],"yoast_head":"<!-- This site is optimized with the Yoast SEO plugin v27.2 - https:\/\/yoast.com\/product\/yoast-seo-wordpress\/ -->\n<title>Kundendienst - Haitian International Germany<\/title>\n<meta name=\"robots\" content=\"index, follow, max-snippet:-1, max-image-preview:large, max-video-preview:-1\" \/>\n<link rel=\"canonical\" href=\"https:\/\/eu.haitianinter.com\/de\/service\/kundendienst\/\" \/>\n<meta property=\"og:locale\" content=\"de_DE\" \/>\n<meta property=\"og:type\" content=\"article\" \/>\n<meta property=\"og:title\" content=\"Kundendienst - Haitian International Germany\" \/>\n<meta property=\"og:description\" content=\"Kompetenter Kundenservice mit umfassender Erreichbarkeit. Unser Netzwerk garantiert eine effiziente Betreuung in Deutschland und Europa, immer in Ihrer N\u00e4he.Kompetenz und Verf\u00fcgbarkeit Wir wissen, wie wichtig Fachwissen und Verf\u00fcgbarkeit in der heutigen schnelllebigen Fertigungswelt sind, und sind bestrebt, Ihre Anforderungen nicht nur zu erf\u00fcllen, sondern zu \u00fcbertreffen, um die Langlebigkeit und Effizienz Ihrer Anlagen zu gew\u00e4hrleisten.25 [&hellip;]\" \/>\n<meta property=\"og:url\" content=\"https:\/\/eu.haitianinter.com\/de\/service\/kundendienst\/\" \/>\n<meta property=\"og:site_name\" content=\"Haitian International Germany\" \/>\n<meta property=\"article:modified_time\" content=\"2024-03-19T12:21:43+00:00\" \/>\n<meta name=\"twitter:card\" content=\"summary_large_image\" \/>\n<meta name=\"twitter:label1\" content=\"Gesch\u00e4tzte Lesezeit\" \/>\n\t<meta name=\"twitter:data1\" content=\"5\u00a0Minuten\" \/>\n<script type=\"application\/ld+json\" class=\"yoast-schema-graph\">{\"@context\":\"https:\/\/schema.org\",\"@graph\":[{\"@type\":\"WebPage\",\"@id\":\"https:\/\/eu.haitianinter.com\/de\/service\/kundendienst\/\",\"url\":\"https:\/\/eu.haitianinter.com\/de\/service\/kundendienst\/\",\"name\":\"Kundendienst - Haitian International Germany\",\"isPartOf\":{\"@id\":\"https:\/\/eu.haitianinter.com\/de\/#website\"},\"datePublished\":\"2023-12-02T13:02:17+00:00\",\"dateModified\":\"2024-03-19T12:21:43+00:00\",\"breadcrumb\":{\"@id\":\"https:\/\/eu.haitianinter.com\/de\/service\/kundendienst\/#breadcrumb\"},\"inLanguage\":\"de\",\"potentialAction\":[{\"@type\":\"ReadAction\",\"target\":[\"https:\/\/eu.haitianinter.com\/de\/service\/kundendienst\/\"]}]},{\"@type\":\"BreadcrumbList\",\"@id\":\"https:\/\/eu.haitianinter.com\/de\/service\/kundendienst\/#breadcrumb\",\"itemListElement\":[{\"@type\":\"ListItem\",\"position\":1,\"name\":\"Home\",\"item\":\"https:\/\/eu.haitianinter.com\/de\/\"},{\"@type\":\"ListItem\",\"position\":2,\"name\":\"Service\",\"item\":\"https:\/\/eu.haitianinter.com\/de\/service\/\"},{\"@type\":\"ListItem\",\"position\":3,\"name\":\"Kundendienst\"}]},{\"@type\":\"WebSite\",\"@id\":\"https:\/\/eu.haitianinter.com\/de\/#website\",\"url\":\"https:\/\/eu.haitianinter.com\/de\/\",\"name\":\"Haitian International Germany\",\"description\":\"We Create and Extend Advantage\",\"potentialAction\":[{\"@type\":\"SearchAction\",\"target\":{\"@type\":\"EntryPoint\",\"urlTemplate\":\"https:\/\/eu.haitianinter.com\/de\/?s={search_term_string}\"},\"query-input\":{\"@type\":\"PropertyValueSpecification\",\"valueRequired\":true,\"valueName\":\"search_term_string\"}}],\"inLanguage\":\"de\"}]}<\/script>\n<!-- \/ Yoast SEO plugin. -->","yoast_head_json":{"title":"Kundendienst - Haitian International Germany","robots":{"index":"index","follow":"follow","max-snippet":"max-snippet:-1","max-image-preview":"max-image-preview:large","max-video-preview":"max-video-preview:-1"},"canonical":"https:\/\/eu.haitianinter.com\/de\/service\/kundendienst\/","og_locale":"de_DE","og_type":"article","og_title":"Kundendienst - Haitian International Germany","og_description":"Kompetenter Kundenservice mit umfassender Erreichbarkeit. Unser Netzwerk garantiert eine effiziente Betreuung in Deutschland und Europa, immer in Ihrer N\u00e4he.Kompetenz und Verf\u00fcgbarkeit Wir wissen, wie wichtig Fachwissen und Verf\u00fcgbarkeit in der heutigen schnelllebigen Fertigungswelt sind, und sind bestrebt, Ihre Anforderungen nicht nur zu erf\u00fcllen, sondern zu \u00fcbertreffen, um die Langlebigkeit und Effizienz Ihrer Anlagen zu gew\u00e4hrleisten.25 [&hellip;]","og_url":"https:\/\/eu.haitianinter.com\/de\/service\/kundendienst\/","og_site_name":"Haitian International Germany","article_modified_time":"2024-03-19T12:21:43+00:00","twitter_card":"summary_large_image","twitter_misc":{"Gesch\u00e4tzte Lesezeit":"5\u00a0Minuten"},"schema":{"@context":"https:\/\/schema.org","@graph":[{"@type":"WebPage","@id":"https:\/\/eu.haitianinter.com\/de\/service\/kundendienst\/","url":"https:\/\/eu.haitianinter.com\/de\/service\/kundendienst\/","name":"Kundendienst - Haitian International Germany","isPartOf":{"@id":"https:\/\/eu.haitianinter.com\/de\/#website"},"datePublished":"2023-12-02T13:02:17+00:00","dateModified":"2024-03-19T12:21:43+00:00","breadcrumb":{"@id":"https:\/\/eu.haitianinter.com\/de\/service\/kundendienst\/#breadcrumb"},"inLanguage":"de","potentialAction":[{"@type":"ReadAction","target":["https:\/\/eu.haitianinter.com\/de\/service\/kundendienst\/"]}]},{"@type":"BreadcrumbList","@id":"https:\/\/eu.haitianinter.com\/de\/service\/kundendienst\/#breadcrumb","itemListElement":[{"@type":"ListItem","position":1,"name":"Home","item":"https:\/\/eu.haitianinter.com\/de\/"},{"@type":"ListItem","position":2,"name":"Service","item":"https:\/\/eu.haitianinter.com\/de\/service\/"},{"@type":"ListItem","position":3,"name":"Kundendienst"}]},{"@type":"WebSite","@id":"https:\/\/eu.haitianinter.com\/de\/#website","url":"https:\/\/eu.haitianinter.com\/de\/","name":"Haitian International Germany","description":"We Create and Extend Advantage","potentialAction":[{"@type":"SearchAction","target":{"@type":"EntryPoint","urlTemplate":"https:\/\/eu.haitianinter.com\/de\/?s={search_term_string}"},"query-input":{"@type":"PropertyValueSpecification","valueRequired":true,"valueName":"search_term_string"}}],"inLanguage":"de"}]}},"_links":{"self":[{"href":"https:\/\/eu.haitianinter.com\/de\/wp-json\/wp\/v2\/pages\/3118","targetHints":{"allow":["GET"]}}],"collection":[{"href":"https:\/\/eu.haitianinter.com\/de\/wp-json\/wp\/v2\/pages"}],"about":[{"href":"https:\/\/eu.haitianinter.com\/de\/wp-json\/wp\/v2\/types\/page"}],"author":[{"embeddable":true,"href":"https:\/\/eu.haitianinter.com\/de\/wp-json\/wp\/v2\/users\/1"}],"replies":[{"embeddable":true,"href":"https:\/\/eu.haitianinter.com\/de\/wp-json\/wp\/v2\/comments?post=3118"}],"version-history":[{"count":6,"href":"https:\/\/eu.haitianinter.com\/de\/wp-json\/wp\/v2\/pages\/3118\/revisions"}],"predecessor-version":[{"id":3701,"href":"https:\/\/eu.haitianinter.com\/de\/wp-json\/wp\/v2\/pages\/3118\/revisions\/3701"}],"up":[{"embeddable":true,"href":"https:\/\/eu.haitianinter.com\/de\/wp-json\/wp\/v2\/pages\/2988"}],"wp:attachment":[{"href":"https:\/\/eu.haitianinter.com\/de\/wp-json\/wp\/v2\/media?parent=3118"}],"curies":[{"name":"wp","href":"https:\/\/api.w.org\/{rel}","templated":true}]}}