{"id":4458,"date":"2024-05-17T16:38:07","date_gmt":"2024-05-17T14:38:07","guid":{"rendered":"https:\/\/eu.haitianinter.com\/?page_id=4458"},"modified":"2025-12-19T13:46:16","modified_gmt":"2025-12-19T12:46:16","slug":"anwendungstechniker-m-w-d","status":"publish","type":"page","link":"https:\/\/eu.haitianinter.com\/de\/karriere\/anwendungstechniker-m-w-d\/","title":{"rendered":"Anwendungstechniker (m\/w\/d)"},"content":{"rendered":"<p>[et_pb_section fb_built=&#8220;1&#8243; fullwidth=&#8220;on&#8220; module_class=&#8220;teaser-image-under-text&#8220; _builder_version=&#8220;4.22.2&#8243; _module_preset=&#8220;default&#8220; locked=&#8220;off&#8220; global_colors_info=&#8220;{}&#8220;][et_pb_fullwidth_header text_orientation=&#8220;center&#8220; header_fullscreen=&#8220;on&#8220; header_image_url=&#8220;https:\/\/eu.haitianinter.com\/wp-content\/uploads\/sites\/3\/2024\/03\/Service_Spare_Stocks_2.jpg&#8220; image_orientation=&#8220;bottom&#8220; _builder_version=&#8220;4.23.1&#8243; _module_preset=&#8220;default&#8220; background_enable_color=&#8220;off&#8220; background_layout=&#8220;light&#8220; global_colors_info=&#8220;{}&#8220;][\/et_pb_fullwidth_header][\/et_pb_section][et_pb_section fb_built=&#8220;1&#8243; _builder_version=&#8220;4.23.1&#8243; _module_preset=&#8220;default&#8220; custom_padding=&#8220;||4px||false|false&#8220; global_colors_info=&#8220;{}&#8220;][et_pb_row _builder_version=&#8220;4.23.1&#8243; _module_preset=&#8220;default&#8220; global_colors_info=&#8220;{}&#8220;][et_pb_column type=&#8220;4_4&#8243; _builder_version=&#8220;4.23.1&#8243; _module_preset=&#8220;default&#8220; global_colors_info=&#8220;{}&#8220;][et_pb_image src=&#8220;https:\/\/eu.haitianinter.com\/wp-content\/uploads\/sites\/3\/2024\/01\/HTI_Golden.png&#8220; title_text=&#8220;HTI Golden&#8220; align=&#8220;center&#8220; _builder_version=&#8220;4.23.1&#8243; _module_preset=&#8220;default&#8220; width=&#8220;8%&#8220; custom_margin=&#8220;||10px||false|false&#8220; global_colors_info=&#8220;{}&#8220;][\/et_pb_image][et_pb_text _builder_version=&#8220;4.23.1&#8243; _module_preset=&#8220;default&#8220; header_3_font_size=&#8220;33px&#8220; custom_margin=&#8220;||12px|||&#8220; global_colors_info=&#8220;{}&#8220;]<\/p>\n<h6 style=\"text-align: center\"><strong>Spritzgie\u00dfmaschinen &amp; Robotik<\/strong><\/h6>\n<h3 style=\"text-align: center\">Anwendungstechniker (m\/w\/d)<\/h3>\n<h6 style=\"text-align: center\">Standort Ebermannsdorf, unbefristet, Berufserfahrung<\/h6>\n<p>[\/et_pb_text][et_pb_button button_url=&#8220;mailto:jobs@haitiangermany.com&#8220; button_text=&#8220;jetzt bewerben&#8220; button_alignment=&#8220;center&#8220; _builder_version=&#8220;4.23.1&#8243; _module_preset=&#8220;default&#8220; custom_button=&#8220;on&#8220; background_layout=&#8220;dark&#8220; custom_margin=&#8220;||18px||false|false&#8220; custom_padding=&#8220;5px||5px||false|false&#8220; mix_blend_mode=&#8220;soft-light&#8220; locked=&#8220;off&#8220; global_colors_info=&#8220;{}&#8220;][\/et_pb_button][\/et_pb_column][\/et_pb_row][\/et_pb_section][et_pb_section fb_built=&#8220;1&#8243; _builder_version=&#8220;4.23.1&#8243; _module_preset=&#8220;default&#8220; custom_padding=&#8220;2px||4px|||&#8220; global_colors_info=&#8220;{}&#8220;][et_pb_row _builder_version=&#8220;4.23.1&#8243; _module_preset=&#8220;default&#8220; global_colors_info=&#8220;{}&#8220;][et_pb_column type=&#8220;4_4&#8243; _builder_version=&#8220;4.23.1&#8243; _module_preset=&#8220;default&#8220; global_colors_info=&#8220;{}&#8220;][et_pb_text _builder_version=&#8220;4.27.5&#8243; _module_preset=&#8220;default&#8220; text_line_height=&#8220;1.8em&#8220; hover_enabled=&#8220;0&#8243; global_colors_info=&#8220;{}&#8220; sticky_enabled=&#8220;0&#8243;]<\/p>\n<h3>Ihre Aufgabe<\/h3>\n<p style=\"font-weight: 400\">Als Anwendungstechniker Spritzguss (m\/w\/d) bei Haitian International Germany \u00fcbernehmen Sie eine zentrale Rolle bei der technischen Betreuung unserer Kunden aus ganz Europa.<br \/>Zu Ihren Aufgaben geh\u00f6ren die Installation und Inbetriebnahme neuer Spritzgie\u00dfmaschinen sowie die Analyse von Prozessen, Fehlerdiagnose, St\u00f6rungsbehebung und Prozessoptimierung direkt beim Kunden vor Ort.<br \/>An unserem europ\u00e4ischen Hauptsitz in Ebermannsdorf bereiten Sie Anwendungs- und Maschinentests vor, f\u00fchren diese gemeinsam mit unseren Kunden durch und werten die Ergebnisse anschlie\u00dfend aus, um optimale Prozesse und h\u00f6chste Qualit\u00e4t sicherzustellen.<br \/>In enger Zusammenarbeit mit Vertrieb, Projektmanagement und Vertriebspartnern in ganz Europa beraten Sie unsere Kunden zu verfahrenstechnischen Fragestellungen, Maschinentechnologie und Werkstoffauswahl und stimmen kundenspezifische Maschinenspezifikationen ab.<br \/>Dar\u00fcber hinaus unterst\u00fctzen Sie unseren Trainingsbereich bei der Durchf\u00fchrung von Kundenschulungen in unserem Technologiezentrum.<br \/>Als Teil des Anwendungs-Teams wirken Sie aktiv an der Vor- und Nachbereitung internationaler Fachmessen mit und fungieren w\u00e4hrend der Messe als technischer Ansprechpartner f\u00fcr Kunden, Projektmanager und Vertriebspartner.<\/p>\n<h3>Ihr Profil<\/h3>\n<ul>\n<li>\n<p style=\"font-weight: 400\">Erfolgreich abgeschlossene Ausbildung zum Verfahrensmechaniker (m\/w\/d) Kunststoff und Kautschuktechnik, Fachrichtung Spritzgie\u00dfen, mit mehrj\u00e4hriger Berufserfahrung, gerne mit Weiterbildung zum Meister (m\/w\/d) oder Techniker (m\/w\/d)<\/p>\n<\/li>\n<li>\n<p style=\"font-weight: 400\">Erfahrung im Bereich Kunststoff-Spritzguss (Maschinen-, Prozess-, Werkzeug- und Materialkenntnisse zwingend notwendig)<\/p>\n<\/li>\n<li>\n<p style=\"font-weight: 400\">Erfahrung in der Prozessoptimierung und Fehlersuche<\/p>\n<\/li>\n<li>\n<p style=\"font-weight: 400\">Erfahrung in der Inbetriebnahme von Spritzgie\u00dfmaschinen<\/p>\n<\/li>\n<li>Bereitschaft zu reisen (m\u00e4\u00dfig)<\/li>\n<li>\n<p style=\"font-weight: 400\">Idealerweise Erfahrung in der Programmierung von linear- und 6-achs Robotern<\/p>\n<\/li>\n<li>Kenntnisse in der Elektrotechnik sind w\u00fcnschenswert<\/li>\n<li>\n<p style=\"font-weight: 400\">Gute Englischkenntnisse erforderlich<\/p>\n<\/li>\n<li>\n<p style=\"font-weight: 400\">Kommunikationsst\u00e4rke und Teamf\u00e4higkeit<\/p>\n<\/li>\n<li>\n<p style=\"font-weight: 400\">Professioneller Umgang mit Kunden und Kollegen<\/p>\n<\/li>\n<\/ul>\n<h3>Unser Angebot<\/h3>\n<p style=\"font-weight: 400\">Wir bieten Ihnen einen zukunftsorientierten Arbeitsplatz mit Festanstellung in einem sehr erfolgreichen und st\u00e4ndig wachsenden Unternehmen. Es erwarten Sie ein modernes Arbeitsumfeld, flexible Arbeitszeiten, gute Sozialleistungen wie z.B. eine kostenlose Kantine und eine hervorragende Arbeitsatmosph\u00e4re in einem internationalen Umfeld.<\/p>\n<h3>Ihre Bewerbung<\/h3>\n<p>Bitte senden Sie uns Ihre ausf\u00fchrlichen Bewerbungsunterlagen (einschlie\u00dflich Ihrer Gehaltsvorstellungen) unter Angabe Ihres fr\u00fchestm\u00f6glichen Eintrittstermins. Wir bevorzugen Ihre Bewerbung in digitaler Form. <\/p>\n<p>[\/et_pb_text][et_pb_button button_url=&#8220;mailto:jobs@haitiangermany.com&#8220; button_text=&#8220;jetzt bewerben&#8220; button_alignment=&#8220;left&#8220; _builder_version=&#8220;4.23.1&#8243; _module_preset=&#8220;default&#8220; custom_button=&#8220;on&#8220; background_layout=&#8220;dark&#8220; custom_margin=&#8220;||18px||false|false&#8220; custom_padding=&#8220;5px||5px||false|false&#8220; mix_blend_mode=&#8220;soft-light&#8220; locked=&#8220;off&#8220; global_colors_info=&#8220;{}&#8220;][\/et_pb_button][\/et_pb_column][\/et_pb_row][et_pb_row _builder_version=&#8220;4.23.1&#8243; _module_preset=&#8220;default&#8220; global_colors_info=&#8220;{}&#8220;][et_pb_column type=&#8220;4_4&#8243; _builder_version=&#8220;4.23.1&#8243; _module_preset=&#8220;default&#8220; global_colors_info=&#8220;{}&#8220;][et_pb_text _builder_version=&#8220;4.23.1&#8243; _module_preset=&#8220;default&#8220; global_colors_info=&#8220;{}&#8220;]<\/p>\n<p><a href=\"https:\/\/eu.haitianinter.com\/de\/karriere\/\">Zur\u00fcck zur Karriereseite<\/a><\/p>\n<p>[\/et_pb_text][\/et_pb_column][\/et_pb_row][\/et_pb_section][et_pb_section fb_built=&#8220;1&#8243; _builder_version=&#8220;4.23.1&#8243; _module_preset=&#8220;default&#8220; global_colors_info=&#8220;{}&#8220;][\/et_pb_section]<\/p>\n","protected":false},"excerpt":{"rendered":"<p>Anwendungstechniker Spritzguss (m\/w\/d)<\/p>\n","protected":false},"author":5,"featured_media":0,"parent":2450,"menu_order":0,"comment_status":"closed","ping_status":"closed","template":"","meta":{"_et_pb_use_builder":"on","_et_pb_old_content":"","_et_gb_content_width":"","footnotes":""},"class_list":["post-4458","page","type-page","status-publish","hentry"],"yoast_head":"<!-- This site is optimized with the Yoast SEO plugin v27.2 - https:\/\/yoast.com\/product\/yoast-seo-wordpress\/ -->\n<title>Anwendungstechniker (m\/w\/d) - Haitian International Germany<\/title>\n<meta name=\"robots\" content=\"index, follow, max-snippet:-1, max-image-preview:large, max-video-preview:-1\" \/>\n<link rel=\"canonical\" href=\"https:\/\/eu.haitianinter.com\/de\/karriere\/anwendungstechniker-m-w-d\/\" \/>\n<meta property=\"og:locale\" content=\"de_DE\" \/>\n<meta property=\"og:type\" content=\"article\" \/>\n<meta property=\"og:title\" content=\"Anwendungstechniker (m\/w\/d) - Haitian International Germany\" \/>\n<meta property=\"og:description\" content=\"Anwendungstechniker Spritzguss (m\/w\/d)\" \/>\n<meta property=\"og:url\" content=\"https:\/\/eu.haitianinter.com\/de\/karriere\/anwendungstechniker-m-w-d\/\" \/>\n<meta property=\"og:site_name\" content=\"Haitian International Germany\" \/>\n<meta property=\"article:modified_time\" content=\"2025-12-19T12:46:16+00:00\" \/>\n<meta name=\"twitter:card\" content=\"summary_large_image\" \/>\n<meta name=\"twitter:label1\" content=\"Gesch\u00e4tzte Lesezeit\" \/>\n\t<meta name=\"twitter:data1\" content=\"4\u00a0Minuten\" \/>\n<script type=\"application\/ld+json\" class=\"yoast-schema-graph\">{\"@context\":\"https:\/\/schema.org\",\"@graph\":[{\"@type\":\"WebPage\",\"@id\":\"https:\/\/eu.haitianinter.com\/de\/karriere\/anwendungstechniker-m-w-d\/\",\"url\":\"https:\/\/eu.haitianinter.com\/de\/karriere\/anwendungstechniker-m-w-d\/\",\"name\":\"Anwendungstechniker (m\/w\/d) - Haitian International Germany\",\"isPartOf\":{\"@id\":\"https:\/\/eu.haitianinter.com\/de\/#website\"},\"datePublished\":\"2024-05-17T14:38:07+00:00\",\"dateModified\":\"2025-12-19T12:46:16+00:00\",\"breadcrumb\":{\"@id\":\"https:\/\/eu.haitianinter.com\/de\/karriere\/anwendungstechniker-m-w-d\/#breadcrumb\"},\"inLanguage\":\"de\",\"potentialAction\":[{\"@type\":\"ReadAction\",\"target\":[\"https:\/\/eu.haitianinter.com\/de\/karriere\/anwendungstechniker-m-w-d\/\"]}]},{\"@type\":\"BreadcrumbList\",\"@id\":\"https:\/\/eu.haitianinter.com\/de\/karriere\/anwendungstechniker-m-w-d\/#breadcrumb\",\"itemListElement\":[{\"@type\":\"ListItem\",\"position\":1,\"name\":\"Home\",\"item\":\"https:\/\/eu.haitianinter.com\/de\/\"},{\"@type\":\"ListItem\",\"position\":2,\"name\":\"Karriere\",\"item\":\"https:\/\/eu.haitianinter.com\/de\/karriere\/\"},{\"@type\":\"ListItem\",\"position\":3,\"name\":\"Anwendungstechniker (m\/w\/d)\"}]},{\"@type\":\"WebSite\",\"@id\":\"https:\/\/eu.haitianinter.com\/de\/#website\",\"url\":\"https:\/\/eu.haitianinter.com\/de\/\",\"name\":\"Haitian International Germany\",\"description\":\"We Create and Extend Advantage\",\"potentialAction\":[{\"@type\":\"SearchAction\",\"target\":{\"@type\":\"EntryPoint\",\"urlTemplate\":\"https:\/\/eu.haitianinter.com\/de\/?s={search_term_string}\"},\"query-input\":{\"@type\":\"PropertyValueSpecification\",\"valueRequired\":true,\"valueName\":\"search_term_string\"}}],\"inLanguage\":\"de\"}]}<\/script>\n<!-- \/ Yoast SEO plugin. -->","yoast_head_json":{"title":"Anwendungstechniker (m\/w\/d) - Haitian International Germany","robots":{"index":"index","follow":"follow","max-snippet":"max-snippet:-1","max-image-preview":"max-image-preview:large","max-video-preview":"max-video-preview:-1"},"canonical":"https:\/\/eu.haitianinter.com\/de\/karriere\/anwendungstechniker-m-w-d\/","og_locale":"de_DE","og_type":"article","og_title":"Anwendungstechniker (m\/w\/d) - Haitian International Germany","og_description":"Anwendungstechniker Spritzguss (m\/w\/d)","og_url":"https:\/\/eu.haitianinter.com\/de\/karriere\/anwendungstechniker-m-w-d\/","og_site_name":"Haitian International Germany","article_modified_time":"2025-12-19T12:46:16+00:00","twitter_card":"summary_large_image","twitter_misc":{"Gesch\u00e4tzte Lesezeit":"4\u00a0Minuten"},"schema":{"@context":"https:\/\/schema.org","@graph":[{"@type":"WebPage","@id":"https:\/\/eu.haitianinter.com\/de\/karriere\/anwendungstechniker-m-w-d\/","url":"https:\/\/eu.haitianinter.com\/de\/karriere\/anwendungstechniker-m-w-d\/","name":"Anwendungstechniker (m\/w\/d) - Haitian International Germany","isPartOf":{"@id":"https:\/\/eu.haitianinter.com\/de\/#website"},"datePublished":"2024-05-17T14:38:07+00:00","dateModified":"2025-12-19T12:46:16+00:00","breadcrumb":{"@id":"https:\/\/eu.haitianinter.com\/de\/karriere\/anwendungstechniker-m-w-d\/#breadcrumb"},"inLanguage":"de","potentialAction":[{"@type":"ReadAction","target":["https:\/\/eu.haitianinter.com\/de\/karriere\/anwendungstechniker-m-w-d\/"]}]},{"@type":"BreadcrumbList","@id":"https:\/\/eu.haitianinter.com\/de\/karriere\/anwendungstechniker-m-w-d\/#breadcrumb","itemListElement":[{"@type":"ListItem","position":1,"name":"Home","item":"https:\/\/eu.haitianinter.com\/de\/"},{"@type":"ListItem","position":2,"name":"Karriere","item":"https:\/\/eu.haitianinter.com\/de\/karriere\/"},{"@type":"ListItem","position":3,"name":"Anwendungstechniker (m\/w\/d)"}]},{"@type":"WebSite","@id":"https:\/\/eu.haitianinter.com\/de\/#website","url":"https:\/\/eu.haitianinter.com\/de\/","name":"Haitian International Germany","description":"We Create and Extend Advantage","potentialAction":[{"@type":"SearchAction","target":{"@type":"EntryPoint","urlTemplate":"https:\/\/eu.haitianinter.com\/de\/?s={search_term_string}"},"query-input":{"@type":"PropertyValueSpecification","valueRequired":true,"valueName":"search_term_string"}}],"inLanguage":"de"}]}},"_links":{"self":[{"href":"https:\/\/eu.haitianinter.com\/de\/wp-json\/wp\/v2\/pages\/4458","targetHints":{"allow":["GET"]}}],"collection":[{"href":"https:\/\/eu.haitianinter.com\/de\/wp-json\/wp\/v2\/pages"}],"about":[{"href":"https:\/\/eu.haitianinter.com\/de\/wp-json\/wp\/v2\/types\/page"}],"author":[{"embeddable":true,"href":"https:\/\/eu.haitianinter.com\/de\/wp-json\/wp\/v2\/users\/5"}],"replies":[{"embeddable":true,"href":"https:\/\/eu.haitianinter.com\/de\/wp-json\/wp\/v2\/comments?post=4458"}],"version-history":[{"count":8,"href":"https:\/\/eu.haitianinter.com\/de\/wp-json\/wp\/v2\/pages\/4458\/revisions"}],"predecessor-version":[{"id":12799,"href":"https:\/\/eu.haitianinter.com\/de\/wp-json\/wp\/v2\/pages\/4458\/revisions\/12799"}],"up":[{"embeddable":true,"href":"https:\/\/eu.haitianinter.com\/de\/wp-json\/wp\/v2\/pages\/2450"}],"wp:attachment":[{"href":"https:\/\/eu.haitianinter.com\/de\/wp-json\/wp\/v2\/media?parent=4458"}],"curies":[{"name":"wp","href":"https:\/\/api.w.org\/{rel}","templated":true}]}}