{"id":4495,"date":"2024-05-21T11:31:41","date_gmt":"2024-05-21T09:31:41","guid":{"rendered":"https:\/\/eu.haitianinter.com\/karriere\/automatisierungstechniker-m-w-d\/"},"modified":"2024-05-21T11:35:52","modified_gmt":"2024-05-21T09:35:52","slug":"automatisierungstechniker-m-w-d","status":"publish","type":"page","link":"https:\/\/eu.haitianinter.com\/de\/karriere\/automatisierungstechniker-m-w-d\/","title":{"rendered":"Automatisierungstechniker (m\/w\/d)"},"content":{"rendered":"<p>[et_pb_section fb_built=&#8220;1&#8243; fullwidth=&#8220;on&#8220; module_class=&#8220;teaser-image-under-text&#8220; _builder_version=&#8220;4.22.2&#8243; _module_preset=&#8220;default&#8220; locked=&#8220;off&#8220; global_colors_info=&#8220;{}&#8220;][et_pb_fullwidth_header text_orientation=&#8220;center&#8220; header_fullscreen=&#8220;on&#8220; header_image_url=&#8220;https:\/\/eu.haitianinter.com\/wp-content\/uploads\/sites\/3\/2024\/03\/Service_Spare_Stocks_2.jpg&#8220; image_orientation=&#8220;bottom&#8220; _builder_version=&#8220;4.23.1&#8243; _module_preset=&#8220;default&#8220; background_enable_color=&#8220;off&#8220; background_layout=&#8220;light&#8220; global_colors_info=&#8220;{}&#8220;][\/et_pb_fullwidth_header][\/et_pb_section][et_pb_section fb_built=&#8220;1&#8243; _builder_version=&#8220;4.23.1&#8243; _module_preset=&#8220;default&#8220; custom_padding=&#8220;||4px||false|false&#8220; global_colors_info=&#8220;{}&#8220;][et_pb_row _builder_version=&#8220;4.23.1&#8243; _module_preset=&#8220;default&#8220; global_colors_info=&#8220;{}&#8220;][et_pb_column type=&#8220;4_4&#8243; _builder_version=&#8220;4.23.1&#8243; _module_preset=&#8220;default&#8220; global_colors_info=&#8220;{}&#8220;][et_pb_image src=&#8220;https:\/\/eu.haitianinter.com\/wp-content\/uploads\/sites\/3\/2024\/01\/HTI_Golden.png&#8220; title_text=&#8220;HTI Golden&#8220; align=&#8220;center&#8220; _builder_version=&#8220;4.23.1&#8243; _module_preset=&#8220;default&#8220; width=&#8220;8%&#8220; custom_margin=&#8220;||10px||false|false&#8220; global_colors_info=&#8220;{}&#8220;][\/et_pb_image][et_pb_text _builder_version=&#8220;4.25.1&#8243; _module_preset=&#8220;default&#8220; header_3_font_size=&#8220;33px&#8220; custom_margin=&#8220;||12px|||&#8220; hover_enabled=&#8220;0&#8243; global_colors_info=&#8220;{}&#8220; sticky_enabled=&#8220;0&#8243;]<\/p>\n<h6 style=\"text-align: center\"><strong>Spritzgie\u00dfmaschinen &amp; Robotik<\/strong><\/h6>\n<h3 style=\"text-align: center\">Automatisierungstechniker (m\/w\/d)<\/h3>\n<h6 style=\"text-align: center\">Standort Ebermannsdorf, unbefristet, Berufserfahrung<\/h6>\n<p>[\/et_pb_text][et_pb_button button_url=&#8220;mailto:jobs@haitiangermany.com&#8220; button_text=&#8220;jetzt bewerben&#8220; button_alignment=&#8220;center&#8220; _builder_version=&#8220;4.23.1&#8243; _module_preset=&#8220;default&#8220; custom_button=&#8220;on&#8220; background_layout=&#8220;dark&#8220; custom_margin=&#8220;||18px||false|false&#8220; custom_padding=&#8220;5px||5px||false|false&#8220; mix_blend_mode=&#8220;soft-light&#8220; locked=&#8220;off&#8220; global_colors_info=&#8220;{}&#8220;][\/et_pb_button][\/et_pb_column][\/et_pb_row][\/et_pb_section][et_pb_section fb_built=&#8220;1&#8243; _builder_version=&#8220;4.23.1&#8243; _module_preset=&#8220;default&#8220; custom_padding=&#8220;2px||4px|||&#8220; global_colors_info=&#8220;{}&#8220;][et_pb_row _builder_version=&#8220;4.23.1&#8243; _module_preset=&#8220;default&#8220; global_colors_info=&#8220;{}&#8220;][et_pb_column type=&#8220;4_4&#8243; _builder_version=&#8220;4.23.1&#8243; _module_preset=&#8220;default&#8220; global_colors_info=&#8220;{}&#8220;][et_pb_text _builder_version=&#8220;4.25.1&#8243; _module_preset=&#8220;default&#8220; text_line_height=&#8220;1.8em&#8220; hover_enabled=&#8220;0&#8243; global_colors_info=&#8220;{}&#8220; sticky_enabled=&#8220;0&#8243;]<\/p>\n<h3>Ihre Aufgabe<\/h3>\n<p>Als Automatisierungstechniker in unserem Unternehmen spielen Sie eine entscheidende Rolle bei der Programmierung, Optimierung und Implementierung unserer fortschrittlichen Automatisierungssysteme. Zu Ihren Aufgaben geh\u00f6ren:<\/p>\n<ul>\n<li><strong>Programmieren &amp; Optimieren<\/strong>: Entwicklung und Verfeinerung von Komponenten, Schnittstellen und kompletten Automatisierungssystemen.<\/li>\n<li><strong>Montage &amp; Pr\u00fcfung<\/strong>: Montage, Test und Inbetriebnahme unserer Roboter und flexiblen Automatisierungsl\u00f6sungen (einschlie\u00dflich Steuerungssystemen, HMIs, Sicherheitssystemen, Sensoren, Robotern und Netzwerken) sowohl an unserem Standort als auch an Kundenstandorten haupts\u00e4chlich in Deutschland, mit gelegentlichen Eins\u00e4tzen in anderen europ\u00e4ischen L\u00e4ndern.<\/li>\n<li><strong>Montage von Komponenten<\/strong>: Elektrische, mechanische und pneumatische Montage von Komponenten wie Greifersystemen.<\/li>\n<\/ul>\n<h3>Ihr Profil<\/h3>\n<ul>\n<li>Abgeschlossene (elektro-)technische Ausbildung, z.B. als Mechatroniker, Elektroniker, Energiesystem- oder Energieger\u00e4teelektroniker<\/li>\n<li>Gute Kenntnisse in Elektronik, Mechanik und Pneumatik<\/li>\n<li>Idealerweise Programmiererfahrung (Roboter- und SPS-Programmierung)<\/li>\n<li>Vorzugsweise Berufserfahrung im Bereich Robotik\/Automatisierung\/Service<\/li>\n<li>Selbstdisziplin bei der Dokumentation und Standardisierung.<\/li>\n<li>G\u00fcltiger F\u00fchrerschein der Klasse B (oder Klasse 3)<\/li>\n<li>Flexibilit\u00e4t und kundenorientierte Denkweise<\/li>\n<li>Flie\u00dfende Beherrschung von Deutsch und Englisch<\/li>\n<li>Bereitschaft zu Reisen innerhalb Deutschlands und Europas<\/li>\n<li style=\"list-style-type: none\">\n<ul><\/ul>\n<\/li>\n<\/ul>\n<h3>Unser Angebot<\/h3>\n<p style=\"font-weight: 400\">Wir bieten Ihnen einen zukunftsorientierten Arbeitsplatz mit Festanstellung in einem sehr erfolgreichen und st\u00e4ndig wachsenden Unternehmen. Es erwarten Sie ein modernes Arbeitsumfeld, flexible Arbeitszeiten, gute Sozialleistungen wie z.B. eine kostenlose Kantine und eine hervorragende Arbeitsatmosph\u00e4re in einem internationalen Umfeld.<\/p>\n<h3>Ihre Bewerbung<\/h3>\n<p>Bitte senden Sie uns Ihre ausf\u00fchrlichen Bewerbungsunterlagen (einschlie\u00dflich Ihrer Gehaltsvorstellungen) unter Angabe Ihres fr\u00fchestm\u00f6glichen Eintrittstermins. Wir bevorzugen Ihre Bewerbung in digitaler Form.<\/p>\n<p>[\/et_pb_text][et_pb_button button_url=&#8220;mailto:jobs@haitiangermany.com&#8220; button_text=&#8220;jetzt bewerben&#8220; button_alignment=&#8220;left&#8220; _builder_version=&#8220;4.23.1&#8243; _module_preset=&#8220;default&#8220; custom_button=&#8220;on&#8220; background_layout=&#8220;dark&#8220; custom_margin=&#8220;||18px||false|false&#8220; custom_padding=&#8220;5px||5px||false|false&#8220; mix_blend_mode=&#8220;soft-light&#8220; locked=&#8220;off&#8220; global_colors_info=&#8220;{}&#8220;][\/et_pb_button][\/et_pb_column][\/et_pb_row][et_pb_row _builder_version=&#8220;4.23.1&#8243; _module_preset=&#8220;default&#8220; global_colors_info=&#8220;{}&#8220;][et_pb_column type=&#8220;4_4&#8243; _builder_version=&#8220;4.23.1&#8243; _module_preset=&#8220;default&#8220; global_colors_info=&#8220;{}&#8220;][et_pb_text _builder_version=&#8220;4.23.1&#8243; _module_preset=&#8220;default&#8220; global_colors_info=&#8220;{}&#8220;]<\/p>\n<p><a href=\"https:\/\/eu.haitianinter.com\/de\/karriere\/\">Zur\u00fcck zur Karriereseite<\/a><\/p>\n<p>[\/et_pb_text][\/et_pb_column][\/et_pb_row][\/et_pb_section][et_pb_section fb_built=&#8220;1&#8243; _builder_version=&#8220;4.23.1&#8243; _module_preset=&#8220;default&#8220; global_colors_info=&#8220;{}&#8220;][\/et_pb_section]<\/p>\n","protected":false},"excerpt":{"rendered":"<p>Automatisierungstechniker m\/w\/d<\/p>\n","protected":false},"author":5,"featured_media":0,"parent":2450,"menu_order":0,"comment_status":"closed","ping_status":"closed","template":"","meta":{"_et_pb_use_builder":"on","_et_pb_old_content":"","_et_gb_content_width":"","footnotes":""},"class_list":["post-4495","page","type-page","status-publish","hentry"],"yoast_head":"<!-- This site is optimized with the Yoast SEO plugin v27.2 - https:\/\/yoast.com\/product\/yoast-seo-wordpress\/ -->\n<title>Automatisierungstechniker (m\/w\/d) - Haitian International Germany<\/title>\n<meta name=\"robots\" content=\"index, follow, max-snippet:-1, max-image-preview:large, max-video-preview:-1\" \/>\n<link rel=\"canonical\" href=\"https:\/\/eu.haitianinter.com\/de\/karriere\/automatisierungstechniker-m-w-d\/\" \/>\n<meta property=\"og:locale\" content=\"de_DE\" \/>\n<meta property=\"og:type\" content=\"article\" \/>\n<meta property=\"og:title\" content=\"Automatisierungstechniker (m\/w\/d) - Haitian International Germany\" \/>\n<meta property=\"og:description\" content=\"Automatisierungstechniker m\/w\/d\" \/>\n<meta property=\"og:url\" content=\"https:\/\/eu.haitianinter.com\/de\/karriere\/automatisierungstechniker-m-w-d\/\" \/>\n<meta property=\"og:site_name\" content=\"Haitian International Germany\" \/>\n<meta property=\"article:modified_time\" content=\"2024-05-21T09:35:52+00:00\" \/>\n<meta name=\"twitter:card\" content=\"summary_large_image\" \/>\n<meta name=\"twitter:label1\" content=\"Gesch\u00e4tzte Lesezeit\" \/>\n\t<meta name=\"twitter:data1\" content=\"3\u00a0Minuten\" \/>\n<script type=\"application\/ld+json\" class=\"yoast-schema-graph\">{\"@context\":\"https:\/\/schema.org\",\"@graph\":[{\"@type\":\"WebPage\",\"@id\":\"https:\/\/eu.haitianinter.com\/de\/karriere\/automatisierungstechniker-m-w-d\/\",\"url\":\"https:\/\/eu.haitianinter.com\/de\/karriere\/automatisierungstechniker-m-w-d\/\",\"name\":\"Automatisierungstechniker (m\/w\/d) - Haitian International Germany\",\"isPartOf\":{\"@id\":\"https:\/\/eu.haitianinter.com\/de\/#website\"},\"datePublished\":\"2024-05-21T09:31:41+00:00\",\"dateModified\":\"2024-05-21T09:35:52+00:00\",\"breadcrumb\":{\"@id\":\"https:\/\/eu.haitianinter.com\/de\/karriere\/automatisierungstechniker-m-w-d\/#breadcrumb\"},\"inLanguage\":\"de\",\"potentialAction\":[{\"@type\":\"ReadAction\",\"target\":[\"https:\/\/eu.haitianinter.com\/de\/karriere\/automatisierungstechniker-m-w-d\/\"]}]},{\"@type\":\"BreadcrumbList\",\"@id\":\"https:\/\/eu.haitianinter.com\/de\/karriere\/automatisierungstechniker-m-w-d\/#breadcrumb\",\"itemListElement\":[{\"@type\":\"ListItem\",\"position\":1,\"name\":\"Home\",\"item\":\"https:\/\/eu.haitianinter.com\/de\/\"},{\"@type\":\"ListItem\",\"position\":2,\"name\":\"Karriere\",\"item\":\"https:\/\/eu.haitianinter.com\/de\/karriere\/\"},{\"@type\":\"ListItem\",\"position\":3,\"name\":\"Automatisierungstechniker (m\/w\/d)\"}]},{\"@type\":\"WebSite\",\"@id\":\"https:\/\/eu.haitianinter.com\/de\/#website\",\"url\":\"https:\/\/eu.haitianinter.com\/de\/\",\"name\":\"Haitian International Germany\",\"description\":\"We Create and Extend Advantage\",\"potentialAction\":[{\"@type\":\"SearchAction\",\"target\":{\"@type\":\"EntryPoint\",\"urlTemplate\":\"https:\/\/eu.haitianinter.com\/de\/?s={search_term_string}\"},\"query-input\":{\"@type\":\"PropertyValueSpecification\",\"valueRequired\":true,\"valueName\":\"search_term_string\"}}],\"inLanguage\":\"de\"}]}<\/script>\n<!-- \/ Yoast SEO plugin. -->","yoast_head_json":{"title":"Automatisierungstechniker (m\/w\/d) - Haitian International Germany","robots":{"index":"index","follow":"follow","max-snippet":"max-snippet:-1","max-image-preview":"max-image-preview:large","max-video-preview":"max-video-preview:-1"},"canonical":"https:\/\/eu.haitianinter.com\/de\/karriere\/automatisierungstechniker-m-w-d\/","og_locale":"de_DE","og_type":"article","og_title":"Automatisierungstechniker (m\/w\/d) - Haitian International Germany","og_description":"Automatisierungstechniker m\/w\/d","og_url":"https:\/\/eu.haitianinter.com\/de\/karriere\/automatisierungstechniker-m-w-d\/","og_site_name":"Haitian International Germany","article_modified_time":"2024-05-21T09:35:52+00:00","twitter_card":"summary_large_image","twitter_misc":{"Gesch\u00e4tzte Lesezeit":"3\u00a0Minuten"},"schema":{"@context":"https:\/\/schema.org","@graph":[{"@type":"WebPage","@id":"https:\/\/eu.haitianinter.com\/de\/karriere\/automatisierungstechniker-m-w-d\/","url":"https:\/\/eu.haitianinter.com\/de\/karriere\/automatisierungstechniker-m-w-d\/","name":"Automatisierungstechniker (m\/w\/d) - Haitian International Germany","isPartOf":{"@id":"https:\/\/eu.haitianinter.com\/de\/#website"},"datePublished":"2024-05-21T09:31:41+00:00","dateModified":"2024-05-21T09:35:52+00:00","breadcrumb":{"@id":"https:\/\/eu.haitianinter.com\/de\/karriere\/automatisierungstechniker-m-w-d\/#breadcrumb"},"inLanguage":"de","potentialAction":[{"@type":"ReadAction","target":["https:\/\/eu.haitianinter.com\/de\/karriere\/automatisierungstechniker-m-w-d\/"]}]},{"@type":"BreadcrumbList","@id":"https:\/\/eu.haitianinter.com\/de\/karriere\/automatisierungstechniker-m-w-d\/#breadcrumb","itemListElement":[{"@type":"ListItem","position":1,"name":"Home","item":"https:\/\/eu.haitianinter.com\/de\/"},{"@type":"ListItem","position":2,"name":"Karriere","item":"https:\/\/eu.haitianinter.com\/de\/karriere\/"},{"@type":"ListItem","position":3,"name":"Automatisierungstechniker (m\/w\/d)"}]},{"@type":"WebSite","@id":"https:\/\/eu.haitianinter.com\/de\/#website","url":"https:\/\/eu.haitianinter.com\/de\/","name":"Haitian International Germany","description":"We Create and Extend Advantage","potentialAction":[{"@type":"SearchAction","target":{"@type":"EntryPoint","urlTemplate":"https:\/\/eu.haitianinter.com\/de\/?s={search_term_string}"},"query-input":{"@type":"PropertyValueSpecification","valueRequired":true,"valueName":"search_term_string"}}],"inLanguage":"de"}]}},"_links":{"self":[{"href":"https:\/\/eu.haitianinter.com\/de\/wp-json\/wp\/v2\/pages\/4495","targetHints":{"allow":["GET"]}}],"collection":[{"href":"https:\/\/eu.haitianinter.com\/de\/wp-json\/wp\/v2\/pages"}],"about":[{"href":"https:\/\/eu.haitianinter.com\/de\/wp-json\/wp\/v2\/types\/page"}],"author":[{"embeddable":true,"href":"https:\/\/eu.haitianinter.com\/de\/wp-json\/wp\/v2\/users\/5"}],"replies":[{"embeddable":true,"href":"https:\/\/eu.haitianinter.com\/de\/wp-json\/wp\/v2\/comments?post=4495"}],"version-history":[{"count":2,"href":"https:\/\/eu.haitianinter.com\/de\/wp-json\/wp\/v2\/pages\/4495\/revisions"}],"predecessor-version":[{"id":4497,"href":"https:\/\/eu.haitianinter.com\/de\/wp-json\/wp\/v2\/pages\/4495\/revisions\/4497"}],"up":[{"embeddable":true,"href":"https:\/\/eu.haitianinter.com\/de\/wp-json\/wp\/v2\/pages\/2450"}],"wp:attachment":[{"href":"https:\/\/eu.haitianinter.com\/de\/wp-json\/wp\/v2\/media?parent=4495"}],"curies":[{"name":"wp","href":"https:\/\/api.w.org\/{rel}","templated":true}]}}