{"id":7350,"date":"2024-10-29T17:24:20","date_gmt":"2024-10-29T16:24:20","guid":{"rendered":"https:\/\/eu.haitianinter.com\/karriere\/servicetechniker-cnc-m-w-d\/"},"modified":"2024-12-09T17:53:36","modified_gmt":"2024-12-09T16:53:36","slug":"servicetechniker-cnc-m-w-d","status":"publish","type":"page","link":"https:\/\/eu.haitianinter.com\/de\/karriere\/servicetechniker-cnc-m-w-d\/","title":{"rendered":"Servicetechniker CNC (m\/w\/d)"},"content":{"rendered":"<p>[et_pb_section fb_built=&#8220;1&#8243; fullwidth=&#8220;on&#8220; module_class=&#8220;teaser-image-under-text&#8220; _builder_version=&#8220;4.22.2&#8243; _module_preset=&#8220;default&#8220; locked=&#8220;off&#8220; global_colors_info=&#8220;{}&#8220;][et_pb_fullwidth_header text_orientation=&#8220;center&#8220; header_fullscreen=&#8220;on&#8220; header_image_url=&#8220;https:\/\/eu.haitianinter.com\/wp-content\/uploads\/sites\/3\/2024\/03\/Assembly-for-Horizontal-Machining-Center-\u5367\u52a0\u88c5\u914d\u73b0\u573a.jpg&#8220; image_orientation=&#8220;bottom&#8220; _builder_version=&#8220;4.27.2&#8243; _module_preset=&#8220;default&#8220; background_enable_color=&#8220;off&#8220; background_layout=&#8220;light&#8220; global_colors_info=&#8220;{}&#8220;][\/et_pb_fullwidth_header][\/et_pb_section][et_pb_section fb_built=&#8220;1&#8243; _builder_version=&#8220;4.23.1&#8243; _module_preset=&#8220;default&#8220; custom_padding=&#8220;||4px||false|false&#8220; global_colors_info=&#8220;{}&#8220;][et_pb_row _builder_version=&#8220;4.23.1&#8243; _module_preset=&#8220;default&#8220; global_colors_info=&#8220;{}&#8220;][et_pb_column type=&#8220;4_4&#8243; _builder_version=&#8220;4.23.1&#8243; _module_preset=&#8220;default&#8220; global_colors_info=&#8220;{}&#8220;][et_pb_image src=&#8220;https:\/\/eu.haitianinter.com\/wp-content\/uploads\/sites\/3\/2024\/01\/Metal_Golden.png&#8220; title_text=&#8220;Goldenes Metall&#8220; align=&#8220;center&#8220; _builder_version=&#8220;4.27.2&#8243; _module_preset=&#8220;default&#8220; width=&#8220;8%&#8220; custom_margin=&#8220;||10px||false|false&#8220; global_colors_info=&#8220;{}&#8220;][\/et_pb_image][et_pb_text _builder_version=&#8220;4.27.2&#8243; _module_preset=&#8220;default&#8220; header_3_font_size=&#8220;33px&#8220; custom_margin=&#8220;||12px|||&#8220; global_colors_info=&#8220;{}&#8220;]<\/p>\n<h6 style=\"text-align: center\"><strong>CNC-Maschinen<\/strong><\/h6>\n<h3 style=\"text-align: center\">Serviceingenieur \/ Servicetechniker (m\/w\/d)<\/h3>\n<h6 style=\"text-align: center\">Standort Ebermannsdorf, unbefristet, Berufserfahrung<\/h6>\n<p>[\/et_pb_text][et_pb_button button_url=&#8220;mailto:career@haitianprecision.eu&#8220; button_text=&#8220;jetzt bewerben&#8220; button_alignment=&#8220;center&#8220; _builder_version=&#8220;4.27.2&#8243; _module_preset=&#8220;default&#8220; custom_button=&#8220;on&#8220; background_layout=&#8220;dark&#8220; custom_margin=&#8220;||18px||false|false&#8220; custom_padding=&#8220;5px||5px||false|false&#8220; mix_blend_mode=&#8220;soft-light&#8220; locked=&#8220;off&#8220; global_colors_info=&#8220;{}&#8220;][\/et_pb_button][\/et_pb_column][\/et_pb_row][\/et_pb_section][et_pb_section fb_built=&#8220;1&#8243; _builder_version=&#8220;4.23.1&#8243; _module_preset=&#8220;default&#8220; custom_padding=&#8220;2px||4px|||&#8220; global_colors_info=&#8220;{}&#8220;][et_pb_row column_structure=&#8220;1_5,3_5,1_5&#8243; disabled_on=&#8220;on|on|on&#8220; _builder_version=&#8220;4.23.1&#8243; _module_preset=&#8220;default&#8220; disabled=&#8220;on&#8220; global_colors_info=&#8220;{}&#8220;][et_pb_column type=&#8220;1_5&#8243; _builder_version=&#8220;4.23.1&#8243; _module_preset=&#8220;default&#8220; global_colors_info=&#8220;{}&#8220;][\/et_pb_column][et_pb_column type=&#8220;3_5&#8243; _builder_version=&#8220;4.23.1&#8243; _module_preset=&#8220;default&#8220; global_colors_info=&#8220;{}&#8220;][et_pb_text _builder_version=&#8220;4.23.1&#8243; _module_preset=&#8220;default&#8220; global_colors_info=&#8220;{}&#8220;]<\/p>\n<h3 style=\"text-align: center\">Das Stellenangebot gilt f\u00fcr unser Schwesterunternehmen Haitian Precision Germany, ebenfalls mit Sitz in Ebermannsdorf, Deutschland.<\/h3>\n<p>[\/et_pb_text][\/et_pb_column][et_pb_column type=&#8220;1_5&#8243; _builder_version=&#8220;4.23.1&#8243; _module_preset=&#8220;default&#8220; global_colors_info=&#8220;{}&#8220;][\/et_pb_column][\/et_pb_row][et_pb_row _builder_version=&#8220;4.23.1&#8243; _module_preset=&#8220;default&#8220; global_colors_info=&#8220;{}&#8220;][et_pb_column type=&#8220;4_4&#8243; _builder_version=&#8220;4.23.1&#8243; _module_preset=&#8220;default&#8220; global_colors_info=&#8220;{}&#8220;][et_pb_text _builder_version=&#8220;4.27.2&#8243; _module_preset=&#8220;default&#8220; text_line_height=&#8220;1.8em&#8220; global_colors_info=&#8220;{}&#8220;]<\/p>\n<h3>Ihre Aufgabe<\/h3>\n<p>Zur Verst\u00e4rkung unserer Serviceabteilung in Ebermannsdorf suchen wir einen Serviceingenieur oder Servicetechniker (m\/w\/d) mit Engagement und Erfahrung. Sie werden CNC-Maschinen der Marke Haitian Precision an verschiedenen Standorten in Europa installieren und warten. In Abstimmung mit dem technischen Management sorgen Sie f\u00fcr einen kompetenten Service-Support und stellen sicher, dass unsere Maschinen bei den Kunden einwandfrei funktionieren. Dar\u00fcber hinaus f\u00fchren Sie vor Ort Maschineneinweisungen und -schulungen f\u00fcr die Mitarbeiter des Kunden durch oder schulen kleine Gruppen in unseren R\u00e4umlichkeiten.   <\/p>\n<p>&nbsp;<\/p>\n<h3>Ihr Profil<\/h3>\n<ul>\n<li>Qualifizierter Mechatroniker oder Elektroniker<\/li>\n<li>Mehrj\u00e4hrige Erfahrung in der Installation, Wartung und Serviceunterst\u00fctzung von CNC-Anlagen und -Maschinen<\/li>\n<li>Bereitschaft zum Reisen in Europa<\/li>\n<li>Hohes Ma\u00df an Kundenorientierung und intelligentes, sicheres Auftreten<\/li>\n<li>Teamgeist und starke Kommunikationsf\u00e4higkeiten<\/li>\n<li>Solide PC-Kenntnisse und gute Englischkenntnisse<\/li>\n<li>Vorzugsweise Kenntnisse in Polnisch, Portugiesisch oder Spanisch<\/li>\n<\/ul>\n<p>&nbsp;<\/p>\n<h3>Unser Angebot<\/h3>\n<ul>\n<li>Ein zukunftsorientierter Arbeitsplatz mit fester Anstellung<\/li>\n<li>Flache Hierarchien &amp; selbst\u00e4ndiges ArbeitenIntensive, auf Ihre individuellen Bed\u00fcrfnisse zugeschnittene Schulungen<\/li>\n<li>Ein attraktives Gehalt<\/li>\n<li>Sozialleistungen und Zusatzleistungen<\/li>\n<li><span style=\"font-size: 17px\">Ein Firmenwagen, auch zur privaten Nutzung.<\/span><\/li>\n<\/ul>\n<p><span style=\"font-size: 17px\"><\/span><\/p>\n<h3>Ihre Bewerbung<\/h3>\n<p>Bitte senden Sie uns Ihre ausf\u00fchrlichen Bewerbungsunterlagen (einschlie\u00dflich Ihrer Gehaltsvorstellungen) unter Angabe Ihres fr\u00fchestm\u00f6glichen Eintrittstermins. We prefer to receive your application digitally either via our application form or by e-mail to: <a href=\"mailto:career@haitianprecision.eu\" target=\"_blank\" rel=\"noopener\"><b>career@haitianprecision.eu<\/b><\/a><\/p>\n<p>&nbsp;<\/p>\n<p>[\/et_pb_text][et_pb_button button_url=&#8220;mailto:career@haitianprecision.eu&#8220; button_text=&#8220;jetzt bewerben&#8220; button_alignment=&#8220;left&#8220; _builder_version=&#8220;4.27.2&#8243; _module_preset=&#8220;default&#8220; custom_button=&#8220;on&#8220; background_layout=&#8220;dark&#8220; custom_margin=&#8220;||18px||false|false&#8220; custom_padding=&#8220;5px||5px||false|false&#8220; mix_blend_mode=&#8220;soft-light&#8220; locked=&#8220;off&#8220; global_colors_info=&#8220;{}&#8220;][\/et_pb_button][\/et_pb_column][\/et_pb_row][et_pb_row _builder_version=&#8220;4.23.1&#8243; _module_preset=&#8220;default&#8220; global_colors_info=&#8220;{}&#8220;][et_pb_column type=&#8220;4_4&#8243; _builder_version=&#8220;4.23.1&#8243; _module_preset=&#8220;default&#8220; global_colors_info=&#8220;{}&#8220;][et_pb_text _builder_version=&#8220;4.27.2&#8243; _module_preset=&#8220;default&#8220; global_colors_info=&#8220;{}&#8220;]<\/p>\n<p><a href=\"https:\/\/eu.haitianinter.com\/de\/karriere\/\">Zur\u00fcck zur Karriereseite<\/a><\/p>\n<p>[\/et_pb_text][\/et_pb_column][\/et_pb_row][\/et_pb_section][et_pb_section fb_built=&#8220;1&#8243; _builder_version=&#8220;4.23.1&#8243; _module_preset=&#8220;default&#8220; global_colors_info=&#8220;{}&#8220;][\/et_pb_section]<\/p>\n","protected":false},"excerpt":{"rendered":"<p>CNC-Maschinen Serviceingenieur \/ Servicetechniker (m\/w\/d) Standort Ebermannsdorf, unbefristet, BerufserfahrungDas Stellenangebot gilt f\u00fcr unser Schwesterunternehmen Haitian Precision Germany, ebenfalls mit Sitz in Ebermannsdorf, Deutschland.Ihre Aufgabe Zur Verst\u00e4rkung unserer Serviceabteilung in Ebermannsdorf suchen wir einen Serviceingenieur oder Servicetechniker (m\/w\/d) mit Engagement und Erfahrung. Sie werden CNC-Maschinen der Marke Haitian Precision an verschiedenen Standorten in Europa installieren und [&hellip;]<\/p>\n","protected":false},"author":5,"featured_media":0,"parent":2450,"menu_order":0,"comment_status":"closed","ping_status":"closed","template":"","meta":{"_et_pb_use_builder":"on","_et_pb_old_content":"","_et_gb_content_width":"","footnotes":""},"class_list":["post-7350","page","type-page","status-publish","hentry"],"yoast_head":"<!-- This site is optimized with the Yoast SEO plugin v27.2 - https:\/\/yoast.com\/product\/yoast-seo-wordpress\/ -->\n<title>Servicetechniker CNC (m\/w\/d) - Haitian International Germany<\/title>\n<meta name=\"robots\" content=\"index, follow, max-snippet:-1, max-image-preview:large, max-video-preview:-1\" \/>\n<link rel=\"canonical\" href=\"https:\/\/eu.haitianinter.com\/de\/karriere\/servicetechniker-cnc-m-w-d\/\" \/>\n<meta property=\"og:locale\" content=\"de_DE\" \/>\n<meta property=\"og:type\" content=\"article\" \/>\n<meta property=\"og:title\" content=\"Servicetechniker CNC (m\/w\/d) - Haitian International Germany\" \/>\n<meta property=\"og:description\" content=\"CNC-Maschinen Serviceingenieur \/ Servicetechniker (m\/w\/d) Standort Ebermannsdorf, unbefristet, BerufserfahrungDas Stellenangebot gilt f\u00fcr unser Schwesterunternehmen Haitian Precision Germany, ebenfalls mit Sitz in Ebermannsdorf, Deutschland.Ihre Aufgabe Zur Verst\u00e4rkung unserer Serviceabteilung in Ebermannsdorf suchen wir einen Serviceingenieur oder Servicetechniker (m\/w\/d) mit Engagement und Erfahrung. Sie werden CNC-Maschinen der Marke Haitian Precision an verschiedenen Standorten in Europa installieren und [&hellip;]\" \/>\n<meta property=\"og:url\" content=\"https:\/\/eu.haitianinter.com\/de\/karriere\/servicetechniker-cnc-m-w-d\/\" \/>\n<meta property=\"og:site_name\" content=\"Haitian International Germany\" \/>\n<meta property=\"article:modified_time\" content=\"2024-12-09T16:53:36+00:00\" \/>\n<meta name=\"twitter:card\" content=\"summary_large_image\" \/>\n<meta name=\"twitter:label1\" content=\"Gesch\u00e4tzte Lesezeit\" \/>\n\t<meta name=\"twitter:data1\" content=\"4\u00a0Minuten\" \/>\n<script type=\"application\/ld+json\" class=\"yoast-schema-graph\">{\"@context\":\"https:\/\/schema.org\",\"@graph\":[{\"@type\":\"WebPage\",\"@id\":\"https:\/\/eu.haitianinter.com\/de\/karriere\/servicetechniker-cnc-m-w-d\/\",\"url\":\"https:\/\/eu.haitianinter.com\/de\/karriere\/servicetechniker-cnc-m-w-d\/\",\"name\":\"Servicetechniker CNC (m\/w\/d) - Haitian International Germany\",\"isPartOf\":{\"@id\":\"https:\/\/eu.haitianinter.com\/de\/#website\"},\"datePublished\":\"2024-10-29T16:24:20+00:00\",\"dateModified\":\"2024-12-09T16:53:36+00:00\",\"breadcrumb\":{\"@id\":\"https:\/\/eu.haitianinter.com\/de\/karriere\/servicetechniker-cnc-m-w-d\/#breadcrumb\"},\"inLanguage\":\"de\",\"potentialAction\":[{\"@type\":\"ReadAction\",\"target\":[\"https:\/\/eu.haitianinter.com\/de\/karriere\/servicetechniker-cnc-m-w-d\/\"]}]},{\"@type\":\"BreadcrumbList\",\"@id\":\"https:\/\/eu.haitianinter.com\/de\/karriere\/servicetechniker-cnc-m-w-d\/#breadcrumb\",\"itemListElement\":[{\"@type\":\"ListItem\",\"position\":1,\"name\":\"Home\",\"item\":\"https:\/\/eu.haitianinter.com\/de\/\"},{\"@type\":\"ListItem\",\"position\":2,\"name\":\"Karriere\",\"item\":\"https:\/\/eu.haitianinter.com\/de\/karriere\/\"},{\"@type\":\"ListItem\",\"position\":3,\"name\":\"Servicetechniker CNC (m\/w\/d)\"}]},{\"@type\":\"WebSite\",\"@id\":\"https:\/\/eu.haitianinter.com\/de\/#website\",\"url\":\"https:\/\/eu.haitianinter.com\/de\/\",\"name\":\"Haitian International Germany\",\"description\":\"We Create and Extend Advantage\",\"potentialAction\":[{\"@type\":\"SearchAction\",\"target\":{\"@type\":\"EntryPoint\",\"urlTemplate\":\"https:\/\/eu.haitianinter.com\/de\/?s={search_term_string}\"},\"query-input\":{\"@type\":\"PropertyValueSpecification\",\"valueRequired\":true,\"valueName\":\"search_term_string\"}}],\"inLanguage\":\"de\"}]}<\/script>\n<!-- \/ Yoast SEO plugin. -->","yoast_head_json":{"title":"Servicetechniker CNC (m\/w\/d) - Haitian International Germany","robots":{"index":"index","follow":"follow","max-snippet":"max-snippet:-1","max-image-preview":"max-image-preview:large","max-video-preview":"max-video-preview:-1"},"canonical":"https:\/\/eu.haitianinter.com\/de\/karriere\/servicetechniker-cnc-m-w-d\/","og_locale":"de_DE","og_type":"article","og_title":"Servicetechniker CNC (m\/w\/d) - Haitian International Germany","og_description":"CNC-Maschinen Serviceingenieur \/ Servicetechniker (m\/w\/d) Standort Ebermannsdorf, unbefristet, BerufserfahrungDas Stellenangebot gilt f\u00fcr unser Schwesterunternehmen Haitian Precision Germany, ebenfalls mit Sitz in Ebermannsdorf, Deutschland.Ihre Aufgabe Zur Verst\u00e4rkung unserer Serviceabteilung in Ebermannsdorf suchen wir einen Serviceingenieur oder Servicetechniker (m\/w\/d) mit Engagement und Erfahrung. Sie werden CNC-Maschinen der Marke Haitian Precision an verschiedenen Standorten in Europa installieren und [&hellip;]","og_url":"https:\/\/eu.haitianinter.com\/de\/karriere\/servicetechniker-cnc-m-w-d\/","og_site_name":"Haitian International Germany","article_modified_time":"2024-12-09T16:53:36+00:00","twitter_card":"summary_large_image","twitter_misc":{"Gesch\u00e4tzte Lesezeit":"4\u00a0Minuten"},"schema":{"@context":"https:\/\/schema.org","@graph":[{"@type":"WebPage","@id":"https:\/\/eu.haitianinter.com\/de\/karriere\/servicetechniker-cnc-m-w-d\/","url":"https:\/\/eu.haitianinter.com\/de\/karriere\/servicetechniker-cnc-m-w-d\/","name":"Servicetechniker CNC (m\/w\/d) - Haitian International Germany","isPartOf":{"@id":"https:\/\/eu.haitianinter.com\/de\/#website"},"datePublished":"2024-10-29T16:24:20+00:00","dateModified":"2024-12-09T16:53:36+00:00","breadcrumb":{"@id":"https:\/\/eu.haitianinter.com\/de\/karriere\/servicetechniker-cnc-m-w-d\/#breadcrumb"},"inLanguage":"de","potentialAction":[{"@type":"ReadAction","target":["https:\/\/eu.haitianinter.com\/de\/karriere\/servicetechniker-cnc-m-w-d\/"]}]},{"@type":"BreadcrumbList","@id":"https:\/\/eu.haitianinter.com\/de\/karriere\/servicetechniker-cnc-m-w-d\/#breadcrumb","itemListElement":[{"@type":"ListItem","position":1,"name":"Home","item":"https:\/\/eu.haitianinter.com\/de\/"},{"@type":"ListItem","position":2,"name":"Karriere","item":"https:\/\/eu.haitianinter.com\/de\/karriere\/"},{"@type":"ListItem","position":3,"name":"Servicetechniker CNC (m\/w\/d)"}]},{"@type":"WebSite","@id":"https:\/\/eu.haitianinter.com\/de\/#website","url":"https:\/\/eu.haitianinter.com\/de\/","name":"Haitian International Germany","description":"We Create and Extend Advantage","potentialAction":[{"@type":"SearchAction","target":{"@type":"EntryPoint","urlTemplate":"https:\/\/eu.haitianinter.com\/de\/?s={search_term_string}"},"query-input":{"@type":"PropertyValueSpecification","valueRequired":true,"valueName":"search_term_string"}}],"inLanguage":"de"}]}},"_links":{"self":[{"href":"https:\/\/eu.haitianinter.com\/de\/wp-json\/wp\/v2\/pages\/7350","targetHints":{"allow":["GET"]}}],"collection":[{"href":"https:\/\/eu.haitianinter.com\/de\/wp-json\/wp\/v2\/pages"}],"about":[{"href":"https:\/\/eu.haitianinter.com\/de\/wp-json\/wp\/v2\/types\/page"}],"author":[{"embeddable":true,"href":"https:\/\/eu.haitianinter.com\/de\/wp-json\/wp\/v2\/users\/5"}],"replies":[{"embeddable":true,"href":"https:\/\/eu.haitianinter.com\/de\/wp-json\/wp\/v2\/comments?post=7350"}],"version-history":[{"count":4,"href":"https:\/\/eu.haitianinter.com\/de\/wp-json\/wp\/v2\/pages\/7350\/revisions"}],"predecessor-version":[{"id":7455,"href":"https:\/\/eu.haitianinter.com\/de\/wp-json\/wp\/v2\/pages\/7350\/revisions\/7455"}],"up":[{"embeddable":true,"href":"https:\/\/eu.haitianinter.com\/de\/wp-json\/wp\/v2\/pages\/2450"}],"wp:attachment":[{"href":"https:\/\/eu.haitianinter.com\/de\/wp-json\/wp\/v2\/media?parent=7350"}],"curies":[{"name":"wp","href":"https:\/\/api.w.org\/{rel}","templated":true}]}}