{"id":7390,"date":"2024-11-18T15:15:44","date_gmt":"2024-11-18T14:15:44","guid":{"rendered":"https:\/\/eu.haitianinter.com\/karriere\/schulungsreferent-m-w-d\/"},"modified":"2024-11-28T14:55:20","modified_gmt":"2024-11-28T13:55:20","slug":"schulungsreferent-m-w-d","status":"publish","type":"page","link":"https:\/\/eu.haitianinter.com\/de\/karriere\/schulungsreferent-m-w-d\/","title":{"rendered":"Schulungsreferent (m\/w\/d)"},"content":{"rendered":"<p>[et_pb_section fb_built=&#8220;1&#8243; _builder_version=&#8220;4.23.1&#8243; _module_preset=&#8220;default&#8220; custom_padding=&#8220;||4px||false|false&#8220; global_colors_info=&#8220;{}&#8220; theme_builder_area=&#8220;post_content&#8220;][et_pb_row _builder_version=&#8220;4.23.1&#8243; _module_preset=&#8220;default&#8220; global_colors_info=&#8220;{}&#8220; theme_builder_area=&#8220;post_content&#8220;][et_pb_column type=&#8220;4_4&#8243; _builder_version=&#8220;4.23.1&#8243; _module_preset=&#8220;default&#8220; global_colors_info=&#8220;{}&#8220; theme_builder_area=&#8220;post_content&#8220;][et_pb_image src=&#8220;https:\/\/eu.haitianinter.com\/wp-content\/uploads\/sites\/3\/2024\/01\/HTI_Golden.png&#8220; title_text=&#8220;HTI Golden&#8220; align=&#8220;center&#8220; _builder_version=&#8220;4.23.1&#8243; _module_preset=&#8220;default&#8220; width=&#8220;8%&#8220; custom_margin=&#8220;||10px||false|false&#8220; global_colors_info=&#8220;{}&#8220; theme_builder_area=&#8220;post_content&#8220;][\/et_pb_image][et_pb_text _builder_version=&#8220;4.27.2&#8243; _module_preset=&#8220;default&#8220; header_3_font_size=&#8220;33px&#8220; custom_margin=&#8220;||12px|||&#8220; hover_enabled=&#8220;0&#8243; global_colors_info=&#8220;{}&#8220; theme_builder_area=&#8220;post_content&#8220; sticky_enabled=&#8220;0&#8243;]<\/p>\n<h6 style=\"text-align: center\"><strong>Spritzgie\u00dfmaschinen &amp; Robotik<\/strong><\/h6>\n<h3 style=\"text-align: center\">Schulungsreferent (m\/w\/d)<\/h3>\n<h6 style=\"text-align: center\">Standort Ebermannsdorf, unbefristet, Berufserfahrung<\/h6>\n<p>[\/et_pb_text][et_pb_button button_url=&#8220;mailto:jobs@haitiangermany.com&#8220; button_text=&#8220;jetzt bewerben&#8220; button_alignment=&#8220;center&#8220; _builder_version=&#8220;4.27.2&#8243; _module_preset=&#8220;default&#8220; custom_button=&#8220;on&#8220; background_layout=&#8220;dark&#8220; custom_margin=&#8220;||18px||false|false&#8220; custom_padding=&#8220;5px||5px||false|false&#8220; mix_blend_mode=&#8220;soft-light&#8220; hover_enabled=&#8220;0&#8243; locked=&#8220;off&#8220; global_colors_info=&#8220;{}&#8220; theme_builder_area=&#8220;post_content&#8220; sticky_enabled=&#8220;0&#8243;][\/et_pb_button][\/et_pb_column][\/et_pb_row][\/et_pb_section][et_pb_section fb_built=&#8220;1&#8243; _builder_version=&#8220;4.23.1&#8243; _module_preset=&#8220;default&#8220; custom_padding=&#8220;2px||4px|||&#8220; global_colors_info=&#8220;{}&#8220; theme_builder_area=&#8220;post_content&#8220;][et_pb_row _builder_version=&#8220;4.23.1&#8243; _module_preset=&#8220;default&#8220; global_colors_info=&#8220;{}&#8220; theme_builder_area=&#8220;post_content&#8220;][et_pb_column type=&#8220;4_4&#8243; _builder_version=&#8220;4.23.1&#8243; _module_preset=&#8220;default&#8220; global_colors_info=&#8220;{}&#8220; theme_builder_area=&#8220;post_content&#8220;][et_pb_text _builder_version=&#8220;4.27.2&#8243; _module_preset=&#8220;default&#8220; text_line_height=&#8220;1.8em&#8220; hover_enabled=&#8220;0&#8243; global_colors_info=&#8220;{}&#8220; theme_builder_area=&#8220;post_content&#8220; sticky_enabled=&#8220;0&#8243;]<\/p>\n<h3>Ihre Aufgabe<\/h3>\n<p>Als Schulungsreferent m\/w\/d bei Haitian International Germany GmbH sind Sie verantwortlich f\u00fcr die Planung und Durchf\u00fchrung von Kunden- und Vertreterschulungen bei uns im Werk oder auch vor Ort. Des Weiteren sind Sie Ansprechpartner f\u00fcr Prozessoptimierungen und Problemanalyse beim Kunden und helfen mit Ihrem Feedback unsere Produkte weiterzuentwickeln.<br \/>In unserer Europazentrale in Ebermannsdorf bereiten Sie die Schulungen an unseren Maschinen vor, f\u00fchren diese in Theorie und Praxis durch und analysieren sie im Nachgang.<br \/>Als Teil des Schulungsteams sind Sie Ansprechpartner f\u00fcr alle Schulungsthemen f\u00fcr unsere Kunden und Vertriebs- und Servicepartner und stehen auch im Nachgang der Schulungen als beratende Instanz zur Verf\u00fcgung. <\/p>\n<h3>Ihr Profil<\/h3>\n<ul>\n<li>Erfolgreich abgeschlossene Ausbildung zum Verfahrensmechaniker (m\/w\/d) Kunststoff und Kautschuktechnik, Fachrichtung Spritzgie\u00dfen, mit mehrj\u00e4hriger Berufserfahrung, gerne mit Weiterbildung zum Meister (m\/w\/d) oder Techniker (m\/w\/d)<\/li>\n<li>Erfahrung im Bereich Kunststoff-Spritzguss (Maschinen-, Prozess-, Werkzeug- und Materialkenntnisse zwingend notwendig)<\/li>\n<li>Erfahrung in der Prozessoptimierung<\/li>\n<li>Erfahrung im Schulungsbereich ist zwingend notwendig<\/li>\n<li>Idealerweise Erfahrung in der Programmierung von Linearrobotern<\/li>\n<li>Bereitschaft zu (moderater) Reiset\u00e4tigkeit, europaweit<\/li>\n<li>Gute Englischkenntnisse erforderlich<\/li>\n<li>Kommunikationsst\u00e4rke und Teamf\u00e4higkeit<\/li>\n<li>Professioneller Umgang mit Kunden und Kollegen<\/li>\n<li style=\"list-style-type: none\">\n<ul><\/ul>\n<\/li>\n<\/ul>\n<h3>Unser Angebot<\/h3>\n<p>Wir bieten Ihnen einen zukunftsorientierten Arbeitsplatz mit Festanstellung in einem sehr erfolgreichen und st\u00e4ndig wachsenden Unternehmen. Es erwarten Sie ein modernes Arbeitsumfeld, flexible Arbeitszeiten, gute Sozialleistungen wie z.B. eine kostenlose Kantine und eine hervorragende Arbeitsatmosph\u00e4re in einem internationalen Umfeld.<\/p>\n<h3>Ihre Bewerbung<\/h3>\n<p>Bitte senden Sie uns Ihre ausf\u00fchrlichen Bewerbungsunterlagen (einschlie\u00dflich Ihrer Gehaltsvorstellungen) unter Angabe Ihres fr\u00fchestm\u00f6glichen Eintrittstermins. Wir ziehen es vor, Ihre Bewerbung digital zu erhalten, entweder \u00fcber unser Bewerbungsformular oder per E-Mail an: <a href=\"mailto:jobs@haitiangermany.com\">jobs@haitiangermany.com<\/a><\/p>\n<p>[\/et_pb_text][et_pb_button button_url=&#8220;mailto:jobs@haitiangermany.com&#8220; button_text=&#8220;jetzt bewerben&#8220; button_alignment=&#8220;left&#8220; _builder_version=&#8220;4.27.2&#8243; _module_preset=&#8220;default&#8220; custom_button=&#8220;on&#8220; background_layout=&#8220;dark&#8220; custom_margin=&#8220;||18px||false|false&#8220; custom_padding=&#8220;5px||5px||false|false&#8220; mix_blend_mode=&#8220;soft-light&#8220; hover_enabled=&#8220;0&#8243; locked=&#8220;off&#8220; global_colors_info=&#8220;{}&#8220; theme_builder_area=&#8220;post_content&#8220; sticky_enabled=&#8220;0&#8243;][\/et_pb_button][\/et_pb_column][\/et_pb_row][et_pb_row _builder_version=&#8220;4.23.1&#8243; _module_preset=&#8220;default&#8220; global_colors_info=&#8220;{}&#8220; theme_builder_area=&#8220;post_content&#8220;][et_pb_column type=&#8220;4_4&#8243; _builder_version=&#8220;4.23.1&#8243; _module_preset=&#8220;default&#8220; global_colors_info=&#8220;{}&#8220; theme_builder_area=&#8220;post_content&#8220;][et_pb_text _builder_version=&#8220;4.23.1&#8243; _module_preset=&#8220;default&#8220; global_colors_info=&#8220;{}&#8220; theme_builder_area=&#8220;post_content&#8220;]<\/p>\n<p><a href=\"https:\/\/eu.haitianinter.com\/de\/karriere\/\">Zur\u00fcck zur Karriereseite<\/a><\/p>\n<p>[\/et_pb_text][\/et_pb_column][\/et_pb_row][\/et_pb_section][et_pb_section fb_built=&#8220;1&#8243; _builder_version=&#8220;4.23.1&#8243; _module_preset=&#8220;default&#8220; global_colors_info=&#8220;{}&#8220; theme_builder_area=&#8220;post_content&#8220;][\/et_pb_section]<\/p>\n","protected":false},"excerpt":{"rendered":"<p>Spritzgie\u00dfmaschinen &amp; Robotik Schulungsreferent (m\/w\/d) Standort Ebermannsdorf, unbefristet, BerufserfahrungIhre Aufgabe Als Schulungsreferent m\/w\/d bei Haitian International Germany GmbH sind Sie verantwortlich f\u00fcr die Planung und Durchf\u00fchrung von Kunden- und Vertreterschulungen bei uns im Werk oder auch vor Ort. Des Weiteren sind Sie Ansprechpartner f\u00fcr Prozessoptimierungen und Problemanalyse beim Kunden und helfen mit Ihrem Feedback unsere [&hellip;]<\/p>\n","protected":false},"author":5,"featured_media":0,"parent":2450,"menu_order":0,"comment_status":"closed","ping_status":"closed","template":"","meta":{"_et_pb_use_builder":"on","_et_pb_old_content":"","_et_gb_content_width":"","footnotes":""},"class_list":["post-7390","page","type-page","status-publish","hentry"],"yoast_head":"<!-- This site is optimized with the Yoast SEO plugin v27.2 - https:\/\/yoast.com\/product\/yoast-seo-wordpress\/ -->\n<title>Schulungsreferent (m\/w\/d) - Haitian International Germany<\/title>\n<meta name=\"description\" content=\"Als Schulungsreferent m\/w\/d bei Haitian International Germany GmbH sind Sie verantwortlich f\u00fcr die Planung und Durchf\u00fchrung von Kunden- und Vertreterschulungen bei uns im Werk oder auch vor Ort.\" \/>\n<meta name=\"robots\" content=\"index, follow, max-snippet:-1, max-image-preview:large, max-video-preview:-1\" \/>\n<link rel=\"canonical\" href=\"https:\/\/eu.haitianinter.com\/de\/karriere\/schulungsreferent-m-w-d\/\" \/>\n<meta property=\"og:locale\" content=\"de_DE\" \/>\n<meta property=\"og:type\" content=\"article\" \/>\n<meta property=\"og:title\" content=\"Schulungsreferent (m\/w\/d) - Haitian International Germany\" \/>\n<meta property=\"og:description\" content=\"Als Schulungsreferent m\/w\/d bei Haitian International Germany GmbH sind Sie verantwortlich f\u00fcr die Planung und Durchf\u00fchrung von Kunden- und Vertreterschulungen bei uns im Werk oder auch vor Ort.\" \/>\n<meta property=\"og:url\" content=\"https:\/\/eu.haitianinter.com\/de\/karriere\/schulungsreferent-m-w-d\/\" \/>\n<meta property=\"og:site_name\" content=\"Haitian International Germany\" \/>\n<meta property=\"article:modified_time\" content=\"2024-11-28T13:55:20+00:00\" \/>\n<meta name=\"twitter:card\" content=\"summary_large_image\" \/>\n<meta name=\"twitter:label1\" content=\"Gesch\u00e4tzte Lesezeit\" \/>\n\t<meta name=\"twitter:data1\" content=\"4\u00a0Minuten\" \/>\n<script type=\"application\/ld+json\" class=\"yoast-schema-graph\">{\"@context\":\"https:\/\/schema.org\",\"@graph\":[{\"@type\":\"WebPage\",\"@id\":\"https:\/\/eu.haitianinter.com\/de\/karriere\/schulungsreferent-m-w-d\/\",\"url\":\"https:\/\/eu.haitianinter.com\/de\/karriere\/schulungsreferent-m-w-d\/\",\"name\":\"Schulungsreferent (m\/w\/d) - Haitian International Germany\",\"isPartOf\":{\"@id\":\"https:\/\/eu.haitianinter.com\/de\/#website\"},\"datePublished\":\"2024-11-18T14:15:44+00:00\",\"dateModified\":\"2024-11-28T13:55:20+00:00\",\"description\":\"Als Schulungsreferent m\/w\/d bei Haitian International Germany GmbH sind Sie verantwortlich f\u00fcr die Planung und Durchf\u00fchrung von Kunden- und Vertreterschulungen bei uns im Werk oder auch vor Ort.\",\"breadcrumb\":{\"@id\":\"https:\/\/eu.haitianinter.com\/de\/karriere\/schulungsreferent-m-w-d\/#breadcrumb\"},\"inLanguage\":\"de\",\"potentialAction\":[{\"@type\":\"ReadAction\",\"target\":[\"https:\/\/eu.haitianinter.com\/de\/karriere\/schulungsreferent-m-w-d\/\"]}]},{\"@type\":\"BreadcrumbList\",\"@id\":\"https:\/\/eu.haitianinter.com\/de\/karriere\/schulungsreferent-m-w-d\/#breadcrumb\",\"itemListElement\":[{\"@type\":\"ListItem\",\"position\":1,\"name\":\"Home\",\"item\":\"https:\/\/eu.haitianinter.com\/de\/\"},{\"@type\":\"ListItem\",\"position\":2,\"name\":\"Karriere\",\"item\":\"https:\/\/eu.haitianinter.com\/de\/karriere\/\"},{\"@type\":\"ListItem\",\"position\":3,\"name\":\"Schulungsreferent (m\/w\/d)\"}]},{\"@type\":\"WebSite\",\"@id\":\"https:\/\/eu.haitianinter.com\/de\/#website\",\"url\":\"https:\/\/eu.haitianinter.com\/de\/\",\"name\":\"Haitian International Germany\",\"description\":\"We Create and Extend Advantage\",\"potentialAction\":[{\"@type\":\"SearchAction\",\"target\":{\"@type\":\"EntryPoint\",\"urlTemplate\":\"https:\/\/eu.haitianinter.com\/de\/?s={search_term_string}\"},\"query-input\":{\"@type\":\"PropertyValueSpecification\",\"valueRequired\":true,\"valueName\":\"search_term_string\"}}],\"inLanguage\":\"de\"}]}<\/script>\n<!-- \/ Yoast SEO plugin. -->","yoast_head_json":{"title":"Schulungsreferent (m\/w\/d) - Haitian International Germany","description":"Als Schulungsreferent m\/w\/d bei Haitian International Germany GmbH sind Sie verantwortlich f\u00fcr die Planung und Durchf\u00fchrung von Kunden- und Vertreterschulungen bei uns im Werk oder auch vor Ort.","robots":{"index":"index","follow":"follow","max-snippet":"max-snippet:-1","max-image-preview":"max-image-preview:large","max-video-preview":"max-video-preview:-1"},"canonical":"https:\/\/eu.haitianinter.com\/de\/karriere\/schulungsreferent-m-w-d\/","og_locale":"de_DE","og_type":"article","og_title":"Schulungsreferent (m\/w\/d) - Haitian International Germany","og_description":"Als Schulungsreferent m\/w\/d bei Haitian International Germany GmbH sind Sie verantwortlich f\u00fcr die Planung und Durchf\u00fchrung von Kunden- und Vertreterschulungen bei uns im Werk oder auch vor Ort.","og_url":"https:\/\/eu.haitianinter.com\/de\/karriere\/schulungsreferent-m-w-d\/","og_site_name":"Haitian International Germany","article_modified_time":"2024-11-28T13:55:20+00:00","twitter_card":"summary_large_image","twitter_misc":{"Gesch\u00e4tzte Lesezeit":"4\u00a0Minuten"},"schema":{"@context":"https:\/\/schema.org","@graph":[{"@type":"WebPage","@id":"https:\/\/eu.haitianinter.com\/de\/karriere\/schulungsreferent-m-w-d\/","url":"https:\/\/eu.haitianinter.com\/de\/karriere\/schulungsreferent-m-w-d\/","name":"Schulungsreferent (m\/w\/d) - Haitian International Germany","isPartOf":{"@id":"https:\/\/eu.haitianinter.com\/de\/#website"},"datePublished":"2024-11-18T14:15:44+00:00","dateModified":"2024-11-28T13:55:20+00:00","description":"Als Schulungsreferent m\/w\/d bei Haitian International Germany GmbH sind Sie verantwortlich f\u00fcr die Planung und Durchf\u00fchrung von Kunden- und Vertreterschulungen bei uns im Werk oder auch vor Ort.","breadcrumb":{"@id":"https:\/\/eu.haitianinter.com\/de\/karriere\/schulungsreferent-m-w-d\/#breadcrumb"},"inLanguage":"de","potentialAction":[{"@type":"ReadAction","target":["https:\/\/eu.haitianinter.com\/de\/karriere\/schulungsreferent-m-w-d\/"]}]},{"@type":"BreadcrumbList","@id":"https:\/\/eu.haitianinter.com\/de\/karriere\/schulungsreferent-m-w-d\/#breadcrumb","itemListElement":[{"@type":"ListItem","position":1,"name":"Home","item":"https:\/\/eu.haitianinter.com\/de\/"},{"@type":"ListItem","position":2,"name":"Karriere","item":"https:\/\/eu.haitianinter.com\/de\/karriere\/"},{"@type":"ListItem","position":3,"name":"Schulungsreferent (m\/w\/d)"}]},{"@type":"WebSite","@id":"https:\/\/eu.haitianinter.com\/de\/#website","url":"https:\/\/eu.haitianinter.com\/de\/","name":"Haitian International Germany","description":"We Create and Extend Advantage","potentialAction":[{"@type":"SearchAction","target":{"@type":"EntryPoint","urlTemplate":"https:\/\/eu.haitianinter.com\/de\/?s={search_term_string}"},"query-input":{"@type":"PropertyValueSpecification","valueRequired":true,"valueName":"search_term_string"}}],"inLanguage":"de"}]}},"_links":{"self":[{"href":"https:\/\/eu.haitianinter.com\/de\/wp-json\/wp\/v2\/pages\/7390","targetHints":{"allow":["GET"]}}],"collection":[{"href":"https:\/\/eu.haitianinter.com\/de\/wp-json\/wp\/v2\/pages"}],"about":[{"href":"https:\/\/eu.haitianinter.com\/de\/wp-json\/wp\/v2\/types\/page"}],"author":[{"embeddable":true,"href":"https:\/\/eu.haitianinter.com\/de\/wp-json\/wp\/v2\/users\/5"}],"replies":[{"embeddable":true,"href":"https:\/\/eu.haitianinter.com\/de\/wp-json\/wp\/v2\/comments?post=7390"}],"version-history":[{"count":26,"href":"https:\/\/eu.haitianinter.com\/de\/wp-json\/wp\/v2\/pages\/7390\/revisions"}],"predecessor-version":[{"id":7418,"href":"https:\/\/eu.haitianinter.com\/de\/wp-json\/wp\/v2\/pages\/7390\/revisions\/7418"}],"up":[{"embeddable":true,"href":"https:\/\/eu.haitianinter.com\/de\/wp-json\/wp\/v2\/pages\/2450"}],"wp:attachment":[{"href":"https:\/\/eu.haitianinter.com\/de\/wp-json\/wp\/v2\/media?parent=7390"}],"curies":[{"name":"wp","href":"https:\/\/api.w.org\/{rel}","templated":true}]}}