{"id":8271,"date":"2025-02-06T14:52:14","date_gmt":"2025-02-06T13:52:14","guid":{"rendered":"https:\/\/eu.haitianinter.com\/karriere\/mitarbeiter-logistik-m-w-d\/"},"modified":"2026-03-23T15:56:24","modified_gmt":"2026-03-23T14:56:24","slug":"mitarbeiter-logistik-m-w-d","status":"publish","type":"page","link":"https:\/\/eu.haitianinter.com\/de\/karriere\/mitarbeiter-logistik-m-w-d\/","title":{"rendered":"Mitarbeiter\/in Logistik \/ Disposition in Vollzeit (m\/w\/d)"},"content":{"rendered":"<p>[et_pb_section fb_built=&#8220;1&#8243; _builder_version=&#8220;4.23.1&#8243; _module_preset=&#8220;default&#8220; custom_padding=&#8220;||4px||false|false&#8220; global_colors_info=&#8220;{}&#8220;][et_pb_row _builder_version=&#8220;4.23.1&#8243; _module_preset=&#8220;default&#8220; global_colors_info=&#8220;{}&#8220;][et_pb_column type=&#8220;4_4&#8243; _builder_version=&#8220;4.23.1&#8243; _module_preset=&#8220;default&#8220; global_colors_info=&#8220;{}&#8220;][et_pb_image src=&#8220;https:\/\/eu.haitianinter.com\/wp-content\/uploads\/sites\/3\/2024\/01\/HTI_Golden.png&#8220; title_text=&#8220;HTI Golden&#8220; align=&#8220;center&#8220; _builder_version=&#8220;4.27.5&#8243; _module_preset=&#8220;default&#8220; width=&#8220;8%&#8220; custom_margin=&#8220;||10px||false|false&#8220; global_colors_info=&#8220;{}&#8220;][\/et_pb_image][et_pb_text _builder_version=&#8220;4.27.6&#8243; _module_preset=&#8220;default&#8220; header_3_font_size=&#8220;33px&#8220; custom_margin=&#8220;||12px|||&#8220; global_colors_info=&#8220;{}&#8220;]<\/p>\n<h6 style=\"text-align: center\"><strong>Spritzgie\u00dfmaschinen &amp; Robotik<\/strong><\/h6>\n<h3 style=\"text-align: center\">Mitarbeiter\/in Logistik \/ Disposition in Vollzeit (m\/w\/d)<\/h3>\n<h6 style=\"text-align: center\">Standort Ebermannsdorf, Unbefristet, Berufserfahrung erforderlich<\/h6>\n<p>[\/et_pb_text][et_pb_button button_url=&#8220;mailto:jobs@haitiangermany.com&#8220; button_text=&#8220;Jetzt bewerben&#8220; button_alignment=&#8220;center&#8220; _builder_version=&#8220;4.27.5&#8243; _module_preset=&#8220;default&#8220; custom_button=&#8220;on&#8220; background_layout=&#8220;dark&#8220; custom_margin=&#8220;||18px||false|false&#8220; custom_padding=&#8220;5px||5px||false|false&#8220; mix_blend_mode=&#8220;soft-light&#8220; locked=&#8220;off&#8220; global_colors_info=&#8220;{}&#8220;][\/et_pb_button][\/et_pb_column][\/et_pb_row][\/et_pb_section][et_pb_section fb_built=&#8220;1&#8243; _builder_version=&#8220;4.23.1&#8243; _module_preset=&#8220;default&#8220; custom_padding=&#8220;2px||4px|||&#8220; global_colors_info=&#8220;{}&#8220;][et_pb_row _builder_version=&#8220;4.23.1&#8243; _module_preset=&#8220;default&#8220; global_colors_info=&#8220;{}&#8220;][et_pb_column type=&#8220;4_4&#8243; _builder_version=&#8220;4.23.1&#8243; _module_preset=&#8220;default&#8220; global_colors_info=&#8220;{}&#8220;][et_pb_text _builder_version=&#8220;4.27.6&#8243; _module_preset=&#8220;default&#8220; text_line_height=&#8220;1.8em&#8220; hover_enabled=&#8220;0&#8243; global_colors_info=&#8220;{}&#8220; sticky_enabled=&#8220;0&#8243;]<\/p>\n<h3>Ihre Aufgaben<\/h3>\n<ul>\n<li>\n<div>Organisation aller Transportauftr\u00e4ge in Abstimmung mit unseren Spediteuren f\u00fcr die termingerechte Disposition (national \/ international)<\/div>\n<\/li>\n<li>\n<div>Interne Abstimmung mit den Bereichen Produktion und Vertrieb zur Auftragserf\u00fcllung<\/div>\n<\/li>\n<li>\n<div>Vergabe der Transportauftr\u00e4ge an Spediteure gem\u00e4\u00df Rahmenvereinbarungen<\/div>\n<\/li>\n<li>\n<div>Abwicklung des Versands von Maschinenersatzteilen per Spedition oder KEP- Dienstleister<\/div>\n<\/li>\n<li>\n<div>Erstellung der Kommissions-, Versanddokumenten<\/div>\n<\/li>\n<li>\n<div>Planung und Abwicklung der Import- und Exportgesch\u00e4fte unter Ber\u00fccksichtigung der geltenden Zollabfertigungs- und Au\u00dfenwirtschaftsrichtlinien<\/div>\n<\/li>\n<li>\n<div>Steuerung der LKW-Abfertigung auf dem Betriebsgel\u00e4nde<\/div>\n<\/li>\n<li>\n<div>Regelm\u00e4\u00dfige Auswertung von definierten Logistik- Kennzahlen sowie Vorbereitung und Meldung der Intrastat- Statistik<\/div>\n<\/li>\n<\/ul>\n<h3>Ihr Profil<\/h3>\n<ul>\n<li>Sie verf\u00fcgen \u00fcber eine erfolgreich abgeschlossene Ausbildung zur\/zum Kaufmann \/-frau f\u00fcr Spedition und Logistik, kaufm\u00e4nnische Ausbildung im Logistikbereich oder vergleichbar<\/li>\n<li>Idealerweise verf\u00fcgen Sie \u00fcber mehrj\u00e4hrige Berufserfahrung im Bereich Disposition und Logistik<\/li>\n<li>Sie verf\u00fcgen \u00fcber Kenntnisse im Zoll- und Exportrecht<\/li>\n<li>Sie sind routiniert im Umgang mit ERP-Systemen und den MS-Office Anwendungen<\/li>\n<li>Sie besitzen eine schnelle Auffassungsgabe und die F\u00e4higkeit neue Situationen sicher zu erfassen, auszuwerten und den Tagesablauf nach Priorit\u00e4ten zu ordnen<\/li>\n<li>Gute Englischkenntnisse in Wort und Schrift runden Ihr Profil ab<\/li>\n<\/ul>\n<h3>Was Sie von uns erwarten k\u00f6nnen<\/h3>\n<p>Wir bieten Ihnen einen sicheren Arbeitsplatz mit Festanstellung in einem sehr erfolgreichen und st\u00e4ndig wachsenden Unternehmen. Es erwarten Sie ein modernes Arbeitsumfeld, flexible Arbeitszeiten, gute Sozialleistungen wie z.B. eine kostenlose Kantine und eine hervorragende Arbeitsatmosph\u00e4re in einem internationalen Umfeld.<\/p>\n<p><strong>Haben wir Ihr Interesse geweckt?<\/strong><\/p>\n<p>Dann senden Sie bitte Ihre ausf\u00fchrlichen Bewerbungsunterlagen, einschlie\u00dflich Ihrer Gehaltsvorstellungen und Ihres fr\u00fchestm\u00f6glichen Eintrittstermins, vorzugsweise per E-Mail an:<\/p>\n<div><a href=\"mailto:Jobs@haitiangermany.com\">Jobs@haitiangermany.com<\/a><\/div>\n<p>[\/et_pb_text][et_pb_button button_url=&#8220;mailto:jobs@haitiangermany.com&#8220; button_text=&#8220;Jetzt bewerben&#8220; button_alignment=&#8220;left&#8220; _builder_version=&#8220;4.27.5&#8243; _module_preset=&#8220;default&#8220; custom_button=&#8220;on&#8220; background_layout=&#8220;dark&#8220; custom_margin=&#8220;||18px||false|false&#8220; custom_padding=&#8220;5px||5px||false|false&#8220; mix_blend_mode=&#8220;soft-light&#8220; locked=&#8220;off&#8220; global_colors_info=&#8220;{}&#8220;][\/et_pb_button][\/et_pb_column][\/et_pb_row][et_pb_row _builder_version=&#8220;4.23.1&#8243; _module_preset=&#8220;default&#8220; global_colors_info=&#8220;{}&#8220;][et_pb_column type=&#8220;4_4&#8243; _builder_version=&#8220;4.23.1&#8243; _module_preset=&#8220;default&#8220; global_colors_info=&#8220;{}&#8220;][et_pb_text _builder_version=&#8220;4.27.5&#8243; _module_preset=&#8220;default&#8220; global_colors_info=&#8220;{}&#8220;]<a href=\"https:\/\/eu.haitianinter.com\/de\/karriere\/\">Alle Stellenausschreibungen<\/a>[\/et_pb_text][\/et_pb_column][\/et_pb_row][\/et_pb_section][et_pb_section fb_built=&#8220;1&#8243; _builder_version=&#8220;4.23.1&#8243; _module_preset=&#8220;default&#8220; global_colors_info=&#8220;{}&#8220;][\/et_pb_section]<\/p>\n","protected":false},"excerpt":{"rendered":"<p>Mitarbeiter Logistik\/Versand (m\/w\/d)<\/p>\n","protected":false},"author":5,"featured_media":0,"parent":2450,"menu_order":0,"comment_status":"closed","ping_status":"closed","template":"","meta":{"_et_pb_use_builder":"on","_et_pb_old_content":"","_et_gb_content_width":"","footnotes":""},"class_list":["post-8271","page","type-page","status-publish","hentry"],"yoast_head":"<!-- This site is optimized with the Yoast SEO plugin v27.2 - https:\/\/yoast.com\/product\/yoast-seo-wordpress\/ -->\n<title>Mitarbeiter\/in Logistik \/ Disposition in Vollzeit (m\/w\/d) - Haitian International Germany<\/title>\n<meta name=\"description\" content=\"Mitarbeiter Logistik \/ Disposition (m\/w\/d) bei Haitian International\" \/>\n<meta name=\"robots\" content=\"index, follow, max-snippet:-1, max-image-preview:large, max-video-preview:-1\" \/>\n<link rel=\"canonical\" href=\"https:\/\/eu.haitianinter.com\/de\/karriere\/mitarbeiter-logistik-m-w-d\/\" \/>\n<meta property=\"og:locale\" content=\"de_DE\" \/>\n<meta property=\"og:type\" content=\"article\" \/>\n<meta property=\"og:title\" content=\"Mitarbeiter\/in Logistik \/ Disposition in Vollzeit (m\/w\/d) - Haitian International Germany\" \/>\n<meta property=\"og:description\" content=\"Mitarbeiter Logistik \/ Disposition (m\/w\/d) bei Haitian International\" \/>\n<meta property=\"og:url\" content=\"https:\/\/eu.haitianinter.com\/de\/karriere\/mitarbeiter-logistik-m-w-d\/\" \/>\n<meta property=\"og:site_name\" content=\"Haitian International Germany\" \/>\n<meta property=\"article:modified_time\" content=\"2026-03-23T14:56:24+00:00\" \/>\n<meta name=\"twitter:card\" content=\"summary_large_image\" \/>\n<meta name=\"twitter:label1\" content=\"Gesch\u00e4tzte Lesezeit\" \/>\n\t<meta name=\"twitter:data1\" content=\"2\u00a0Minuten\" \/>\n<script type=\"application\/ld+json\" class=\"yoast-schema-graph\">{\"@context\":\"https:\/\/schema.org\",\"@graph\":[{\"@type\":\"WebPage\",\"@id\":\"https:\/\/eu.haitianinter.com\/de\/karriere\/mitarbeiter-logistik-m-w-d\/\",\"url\":\"https:\/\/eu.haitianinter.com\/de\/karriere\/mitarbeiter-logistik-m-w-d\/\",\"name\":\"Mitarbeiter\/in Logistik \/ Disposition in Vollzeit (m\/w\/d) - Haitian International Germany\",\"isPartOf\":{\"@id\":\"https:\/\/eu.haitianinter.com\/de\/#website\"},\"datePublished\":\"2025-02-06T13:52:14+00:00\",\"dateModified\":\"2026-03-23T14:56:24+00:00\",\"description\":\"Mitarbeiter Logistik \/ Disposition (m\/w\/d) bei Haitian International\",\"breadcrumb\":{\"@id\":\"https:\/\/eu.haitianinter.com\/de\/karriere\/mitarbeiter-logistik-m-w-d\/#breadcrumb\"},\"inLanguage\":\"de\",\"potentialAction\":[{\"@type\":\"ReadAction\",\"target\":[\"https:\/\/eu.haitianinter.com\/de\/karriere\/mitarbeiter-logistik-m-w-d\/\"]}]},{\"@type\":\"BreadcrumbList\",\"@id\":\"https:\/\/eu.haitianinter.com\/de\/karriere\/mitarbeiter-logistik-m-w-d\/#breadcrumb\",\"itemListElement\":[{\"@type\":\"ListItem\",\"position\":1,\"name\":\"Home\",\"item\":\"https:\/\/eu.haitianinter.com\/de\/\"},{\"@type\":\"ListItem\",\"position\":2,\"name\":\"Karriere\",\"item\":\"https:\/\/eu.haitianinter.com\/de\/karriere\/\"},{\"@type\":\"ListItem\",\"position\":3,\"name\":\"Mitarbeiter\/in Logistik \/ Disposition in Vollzeit (m\/w\/d)\"}]},{\"@type\":\"WebSite\",\"@id\":\"https:\/\/eu.haitianinter.com\/de\/#website\",\"url\":\"https:\/\/eu.haitianinter.com\/de\/\",\"name\":\"Haitian International Germany\",\"description\":\"We Create and Extend Advantage\",\"potentialAction\":[{\"@type\":\"SearchAction\",\"target\":{\"@type\":\"EntryPoint\",\"urlTemplate\":\"https:\/\/eu.haitianinter.com\/de\/?s={search_term_string}\"},\"query-input\":{\"@type\":\"PropertyValueSpecification\",\"valueRequired\":true,\"valueName\":\"search_term_string\"}}],\"inLanguage\":\"de\"}]}<\/script>\n<!-- \/ Yoast SEO plugin. -->","yoast_head_json":{"title":"Mitarbeiter\/in Logistik \/ Disposition in Vollzeit (m\/w\/d) - Haitian International Germany","description":"Mitarbeiter Logistik \/ Disposition (m\/w\/d) bei Haitian International","robots":{"index":"index","follow":"follow","max-snippet":"max-snippet:-1","max-image-preview":"max-image-preview:large","max-video-preview":"max-video-preview:-1"},"canonical":"https:\/\/eu.haitianinter.com\/de\/karriere\/mitarbeiter-logistik-m-w-d\/","og_locale":"de_DE","og_type":"article","og_title":"Mitarbeiter\/in Logistik \/ Disposition in Vollzeit (m\/w\/d) - Haitian International Germany","og_description":"Mitarbeiter Logistik \/ Disposition (m\/w\/d) bei Haitian International","og_url":"https:\/\/eu.haitianinter.com\/de\/karriere\/mitarbeiter-logistik-m-w-d\/","og_site_name":"Haitian International Germany","article_modified_time":"2026-03-23T14:56:24+00:00","twitter_card":"summary_large_image","twitter_misc":{"Gesch\u00e4tzte Lesezeit":"2\u00a0Minuten"},"schema":{"@context":"https:\/\/schema.org","@graph":[{"@type":"WebPage","@id":"https:\/\/eu.haitianinter.com\/de\/karriere\/mitarbeiter-logistik-m-w-d\/","url":"https:\/\/eu.haitianinter.com\/de\/karriere\/mitarbeiter-logistik-m-w-d\/","name":"Mitarbeiter\/in Logistik \/ Disposition in Vollzeit (m\/w\/d) - Haitian International Germany","isPartOf":{"@id":"https:\/\/eu.haitianinter.com\/de\/#website"},"datePublished":"2025-02-06T13:52:14+00:00","dateModified":"2026-03-23T14:56:24+00:00","description":"Mitarbeiter Logistik \/ Disposition (m\/w\/d) bei Haitian International","breadcrumb":{"@id":"https:\/\/eu.haitianinter.com\/de\/karriere\/mitarbeiter-logistik-m-w-d\/#breadcrumb"},"inLanguage":"de","potentialAction":[{"@type":"ReadAction","target":["https:\/\/eu.haitianinter.com\/de\/karriere\/mitarbeiter-logistik-m-w-d\/"]}]},{"@type":"BreadcrumbList","@id":"https:\/\/eu.haitianinter.com\/de\/karriere\/mitarbeiter-logistik-m-w-d\/#breadcrumb","itemListElement":[{"@type":"ListItem","position":1,"name":"Home","item":"https:\/\/eu.haitianinter.com\/de\/"},{"@type":"ListItem","position":2,"name":"Karriere","item":"https:\/\/eu.haitianinter.com\/de\/karriere\/"},{"@type":"ListItem","position":3,"name":"Mitarbeiter\/in Logistik \/ Disposition in Vollzeit (m\/w\/d)"}]},{"@type":"WebSite","@id":"https:\/\/eu.haitianinter.com\/de\/#website","url":"https:\/\/eu.haitianinter.com\/de\/","name":"Haitian International Germany","description":"We Create and Extend Advantage","potentialAction":[{"@type":"SearchAction","target":{"@type":"EntryPoint","urlTemplate":"https:\/\/eu.haitianinter.com\/de\/?s={search_term_string}"},"query-input":{"@type":"PropertyValueSpecification","valueRequired":true,"valueName":"search_term_string"}}],"inLanguage":"de"}]}},"_links":{"self":[{"href":"https:\/\/eu.haitianinter.com\/de\/wp-json\/wp\/v2\/pages\/8271","targetHints":{"allow":["GET"]}}],"collection":[{"href":"https:\/\/eu.haitianinter.com\/de\/wp-json\/wp\/v2\/pages"}],"about":[{"href":"https:\/\/eu.haitianinter.com\/de\/wp-json\/wp\/v2\/types\/page"}],"author":[{"embeddable":true,"href":"https:\/\/eu.haitianinter.com\/de\/wp-json\/wp\/v2\/users\/5"}],"replies":[{"embeddable":true,"href":"https:\/\/eu.haitianinter.com\/de\/wp-json\/wp\/v2\/comments?post=8271"}],"version-history":[{"count":11,"href":"https:\/\/eu.haitianinter.com\/de\/wp-json\/wp\/v2\/pages\/8271\/revisions"}],"predecessor-version":[{"id":13310,"href":"https:\/\/eu.haitianinter.com\/de\/wp-json\/wp\/v2\/pages\/8271\/revisions\/13310"}],"up":[{"embeddable":true,"href":"https:\/\/eu.haitianinter.com\/de\/wp-json\/wp\/v2\/pages\/2450"}],"wp:attachment":[{"href":"https:\/\/eu.haitianinter.com\/de\/wp-json\/wp\/v2\/media?parent=8271"}],"curies":[{"name":"wp","href":"https:\/\/api.w.org\/{rel}","templated":true}]}}