{"id":9602,"date":"2025-01-31T15:20:58","date_gmt":"2025-01-31T14:20:58","guid":{"rendered":"https:\/\/eu.haitianinter.com\/haitianischer-newsletter\/"},"modified":"2025-06-13T12:04:15","modified_gmt":"2025-06-13T10:04:15","slug":"haitian-newsletter-de","status":"publish","type":"page","link":"https:\/\/eu.haitianinter.com\/de\/haitian-newsletter-de\/","title":{"rendered":"Haitian Newsletter"},"content":{"rendered":"<p>[et_pb_section fb_built=&#8220;1&#8243; module_class=&#8220;section-content-center&#8220; _builder_version=&#8220;4.22.2&#8243; _module_preset=&#8220;default&#8220; custom_padding=&#8220;||2px|||&#8220; locked=&#8220;off&#8220; global_colors_info=&#8220;{}&#8220;][et_pb_row _builder_version=&#8220;4.22.2&#8243; _module_preset=&#8220;default&#8220; locked=&#8220;off&#8220; global_colors_info=&#8220;{}&#8220;][et_pb_column type=&#8220;4_4&#8243; _builder_version=&#8220;4.22.2&#8243; _module_preset=&#8220;default&#8220; global_colors_info=&#8220;{}&#8220;][et_pb_text module_class=&#8220;content-center&#8220; _builder_version=&#8220;4.23.1&#8243; _module_preset=&#8220;default&#8220; hover_enabled=&#8220;0&#8243; global_colors_info=&#8220;{}&#8220; sticky_enabled=&#8220;0&#8243;]<\/p>\n<h5><span>Interessieren Sie sich f\u00fcr unser Unternehmen, Innovationen und Kundengeschichten aus unserer Welt der Kunststoffe? <\/span><br \/><span>Dann sind Sie hier genau richtig!<\/span><\/p>\n<p><span>Melden Sie sich zu unserem Haitian Newsletter an und erhalten Sie regelm\u00e4\u00dfig Updates aus erster Hand.<\/span><\/h5>\n<p>[\/et_pb_text][\/et_pb_column][\/et_pb_row][\/et_pb_section][et_pb_section fb_built=&#8220;1&#8243; _builder_version=&#8220;4.27.4&#8243; _module_preset=&#8220;default&#8220; global_colors_info=&#8220;{}&#8220;][et_pb_row _builder_version=&#8220;4.27.4&#8243; _module_preset=&#8220;default&#8220; global_colors_info=&#8220;{}&#8220;][et_pb_column type=&#8220;4_4&#8243; _builder_version=&#8220;4.27.4&#8243; _module_preset=&#8220;default&#8220; global_colors_info=&#8220;{}&#8220;][et_pb_code _builder_version=&#8220;4.27.4&#8243; _module_preset=&#8220;default&#8220; global_colors_info=&#8220;{}&#8220;]<\/p>\n<div id=\"mc_embed_shell\"><!-- [et_pb_line_break_holder] -->      <link href=\"\/\/cdn-images.mailchimp.com\/embedcode\/classic-061523.css\" rel=\"stylesheet\" type=\"text\/css\"><!-- [et_pb_line_break_holder] -->  <\/p>\n<style type=\"text\/css\"><!-- [et_pb_line_break_holder] -->        #mc_embed_signup{background:#fff; false;clear:left; font:14px Helvetica,Arial,sans-serif; width: 600px;}<!-- [et_pb_line_break_holder] -->        \/* Add your own Mailchimp form style overrides in your site stylesheet or in this style block.<!-- [et_pb_line_break_holder] -->           We recommend moving this block and the preceding CSS link to the HEAD of your HTML file. *\/<!-- [et_pb_line_break_holder] --><\/style>\n<style type=\"text\/css\"><!-- [et_pb_line_break_holder] -->        #mc-embedded-subscribe-form input[type=checkbox]{display: inline; width: auto;margin-right: 10px;}<!-- [et_pb_line_break_holder] -->#mergeRow-gdpr {margin-top: 20px;}<!-- [et_pb_line_break_holder] -->#mergeRow-gdpr fieldset label {font-weight: normal;}<!-- [et_pb_line_break_holder] -->#mc-embedded-subscribe-form .mc_fieldset{border:none;min-height: 0px;padding-bottom:0px;}<!-- [et_pb_line_break_holder] --><\/style>\n<p><!-- [et_pb_line_break_holder] --><\/p>\n<div id=\"mc_embed_signup\"><!-- [et_pb_line_break_holder] -->    <\/p>\n<form action=\"https:\/\/haitian.us22.list-manage.com\/subscribe\/post?u=ee80d5eb456586b04dd5201dc&amp;id=0a00304436&amp;v_id=164&amp;f_id=00c4dee1f0\" method=\"post\" id=\"mc-embedded-subscribe-form\" name=\"mc-embedded-subscribe-form\" class=\"validate\" target=\"_blank\"><!-- [et_pb_line_break_holder] -->        <\/p>\n<div id=\"mc_embed_signup_scroll\"><!-- [et_pb_line_break_holder] -->            <\/p>\n<div class=\"indicates-required\"><span class=\"asterisk\">*<\/span> erforderlich<\/div>\n<p><!-- [et_pb_line_break_holder] -->            <\/p>\n<div class=\"mc-field-group\"><label for=\"mce-EMAIL\">E-Mail <span class=\"asterisk\">*<\/span><\/label><input type=\"email\" name=\"EMAIL\" class=\"required email\" id=\"mce-EMAIL\" required=\"\" value=\"\"><\/div>\n<div class=\"mc-field-group\"><label for=\"mce-TITLE\">Anrede <span class=\"asterisk\">*<\/span><\/label><select name=\"TITLE\" class=\"required\" id=\"mce-TITLE\"><option value=\"\"><\/option><option value=\"Herr\">Herr<\/option><option value=\"Frau\">Frau<\/option><option value=\"Mx.\">Divers<\/option><\/select><\/div>\n<div class=\"mc-field-group\"><label for=\"mce-FNAME\">Vorname  <\/label><input type=\"text\" name=\"FNAME\" class=\" text\" id=\"mce-FNAME\" value=\"\"><\/div>\n<div class=\"mc-field-group\"><label for=\"mce-LNAME\">Nachname <span class=\"asterisk\">*<\/span><\/label><input type=\"text\" name=\"LNAME\" class=\"required text\" id=\"mce-LNAME\" required=\"\" value=\"\"><\/div>\n<div class=\"mc-field-group\"><label for=\"mce-COMPANY\">Unternehmen  <\/label><input type=\"text\" name=\"COMPANY\" class=\" text\" id=\"mce-COMPANY\" value=\"\"><\/div>\n<div id=\"mergeRow-gdpr\" class=\"mergeRow gdpr-mergeRow content__gdprBlock mc-field-group\">\n<div class=\"content__gdpr\"><label>Ihre Privatsph\u00e4re ist wichtig<\/label><pee>Bitte best\u00e4tigen Sie durch Anklicken des K\u00e4stchens, dass Sie unseren Newsletter erhalten m\u00f6chten. Nach der Anmeldung erhalten Sie innerhalb weniger Minuten eine Best\u00e4tigungs-E-Mail, um Ihre E-Mail-Adresse zu verifizieren. <\/pee>\n<fieldset class=\"mc_fieldset gdprRequired mc-field-group\" name=\"interestgroup_field\"><label class=\"checkbox subfield\" for=\"gdpr930\"><input type=\"checkbox\" id=\"gdpr_930\" name=\"gdpr[930]\" class=\"gdpr\" value=\"Y\"><span>Haitian Newsletter<\/span><\/label><\/fieldset>\n<pee>Sie k\u00f6nnen diese Einwilligung jederzeit widerrufen, indem Sie eine E-Mail an marketing@haitiangermany.com senden oder den Abmeldelink im Haitian Newsletter nutzen. <!-- [et_pb_line_break_holder] -->Unser Newsletter wird in \u00dcbereinstimmung mit unseren Datenschutzrichtlinien versandt und dient ausschlie\u00dflich dem Zweck, Haitian Produkte und Dienstleistungen zu bewerben.<\/pee><\/div>\n<div class=\"content__gdprLegal\"><pee>Wir verwenden Mailchimp als unsere Marketingplattform. Wenn Sie unten klicken, um sich anzumelden, erkl\u00e4ren Sie sich damit einverstanden, dass Ihre Daten zur Verarbeitung an Mailchimp \u00fcbermittelt werden. <a href=\"https:\/\/mailchimp.com\/legal\/terms\">Erfahren Sie mehr<\/a> \u00fcber die Datenschutzpraktiken von Mailchimp. <\/pee><\/div>\n<\/div>\n<p><!-- [et_pb_line_break_holder] --><\/p>\n<div hidden=\"\"><input type=\"hidden\" name=\"tags\" value=\"22103\"><\/div>\n<p><!-- [et_pb_line_break_holder] -->        <\/p>\n<div id=\"mce-responses\" class=\"clear\"><!-- [et_pb_line_break_holder] -->            <\/p>\n<div class=\"response\" id=\"mce-error-response\" style=\"display: none;\"><\/div>\n<p><!-- [et_pb_line_break_holder] -->            <\/p>\n<div class=\"response\" id=\"mce-success-response\" style=\"display: none;\"><\/div>\n<p><!-- [et_pb_line_break_holder] -->        <\/div>\n<div aria-hidden=\"true\" style=\"position: absolute; left: -5000px;\"><input type=\"text\" name=\"b_ee80d5eb456586b04dd5201dc_0a00304436\" tabindex=\"-1\" value=\"\"><\/div>\n<div class=\"clear\"><input type=\"submit\" name=\"subscribe\" id=\"mc-embedded-subscribe\" class=\"button\" value=\"Abonnieren\"><\/div>\n<p><!-- [et_pb_line_break_holder] -->    <\/div>\n<p><!-- [et_pb_line_break_holder] --><\/form>\n<p><!-- [et_pb_line_break_holder] --><\/div>\n<p><!-- [et_pb_line_break_holder] --><script type=\"text\/javascript\" src=\"\/\/s3.amazonaws.com\/downloads.mailchimp.com\/js\/mc-validate.js\"><\/script><script type=\"text\/javascript\">(function($) {window.fnames = new Array(); window.ftypes = new Array();fnames[0]='EMAIL';ftypes[0]='email';fnames[7]='TITLE';ftypes[7]='dropdown';fnames[1]='FNAME';ftypes[1]='text';fnames[2]='LNAME';ftypes[2]='text';fnames[6]='COMPANY';ftypes[6]='text';fnames[3]='ADRESSE';ftypes[3]='address';fnames[4]='PHONE';ftypes[4]='phone';fnames[5]='BIRTHDAY';ftypes[5]='birthday';fnames[8]='LANGUAGE';ftypes[8]='dropdown';fnames[9]='ID';ftypes[9]='number';}(jQuery));var $mcj = jQuery.noConflict(true);<\/script><\/div>\n<p>[\/et_pb_code][\/et_pb_column][\/et_pb_row][\/et_pb_section]<\/p>\n","protected":false},"excerpt":{"rendered":"<p>Interessieren Sie sich f\u00fcr unser Unternehmen, Innovationen und Kundengeschichten aus unserer Welt der Kunststoffe? Dann sind Sie hier genau richtig!Melden Sie sich zu unserem Haitian Newsletter an und erhalten Sie regelm\u00e4\u00dfig Updates aus erster Hand.<\/p>\n","protected":false},"author":5,"featured_media":0,"parent":0,"menu_order":0,"comment_status":"closed","ping_status":"closed","template":"custom-template-menu-dark-no-background.php","meta":{"_et_pb_use_builder":"on","_et_pb_old_content":"","_et_gb_content_width":"","footnotes":""},"class_list":["post-9602","page","type-page","status-publish","hentry"],"yoast_head":"<!-- This site is optimized with the Yoast SEO plugin v27.2 - https:\/\/yoast.com\/product\/yoast-seo-wordpress\/ -->\n<title>Haitian Newsletter - Haitian International Germany<\/title>\n<meta name=\"robots\" content=\"index, follow, max-snippet:-1, max-image-preview:large, max-video-preview:-1\" \/>\n<link rel=\"canonical\" href=\"https:\/\/eu.haitianinter.com\/de\/haitian-newsletter-de\/\" \/>\n<meta property=\"og:locale\" content=\"de_DE\" \/>\n<meta property=\"og:type\" content=\"article\" \/>\n<meta property=\"og:title\" content=\"Haitian Newsletter - Haitian International Germany\" \/>\n<meta property=\"og:description\" content=\"Interessieren Sie sich f\u00fcr unser Unternehmen, Innovationen und Kundengeschichten aus unserer Welt der Kunststoffe? Dann sind Sie hier genau richtig!Melden Sie sich zu unserem Haitian Newsletter an und erhalten Sie regelm\u00e4\u00dfig Updates aus erster Hand.\" \/>\n<meta property=\"og:url\" content=\"https:\/\/eu.haitianinter.com\/de\/haitian-newsletter-de\/\" \/>\n<meta property=\"og:site_name\" content=\"Haitian International Germany\" \/>\n<meta property=\"article:modified_time\" content=\"2025-06-13T10:04:15+00:00\" \/>\n<meta name=\"twitter:card\" content=\"summary_large_image\" \/>\n<meta name=\"twitter:label1\" content=\"Gesch\u00e4tzte Lesezeit\" \/>\n\t<meta name=\"twitter:data1\" content=\"1\u00a0Minute\" \/>\n<script type=\"application\/ld+json\" class=\"yoast-schema-graph\">{\"@context\":\"https:\/\/schema.org\",\"@graph\":[{\"@type\":\"WebPage\",\"@id\":\"https:\/\/eu.haitianinter.com\/de\/haitian-newsletter-de\/\",\"url\":\"https:\/\/eu.haitianinter.com\/de\/haitian-newsletter-de\/\",\"name\":\"Haitian Newsletter - Haitian International Germany\",\"isPartOf\":{\"@id\":\"https:\/\/eu.haitianinter.com\/de\/#website\"},\"datePublished\":\"2025-01-31T14:20:58+00:00\",\"dateModified\":\"2025-06-13T10:04:15+00:00\",\"breadcrumb\":{\"@id\":\"https:\/\/eu.haitianinter.com\/de\/haitian-newsletter-de\/#breadcrumb\"},\"inLanguage\":\"de\",\"potentialAction\":[{\"@type\":\"ReadAction\",\"target\":[\"https:\/\/eu.haitianinter.com\/de\/haitian-newsletter-de\/\"]}]},{\"@type\":\"BreadcrumbList\",\"@id\":\"https:\/\/eu.haitianinter.com\/de\/haitian-newsletter-de\/#breadcrumb\",\"itemListElement\":[{\"@type\":\"ListItem\",\"position\":1,\"name\":\"Home\",\"item\":\"https:\/\/eu.haitianinter.com\/de\/\"},{\"@type\":\"ListItem\",\"position\":2,\"name\":\"Haitian Newsletter\"}]},{\"@type\":\"WebSite\",\"@id\":\"https:\/\/eu.haitianinter.com\/de\/#website\",\"url\":\"https:\/\/eu.haitianinter.com\/de\/\",\"name\":\"Haitian International Germany\",\"description\":\"We Create and Extend Advantage\",\"potentialAction\":[{\"@type\":\"SearchAction\",\"target\":{\"@type\":\"EntryPoint\",\"urlTemplate\":\"https:\/\/eu.haitianinter.com\/de\/?s={search_term_string}\"},\"query-input\":{\"@type\":\"PropertyValueSpecification\",\"valueRequired\":true,\"valueName\":\"search_term_string\"}}],\"inLanguage\":\"de\"}]}<\/script>\n<!-- \/ Yoast SEO plugin. -->","yoast_head_json":{"title":"Haitian Newsletter - Haitian International Germany","robots":{"index":"index","follow":"follow","max-snippet":"max-snippet:-1","max-image-preview":"max-image-preview:large","max-video-preview":"max-video-preview:-1"},"canonical":"https:\/\/eu.haitianinter.com\/de\/haitian-newsletter-de\/","og_locale":"de_DE","og_type":"article","og_title":"Haitian Newsletter - Haitian International Germany","og_description":"Interessieren Sie sich f\u00fcr unser Unternehmen, Innovationen und Kundengeschichten aus unserer Welt der Kunststoffe? Dann sind Sie hier genau richtig!Melden Sie sich zu unserem Haitian Newsletter an und erhalten Sie regelm\u00e4\u00dfig Updates aus erster Hand.","og_url":"https:\/\/eu.haitianinter.com\/de\/haitian-newsletter-de\/","og_site_name":"Haitian International Germany","article_modified_time":"2025-06-13T10:04:15+00:00","twitter_card":"summary_large_image","twitter_misc":{"Gesch\u00e4tzte Lesezeit":"1\u00a0Minute"},"schema":{"@context":"https:\/\/schema.org","@graph":[{"@type":"WebPage","@id":"https:\/\/eu.haitianinter.com\/de\/haitian-newsletter-de\/","url":"https:\/\/eu.haitianinter.com\/de\/haitian-newsletter-de\/","name":"Haitian Newsletter - Haitian International Germany","isPartOf":{"@id":"https:\/\/eu.haitianinter.com\/de\/#website"},"datePublished":"2025-01-31T14:20:58+00:00","dateModified":"2025-06-13T10:04:15+00:00","breadcrumb":{"@id":"https:\/\/eu.haitianinter.com\/de\/haitian-newsletter-de\/#breadcrumb"},"inLanguage":"de","potentialAction":[{"@type":"ReadAction","target":["https:\/\/eu.haitianinter.com\/de\/haitian-newsletter-de\/"]}]},{"@type":"BreadcrumbList","@id":"https:\/\/eu.haitianinter.com\/de\/haitian-newsletter-de\/#breadcrumb","itemListElement":[{"@type":"ListItem","position":1,"name":"Home","item":"https:\/\/eu.haitianinter.com\/de\/"},{"@type":"ListItem","position":2,"name":"Haitian Newsletter"}]},{"@type":"WebSite","@id":"https:\/\/eu.haitianinter.com\/de\/#website","url":"https:\/\/eu.haitianinter.com\/de\/","name":"Haitian International Germany","description":"We Create and Extend Advantage","potentialAction":[{"@type":"SearchAction","target":{"@type":"EntryPoint","urlTemplate":"https:\/\/eu.haitianinter.com\/de\/?s={search_term_string}"},"query-input":{"@type":"PropertyValueSpecification","valueRequired":true,"valueName":"search_term_string"}}],"inLanguage":"de"}]}},"_links":{"self":[{"href":"https:\/\/eu.haitianinter.com\/de\/wp-json\/wp\/v2\/pages\/9602","targetHints":{"allow":["GET"]}}],"collection":[{"href":"https:\/\/eu.haitianinter.com\/de\/wp-json\/wp\/v2\/pages"}],"about":[{"href":"https:\/\/eu.haitianinter.com\/de\/wp-json\/wp\/v2\/types\/page"}],"author":[{"embeddable":true,"href":"https:\/\/eu.haitianinter.com\/de\/wp-json\/wp\/v2\/users\/5"}],"replies":[{"embeddable":true,"href":"https:\/\/eu.haitianinter.com\/de\/wp-json\/wp\/v2\/comments?post=9602"}],"version-history":[{"count":25,"href":"https:\/\/eu.haitianinter.com\/de\/wp-json\/wp\/v2\/pages\/9602\/revisions"}],"predecessor-version":[{"id":10876,"href":"https:\/\/eu.haitianinter.com\/de\/wp-json\/wp\/v2\/pages\/9602\/revisions\/10876"}],"wp:attachment":[{"href":"https:\/\/eu.haitianinter.com\/de\/wp-json\/wp\/v2\/media?parent=9602"}],"curies":[{"name":"wp","href":"https:\/\/api.w.org\/{rel}","templated":true}]}}