{"id":14681,"date":"2024-03-05T12:44:35","date_gmt":"2024-03-05T11:44:35","guid":{"rendered":"https:\/\/eu.haitianinter.com\/nos-principes\/"},"modified":"2026-05-07T09:20:00","modified_gmt":"2026-05-07T07:20:00","slug":"nos-principes","status":"publish","type":"page","link":"https:\/\/eu.haitianinter.com\/fr\/nos-principes\/","title":{"rendered":"Nos principes"},"content":{"rendered":"<p>[et_pb_section fb_built=\u00a0\u00bb1&Prime; fullwidth=\u00a0\u00bbon\u00a0\u00bb module_class=\u00a0\u00bbteaser-image-under-text\u00a0\u00bb _builder_version=\u00a0\u00bb4.22.2&Prime; _module_preset=\u00a0\u00bbdefault\u00a0\u00bb locked=\u00a0\u00bboff\u00a0\u00bb global_colors_info=\u00a0\u00bb{}\u00a0\u00bb][et_pb_fullwidth_header title=\u00a0\u00bbNos principes\u00a0\u00bb text_orientation=\u00a0\u00bbcenter\u00a0\u00bb header_fullscreen=\u00a0\u00bbon\u00a0\u00bb header_image_url=\u00a0\u00bbhttps:\/\/eu.haitianinter.com\/wp-content\/uploads\/sites\/3\/2024\/03\/Our_Principles.Kompass.jpg\u00a0\u00bb image_orientation=\u00a0\u00bbbottom\u00a0\u00bb _builder_version=\u00a0\u00bb4.23.1&Prime; _module_preset=\u00a0\u00bbdefault\u00a0\u00bb background_enable_color=\u00a0\u00bboff\u00a0\u00bb background_layout=\u00a0\u00bblight\u00a0\u00bb global_colors_info=\u00a0\u00bb{}\u00a0\u00bb][\/et_pb_fullwidth_header][\/et_pb_section][et_pb_section fb_built=\u00a0\u00bb1&Prime; _builder_version=\u00a0\u00bb4.23.1&Prime; _module_preset=\u00a0\u00bbdefault\u00a0\u00bb custom_padding=\u00a0\u00bb||||false|false\u00a0\u00bb global_colors_info=\u00a0\u00bb{}\u00a0\u00bb][et_pb_row _builder_version=\u00a0\u00bb4.23.1&Prime; _module_preset=\u00a0\u00bbdefault\u00a0\u00bb global_colors_info=\u00a0\u00bb{}\u00a0\u00bb][et_pb_column type=\u00a0\u00bb4_4&Prime; _builder_version=\u00a0\u00bb4.23.1&Prime; _module_preset=\u00a0\u00bbdefault\u00a0\u00bb global_colors_info=\u00a0\u00bb{}\u00a0\u00bb][et_pb_text _builder_version=\u00a0\u00bb4.23.1&Prime; _module_preset=\u00a0\u00bbdefault\u00a0\u00bb global_colors_info=\u00a0\u00bb{}\u00a0\u00bb]<\/p>\n<h5 style=\"text-align: center\"><span>L&rsquo;esprit d&rsquo;entreprise, la ma\u00eetrise des co\u00fbts, la volont\u00e9 d&rsquo;investir et le respect total de nos employ\u00e9s, partenaires et clients constituent les piliers de notre culture d&rsquo;entreprise. Car c\u2019est dans l\u2019esprit et entre les mains de collaborateurs motiv\u00e9s que naissent des produits de haute qualit\u00e9, comp\u00e9titifs \u00e0 l\u2019\u00e9chelle internationale. <\/span><\/h5>\n<p>[\/et_pb_text][\/et_pb_column][\/et_pb_row][\/et_pb_section][et_pb_section fb_built=\u00a0\u00bb1&Prime; admin_label=\u00a0\u00bbSection Image-Text-Box-light\u00a0\u00bb module_class=\u00a0\u00bbsection-text-image-box\u00a0\u00bb _builder_version=\u00a0\u00bb4.22.2&Prime; _module_preset=\u00a0\u00bbdefault\u00a0\u00bb locked=\u00a0\u00bboff\u00a0\u00bb global_colors_info=\u00a0\u00bb{}\u00a0\u00bb][et_pb_row column_structure=\u00a0\u00bb1_2,1_2&Prime; make_equal=\u00a0\u00bbon\u00a0\u00bb module_class=\u00a0\u00bbicon-mirror-left\u00a0\u00bb _builder_version=\u00a0\u00bb4.23.1&Prime; _module_preset=\u00a0\u00bbdefault\u00a0\u00bb custom_padding=\u00a0\u00bb0px||0px||true|false\u00a0\u00bb global_colors_info=\u00a0\u00bb{}\u00a0\u00bb][et_pb_column type=\u00a0\u00bb1_2&Prime; _builder_version=\u00a0\u00bb4.23.1&Prime; _module_preset=\u00a0\u00bbdefault\u00a0\u00bb background_image=\u00a0\u00bbhttps:\/\/eu.haitianinter.com\/wp-content\/uploads\/sites\/3\/2024\/03\/Our_Principles.Mission.jpg\u00a0\u00bb global_colors_info=\u00a0\u00bb{}\u00a0\u00bb][\/et_pb_column][et_pb_column type=\u00a0\u00bb1_2&Prime; module_class=\u00a0\u00bblight\u00a0\u00bb _builder_version=\u00a0\u00bb4.22.2&Prime; _module_preset=\u00a0\u00bbdefault\u00a0\u00bb background_enable_color=\u00a0\u00bboff\u00a0\u00bb global_colors_info=\u00a0\u00bb{}\u00a0\u00bb][et_pb_text admin_label=\u00a0\u00bbHeadline\u00a0\u00bb _builder_version=\u00a0\u00bb4.23.1&Prime; _module_preset=\u00a0\u00bbdefault\u00a0\u00bb locked=\u00a0\u00bboff\u00a0\u00bb global_colors_info=\u00a0\u00bb{}\u00a0\u00bb]<\/p>\n<h4>Notre mission<\/h4>\n<p>[\/et_pb_text][et_pb_text admin_label=\u00a0\u00bbContent\u00a0\u00bb _builder_version=\u00a0\u00bb4.23.1&Prime; _module_preset=\u00a0\u00bbdefault\u00a0\u00bb locked=\u00a0\u00bboff\u00a0\u00bb global_colors_info=\u00a0\u00bb{}\u00a0\u00bb]<\/p>\n<h5 style=\"text-align: left\">Nous voulons \u00e9tablir des relations \u00e0 long terme avec nos clients dans le monde entier et leur donner les moyens de g\u00e9rer leur entreprise avec succ\u00e8s et de mani\u00e8re durable en leur fournissant des solutions industrielles sur mesure avec le meilleur rapport qualit\u00e9-prix et une efficacit\u00e9 maximale.<\/h5>\n<p>[\/et_pb_text][\/et_pb_column][\/et_pb_row][et_pb_row column_structure=\u00a0\u00bb1_2,1_2&Prime; use_custom_gutter=\u00a0\u00bbon\u00a0\u00bb make_equal=\u00a0\u00bbon\u00a0\u00bb module_class=\u00a0\u00bbicon-mirror-right reverse\u00a0\u00bb _builder_version=\u00a0\u00bb4.23.1&Prime; _module_preset=\u00a0\u00bbdefault\u00a0\u00bb background_enable_color=\u00a0\u00bboff\u00a0\u00bb custom_padding=\u00a0\u00bb0px||0px||true|false\u00a0\u00bb hover_enabled=\u00a0\u00bb0&Prime; global_colors_info=\u00a0\u00bb{}\u00a0\u00bb sticky_enabled=\u00a0\u00bb0&Prime;][et_pb_column type=\u00a0\u00bb1_2&Prime; module_class=\u00a0\u00bblight\u00a0\u00bb _builder_version=\u00a0\u00bb4.22.2&Prime; _module_preset=\u00a0\u00bbdefault\u00a0\u00bb background_enable_color=\u00a0\u00bboff\u00a0\u00bb global_colors_info=\u00a0\u00bb{}\u00a0\u00bb][et_pb_text admin_label=\u00a0\u00bbHeadline\u00a0\u00bb _builder_version=\u00a0\u00bb4.23.1&Prime; _module_preset=\u00a0\u00bbdefault\u00a0\u00bb global_colors_info=\u00a0\u00bb{}\u00a0\u00bb][\/et_pb_text][et_pb_text admin_label=\u00a0\u00bbContent\u00a0\u00bb _builder_version=\u00a0\u00bb4.23.1&Prime; _module_preset=\u00a0\u00bbdefault\u00a0\u00bb locked=\u00a0\u00bboff\u00a0\u00bb global_colors_info=\u00a0\u00bb{}\u00a0\u00bb]<\/p>\n<h4>Philosophie de gestion<\/h4>\n<h5>Notre ambition est d&rsquo;\u00eatre leader de notre industrie en offrant \u00e0 nos clients un accompagnement d&rsquo;exception. Nous pla\u00e7ons une communication bas\u00e9e sur la confiance au c\u0153ur de notre d\u00e9marche. C&rsquo;est ce dialogue qui nous permet de d\u00e9velopper des innovations fortes, con\u00e7ues pour accro\u00eetre l&rsquo;efficience de nos clients et leur garantir un avantage concurrentiel d\u00e9terminant.  <\/h5>\n<p>[\/et_pb_text][\/et_pb_column][et_pb_column type=\u00a0\u00bb1_2&Prime; _builder_version=\u00a0\u00bb4.23.1&Prime; _module_preset=\u00a0\u00bbdefault\u00a0\u00bb background_image=\u00a0\u00bbhttps:\/\/eu.haitianinter.com\/wp-content\/uploads\/sites\/3\/2024\/03\/Our_Principles.communication.jpg\u00a0\u00bb global_colors_info=\u00a0\u00bb{}\u00a0\u00bb][\/et_pb_column][\/et_pb_row][et_pb_row column_structure=\u00a0\u00bb1_2,1_2&Prime; make_equal=\u00a0\u00bbon\u00a0\u00bb module_class=\u00a0\u00bbicon-mirror-left\u00a0\u00bb _builder_version=\u00a0\u00bb4.23.1&Prime; _module_preset=\u00a0\u00bbdefault\u00a0\u00bb custom_padding=\u00a0\u00bb0px||0px||true|false\u00a0\u00bb global_colors_info=\u00a0\u00bb{}\u00a0\u00bb][et_pb_column type=\u00a0\u00bb1_2&Prime; _builder_version=\u00a0\u00bb4.23.1&Prime; _module_preset=\u00a0\u00bbdefault\u00a0\u00bb background_image=\u00a0\u00bbhttps:\/\/eu.haitianinter.com\/wp-content\/uploads\/sites\/3\/2024\/03\/Our_Principles.productstrategy.jpg\u00a0\u00bb global_colors_info=\u00a0\u00bb{}\u00a0\u00bb][\/et_pb_column][et_pb_column type=\u00a0\u00bb1_2&Prime; module_class=\u00a0\u00bblight\u00a0\u00bb _builder_version=\u00a0\u00bb4.23.1&Prime; _module_preset=\u00a0\u00bbdefault\u00a0\u00bb background_enable_color=\u00a0\u00bboff\u00a0\u00bb global_colors_info=\u00a0\u00bb{}\u00a0\u00bb][et_pb_text admin_label=\u00a0\u00bbContent\u00a0\u00bb _builder_version=\u00a0\u00bb4.23.1&Prime; _module_preset=\u00a0\u00bbdefault\u00a0\u00bb locked=\u00a0\u00bboff\u00a0\u00bb global_colors_info=\u00a0\u00bb{}\u00a0\u00bb]<\/p>\n<h5 style=\"text-align: left\"><span style=\"font-size: 31.96px\"><\/span><\/h5>\n<h4 style=\"text-align: left\"><span style=\"font-size: 31.96px\">Notre strat\u00e9gie produit<\/span><\/h4>\n<h5 style=\"text-align: left\">Face aux d\u00e9fis multiples et complexes de l\u2019avenir, notre portefeuille de solutions est une r\u00e9ponse concr\u00e8te. L\u2019alliance d\u2019une ing\u00e9nierie sobre, de l\u2019intelligence num\u00e9rique et d\u2019une connectivit\u00e9 totale garantit une flexibilit\u00e9 maximale pour une qualit\u00e9, une efficacit\u00e9 et une durabilit\u00e9 accrues. La technologie au service de l&rsquo;action.   <\/h5>\n<p>&nbsp;<\/p>\n<p>[\/et_pb_text][\/et_pb_column][\/et_pb_row][\/et_pb_section][et_pb_section fb_built=\u00a0\u00bb1&Prime; _builder_version=\u00a0\u00bb4.23.1&Prime; _module_preset=\u00a0\u00bbdefault\u00a0\u00bb custom_padding=\u00a0\u00bb0px||117px|||\u00a0\u00bb locked=\u00a0\u00bboff\u00a0\u00bb global_colors_info=\u00a0\u00bb{}\u00a0\u00bb][et_pb_row module_class=\u00a0\u00bbrow-fullwidth\u00a0\u00bb _builder_version=\u00a0\u00bb4.23.1&Prime; _module_preset=\u00a0\u00bbdefault\u00a0\u00bb width_tablet=\u00a0\u00bb\u00a0\u00bb width_phone=\u00a0\u00bb\u00a0\u00bb width_last_edited=\u00a0\u00bbon|phone\u00a0\u00bb custom_padding=\u00a0\u00bb68px|||||\u00a0\u00bb global_colors_info=\u00a0\u00bb{}\u00a0\u00bb][et_pb_column type=\u00a0\u00bb4_4&Prime; _builder_version=\u00a0\u00bb4.23.1&Prime; _module_preset=\u00a0\u00bbdefault\u00a0\u00bb global_colors_info=\u00a0\u00bb{}\u00a0\u00bb][et_pb_text _builder_version=\u00a0\u00bb4.23.1&Prime; _module_preset=\u00a0\u00bbdefault\u00a0\u00bb global_colors_info=\u00a0\u00bb{}\u00a0\u00bb]<\/p>\n<h2 style=\"text-align: center\">Nous cr\u00e9ons et d\u00e9veloppons l&rsquo;avantage<\/h2>\n<p>[\/et_pb_text][\/et_pb_column][\/et_pb_row][et_pb_row module_class=\u00a0\u00bbrow-fullwidth\u00a0\u00bb _builder_version=\u00a0\u00bb4.23.1&Prime; _module_preset=\u00a0\u00bbdefault\u00a0\u00bb width_tablet=\u00a0\u00bb\u00a0\u00bb width_phone=\u00a0\u00bb\u00a0\u00bb width_last_edited=\u00a0\u00bbon|phone\u00a0\u00bb custom_padding=\u00a0\u00bb68px|||||\u00a0\u00bb global_colors_info=\u00a0\u00bb{}\u00a0\u00bb][et_pb_column type=\u00a0\u00bb4_4&Prime; module_class=\u00a0\u00bbcarousel-2Col-blurb-slider\u00a0\u00bb _builder_version=\u00a0\u00bb4.23.1&Prime; _module_preset=\u00a0\u00bbdefault\u00a0\u00bb global_colors_info=\u00a0\u00bb{}\u00a0\u00bb][et_pb_blurb title=\u00a0\u00bbFaibles co\u00fbts d&#039;investissement\u00a0\u00bb image=\u00a0\u00bbhttps:\/\/eu.haitianinter.com\/wp-content\/uploads\/sites\/3\/2024\/03\/Anschaffungspreis_HTBlau.svg\u00a0\u00bb image_icon_width=\u00a0\u00bb40%\u00a0\u00bb _builder_version=\u00a0\u00bb4.23.1&Prime; _module_preset=\u00a0\u00bbdefault\u00a0\u00bb background_enable_image=\u00a0\u00bboff\u00a0\u00bb background_size=\u00a0\u00bbcontain\u00a0\u00bb global_colors_info=\u00a0\u00bb{}\u00a0\u00bb]<\/p>\n<h5>Excellent rapport qualit\u00e9-prix, production rentable, composants de base fabriqu\u00e9s par Haitian.<\/h5>\n<p>[\/et_pb_blurb][et_pb_blurb title=\u00a0\u00bbD\u00e9lais de livraison courts\u00a0\u00bb image=\u00a0\u00bbhttps:\/\/eu.haitianinter.com\/wp-content\/uploads\/sites\/3\/2024\/03\/KurzeLieferzeit_HTBlau.svg\u00a0\u00bb image_icon_width=\u00a0\u00bb40%\u00a0\u00bb _builder_version=\u00a0\u00bb4.23.1&Prime; _module_preset=\u00a0\u00bbdefault\u00a0\u00bb background_enable_image=\u00a0\u00bboff\u00a0\u00bb background_size=\u00a0\u00bbcontain\u00a0\u00bb global_colors_info=\u00a0\u00bb{}\u00a0\u00bb]<\/p>\n<h5>D\u00e9lais de livraison courts m\u00eame pour les grosses machines, sites mondiaux avec des machines en stock pour la personnalisation.<\/h5>\n<p>[\/et_pb_blurb][et_pb_blurb title=\u00a0\u00bbFaibles co\u00fbts de service\u00a0\u00bb image=\u00a0\u00bbhttps:\/\/eu.haitianinter.com\/wp-content\/uploads\/sites\/3\/2024\/03\/Servicekosten_HTBlau.svg\u00a0\u00bb image_icon_width=\u00a0\u00bb40%\u00a0\u00bb _builder_version=\u00a0\u00bb4.23.1&Prime; _module_preset=\u00a0\u00bbdefault\u00a0\u00bb background_enable_image=\u00a0\u00bboff\u00a0\u00bb background_size=\u00a0\u00bbcontain\u00a0\u00bb global_colors_info=\u00a0\u00bb{}\u00a0\u00bb]<\/p>\n<h5>Concepts de machines n\u00e9cessitant peu d&rsquo;entretien, strat\u00e9gie ouverte en mati\u00e8re de pi\u00e8ces de rechange, r\u00e9seau mondial de service apr\u00e8s-vente<\/h5>\n<p>[\/et_pb_blurb][et_pb_blurb title=\u00a0\u00bbLarge gamme d&#039;applications\u00a0\u00bb image=\u00a0\u00bbhttps:\/\/eu.haitianinter.com\/wp-content\/uploads\/sites\/3\/2024\/03\/Maschinenverfugbarkeit_HTBlau.svg\u00a0\u00bb image_icon_width=\u00a0\u00bb40%\u00a0\u00bb _builder_version=\u00a0\u00bb4.23.1&Prime; _module_preset=\u00a0\u00bbdefault\u00a0\u00bb background_enable_image=\u00a0\u00bboff\u00a0\u00bb background_size=\u00a0\u00bbcontain\u00a0\u00bb global_colors_info=\u00a0\u00bb{}\u00a0\u00bb]<\/p>\n<h5>Solutions industrielles sp\u00e9ciales, machines \u00e9lectriques ou servo-hydrauliques de 400 \u00e0 88 000 kN pour toutes les exigences du march\u00e9<\/h5>\n<p>[\/et_pb_blurb][et_pb_blurb title=\u00a0\u00bbDes \u00e9conomies d&#039;\u00e9nergie importantes\u00a0\u00bb image=\u00a0\u00bbhttps:\/\/eu.haitianinter.com\/wp-content\/uploads\/sites\/3\/2024\/03\/Energieeinsparung_HTBlau.svg\u00a0\u00bb image_icon_width=\u00a0\u00bb40%\u00a0\u00bb _builder_version=\u00a0\u00bb4.23.1&Prime; _module_preset=\u00a0\u00bbdefault\u00a0\u00bb background_enable_image=\u00a0\u00bboff\u00a0\u00bb background_size=\u00a0\u00bbcontain\u00a0\u00bb global_colors_info=\u00a0\u00bb{}\u00a0\u00bb]<\/p>\n<h5>Syst\u00e8mes d&rsquo;entra\u00eenement servo-hydrauliques brevet\u00e9s, charge \u00e9lectrique en standard<\/h5>\n<p>[\/et_pb_blurb][\/et_pb_column][\/et_pb_row][\/et_pb_section]<\/p>\n","protected":false},"excerpt":{"rendered":"<p>L&rsquo;esprit d&rsquo;entreprise, la ma\u00eetrise des co\u00fbts, la volont\u00e9 d&rsquo;investir et le respect total de nos employ\u00e9s, partenaires et clients constituent les piliers de notre culture d&rsquo;entreprise. Car c\u2019est dans l\u2019esprit et entre les mains de collaborateurs motiv\u00e9s que naissent des produits de haute qualit\u00e9, comp\u00e9titifs \u00e0 l\u2019\u00e9chelle internationale. Notre missionNous voulons \u00e9tablir des relations \u00e0 [&hellip;]<\/p>\n","protected":false},"author":5,"featured_media":0,"parent":0,"menu_order":0,"comment_status":"closed","ping_status":"closed","template":"","meta":{"_et_pb_use_builder":"on","_et_pb_old_content":"","_et_gb_content_width":"","footnotes":""},"class_list":["post-14681","page","type-page","status-publish","hentry"],"yoast_head":"<!-- This site is optimized with the Yoast SEO plugin v27.2 - https:\/\/yoast.com\/product\/yoast-seo-wordpress\/ -->\n<title>Nos principes - Haitian International Germany<\/title>\n<meta name=\"robots\" content=\"index, follow, max-snippet:-1, max-image-preview:large, max-video-preview:-1\" \/>\n<link rel=\"canonical\" href=\"https:\/\/eu.haitianinter.com\/fr\/nos-principes\/\" \/>\n<meta property=\"og:locale\" content=\"fr_FR\" \/>\n<meta property=\"og:type\" content=\"article\" \/>\n<meta property=\"og:title\" content=\"Nos principes - Haitian International Germany\" \/>\n<meta property=\"og:description\" content=\"L&#039;esprit d&#039;entreprise, la ma\u00eetrise des co\u00fbts, la volont\u00e9 d&#039;investir et le respect total de nos employ\u00e9s, partenaires et clients constituent les piliers de notre culture d&#039;entreprise. Car c\u2019est dans l\u2019esprit et entre les mains de collaborateurs motiv\u00e9s que naissent des produits de haute qualit\u00e9, comp\u00e9titifs \u00e0 l\u2019\u00e9chelle internationale. Notre missionNous voulons \u00e9tablir des relations \u00e0 [&hellip;]\" \/>\n<meta property=\"og:url\" content=\"https:\/\/eu.haitianinter.com\/fr\/nos-principes\/\" \/>\n<meta property=\"og:site_name\" content=\"Haitian International Germany\" \/>\n<meta property=\"article:modified_time\" content=\"2026-05-07T07:20:00+00:00\" \/>\n<meta name=\"twitter:card\" content=\"summary_large_image\" \/>\n<meta name=\"twitter:label1\" content=\"Dur\u00e9e de lecture estim\u00e9e\" \/>\n\t<meta name=\"twitter:data1\" content=\"6 minutes\" \/>\n<script type=\"application\/ld+json\" class=\"yoast-schema-graph\">{\"@context\":\"https:\/\/schema.org\",\"@graph\":[{\"@type\":\"WebPage\",\"@id\":\"https:\/\/eu.haitianinter.com\/fr\/nos-principes\/\",\"url\":\"https:\/\/eu.haitianinter.com\/fr\/nos-principes\/\",\"name\":\"Nos principes - Haitian International Germany\",\"isPartOf\":{\"@id\":\"https:\/\/eu.haitianinter.com\/fr\/#website\"},\"datePublished\":\"2024-03-05T11:44:35+00:00\",\"dateModified\":\"2026-05-07T07:20:00+00:00\",\"breadcrumb\":{\"@id\":\"https:\/\/eu.haitianinter.com\/fr\/nos-principes\/#breadcrumb\"},\"inLanguage\":\"fr-FR\",\"potentialAction\":[{\"@type\":\"ReadAction\",\"target\":[\"https:\/\/eu.haitianinter.com\/fr\/nos-principes\/\"]}]},{\"@type\":\"BreadcrumbList\",\"@id\":\"https:\/\/eu.haitianinter.com\/fr\/nos-principes\/#breadcrumb\",\"itemListElement\":[{\"@type\":\"ListItem\",\"position\":1,\"name\":\"Home\",\"item\":\"https:\/\/eu.haitianinter.com\/fr\/?page_id=11302\"},{\"@type\":\"ListItem\",\"position\":2,\"name\":\"Nos principes\"}]},{\"@type\":\"WebSite\",\"@id\":\"https:\/\/eu.haitianinter.com\/fr\/#website\",\"url\":\"https:\/\/eu.haitianinter.com\/fr\/\",\"name\":\"Haitian International Germany\",\"description\":\"We Create and Extend Advantage\",\"potentialAction\":[{\"@type\":\"SearchAction\",\"target\":{\"@type\":\"EntryPoint\",\"urlTemplate\":\"https:\/\/eu.haitianinter.com\/fr\/?s={search_term_string}\"},\"query-input\":{\"@type\":\"PropertyValueSpecification\",\"valueRequired\":true,\"valueName\":\"search_term_string\"}}],\"inLanguage\":\"fr-FR\"}]}<\/script>\n<!-- \/ Yoast SEO plugin. -->","yoast_head_json":{"title":"Nos principes - Haitian International Germany","robots":{"index":"index","follow":"follow","max-snippet":"max-snippet:-1","max-image-preview":"max-image-preview:large","max-video-preview":"max-video-preview:-1"},"canonical":"https:\/\/eu.haitianinter.com\/fr\/nos-principes\/","og_locale":"fr_FR","og_type":"article","og_title":"Nos principes - Haitian International Germany","og_description":"L'esprit d'entreprise, la ma\u00eetrise des co\u00fbts, la volont\u00e9 d'investir et le respect total de nos employ\u00e9s, partenaires et clients constituent les piliers de notre culture d'entreprise. Car c\u2019est dans l\u2019esprit et entre les mains de collaborateurs motiv\u00e9s que naissent des produits de haute qualit\u00e9, comp\u00e9titifs \u00e0 l\u2019\u00e9chelle internationale. Notre missionNous voulons \u00e9tablir des relations \u00e0 [&hellip;]","og_url":"https:\/\/eu.haitianinter.com\/fr\/nos-principes\/","og_site_name":"Haitian International Germany","article_modified_time":"2026-05-07T07:20:00+00:00","twitter_card":"summary_large_image","twitter_misc":{"Dur\u00e9e de lecture estim\u00e9e":"6 minutes"},"schema":{"@context":"https:\/\/schema.org","@graph":[{"@type":"WebPage","@id":"https:\/\/eu.haitianinter.com\/fr\/nos-principes\/","url":"https:\/\/eu.haitianinter.com\/fr\/nos-principes\/","name":"Nos principes - Haitian International Germany","isPartOf":{"@id":"https:\/\/eu.haitianinter.com\/fr\/#website"},"datePublished":"2024-03-05T11:44:35+00:00","dateModified":"2026-05-07T07:20:00+00:00","breadcrumb":{"@id":"https:\/\/eu.haitianinter.com\/fr\/nos-principes\/#breadcrumb"},"inLanguage":"fr-FR","potentialAction":[{"@type":"ReadAction","target":["https:\/\/eu.haitianinter.com\/fr\/nos-principes\/"]}]},{"@type":"BreadcrumbList","@id":"https:\/\/eu.haitianinter.com\/fr\/nos-principes\/#breadcrumb","itemListElement":[{"@type":"ListItem","position":1,"name":"Home","item":"https:\/\/eu.haitianinter.com\/fr\/?page_id=11302"},{"@type":"ListItem","position":2,"name":"Nos principes"}]},{"@type":"WebSite","@id":"https:\/\/eu.haitianinter.com\/fr\/#website","url":"https:\/\/eu.haitianinter.com\/fr\/","name":"Haitian International Germany","description":"We Create and Extend Advantage","potentialAction":[{"@type":"SearchAction","target":{"@type":"EntryPoint","urlTemplate":"https:\/\/eu.haitianinter.com\/fr\/?s={search_term_string}"},"query-input":{"@type":"PropertyValueSpecification","valueRequired":true,"valueName":"search_term_string"}}],"inLanguage":"fr-FR"}]}},"_links":{"self":[{"href":"https:\/\/eu.haitianinter.com\/fr\/wp-json\/wp\/v2\/pages\/14681","targetHints":{"allow":["GET"]}}],"collection":[{"href":"https:\/\/eu.haitianinter.com\/fr\/wp-json\/wp\/v2\/pages"}],"about":[{"href":"https:\/\/eu.haitianinter.com\/fr\/wp-json\/wp\/v2\/types\/page"}],"author":[{"embeddable":true,"href":"https:\/\/eu.haitianinter.com\/fr\/wp-json\/wp\/v2\/users\/5"}],"replies":[{"embeddable":true,"href":"https:\/\/eu.haitianinter.com\/fr\/wp-json\/wp\/v2\/comments?post=14681"}],"version-history":[{"count":11,"href":"https:\/\/eu.haitianinter.com\/fr\/wp-json\/wp\/v2\/pages\/14681\/revisions"}],"predecessor-version":[{"id":15023,"href":"https:\/\/eu.haitianinter.com\/fr\/wp-json\/wp\/v2\/pages\/14681\/revisions\/15023"}],"wp:attachment":[{"href":"https:\/\/eu.haitianinter.com\/fr\/wp-json\/wp\/v2\/media?parent=14681"}],"curies":[{"name":"wp","href":"https:\/\/api.w.org\/{rel}","templated":true}]}}