{"id":14760,"date":"2024-03-05T14:10:41","date_gmt":"2024-03-05T13:10:41","guid":{"rendered":"https:\/\/eu.haitianinter.com\/ht-xtend\/"},"modified":"2026-05-06T09:21:24","modified_gmt":"2026-05-06T07:21:24","slug":"ht-xtend","status":"publish","type":"page","link":"https:\/\/eu.haitianinter.com\/fr\/produits\/ht-xtend\/","title":{"rendered":"HT-XTEND"},"content":{"rendered":"<p>[et_pb_section fb_built=\u00a0\u00bb1&Prime; fullwidth=\u00a0\u00bbon\u00a0\u00bb module_class=\u00a0\u00bbteaser-image-under-text\u00a0\u00bb _builder_version=\u00a0\u00bb4.22.2&Prime; _module_preset=\u00a0\u00bbdefault\u00a0\u00bb locked=\u00a0\u00bboff\u00a0\u00bb global_colors_info=\u00a0\u00bb{}\u00a0\u00bb][et_pb_fullwidth_header title=\u00a0\u00bbHT-XTEND\u00a0\u00bb subhead=\u00a0\u00bbDes fonctionnalit\u00e9s intelligentes de s\u00e9rie\u00a0\u00bb text_orientation=\u00a0\u00bbcenter\u00a0\u00bb header_fullscreen=\u00a0\u00bbon\u00a0\u00bb header_image_url=\u00a0\u00bbhttps:\/\/eu.haitianinter.com\/wp-content\/uploads\/sites\/3\/2024\/03\/HT_XTEND_Teaser.jpg\u00a0\u00bb image_orientation=\u00a0\u00bbbottom\u00a0\u00bb _builder_version=\u00a0\u00bb4.23.1&Prime; _module_preset=\u00a0\u00bbdefault\u00a0\u00bb background_enable_color=\u00a0\u00bboff\u00a0\u00bb background_layout=\u00a0\u00bblight\u00a0\u00bb global_colors_info=\u00a0\u00bb{}\u00a0\u00bb][\/et_pb_fullwidth_header][\/et_pb_section][et_pb_section fb_built=\u00a0\u00bb1&Prime; module_class=\u00a0\u00bbnoPadding-top noPadding-bottom\u00a0\u00bb _builder_version=\u00a0\u00bb4.23.1&Prime; _module_preset=\u00a0\u00bbdefault\u00a0\u00bb custom_padding=\u00a0\u00bb||||false|false\u00a0\u00bb global_colors_info=\u00a0\u00bb{}\u00a0\u00bb][et_pb_row _builder_version=\u00a0\u00bb4.23.1&Prime; _module_preset=\u00a0\u00bbdefault\u00a0\u00bb global_colors_info=\u00a0\u00bb{}\u00a0\u00bb][et_pb_column type=\u00a0\u00bb4_4&Prime; _builder_version=\u00a0\u00bb4.23.1&Prime; _module_preset=\u00a0\u00bbdefault\u00a0\u00bb global_colors_info=\u00a0\u00bb{}\u00a0\u00bb][et_pb_image src=\u00a0\u00bbhttps:\/\/eu.haitianinter.com\/wp-content\/uploads\/sites\/3\/2024\/03\/XTEND_Grafik_Icons-1.svg\u00a0\u00bb title_text=\u00a0\u00bbIcons XTEND Grafik\u00a0\u00bb _builder_version=\u00a0\u00bb4.23.1&Prime; _module_preset=\u00a0\u00bbdefault\u00a0\u00bb max_width=\u00a0\u00bb800px\u00a0\u00bb module_alignment=\u00a0\u00bbcenter\u00a0\u00bb global_colors_info=\u00a0\u00bb{}\u00a0\u00bb][\/et_pb_image][\/et_pb_column][\/et_pb_row][et_pb_row _builder_version=\u00a0\u00bb4.23.1&Prime; _module_preset=\u00a0\u00bbdefault\u00a0\u00bb global_colors_info=\u00a0\u00bb{}\u00a0\u00bb][et_pb_column type=\u00a0\u00bb4_4&Prime; _builder_version=\u00a0\u00bb4.23.1&Prime; _module_preset=\u00a0\u00bbdefault\u00a0\u00bb global_colors_info=\u00a0\u00bb{}\u00a0\u00bb][et_pb_text _builder_version=\u00a0\u00bb4.23.1&Prime; _module_preset=\u00a0\u00bbdefault\u00a0\u00bb global_colors_info=\u00a0\u00bb{}\u00a0\u00bb]<\/p>\n<h5 style=\"text-align: center\"><span><\/span><\/h5>\n<h5 style=\"text-align: center\"><span>Les fonctions HT XTEND font partie de l&rsquo;\u00e9quipement standard de nos presses \u00e0 injecter. Il s&rsquo;agit d&rsquo;une collection compl\u00e8te de fonctions intelligentes con\u00e7ues pour optimiser les processus, l&rsquo;efficacit\u00e9 des services et la production dans son ensemble. D\u00e9couvrez l&rsquo;avenir de la technologie de moulage, o\u00f9 l&rsquo;intelligence est la norme.  <\/span><\/h5>\n<p>[\/et_pb_text][\/et_pb_column][\/et_pb_row][\/et_pb_section][et_pb_section fb_built=\u00a0\u00bb1&Prime; admin_label=\u00a0\u00bbSection Image-Text-Box-light\u00a0\u00bb module_class=\u00a0\u00bbsection-text-image-box\u00a0\u00bb _builder_version=\u00a0\u00bb4.22.2&Prime; _module_preset=\u00a0\u00bbdefault\u00a0\u00bb locked=\u00a0\u00bboff\u00a0\u00bb global_colors_info=\u00a0\u00bb{}\u00a0\u00bb][et_pb_row column_structure=\u00a0\u00bb1_2,1_2&Prime; use_custom_gutter=\u00a0\u00bbon\u00a0\u00bb make_equal=\u00a0\u00bbon\u00a0\u00bb module_class=\u00a0\u00bbicon-mirror-right\u00a0\u00bb _builder_version=\u00a0\u00bb4.23.1&Prime; _module_preset=\u00a0\u00bbdefault\u00a0\u00bb background_enable_color=\u00a0\u00bboff\u00a0\u00bb custom_padding=\u00a0\u00bb0px||0px||true|false\u00a0\u00bb global_colors_info=\u00a0\u00bb{}\u00a0\u00bb][et_pb_column type=\u00a0\u00bb1_2&Prime; module_class=\u00a0\u00bblight\u00a0\u00bb _builder_version=\u00a0\u00bb4.22.2&Prime; _module_preset=\u00a0\u00bbdefault\u00a0\u00bb background_enable_color=\u00a0\u00bboff\u00a0\u00bb global_colors_info=\u00a0\u00bb{}\u00a0\u00bb][et_pb_text admin_label=\u00a0\u00bbHeadline\u00a0\u00bb _builder_version=\u00a0\u00bb4.23.1&Prime; _module_preset=\u00a0\u00bbdefault\u00a0\u00bb global_colors_info=\u00a0\u00bb{}\u00a0\u00bb]<\/p>\n<h4>Fonctionnalit\u00e9s intelligentes<\/h4>\n<p>[\/et_pb_text][et_pb_text admin_label=\u00a0\u00bbContent\u00a0\u00bb _builder_version=\u00a0\u00bb4.23.1&Prime; _module_preset=\u00a0\u00bbdefault\u00a0\u00bb locked=\u00a0\u00bboff\u00a0\u00bb global_colors_info=\u00a0\u00bb{}\u00a0\u00bb]<\/p>\n<h5><span>La gamme HT XTEND est constamment am\u00e9lior\u00e9e. Adapt\u00e9e \u00e0 nos diff\u00e9rentes s\u00e9ries de machines, elle permet \u00e0 vos processus de moulage par injection de b\u00e9n\u00e9ficier d&rsquo;une technologie de pointe sp\u00e9cialis\u00e9e sans investissement suppl\u00e9mentaire. <\/span><\/h5>\n<p>[\/et_pb_text][\/et_pb_column][et_pb_column type=\u00a0\u00bb1_2&Prime; _builder_version=\u00a0\u00bb4.23.1&Prime; _module_preset=\u00a0\u00bbdefault\u00a0\u00bb background_image=\u00a0\u00bbhttps:\/\/eu.haitianinter.com\/wp-content\/uploads\/sites\/3\/2024\/03\/HT-XTEND_IconsOverview.jpg\u00a0\u00bb global_colors_info=\u00a0\u00bb{}\u00a0\u00bb][\/et_pb_column][\/et_pb_row][\/et_pb_section][et_pb_section fb_built=\u00a0\u00bb1&Prime; admin_label=\u00a0\u00bbSection: Content &#8211; Slider with Tabs \u00a0\u00bb module_class=\u00a0\u00bbsection-tabs-slider\u00a0\u00bb _builder_version=\u00a0\u00bb4.23.1&Prime; _module_preset=\u00a0\u00bbdefault\u00a0\u00bb locked=\u00a0\u00bboff\u00a0\u00bb global_colors_info=\u00a0\u00bb{}\u00a0\u00bb][et_pb_row admin_label=\u00a0\u00bbTitre et filtre par onglets\u00a0\u00bb module_class=\u00a0\u00bbcontent-center\u00a0\u00bb _builder_version=\u00a0\u00bb4.23.1&Prime; _module_preset=\u00a0\u00bbdefault\u00a0\u00bb width=\u00a0\u00bb60%\u00a0\u00bb width_tablet=\u00a0\u00bb80%\u00a0\u00bb width_phone=\u00a0\u00bb92%\u00a0\u00bb width_last_edited=\u00a0\u00bbon|phone\u00a0\u00bb global_colors_info=\u00a0\u00bb{}\u00a0\u00bb width__hover_enabled=\u00a0\u00bboff|desktop\u00a0\u00bb][et_pb_column type=\u00a0\u00bb4_4&Prime; _builder_version=\u00a0\u00bb4.23.1&Prime; _module_preset=\u00a0\u00bbdefault\u00a0\u00bb global_colors_info=\u00a0\u00bb{}\u00a0\u00bb][et_pb_text admin_label=\u00a0\u00bbHeadline\u00a0\u00bb _builder_version=\u00a0\u00bb4.23.1&Prime; _module_preset=\u00a0\u00bbdefault\u00a0\u00bb custom_padding=\u00a0\u00bb|2px||2px||\u00a0\u00bb locked=\u00a0\u00bboff\u00a0\u00bb global_colors_info=\u00a0\u00bb{}\u00a0\u00bb]<\/p>\n<h2 style=\"text-align: center\">\u00c0 la une<\/h2>\n<h5 style=\"text-align: center\">D\u00e9couvrez quelques-unes de nos fonctions standard pour nos s\u00e9ries de machines ha\u00eftiennes et zhafir<\/h5>\n<p>[\/et_pb_text][et_pb_text admin_label=\u00a0\u00bbTab1&Prime; module_class=\u00a0\u00bbmore-link js-filter-tab tab-1&Prime; _builder_version=\u00a0\u00bb4.27.4&Prime; _module_preset=\u00a0\u00bbdefault\u00a0\u00bb background_layout=\u00a0\u00bbdark\u00a0\u00bb custom_margin=\u00a0\u00bb|30px|||false|false\u00a0\u00bb global_colors_info=\u00a0\u00bb{}\u00a0\u00bb]<\/p>\n<p>S\u00e9rie Zhafir<\/p>\n<p>[\/et_pb_text][et_pb_text admin_label=\u00a0\u00bbTab2&Prime; module_class=\u00a0\u00bbmore-link js-filter-tab tab-2&Prime; _builder_version=\u00a0\u00bb4.27.4&Prime; _module_preset=\u00a0\u00bbdefault\u00a0\u00bb background_layout=\u00a0\u00bbdark\u00a0\u00bb global_colors_info=\u00a0\u00bb{}\u00a0\u00bb]<\/p>\n<p>S\u00e9rie Haitian<\/p>\n<p>[\/et_pb_text][\/et_pb_column][\/et_pb_row][et_pb_row admin_label=\u00a0\u00bbCaract\u00e9ristques cl\u00e9s\u00a0\u00bb module_class=\u00a0\u00bbrow-fullwidth\u00a0\u00bb _builder_version=\u00a0\u00bb4.23.1&Prime; _module_preset=\u00a0\u00bbdefault\u00a0\u00bb global_colors_info=\u00a0\u00bb{}\u00a0\u00bb][et_pb_column type=\u00a0\u00bb4_4&Prime; module_class=\u00a0\u00bbtabs-slider-filter\u00a0\u00bb _builder_version=\u00a0\u00bb4.23.1&Prime; _module_preset=\u00a0\u00bbdefault\u00a0\u00bb global_colors_info=\u00a0\u00bb{}\u00a0\u00bb][et_pb_blurb title=\u00a0\u00bbHT-Inject\u00a0\u00bb image=\u00a0\u00bbhttps:\/\/eu.haitianinter.com\/wp-content\/uploads\/sites\/3\/2024\/03\/XTEND_HTInject-1.jpg\u00a0\u00bb image_icon_width=\u00a0\u00bb100%\u00a0\u00bb admin_label=\u00a0\u00bbHT\u00b7Inject\u00a0\u00bb module_class=\u00a0\u00bbtab-2&Prime; _builder_version=\u00a0\u00bb4.27.4&Prime; _module_preset=\u00a0\u00bbdefault\u00a0\u00bb background_enable_image=\u00a0\u00bboff\u00a0\u00bb background_size=\u00a0\u00bbcontain\u00a0\u00bb global_colors_info=\u00a0\u00bb{}\u00a0\u00bb]<\/p>\n<h5>optimise le processus d&rsquo;injection en temps r\u00e9el pour stabiliser le poids des produits et compense automatiquement les d\u00e9fauts.<\/h5>\n<p>&nbsp;<\/p>\n<p>[\/et_pb_blurb][et_pb_blurb title=\u00a0\u00bbHT- \u00c9nergie\u00a0\u00bb image=\u00a0\u00bbhttps:\/\/eu.haitianinter.com\/wp-content\/uploads\/sites\/3\/2024\/03\/XTEND_HTEnergy-1.jpg\u00a0\u00bb image_icon_width=\u00a0\u00bb100%\u00a0\u00bb admin_label=\u00a0\u00bbHT\u00b7 Energy\u00a0\u00bb module_class=\u00a0\u00bbtab-2&Prime; _builder_version=\u00a0\u00bb4.27.4&Prime; _module_preset=\u00a0\u00bbdefault\u00a0\u00bb background_enable_image=\u00a0\u00bboff\u00a0\u00bb background_size=\u00a0\u00bbcontain\u00a0\u00bb global_colors_info=\u00a0\u00bb{}\u00a0\u00bb]<\/p>\n<h5>standardise la surveillance, la gestion et l&rsquo;analyse de l&rsquo;\u00e9nergie afin d&rsquo;optimiser les d\u00e9cisions de fabrication.<\/h5>\n<p>&nbsp;<\/p>\n<p>[\/et_pb_blurb][et_pb_blurb title=\u00a0\u00bbHT- Charge\u00a0\u00bb image=\u00a0\u00bbhttps:\/\/eu.haitianinter.com\/wp-content\/uploads\/sites\/3\/2024\/03\/XTEND_HTCharge-1.jpg\u00a0\u00bb admin_label=\u00a0\u00bbHT\u00b7Charge\u00a0\u00bb module_class=\u00a0\u00bbtab-2&Prime; _builder_version=\u00a0\u00bb4.27.4&Prime; _module_preset=\u00a0\u00bbdefault\u00a0\u00bb background_enable_image=\u00a0\u00bboff\u00a0\u00bb background_size=\u00a0\u00bbcontain\u00a0\u00bb global_colors_info=\u00a0\u00bb{}\u00a0\u00bb]<\/p>\n<h5>optimise la charge, r\u00e9duit la vitesse et l&rsquo;\u00e9nergie, et diminue l&rsquo;usure du canon de la vis pour une meilleure long\u00e9vit\u00e9 et efficacit\u00e9.<\/h5>\n<p>&nbsp;<\/p>\n<p>[\/et_pb_blurb][et_pb_blurb title=\u00a0\u00bbHT- Clamp\u00a0\u00bb image=\u00a0\u00bbhttps:\/\/eu.haitianinter.com\/wp-content\/uploads\/sites\/3\/2024\/03\/XTEND_HTLubricate-1.jpg\u00a0\u00bb admin_label=\u00a0\u00bbHT\u00b7 Clamp\u00a0\u00bb module_class=\u00a0\u00bbtab-2&Prime; _builder_version=\u00a0\u00bb4.27.4&Prime; _module_preset=\u00a0\u00bbdefault\u00a0\u00bb background_enable_image=\u00a0\u00bboff\u00a0\u00bb background_size=\u00a0\u00bbcontain\u00a0\u00bb global_colors_info=\u00a0\u00bb{}\u00a0\u00bb]<\/p>\n<h5>Optimise la pr\u00e9cision gr\u00e2ce \u00e0 un syst\u00e8me en boucle ferm\u00e9e, garantissant un fonctionnement fluide, auto-ajustable et des \u00e9conomies d\u2019\u00e9nergie significatives<\/h5>\n<p>&nbsp;<\/p>\n<p>[\/et_pb_blurb][et_pb_blurb title=\u00a0\u00bbHT- Lubricate\u00a0\u00bb image=\u00a0\u00bbhttps:\/\/eu.haitianinter.com\/wp-content\/uploads\/sites\/3\/2024\/03\/XTEND_HTLubricate-1.jpg\u00a0\u00bb admin_label=\u00a0\u00bbHT\u00b7 Lubricate\u00a0\u00bb module_class=\u00a0\u00bbtab-2&Prime; _builder_version=\u00a0\u00bb4.27.4&Prime; _module_preset=\u00a0\u00bbdefault\u00a0\u00bb background_enable_image=\u00a0\u00bboff\u00a0\u00bb background_size=\u00a0\u00bbcontain\u00a0\u00bb global_colors_info=\u00a0\u00bb{}\u00a0\u00bb]<\/p>\n<h5>optimise dynamiquement la lubrification, en ajustant l&rsquo;huile en fonction des temps de cycle et des pressions, pour une utilisation pr\u00e9cise et efficace.<\/h5>\n<p>&nbsp;<\/p>\n<p>[\/et_pb_blurb][et_pb_blurb title=\u00a0\u00bbHT- Diagnostic\u00a0\u00bb image=\u00a0\u00bbhttps:\/\/eu.haitianinter.com\/wp-content\/uploads\/sites\/3\/2024\/03\/XTEND_HTDiagnose-1.jpg\u00a0\u00bb admin_label=\u00a0\u00bbHT\u00b7 Diagnose\u00a0\u00bb module_class=\u00a0\u00bbtab-2&Prime; _builder_version=\u00a0\u00bb4.27.4&Prime; _module_preset=\u00a0\u00bbdefault\u00a0\u00bb background_enable_image=\u00a0\u00bboff\u00a0\u00bb background_size=\u00a0\u00bbcontain\u00a0\u00bb global_colors_info=\u00a0\u00bb{}\u00a0\u00bb]<\/p>\n<h5><span>fournit une structure topologique pour les syst\u00e8mes de contr\u00f4le, permettant une identification et une localisation rapides des d\u00e9fauts dans les modules pour une r\u00e9solution rapide.<\/span><\/h5>\n<p>[\/et_pb_blurb][et_pb_blurb title=\u00a0\u00bbHT-Inject\u00a0\u00bb image=\u00a0\u00bbhttps:\/\/eu.haitianinter.com\/wp-content\/uploads\/sites\/3\/2024\/03\/XTEND_HTInject-1.jpg\u00a0\u00bb image_icon_width=\u00a0\u00bb100%\u00a0\u00bb admin_label=\u00a0\u00bbHT\u00b7Inject\u00a0\u00bb module_class=\u00a0\u00bbtab-1&Prime; _builder_version=\u00a0\u00bb4.27.4&Prime; _module_preset=\u00a0\u00bbdefault\u00a0\u00bb background_enable_image=\u00a0\u00bboff\u00a0\u00bb background_size=\u00a0\u00bbcontain\u00a0\u00bb global_colors_info=\u00a0\u00bb{}\u00a0\u00bb]<\/p>\n<h5>optimise le processus d&rsquo;injection en temps r\u00e9el pour stabiliser le poids des produits et compense automatiquement les d\u00e9fauts.<\/h5>\n<p>&nbsp;<\/p>\n<p>[\/et_pb_blurb][et_pb_blurb title=\u00a0\u00bbHT- Pression\u00a0\u00bb image=\u00a0\u00bbhttps:\/\/eu.haitianinter.com\/wp-content\/uploads\/sites\/3\/2024\/03\/XTEND_HTPressure.jpg\u00a0\u00bb admin_label=\u00a0\u00bbHT\u00b7 Pressure\u00a0\u00bb module_class=\u00a0\u00bbtab-1&Prime; _builder_version=\u00a0\u00bb4.27.4&Prime; _module_preset=\u00a0\u00bbdefault\u00a0\u00bb background_enable_image=\u00a0\u00bboff\u00a0\u00bb background_size=\u00a0\u00bbcontain\u00a0\u00bb global_colors_info=\u00a0\u00bb{}\u00a0\u00bb]<\/p>\n<h5>La technologie HT Pressure permet un moulage de tr\u00e8s haute pr\u00e9cision gr\u00e2ce \u00e0 un plateau avec capteurs de pression, une technologie anti-d\u00e9rive et un syst\u00e8me intelligent de surveillance et de calibration de la pression d&rsquo;origine.<\/h5>\n<p>&nbsp;<\/p>\n<p>[\/et_pb_blurb][et_pb_blurb title=\u00a0\u00bbHT- \u00c9nergie\u00a0\u00bb image=\u00a0\u00bbhttps:\/\/eu.haitianinter.com\/wp-content\/uploads\/sites\/3\/2024\/03\/XTEND_HTEnergy-1.jpg\u00a0\u00bb admin_label=\u00a0\u00bbHT\u00b7 Energy\u00a0\u00bb module_class=\u00a0\u00bbtab-1&Prime; _builder_version=\u00a0\u00bb4.27.4&Prime; _module_preset=\u00a0\u00bbdefault\u00a0\u00bb background_enable_image=\u00a0\u00bboff\u00a0\u00bb background_size=\u00a0\u00bbcontain\u00a0\u00bb global_colors_info=\u00a0\u00bb{}\u00a0\u00bb]<\/p>\n<h5>Propose un suivi \u00e9nerg\u00e9tique sans capteurs physiques : analysez la consommation de chaque mouvement pour une transparence op\u00e9rationnelle totale.<\/h5>\n<p>&nbsp;<\/p>\n<p>[\/et_pb_blurb][et_pb_blurb title=\u00a0\u00bbHT- Prot\u00e9ger\u00a0\u00bb image=\u00a0\u00bbhttps:\/\/eu.haitianinter.com\/wp-content\/uploads\/sites\/3\/2024\/03\/XTEND_HTProtect.jpg\u00a0\u00bb admin_label=\u00a0\u00bbHT\u00b7 Protect\u00a0\u00bb module_class=\u00a0\u00bbtab-1&Prime; _builder_version=\u00a0\u00bb4.27.4&Prime; _module_preset=\u00a0\u00bbdefault\u00a0\u00bb background_enable_image=\u00a0\u00bboff\u00a0\u00bb background_size=\u00a0\u00bbcontain\u00a0\u00bb global_colors_info=\u00a0\u00bb{}\u00a0\u00bb]<\/p>\n<h5>offre une protection du moule sur tout le cycle avec une d\u00e9tection sensible des \u00e9carts pendant la fermeture, minimisant ainsi les temps de r\u00e9ponse pour une protection maximale.<\/h5>\n<p>&nbsp;<\/p>\n<p>[\/et_pb_blurb][et_pb_blurb title=\u00a0\u00bbHT- HoldControl\u00a0\u00bb image=\u00a0\u00bbhttps:\/\/eu.haitianinter.com\/wp-content\/uploads\/sites\/3\/2024\/03\/XTEND_HTSpeedControl.jpg\u00a0\u00bb admin_label=\u00a0\u00bbHT\u00b7 HoldControl\u00a0\u00bb module_class=\u00a0\u00bbtab-1&Prime; _builder_version=\u00a0\u00bb4.27.4&Prime; _module_preset=\u00a0\u00bbdefault\u00a0\u00bb background_enable_image=\u00a0\u00bboff\u00a0\u00bb background_size=\u00a0\u00bbcontain\u00a0\u00bb hover_enabled=\u00a0\u00bb0&Prime; global_colors_info=\u00a0\u00bb{}\u00a0\u00bb sticky_enabled=\u00a0\u00bb0&Prime;]<\/p>\n<h5>Simplifie le r\u00e9glage d&rsquo;un profil de pression de maintien optimis\u00e9 en plusieurs \u00e9tapes, augmentant ainsi la qualit\u00e9, r\u00e9duisant la d\u00e9formation des composants et donc le taux de rejet.<\/h5>\n<p>[\/et_pb_blurb][et_pb_blurb title=\u00a0\u00bbHT- SpeedControl\u00a0\u00bb image=\u00a0\u00bbhttps:\/\/eu.haitianinter.com\/wp-content\/uploads\/sites\/3\/2024\/03\/XTEND_HTHoldcontrol.jpg\u00a0\u00bb admin_label=\u00a0\u00bbHT\u00b7 SpeedControl\u00a0\u00bb module_class=\u00a0\u00bbtab-1&Prime; _builder_version=\u00a0\u00bb4.27.4&Prime; _module_preset=\u00a0\u00bbdefault\u00a0\u00bb background_enable_image=\u00a0\u00bboff\u00a0\u00bb background_size=\u00a0\u00bbcontain\u00a0\u00bb global_colors_info=\u00a0\u00bb{}\u00a0\u00bb]<\/p>\n<h5><span>prend en charge la vitesse d&rsquo;injection en plusieurs \u00e9tapes, en optimisant le cisaillement, la pression et la temp\u00e9rature pour am\u00e9liorer la qualit\u00e9 de la surface et r\u00e9duire les d\u00e9chets.<\/span><\/h5>\n<p>&nbsp;<\/p>\n<p>[\/et_pb_blurb][\/et_pb_column][\/et_pb_row][\/et_pb_section]<\/p>\n","protected":false},"excerpt":{"rendered":"<p>Les fonctions HT XTEND font partie de l&rsquo;\u00e9quipement standard de nos presses \u00e0 injecter. Il s&rsquo;agit d&rsquo;une collection compl\u00e8te de fonctions intelligentes con\u00e7ues pour optimiser les processus, l&rsquo;efficacit\u00e9 des services et la production dans son ensemble. D\u00e9couvrez l&rsquo;avenir de la technologie de moulage, o\u00f9 l&rsquo;intelligence est la norme. Fonctionnalit\u00e9s intelligentesLa gamme HT XTEND est constamment [&hellip;]<\/p>\n","protected":false},"author":5,"featured_media":0,"parent":14939,"menu_order":0,"comment_status":"closed","ping_status":"closed","template":"","meta":{"_et_pb_use_builder":"on","_et_pb_old_content":"","_et_gb_content_width":"","footnotes":""},"class_list":["post-14760","page","type-page","status-publish","hentry"],"yoast_head":"<!-- This site is optimized with the Yoast SEO plugin v27.2 - https:\/\/yoast.com\/product\/yoast-seo-wordpress\/ -->\n<title>HT-XTEND - Haitian International Germany<\/title>\n<meta name=\"robots\" content=\"index, follow, max-snippet:-1, max-image-preview:large, max-video-preview:-1\" \/>\n<link rel=\"canonical\" href=\"https:\/\/eu.haitianinter.com\/fr\/produits\/ht-xtend\/\" \/>\n<meta property=\"og:locale\" content=\"fr_FR\" \/>\n<meta property=\"og:type\" content=\"article\" \/>\n<meta property=\"og:title\" content=\"HT-XTEND - Haitian International Germany\" \/>\n<meta property=\"og:description\" content=\"Les fonctions HT XTEND font partie de l&#039;\u00e9quipement standard de nos presses \u00e0 injecter. Il s&#039;agit d&#039;une collection compl\u00e8te de fonctions intelligentes con\u00e7ues pour optimiser les processus, l&#039;efficacit\u00e9 des services et la production dans son ensemble. D\u00e9couvrez l&#039;avenir de la technologie de moulage, o\u00f9 l&#039;intelligence est la norme. Fonctionnalit\u00e9s intelligentesLa gamme HT XTEND est constamment [&hellip;]\" \/>\n<meta property=\"og:url\" content=\"https:\/\/eu.haitianinter.com\/fr\/produits\/ht-xtend\/\" \/>\n<meta property=\"og:site_name\" content=\"Haitian International Germany\" \/>\n<meta property=\"article:modified_time\" content=\"2026-05-06T07:21:24+00:00\" \/>\n<meta name=\"twitter:card\" content=\"summary_large_image\" \/>\n<meta name=\"twitter:label1\" content=\"Dur\u00e9e de lecture estim\u00e9e\" \/>\n\t<meta name=\"twitter:data1\" content=\"8 minutes\" \/>\n<script type=\"application\/ld+json\" class=\"yoast-schema-graph\">{\"@context\":\"https:\/\/schema.org\",\"@graph\":[{\"@type\":\"WebPage\",\"@id\":\"https:\/\/eu.haitianinter.com\/fr\/produits\/ht-xtend\/\",\"url\":\"https:\/\/eu.haitianinter.com\/fr\/produits\/ht-xtend\/\",\"name\":\"HT-XTEND - Haitian International Germany\",\"isPartOf\":{\"@id\":\"https:\/\/eu.haitianinter.com\/fr\/#website\"},\"datePublished\":\"2024-03-05T13:10:41+00:00\",\"dateModified\":\"2026-05-06T07:21:24+00:00\",\"breadcrumb\":{\"@id\":\"https:\/\/eu.haitianinter.com\/fr\/produits\/ht-xtend\/#breadcrumb\"},\"inLanguage\":\"fr-FR\",\"potentialAction\":[{\"@type\":\"ReadAction\",\"target\":[\"https:\/\/eu.haitianinter.com\/fr\/produits\/ht-xtend\/\"]}]},{\"@type\":\"BreadcrumbList\",\"@id\":\"https:\/\/eu.haitianinter.com\/fr\/produits\/ht-xtend\/#breadcrumb\",\"itemListElement\":[{\"@type\":\"ListItem\",\"position\":1,\"name\":\"Home\",\"item\":\"https:\/\/eu.haitianinter.com\/fr\/?page_id=11302\"},{\"@type\":\"ListItem\",\"position\":2,\"name\":\"Produits\",\"item\":\"https:\/\/eu.haitianinter.com\/fr\/produits\/\"},{\"@type\":\"ListItem\",\"position\":3,\"name\":\"HT-XTEND\"}]},{\"@type\":\"WebSite\",\"@id\":\"https:\/\/eu.haitianinter.com\/fr\/#website\",\"url\":\"https:\/\/eu.haitianinter.com\/fr\/\",\"name\":\"Haitian International Germany\",\"description\":\"We Create and Extend Advantage\",\"potentialAction\":[{\"@type\":\"SearchAction\",\"target\":{\"@type\":\"EntryPoint\",\"urlTemplate\":\"https:\/\/eu.haitianinter.com\/fr\/?s={search_term_string}\"},\"query-input\":{\"@type\":\"PropertyValueSpecification\",\"valueRequired\":true,\"valueName\":\"search_term_string\"}}],\"inLanguage\":\"fr-FR\"}]}<\/script>\n<!-- \/ Yoast SEO plugin. -->","yoast_head_json":{"title":"HT-XTEND - Haitian International Germany","robots":{"index":"index","follow":"follow","max-snippet":"max-snippet:-1","max-image-preview":"max-image-preview:large","max-video-preview":"max-video-preview:-1"},"canonical":"https:\/\/eu.haitianinter.com\/fr\/produits\/ht-xtend\/","og_locale":"fr_FR","og_type":"article","og_title":"HT-XTEND - Haitian International Germany","og_description":"Les fonctions HT XTEND font partie de l'\u00e9quipement standard de nos presses \u00e0 injecter. Il s'agit d'une collection compl\u00e8te de fonctions intelligentes con\u00e7ues pour optimiser les processus, l'efficacit\u00e9 des services et la production dans son ensemble. D\u00e9couvrez l'avenir de la technologie de moulage, o\u00f9 l'intelligence est la norme. Fonctionnalit\u00e9s intelligentesLa gamme HT XTEND est constamment [&hellip;]","og_url":"https:\/\/eu.haitianinter.com\/fr\/produits\/ht-xtend\/","og_site_name":"Haitian International Germany","article_modified_time":"2026-05-06T07:21:24+00:00","twitter_card":"summary_large_image","twitter_misc":{"Dur\u00e9e de lecture estim\u00e9e":"8 minutes"},"schema":{"@context":"https:\/\/schema.org","@graph":[{"@type":"WebPage","@id":"https:\/\/eu.haitianinter.com\/fr\/produits\/ht-xtend\/","url":"https:\/\/eu.haitianinter.com\/fr\/produits\/ht-xtend\/","name":"HT-XTEND - Haitian International Germany","isPartOf":{"@id":"https:\/\/eu.haitianinter.com\/fr\/#website"},"datePublished":"2024-03-05T13:10:41+00:00","dateModified":"2026-05-06T07:21:24+00:00","breadcrumb":{"@id":"https:\/\/eu.haitianinter.com\/fr\/produits\/ht-xtend\/#breadcrumb"},"inLanguage":"fr-FR","potentialAction":[{"@type":"ReadAction","target":["https:\/\/eu.haitianinter.com\/fr\/produits\/ht-xtend\/"]}]},{"@type":"BreadcrumbList","@id":"https:\/\/eu.haitianinter.com\/fr\/produits\/ht-xtend\/#breadcrumb","itemListElement":[{"@type":"ListItem","position":1,"name":"Home","item":"https:\/\/eu.haitianinter.com\/fr\/?page_id=11302"},{"@type":"ListItem","position":2,"name":"Produits","item":"https:\/\/eu.haitianinter.com\/fr\/produits\/"},{"@type":"ListItem","position":3,"name":"HT-XTEND"}]},{"@type":"WebSite","@id":"https:\/\/eu.haitianinter.com\/fr\/#website","url":"https:\/\/eu.haitianinter.com\/fr\/","name":"Haitian International Germany","description":"We Create and Extend Advantage","potentialAction":[{"@type":"SearchAction","target":{"@type":"EntryPoint","urlTemplate":"https:\/\/eu.haitianinter.com\/fr\/?s={search_term_string}"},"query-input":{"@type":"PropertyValueSpecification","valueRequired":true,"valueName":"search_term_string"}}],"inLanguage":"fr-FR"}]}},"_links":{"self":[{"href":"https:\/\/eu.haitianinter.com\/fr\/wp-json\/wp\/v2\/pages\/14760","targetHints":{"allow":["GET"]}}],"collection":[{"href":"https:\/\/eu.haitianinter.com\/fr\/wp-json\/wp\/v2\/pages"}],"about":[{"href":"https:\/\/eu.haitianinter.com\/fr\/wp-json\/wp\/v2\/types\/page"}],"author":[{"embeddable":true,"href":"https:\/\/eu.haitianinter.com\/fr\/wp-json\/wp\/v2\/users\/5"}],"replies":[{"embeddable":true,"href":"https:\/\/eu.haitianinter.com\/fr\/wp-json\/wp\/v2\/comments?post=14760"}],"version-history":[{"count":8,"href":"https:\/\/eu.haitianinter.com\/fr\/wp-json\/wp\/v2\/pages\/14760\/revisions"}],"predecessor-version":[{"id":14890,"href":"https:\/\/eu.haitianinter.com\/fr\/wp-json\/wp\/v2\/pages\/14760\/revisions\/14890"}],"up":[{"embeddable":true,"href":"https:\/\/eu.haitianinter.com\/fr\/wp-json\/wp\/v2\/pages\/14939"}],"wp:attachment":[{"href":"https:\/\/eu.haitianinter.com\/fr\/wp-json\/wp\/v2\/media?parent=14760"}],"curies":[{"name":"wp","href":"https:\/\/api.w.org\/{rel}","templated":true}]}}