{"id":14804,"date":"2024-05-17T16:38:07","date_gmt":"2024-05-17T14:38:07","guid":{"rendered":"https:\/\/eu.haitianinter.com\/carriere\/ingenieur-dapplication-m-f-d\/"},"modified":"2026-05-04T15:08:15","modified_gmt":"2026-05-04T13:08:15","slug":"ingenieur-dapplication-m-f-d","status":"publish","type":"page","link":"https:\/\/eu.haitianinter.com\/fr\/carriere\/ingenieur-dapplication-m-f-d\/","title":{"rendered":"Ing\u00e9nieur d&rsquo;application (m\/f\/d)"},"content":{"rendered":"<p>[et_pb_section fb_built=\u00a0\u00bb1&Prime; fullwidth=\u00a0\u00bbon\u00a0\u00bb module_class=\u00a0\u00bbteaser-image-under-text\u00a0\u00bb _builder_version=\u00a0\u00bb4.22.2&Prime; _module_preset=\u00a0\u00bbdefault\u00a0\u00bb locked=\u00a0\u00bboff\u00a0\u00bb global_colors_info=\u00a0\u00bb{}\u00a0\u00bb][et_pb_fullwidth_header text_orientation=\u00a0\u00bbcenter\u00a0\u00bb header_fullscreen=\u00a0\u00bbon\u00a0\u00bb header_image_url=\u00a0\u00bbhttps:\/\/eu.haitianinter.com\/wp-content\/uploads\/sites\/3\/2024\/03\/Service_Spare_Stocks_2.jpg\u00a0\u00bb image_orientation=\u00a0\u00bbbottom\u00a0\u00bb _builder_version=\u00a0\u00bb4.23.1&Prime; _module_preset=\u00a0\u00bbdefault\u00a0\u00bb background_enable_color=\u00a0\u00bboff\u00a0\u00bb background_layout=\u00a0\u00bblight\u00a0\u00bb global_colors_info=\u00a0\u00bb{}\u00a0\u00bb][\/et_pb_fullwidth_header][\/et_pb_section][et_pb_section fb_built=\u00a0\u00bb1&Prime; _builder_version=\u00a0\u00bb4.23.1&Prime; _module_preset=\u00a0\u00bbdefault\u00a0\u00bb custom_padding=\u00a0\u00bb||4px||false|false\u00a0\u00bb global_colors_info=\u00a0\u00bb{}\u00a0\u00bb][et_pb_row _builder_version=\u00a0\u00bb4.23.1&Prime; _module_preset=\u00a0\u00bbdefault\u00a0\u00bb global_colors_info=\u00a0\u00bb{}\u00a0\u00bb][et_pb_column type=\u00a0\u00bb4_4&Prime; _builder_version=\u00a0\u00bb4.23.1&Prime; _module_preset=\u00a0\u00bbdefault\u00a0\u00bb global_colors_info=\u00a0\u00bb{}\u00a0\u00bb][et_pb_image src=\u00a0\u00bbhttps:\/\/eu.haitianinter.com\/wp-content\/uploads\/sites\/3\/2024\/01\/HTI_Golden.png\u00a0\u00bb title_text=\u00a0\u00bbHTI Golden\u00a0\u00bb align=\u00a0\u00bbcenter\u00a0\u00bb _builder_version=\u00a0\u00bb4.23.1&Prime; _module_preset=\u00a0\u00bbdefault\u00a0\u00bb width=\u00a0\u00bb8%\u00a0\u00bb custom_margin=\u00a0\u00bb||10px||false|false\u00a0\u00bb global_colors_info=\u00a0\u00bb{}\u00a0\u00bb][\/et_pb_image][et_pb_text _builder_version=\u00a0\u00bb4.23.1&Prime; _module_preset=\u00a0\u00bbdefault\u00a0\u00bb header_3_font_size=\u00a0\u00bb33px\u00a0\u00bb custom_margin=\u00a0\u00bb||12px|||\u00a0\u00bb global_colors_info=\u00a0\u00bb{}\u00a0\u00bb]<\/p>\n<h6 style=\"text-align: center\"><strong>Machines de moulage par injection<\/strong><\/h6>\n<h3 style=\"text-align: center\">Ing\u00e9nieur d&rsquo;application (m\/f\/d)<\/h3>\n<h6 style=\"text-align: center\">Lieu Ebermannsdorf, illimit\u00e9, exp\u00e9rience professionnelle<\/h6>\n<p>[\/et_pb_text][et_pb_button button_url=\u00a0\u00bbmailto:jobs@haitiangermany.com\u00a0\u00bb button_text=\u00a0\u00bbpostuler\u00a0\u00bb button_alignment=\u00a0\u00bbcenter\u00a0\u00bb _builder_version=\u00a0\u00bb4.23.1&Prime; _module_preset=\u00a0\u00bbdefault\u00a0\u00bb custom_button=\u00a0\u00bbon\u00a0\u00bb background_layout=\u00a0\u00bbdark\u00a0\u00bb custom_margin=\u00a0\u00bb||18px||false|false\u00a0\u00bb custom_padding=\u00a0\u00bb5px||5px||false|false\u00a0\u00bb mix_blend_mode=\u00a0\u00bbsoft-light\u00a0\u00bb locked=\u00a0\u00bboff\u00a0\u00bb global_colors_info=\u00a0\u00bb{}\u00a0\u00bb][\/et_pb_button][\/et_pb_column][\/et_pb_row][\/et_pb_section][et_pb_section fb_built=\u00a0\u00bb1&Prime; _builder_version=\u00a0\u00bb4.23.1&Prime; _module_preset=\u00a0\u00bbdefault\u00a0\u00bb custom_padding=\u00a0\u00bb2px||4px|||\u00a0\u00bb global_colors_info=\u00a0\u00bb{}\u00a0\u00bb][et_pb_row _builder_version=\u00a0\u00bb4.23.1&Prime; _module_preset=\u00a0\u00bbdefault\u00a0\u00bb global_colors_info=\u00a0\u00bb{}\u00a0\u00bb][et_pb_column type=\u00a0\u00bb4_4&Prime; _builder_version=\u00a0\u00bb4.23.1&Prime; _module_preset=\u00a0\u00bbdefault\u00a0\u00bb global_colors_info=\u00a0\u00bb{}\u00a0\u00bb][et_pb_text _builder_version=\u00a0\u00bb4.27.5&Prime; _module_preset=\u00a0\u00bbdefault\u00a0\u00bb text_line_height=\u00a0\u00bb1.8em\u00a0\u00bb hover_enabled=\u00a0\u00bb0&Prime; global_colors_info=\u00a0\u00bb{}\u00a0\u00bb sticky_enabled=\u00a0\u00bb0&Prime;]<\/p>\n<h3>Votre mission<\/h3>\n<p style=\"font-weight: 400\">En tant qu&rsquo;ing\u00e9nieur d&rsquo;application en moulage par injection (m\/f\/d) chez Haitian International Germany GmbH, vous jouerez un r\u00f4le cl\u00e9 en soutenant nos clients \u00e0 travers l&rsquo;Europe avec des solutions avanc\u00e9es de moulage par injection.<br \/>Vous serez responsable de l&rsquo;installation et de la mise en service de nouvelles machines, ainsi que de l&rsquo;analyse, du d\u00e9pannage et de l&rsquo;optimisation des processus directement sur les sites des clients.<br \/>Bas\u00e9 \u00e0 notre si\u00e8ge europ\u00e9en d&rsquo;Ebermannsdorf, vous pr\u00e9parerez et r\u00e9aliserez des essais de machines et des tests d&rsquo;application en collaboration avec nos clients et analyserez les r\u00e9sultats afin de garantir des performances optimales et la stabilit\u00e9 des processus.<br \/>En \u00e9troite collaboration avec les responsables des ventes, les chefs de projet et les partenaires commerciaux dans toute l&rsquo;Europe, vous donnerez des conseils sur l&rsquo;ing\u00e9nierie des processus, la technologie des machines et la s\u00e9lection des mat\u00e9riaux, et coordonnerez les sp\u00e9cifications des machines sp\u00e9cifiques aux clients.<br \/>Vous apporterez \u00e9galement votre soutien \u00e0 notre service de formation en organisant des sessions de formation \u00e0 l&rsquo;intention des clients dans notre centre technique.<br \/>Au sein de l&rsquo;\u00e9quipe Application Technology, vous contribuerez activement \u00e0 la pr\u00e9paration et au suivi des foires commerciales internationales et servirez de point de contact technique pour les clients, les chefs de projet et les partenaires commerciaux lors de ces \u00e9v\u00e9nements.<\/p>\n<h3>Votre profil<\/h3>\n<ul>\n<li>\n<p style=\"font-weight: 400\">Apprentissage r\u00e9ussi de m\u00e9canicien de processus dans la technologie des mati\u00e8res plastiques et du caoutchouc, sp\u00e9cialis\u00e9 dans le moulage par injection, avec plusieurs ann\u00e9es d&rsquo;exp\u00e9rience professionnelle, de pr\u00e9f\u00e9rence avec une formation compl\u00e9mentaire de ma\u00eetre artisan ou de technicien.<\/p>\n<\/li>\n<li>\n<p style=\"font-weight: 400\">Exp\u00e9rience dans le domaine du moulage par injection de mati\u00e8res plastiques (la connaissance des machines, des processus, des outils et des mat\u00e9riaux est essentielle).<\/p>\n<\/li>\n<li>\n<p style=\"font-weight: 400\">Exp\u00e9rience en mati\u00e8re d&rsquo;optimisation des processus et de d\u00e9pannage<\/p>\n<\/li>\n<li>\n<p style=\"font-weight: 400\">Exp\u00e9rience dans l&rsquo;installation de machines de moulage par injection<\/p>\n<\/li>\n<li>Volont\u00e9 de voyager (mod\u00e9r\u00e9ment)<\/li>\n<li>\n<p style=\"font-weight: 400\">Id\u00e9alement, exp\u00e9rience dans la programmation de robots lin\u00e9aires et \u00e0 6 axes<\/p>\n<\/li>\n<li>La connaissance de l&rsquo;ing\u00e9nierie \u00e9lectrique est consid\u00e9r\u00e9e comme un atout<\/li>\n<li>\n<p style=\"font-weight: 400\">Bonne connaissance de l&rsquo;anglais requise<\/p>\n<\/li>\n<li>\n<p style=\"font-weight: 400\">Solides comp\u00e9tences en mati\u00e8re de communication et capacit\u00e9 \u00e0 travailler en \u00e9quipe<\/p>\n<\/li>\n<li>\n<p style=\"font-weight: 400\">Interaction professionnelle avec les clients et les coll\u00e8gues<\/p>\n<\/li>\n<\/ul>\n<h3>Notre offre<\/h3>\n<p style=\"font-weight: 400\">Nous vous offrons un emploi permanent orient\u00e9 vers l&rsquo;avenir au sein d&rsquo;une entreprise tr\u00e8s prosp\u00e8re et en croissance constante. Vous pouvez vous attendre \u00e0 un environnement de travail moderne, \u00e0 des horaires de travail flexibles, \u00e0 de bons avantages sociaux tels qu&rsquo;une cantine gratuite et \u00e0 une excellente ambiance de travail dans un environnement international. <\/p>\n<h3>Votre candidature<\/h3>\n<p>Veuillez nous envoyer votre candidature d\u00e9taill\u00e9e (y compris vos pr\u00e9tentions salariales), en indiquant votre date d&rsquo;entr\u00e9e en fonction la plus proche possible. Nous pr\u00e9f\u00e9rons recevoir votre candidature sous forme num\u00e9rique, soit par le biais de notre formulaire de candidature, soit par courrier \u00e9lectronique. <\/p>\n<p>[\/et_pb_text][et_pb_button button_url=\u00a0\u00bbmailto:jobs@haitiangermany.com\u00a0\u00bb button_text=\u00a0\u00bbpostuler\u00a0\u00bb button_alignment=\u00a0\u00bbleft\u00a0\u00bb _builder_version=\u00a0\u00bb4.23.1&Prime; _module_preset=\u00a0\u00bbdefault\u00a0\u00bb custom_button=\u00a0\u00bbon\u00a0\u00bb background_layout=\u00a0\u00bbdark\u00a0\u00bb custom_margin=\u00a0\u00bb||18px||false|false\u00a0\u00bb custom_padding=\u00a0\u00bb5px||5px||false|false\u00a0\u00bb mix_blend_mode=\u00a0\u00bbsoft-light\u00a0\u00bb locked=\u00a0\u00bboff\u00a0\u00bb global_colors_info=\u00a0\u00bb{}\u00a0\u00bb][\/et_pb_button][\/et_pb_column][\/et_pb_row][et_pb_row _builder_version=\u00a0\u00bb4.23.1&Prime; _module_preset=\u00a0\u00bbdefault\u00a0\u00bb global_colors_info=\u00a0\u00bb{}\u00a0\u00bb][et_pb_column type=\u00a0\u00bb4_4&Prime; _builder_version=\u00a0\u00bb4.23.1&Prime; _module_preset=\u00a0\u00bbdefault\u00a0\u00bb global_colors_info=\u00a0\u00bb{}\u00a0\u00bb][et_pb_text _builder_version=\u00a0\u00bb4.23.1&Prime; _module_preset=\u00a0\u00bbdefault\u00a0\u00bb global_colors_info=\u00a0\u00bb{}\u00a0\u00bb]<\/p>\n<p><a href=\"https:\/\/eu.haitianinter.com\/career\/\">Retour \u00e0 la page carri\u00e8re<\/a><\/p>\n<p>[\/et_pb_text][\/et_pb_column][\/et_pb_row][\/et_pb_section][et_pb_section fb_built=\u00a0\u00bb1&Prime; _builder_version=\u00a0\u00bb4.23.1&Prime; _module_preset=\u00a0\u00bbdefault\u00a0\u00bb global_colors_info=\u00a0\u00bb{}\u00a0\u00bb][\/et_pb_section]<\/p>\n","protected":false},"excerpt":{"rendered":"<p>Ing\u00e9nieur d&rsquo;application moulage par injection m\/f\/d<\/p>\n","protected":false},"author":5,"featured_media":0,"parent":9279,"menu_order":0,"comment_status":"closed","ping_status":"closed","template":"","meta":{"_et_pb_use_builder":"on","_et_pb_old_content":"","_et_gb_content_width":"","footnotes":""},"class_list":["post-14804","page","type-page","status-publish","hentry"],"yoast_head":"<!-- This site is optimized with the Yoast SEO plugin v27.2 - https:\/\/yoast.com\/product\/yoast-seo-wordpress\/ -->\n<title>Ing\u00e9nieur d&#039;application (m\/f\/d) - Haitian International Germany<\/title>\n<meta name=\"robots\" content=\"index, follow, max-snippet:-1, max-image-preview:large, max-video-preview:-1\" \/>\n<link rel=\"canonical\" href=\"https:\/\/eu.haitianinter.com\/fr\/carriere\/ingenieur-dapplication-m-f-d\/\" \/>\n<meta property=\"og:locale\" content=\"fr_FR\" \/>\n<meta property=\"og:type\" content=\"article\" \/>\n<meta property=\"og:title\" content=\"Ing\u00e9nieur d&#039;application (m\/f\/d) - Haitian International Germany\" \/>\n<meta property=\"og:description\" content=\"Ing\u00e9nieur d&#039;application moulage par injection m\/f\/d\" \/>\n<meta property=\"og:url\" content=\"https:\/\/eu.haitianinter.com\/fr\/carriere\/ingenieur-dapplication-m-f-d\/\" \/>\n<meta property=\"og:site_name\" content=\"Haitian International Germany\" \/>\n<meta property=\"article:modified_time\" content=\"2026-05-04T13:08:15+00:00\" \/>\n<meta name=\"twitter:card\" content=\"summary_large_image\" \/>\n<meta name=\"twitter:label1\" content=\"Dur\u00e9e de lecture estim\u00e9e\" \/>\n\t<meta name=\"twitter:data1\" content=\"5 minutes\" \/>\n<script type=\"application\/ld+json\" class=\"yoast-schema-graph\">{\"@context\":\"https:\/\/schema.org\",\"@graph\":[{\"@type\":\"WebPage\",\"@id\":\"https:\/\/eu.haitianinter.com\/fr\/carriere\/ingenieur-dapplication-m-f-d\/\",\"url\":\"https:\/\/eu.haitianinter.com\/fr\/carriere\/ingenieur-dapplication-m-f-d\/\",\"name\":\"Ing\u00e9nieur d'application (m\/f\/d) - Haitian International Germany\",\"isPartOf\":{\"@id\":\"https:\/\/eu.haitianinter.com\/fr\/#website\"},\"datePublished\":\"2024-05-17T14:38:07+00:00\",\"dateModified\":\"2026-05-04T13:08:15+00:00\",\"breadcrumb\":{\"@id\":\"https:\/\/eu.haitianinter.com\/fr\/carriere\/ingenieur-dapplication-m-f-d\/#breadcrumb\"},\"inLanguage\":\"fr-FR\",\"potentialAction\":[{\"@type\":\"ReadAction\",\"target\":[\"https:\/\/eu.haitianinter.com\/fr\/carriere\/ingenieur-dapplication-m-f-d\/\"]}]},{\"@type\":\"BreadcrumbList\",\"@id\":\"https:\/\/eu.haitianinter.com\/fr\/carriere\/ingenieur-dapplication-m-f-d\/#breadcrumb\",\"itemListElement\":[{\"@type\":\"ListItem\",\"position\":1,\"name\":\"Home\",\"item\":\"https:\/\/eu.haitianinter.com\/fr\/?page_id=11302\"},{\"@type\":\"ListItem\",\"position\":2,\"name\":\"Carri\u00e8re\",\"item\":\"https:\/\/eu.haitianinter.com\/fr\/carriere\/\"},{\"@type\":\"ListItem\",\"position\":3,\"name\":\"Ing\u00e9nieur d&#8217;application (m\/f\/d)\"}]},{\"@type\":\"WebSite\",\"@id\":\"https:\/\/eu.haitianinter.com\/fr\/#website\",\"url\":\"https:\/\/eu.haitianinter.com\/fr\/\",\"name\":\"Haitian International Germany\",\"description\":\"We Create and Extend Advantage\",\"potentialAction\":[{\"@type\":\"SearchAction\",\"target\":{\"@type\":\"EntryPoint\",\"urlTemplate\":\"https:\/\/eu.haitianinter.com\/fr\/?s={search_term_string}\"},\"query-input\":{\"@type\":\"PropertyValueSpecification\",\"valueRequired\":true,\"valueName\":\"search_term_string\"}}],\"inLanguage\":\"fr-FR\"}]}<\/script>\n<!-- \/ Yoast SEO plugin. -->","yoast_head_json":{"title":"Ing\u00e9nieur d'application (m\/f\/d) - Haitian International Germany","robots":{"index":"index","follow":"follow","max-snippet":"max-snippet:-1","max-image-preview":"max-image-preview:large","max-video-preview":"max-video-preview:-1"},"canonical":"https:\/\/eu.haitianinter.com\/fr\/carriere\/ingenieur-dapplication-m-f-d\/","og_locale":"fr_FR","og_type":"article","og_title":"Ing\u00e9nieur d'application (m\/f\/d) - Haitian International Germany","og_description":"Ing\u00e9nieur d'application moulage par injection m\/f\/d","og_url":"https:\/\/eu.haitianinter.com\/fr\/carriere\/ingenieur-dapplication-m-f-d\/","og_site_name":"Haitian International Germany","article_modified_time":"2026-05-04T13:08:15+00:00","twitter_card":"summary_large_image","twitter_misc":{"Dur\u00e9e de lecture estim\u00e9e":"5 minutes"},"schema":{"@context":"https:\/\/schema.org","@graph":[{"@type":"WebPage","@id":"https:\/\/eu.haitianinter.com\/fr\/carriere\/ingenieur-dapplication-m-f-d\/","url":"https:\/\/eu.haitianinter.com\/fr\/carriere\/ingenieur-dapplication-m-f-d\/","name":"Ing\u00e9nieur d'application (m\/f\/d) - Haitian International Germany","isPartOf":{"@id":"https:\/\/eu.haitianinter.com\/fr\/#website"},"datePublished":"2024-05-17T14:38:07+00:00","dateModified":"2026-05-04T13:08:15+00:00","breadcrumb":{"@id":"https:\/\/eu.haitianinter.com\/fr\/carriere\/ingenieur-dapplication-m-f-d\/#breadcrumb"},"inLanguage":"fr-FR","potentialAction":[{"@type":"ReadAction","target":["https:\/\/eu.haitianinter.com\/fr\/carriere\/ingenieur-dapplication-m-f-d\/"]}]},{"@type":"BreadcrumbList","@id":"https:\/\/eu.haitianinter.com\/fr\/carriere\/ingenieur-dapplication-m-f-d\/#breadcrumb","itemListElement":[{"@type":"ListItem","position":1,"name":"Home","item":"https:\/\/eu.haitianinter.com\/fr\/?page_id=11302"},{"@type":"ListItem","position":2,"name":"Carri\u00e8re","item":"https:\/\/eu.haitianinter.com\/fr\/carriere\/"},{"@type":"ListItem","position":3,"name":"Ing\u00e9nieur d&#8217;application (m\/f\/d)"}]},{"@type":"WebSite","@id":"https:\/\/eu.haitianinter.com\/fr\/#website","url":"https:\/\/eu.haitianinter.com\/fr\/","name":"Haitian International Germany","description":"We Create and Extend Advantage","potentialAction":[{"@type":"SearchAction","target":{"@type":"EntryPoint","urlTemplate":"https:\/\/eu.haitianinter.com\/fr\/?s={search_term_string}"},"query-input":{"@type":"PropertyValueSpecification","valueRequired":true,"valueName":"search_term_string"}}],"inLanguage":"fr-FR"}]}},"_links":{"self":[{"href":"https:\/\/eu.haitianinter.com\/fr\/wp-json\/wp\/v2\/pages\/14804","targetHints":{"allow":["GET"]}}],"collection":[{"href":"https:\/\/eu.haitianinter.com\/fr\/wp-json\/wp\/v2\/pages"}],"about":[{"href":"https:\/\/eu.haitianinter.com\/fr\/wp-json\/wp\/v2\/types\/page"}],"author":[{"embeddable":true,"href":"https:\/\/eu.haitianinter.com\/fr\/wp-json\/wp\/v2\/users\/5"}],"replies":[{"embeddable":true,"href":"https:\/\/eu.haitianinter.com\/fr\/wp-json\/wp\/v2\/comments?post=14804"}],"version-history":[{"count":2,"href":"https:\/\/eu.haitianinter.com\/fr\/wp-json\/wp\/v2\/pages\/14804\/revisions"}],"predecessor-version":[{"id":14806,"href":"https:\/\/eu.haitianinter.com\/fr\/wp-json\/wp\/v2\/pages\/14804\/revisions\/14806"}],"up":[{"embeddable":true,"href":"https:\/\/eu.haitianinter.com\/fr\/wp-json\/wp\/v2\/pages\/9279"}],"wp:attachment":[{"href":"https:\/\/eu.haitianinter.com\/fr\/wp-json\/wp\/v2\/media?parent=14804"}],"curies":[{"name":"wp","href":"https:\/\/api.w.org\/{rel}","templated":true}]}}