{"id":14814,"date":"2024-03-17T17:20:44","date_gmt":"2024-03-17T16:20:44","guid":{"rendered":"https:\/\/eu.haitianinter.com\/carriere\/junior-sales-cnc-europe-en-anglais\/"},"modified":"2026-05-04T15:26:58","modified_gmt":"2026-05-04T13:26:58","slug":"junior-sales-cnc-europe-en-anglais","status":"publish","type":"page","link":"https:\/\/eu.haitianinter.com\/fr\/carriere\/junior-sales-cnc-europe-en-anglais\/","title":{"rendered":"Junior Sales CNC Europe (en anglais)"},"content":{"rendered":"<p>[et_pb_section fb_built=\u00a0\u00bb1&Prime; fullwidth=\u00a0\u00bbon\u00a0\u00bb module_class=\u00a0\u00bbteaser-image-under-text\u00a0\u00bb _builder_version=\u00a0\u00bb4.22.2&Prime; _module_preset=\u00a0\u00bbdefault\u00a0\u00bb locked=\u00a0\u00bboff\u00a0\u00bb global_colors_info=\u00a0\u00bb{}\u00a0\u00bb][et_pb_fullwidth_header text_orientation=\u00a0\u00bbcenter\u00a0\u00bb header_fullscreen=\u00a0\u00bbon\u00a0\u00bb header_image_url=\u00a0\u00bbhttps:\/\/eu.haitianinter.com\/wp-content\/uploads\/sites\/3\/2024\/03\/Teaser-CNC-job.jpg\u00a0\u00bb image_orientation=\u00a0\u00bbbottom\u00a0\u00bb _builder_version=\u00a0\u00bb4.23.1&Prime; _module_preset=\u00a0\u00bbdefault\u00a0\u00bb background_enable_color=\u00a0\u00bboff\u00a0\u00bb background_layout=\u00a0\u00bblight\u00a0\u00bb global_colors_info=\u00a0\u00bb{}\u00a0\u00bb][\/et_pb_fullwidth_header][\/et_pb_section][et_pb_section fb_built=\u00a0\u00bb1&Prime; _builder_version=\u00a0\u00bb4.23.1&Prime; _module_preset=\u00a0\u00bbdefault\u00a0\u00bb custom_padding=\u00a0\u00bb||4px||false|false\u00a0\u00bb global_colors_info=\u00a0\u00bb{}\u00a0\u00bb][et_pb_row _builder_version=\u00a0\u00bb4.23.1&Prime; _module_preset=\u00a0\u00bbdefault\u00a0\u00bb background_color=\u00a0\u00bbRGBA(255,255,255,0)\u00a0\u00bb custom_padding=\u00a0\u00bb2px|||||\u00a0\u00bb global_colors_info=\u00a0\u00bb{}\u00a0\u00bb][et_pb_column type=\u00a0\u00bb4_4&Prime; _builder_version=\u00a0\u00bb4.23.1&Prime; _module_preset=\u00a0\u00bbdefault\u00a0\u00bb global_colors_info=\u00a0\u00bb{}\u00a0\u00bb][et_pb_image src=\u00a0\u00bbhttps:\/\/eu.haitianinter.com\/wp-content\/uploads\/sites\/3\/2024\/01\/Metal_Golden.png\u00a0\u00bb title_text=\u00a0\u00bbM\u00e9tal dor\u00e9\u00a0\u00bb align=\u00a0\u00bbcenter\u00a0\u00bb _builder_version=\u00a0\u00bb4.23.1&Prime; _module_preset=\u00a0\u00bbdefault\u00a0\u00bb width=\u00a0\u00bb8%\u00a0\u00bb custom_margin=\u00a0\u00bb||10px||false|false\u00a0\u00bb global_colors_info=\u00a0\u00bb{}\u00a0\u00bb][\/et_pb_image][et_pb_text _builder_version=\u00a0\u00bb4.27.2&Prime; _module_preset=\u00a0\u00bbdefault\u00a0\u00bb header_3_font_size=\u00a0\u00bb33px\u00a0\u00bb custom_margin=\u00a0\u00bb||10px||false|false\u00a0\u00bb custom_padding=\u00a0\u00bb||0px||false|false\u00a0\u00bb global_colors_info=\u00a0\u00bb{}\u00a0\u00bb]<\/p>\n<h6 style=\"text-align: center\"><strong>Domaine d&rsquo;activit\u00e9 CNC<\/strong><\/h6>\n<h3 style=\"text-align: center\">Responsable commercial junior pour l&rsquo;Europe (m\/w\/d)<\/h3>\n<h6 style=\"text-align: center\">Lieu Ebermannsdorf, illimit\u00e9, exp\u00e9rience professionnelle<\/h6>\n<p>[\/et_pb_text][et_pb_button button_url=\u00a0\u00bbmailto:career@haitianprecision.eu\u00a0\u00bb button_text=\u00a0\u00bbpostuler\u00a0\u00bb button_alignment=\u00a0\u00bbcenter\u00a0\u00bb _builder_version=\u00a0\u00bb4.27.2&Prime; _module_preset=\u00a0\u00bbdefault\u00a0\u00bb custom_button=\u00a0\u00bbon\u00a0\u00bb background_layout=\u00a0\u00bbdark\u00a0\u00bb custom_margin=\u00a0\u00bb||18px||false|false\u00a0\u00bb custom_padding=\u00a0\u00bb5px||5px||false|false\u00a0\u00bb mix_blend_mode=\u00a0\u00bbsoft-light\u00a0\u00bb hover_enabled=\u00a0\u00bb0&Prime; locked=\u00a0\u00bboff\u00a0\u00bb global_colors_info=\u00a0\u00bb{}\u00a0\u00bb sticky_enabled=\u00a0\u00bb0&Prime;][\/et_pb_button][\/et_pb_column][\/et_pb_row][\/et_pb_section][et_pb_section fb_built=\u00a0\u00bb1&Prime; _builder_version=\u00a0\u00bb4.23.1&Prime; _module_preset=\u00a0\u00bbdefault\u00a0\u00bb custom_padding=\u00a0\u00bb2px||4px|||\u00a0\u00bb global_colors_info=\u00a0\u00bb{}\u00a0\u00bb][et_pb_row column_structure=\u00a0\u00bb1_5,3_5,1_5&Prime; disabled_on=\u00a0\u00bboff|off|off\u00a0\u00bb _builder_version=\u00a0\u00bb4.23.1&Prime; _module_preset=\u00a0\u00bbdefault\u00a0\u00bb custom_padding=\u00a0\u00bb88px|||||\u00a0\u00bb global_colors_info=\u00a0\u00bb{}\u00a0\u00bb][et_pb_column type=\u00a0\u00bb1_5&Prime; _builder_version=\u00a0\u00bb4.23.1&Prime; _module_preset=\u00a0\u00bbdefault\u00a0\u00bb global_colors_info=\u00a0\u00bb{}\u00a0\u00bb][\/et_pb_column][et_pb_column type=\u00a0\u00bb3_5&Prime; _builder_version=\u00a0\u00bb4.23.1&Prime; _module_preset=\u00a0\u00bbdefault\u00a0\u00bb global_colors_info=\u00a0\u00bb{}\u00a0\u00bb][et_pb_text _builder_version=\u00a0\u00bb4.23.1&Prime; _module_preset=\u00a0\u00bbdefault\u00a0\u00bb global_colors_info=\u00a0\u00bb{}\u00a0\u00bb]<\/p>\n<h3 style=\"text-align: center\">L&rsquo;offre d&#8217;emploi concerne notre soci\u00e9t\u00e9 s\u0153ur Haitian Precision Germany, \u00e9galement bas\u00e9e \u00e0 Ebermannsdorf, en Allemagne.<\/h3>\n<p>[\/et_pb_text][\/et_pb_column][et_pb_column type=\u00a0\u00bb1_5&Prime; _builder_version=\u00a0\u00bb4.23.1&Prime; _module_preset=\u00a0\u00bbdefault\u00a0\u00bb global_colors_info=\u00a0\u00bb{}\u00a0\u00bb][\/et_pb_column][\/et_pb_row][et_pb_row _builder_version=\u00a0\u00bb4.23.1&Prime; _module_preset=\u00a0\u00bbdefault\u00a0\u00bb global_colors_info=\u00a0\u00bb{}\u00a0\u00bb][et_pb_column type=\u00a0\u00bb4_4&Prime; _builder_version=\u00a0\u00bb4.23.1&Prime; _module_preset=\u00a0\u00bbdefault\u00a0\u00bb global_colors_info=\u00a0\u00bb{}\u00a0\u00bb][et_pb_text _builder_version=\u00a0\u00bb4.27.2&Prime; _module_preset=\u00a0\u00bbdefault\u00a0\u00bb text_line_height=\u00a0\u00bb1.8em\u00a0\u00bb hover_enabled=\u00a0\u00bb0&Prime; global_colors_info=\u00a0\u00bb{}\u00a0\u00bb sticky_enabled=\u00a0\u00bb0&Prime;]<\/p>\n<div><a href=\"http:\/\/www.haitian-precision.com\" target=\"_blank\" rel=\"noopener\">Haitian Precision<\/a> est un fabricant renomm\u00e9 de machines-outils \u00e0 commande num\u00e9rique et une soci\u00e9t\u00e9 cot\u00e9e en bourse sp\u00e9cialis\u00e9e dans l&rsquo;industrie des machines-outils. Avec des installations de production de pointe en Chine, nous fabriquons une large gamme de machines-outils CNC de haute qualit\u00e9. <\/div>\n<div><\/div>\n<div><\/div>\n<div><\/div>\n<div><\/div>\n<div><\/div>\n<div><\/div>\n<div>En tant que Junior Sales Manager Europe pour notre activit\u00e9 CNC, vous jouerez un r\u00f4le central au sein de notre r\u00e9seau de vente \u00e0 travers l&rsquo;Europe. Vous vous concentrerez sur l&rsquo;\u00e9largissement de notre client\u00e8le, le d\u00e9veloppement de relations solides avec les clients et l&rsquo;identification de nouvelles opportunit\u00e9s commerciales. <\/div>\n<h3><\/h3>\n<h3><\/h3>\n<h3>Vos responsabilit\u00e9s<span> <\/span><\/h3>\n<ul>\n<li>Suivre la strat\u00e9gie de vente de l&rsquo;entreprise pour le march\u00e9 europ\u00e9en dans le domaine des machines CNC, y compris le d\u00e9veloppement et l&rsquo;expansion d&rsquo;un r\u00e9seau de vente, l&rsquo;identification et la recherche de nouvelles opportunit\u00e9s commerciales conformes \u00e0 notre strat\u00e9gie d&rsquo;entreprise.<\/li>\n<li>Promouvoir et pr\u00e9senter notre gamme de produits et de services CNC aux clients<\/li>\n<li>N\u00e9gocier et conclure des contrats avec les clients<\/li>\n<li>Collaborer avec l&rsquo;\u00e9quipe interne sur les demandes de devis (RFQ) et soutenir le processus de vente.<\/li>\n<li>Participer activement aux \u00e9v\u00e9nements, salons et conf\u00e9rences du secteur afin de mieux faire conna\u00eetre l&rsquo;entreprise et d&rsquo;identifier de nouvelles opportunit\u00e9s commerciales.<\/li>\n<li>Travailler en \u00e9troite collaboration avec d&rsquo;autres d\u00e9partements tels que le d\u00e9veloppement de produits, le marketing et le service client\u00e8le afin de fournir une solution centr\u00e9e sur le client et d&rsquo;am\u00e9liorer continuellement l&rsquo;offre de produits.<\/li>\n<li>Planifier et contr\u00f4ler le budget du d\u00e9partement des ventes et rendre compte r\u00e9guli\u00e8rement \u00e0 l&rsquo;\u00e9quipe de direction.<\/li>\n<li>Suivi et compte rendu de la satisfaction des clients et du retour d&rsquo;information sur les projets<\/li>\n<\/ul>\n<h3><\/h3>\n<h3>Votre profil<\/h3>\n<ul>\n<li>Un dipl\u00f4me dans une discipline technique connexe est souhaitable.<\/li>\n<li>Excellentes comp\u00e9tences en mati\u00e8re de communication et ma\u00eetrise de l&rsquo;anglais (indispensable), d&rsquo;autres langues europ\u00e9ennes \u00e9tant un atout.<\/li>\n<li>Solides comp\u00e9tences techniques en mati\u00e8re de vente et de n\u00e9gociation<\/li>\n<li>Comp\u00e9tences av\u00e9r\u00e9es en mati\u00e8re de leadership<\/li>\n<li>Exp\u00e9rience de la mise en place et du d\u00e9veloppement de r\u00e9seaux de vente et des relations avec des clients et des partenaires internationaux.<\/li>\n<li>une bonne connaissance des services de l&rsquo;entreprise et de l&rsquo;industrie des machines \u00e0 commande num\u00e9rique<\/li>\n<li>Capacit\u00e9 \u00e0 travailler sous pression, \u00e0 op\u00e9rer \u00e0 l&rsquo;\u00e9chelle mondiale et \u00e0 travailler efficacement au sein d&rsquo;une \u00e9quipe.<\/li>\n<li>R\u00e9flexion strat\u00e9gique, sens de l&rsquo;initiative et orientation vers les r\u00e9sultats<\/li>\n<li>Au moins 5 ans d&rsquo;exp\u00e9rience dans le domaine technique\/commercial, id\u00e9alement dans la vente ou le d\u00e9veloppement commercial pour une soci\u00e9t\u00e9 de conseil technique.<\/li>\n<\/ul>\n<div><\/div>\n<h3><\/h3>\n<h3>Notre offre<\/h3>\n<div><\/div>\n<ul>\n<li>Un emploi permanent orient\u00e9 vers l&rsquo;avenir<\/li>\n<li>Hi\u00e9rarchies horizontales et travail autonomeFormation intensive adapt\u00e9e \u00e0 vos besoins individuels<\/li>\n<li>Un salaire attractif<\/li>\n<li>Prestations sociales et avantages extral\u00e9gaux<\/li>\n<\/ul>\n<div><\/div>\n<div><\/div>\n<div><\/div>\n<div><\/div>\n<div><\/div>\n<div>Si vous \u00eates un professionnel ambitieux et orient\u00e9 vers les r\u00e9sultats, passionn\u00e9 par la vente et dot\u00e9 d&rsquo;une solide formation technique, nous vous invitons \u00e0 rejoindre l&rsquo;\u00e9quipe dynamique de Haitian Precision. En tant que Junior Sales Manager Europe, vous aurez l&rsquo;opportunit\u00e9 de fa\u00e7onner l&rsquo;avenir de notre activit\u00e9 CNC sur le march\u00e9 europ\u00e9en et de contribuer de mani\u00e8re significative \u00e0 la poursuite de notre succ\u00e8s et de notre croissance. <\/div>\n<div><\/div>\n<div>Si nous avons suscit\u00e9 votre int\u00e9r\u00eat, veuillez envoyer votre candidature d\u00e9taill\u00e9e (y compris vos pr\u00e9tentions salariales), en indiquant votre date de d\u00e9but la plus proche possible, par courrier \u00e9lectronique \u00e0 l&rsquo;adresse suivante : <a href=\"mailto:career@haitianprecision.eu\">career@haitianprecision.eu<\/a>.<\/div>\n<p>[\/et_pb_text][et_pb_button button_url=\u00a0\u00bbmailto:career@haitianprecision.eu\u00a0\u00bb button_text=\u00a0\u00bbpostuler\u00a0\u00bb button_alignment=\u00a0\u00bbleft\u00a0\u00bb _builder_version=\u00a0\u00bb4.27.2&Prime; _module_preset=\u00a0\u00bbdefault\u00a0\u00bb custom_button=\u00a0\u00bbon\u00a0\u00bb background_layout=\u00a0\u00bbdark\u00a0\u00bb custom_margin=\u00a0\u00bb||18px||false|false\u00a0\u00bb custom_padding=\u00a0\u00bb5px||5px||false|false\u00a0\u00bb mix_blend_mode=\u00a0\u00bbsoft-light\u00a0\u00bb hover_enabled=\u00a0\u00bb0&Prime; locked=\u00a0\u00bboff\u00a0\u00bb global_colors_info=\u00a0\u00bb{}\u00a0\u00bb sticky_enabled=\u00a0\u00bb0&Prime;][\/et_pb_button][\/et_pb_column][\/et_pb_row][\/et_pb_section][et_pb_section fb_built=\u00a0\u00bb1&Prime; _builder_version=\u00a0\u00bb4.23.1&Prime; _module_preset=\u00a0\u00bbdefault\u00a0\u00bb custom_padding=\u00a0\u00bb2px|||||\u00a0\u00bb global_colors_info=\u00a0\u00bb{}\u00a0\u00bb][et_pb_row _builder_version=\u00a0\u00bb4.23.1&Prime; _module_preset=\u00a0\u00bbdefault\u00a0\u00bb global_colors_info=\u00a0\u00bb{}\u00a0\u00bb][et_pb_column type=\u00a0\u00bb4_4&Prime; _builder_version=\u00a0\u00bb4.23.1&Prime; _module_preset=\u00a0\u00bbdefault\u00a0\u00bb global_colors_info=\u00a0\u00bb{}\u00a0\u00bb][et_pb_text _builder_version=\u00a0\u00bb4.23.1&Prime; _module_preset=\u00a0\u00bbdefault\u00a0\u00bb global_colors_info=\u00a0\u00bb{}\u00a0\u00bb]<\/p>\n<p><a href=\"https:\/\/eu.haitianinter.com\/fr\/carriere\/\">Retour \u00e0 la page carri\u00e8re<\/a><\/p>\n<p>[\/et_pb_text][\/et_pb_column][\/et_pb_row][\/et_pb_section]<\/p>\n","protected":false},"excerpt":{"rendered":"<p>Domaine d&rsquo;activit\u00e9 CNC Responsable commercial junior pour l&rsquo;Europe (m\/w\/d) Lieu Ebermannsdorf, illimit\u00e9, exp\u00e9rience professionnelleL&rsquo;offre d&#8217;emploi concerne notre soci\u00e9t\u00e9 s\u0153ur Haitian Precision Germany, \u00e9galement bas\u00e9e \u00e0 Ebermannsdorf, en Allemagne.Haitian Precision est un fabricant renomm\u00e9 de machines-outils \u00e0 commande num\u00e9rique et une soci\u00e9t\u00e9 cot\u00e9e en bourse sp\u00e9cialis\u00e9e dans l&rsquo;industrie des machines-outils. Avec des installations de production de [&hellip;]<\/p>\n","protected":false},"author":4,"featured_media":0,"parent":9279,"menu_order":0,"comment_status":"closed","ping_status":"closed","template":"","meta":{"_et_pb_use_builder":"on","_et_pb_old_content":"","_et_gb_content_width":"","footnotes":""},"class_list":["post-14814","page","type-page","status-publish","hentry"],"yoast_head":"<!-- This site is optimized with the Yoast SEO plugin v27.2 - https:\/\/yoast.com\/product\/yoast-seo-wordpress\/ -->\n<title>Junior Sales CNC Europe (en anglais) - Haitian International Germany<\/title>\n<meta name=\"robots\" content=\"index, follow, max-snippet:-1, max-image-preview:large, max-video-preview:-1\" \/>\n<link rel=\"canonical\" href=\"https:\/\/eu.haitianinter.com\/fr\/carriere\/junior-sales-cnc-europe-en-anglais\/\" \/>\n<meta property=\"og:locale\" content=\"fr_FR\" \/>\n<meta property=\"og:type\" content=\"article\" \/>\n<meta property=\"og:title\" content=\"Junior Sales CNC Europe (en anglais) - Haitian International Germany\" \/>\n<meta property=\"og:description\" content=\"Domaine d&#039;activit\u00e9 CNC Responsable commercial junior pour l&#039;Europe (m\/w\/d) Lieu Ebermannsdorf, illimit\u00e9, exp\u00e9rience professionnelleL&#039;offre d&#039;emploi concerne notre soci\u00e9t\u00e9 s\u0153ur Haitian Precision Germany, \u00e9galement bas\u00e9e \u00e0 Ebermannsdorf, en Allemagne.Haitian Precision est un fabricant renomm\u00e9 de machines-outils \u00e0 commande num\u00e9rique et une soci\u00e9t\u00e9 cot\u00e9e en bourse sp\u00e9cialis\u00e9e dans l&#039;industrie des machines-outils. Avec des installations de production de [&hellip;]\" \/>\n<meta property=\"og:url\" content=\"https:\/\/eu.haitianinter.com\/fr\/carriere\/junior-sales-cnc-europe-en-anglais\/\" \/>\n<meta property=\"og:site_name\" content=\"Haitian International Germany\" \/>\n<meta property=\"article:modified_time\" content=\"2026-05-04T13:26:58+00:00\" \/>\n<meta name=\"twitter:card\" content=\"summary_large_image\" \/>\n<meta name=\"twitter:label1\" content=\"Dur\u00e9e de lecture estim\u00e9e\" \/>\n\t<meta name=\"twitter:data1\" content=\"6 minutes\" \/>\n<script type=\"application\/ld+json\" class=\"yoast-schema-graph\">{\"@context\":\"https:\/\/schema.org\",\"@graph\":[{\"@type\":\"WebPage\",\"@id\":\"https:\/\/eu.haitianinter.com\/fr\/carriere\/junior-sales-cnc-europe-en-anglais\/\",\"url\":\"https:\/\/eu.haitianinter.com\/fr\/carriere\/junior-sales-cnc-europe-en-anglais\/\",\"name\":\"Junior Sales CNC Europe (en anglais) - Haitian International Germany\",\"isPartOf\":{\"@id\":\"https:\/\/eu.haitianinter.com\/fr\/#website\"},\"datePublished\":\"2024-03-17T16:20:44+00:00\",\"dateModified\":\"2026-05-04T13:26:58+00:00\",\"breadcrumb\":{\"@id\":\"https:\/\/eu.haitianinter.com\/fr\/carriere\/junior-sales-cnc-europe-en-anglais\/#breadcrumb\"},\"inLanguage\":\"fr-FR\",\"potentialAction\":[{\"@type\":\"ReadAction\",\"target\":[\"https:\/\/eu.haitianinter.com\/fr\/carriere\/junior-sales-cnc-europe-en-anglais\/\"]}]},{\"@type\":\"BreadcrumbList\",\"@id\":\"https:\/\/eu.haitianinter.com\/fr\/carriere\/junior-sales-cnc-europe-en-anglais\/#breadcrumb\",\"itemListElement\":[{\"@type\":\"ListItem\",\"position\":1,\"name\":\"Home\",\"item\":\"https:\/\/eu.haitianinter.com\/fr\/?page_id=11302\"},{\"@type\":\"ListItem\",\"position\":2,\"name\":\"Carri\u00e8re\",\"item\":\"https:\/\/eu.haitianinter.com\/fr\/carriere\/\"},{\"@type\":\"ListItem\",\"position\":3,\"name\":\"Junior Sales CNC Europe (en anglais)\"}]},{\"@type\":\"WebSite\",\"@id\":\"https:\/\/eu.haitianinter.com\/fr\/#website\",\"url\":\"https:\/\/eu.haitianinter.com\/fr\/\",\"name\":\"Haitian International Germany\",\"description\":\"We Create and Extend Advantage\",\"potentialAction\":[{\"@type\":\"SearchAction\",\"target\":{\"@type\":\"EntryPoint\",\"urlTemplate\":\"https:\/\/eu.haitianinter.com\/fr\/?s={search_term_string}\"},\"query-input\":{\"@type\":\"PropertyValueSpecification\",\"valueRequired\":true,\"valueName\":\"search_term_string\"}}],\"inLanguage\":\"fr-FR\"}]}<\/script>\n<!-- \/ Yoast SEO plugin. -->","yoast_head_json":{"title":"Junior Sales CNC Europe (en anglais) - Haitian International Germany","robots":{"index":"index","follow":"follow","max-snippet":"max-snippet:-1","max-image-preview":"max-image-preview:large","max-video-preview":"max-video-preview:-1"},"canonical":"https:\/\/eu.haitianinter.com\/fr\/carriere\/junior-sales-cnc-europe-en-anglais\/","og_locale":"fr_FR","og_type":"article","og_title":"Junior Sales CNC Europe (en anglais) - Haitian International Germany","og_description":"Domaine d'activit\u00e9 CNC Responsable commercial junior pour l'Europe (m\/w\/d) Lieu Ebermannsdorf, illimit\u00e9, exp\u00e9rience professionnelleL'offre d'emploi concerne notre soci\u00e9t\u00e9 s\u0153ur Haitian Precision Germany, \u00e9galement bas\u00e9e \u00e0 Ebermannsdorf, en Allemagne.Haitian Precision est un fabricant renomm\u00e9 de machines-outils \u00e0 commande num\u00e9rique et une soci\u00e9t\u00e9 cot\u00e9e en bourse sp\u00e9cialis\u00e9e dans l'industrie des machines-outils. Avec des installations de production de [&hellip;]","og_url":"https:\/\/eu.haitianinter.com\/fr\/carriere\/junior-sales-cnc-europe-en-anglais\/","og_site_name":"Haitian International Germany","article_modified_time":"2026-05-04T13:26:58+00:00","twitter_card":"summary_large_image","twitter_misc":{"Dur\u00e9e de lecture estim\u00e9e":"6 minutes"},"schema":{"@context":"https:\/\/schema.org","@graph":[{"@type":"WebPage","@id":"https:\/\/eu.haitianinter.com\/fr\/carriere\/junior-sales-cnc-europe-en-anglais\/","url":"https:\/\/eu.haitianinter.com\/fr\/carriere\/junior-sales-cnc-europe-en-anglais\/","name":"Junior Sales CNC Europe (en anglais) - Haitian International Germany","isPartOf":{"@id":"https:\/\/eu.haitianinter.com\/fr\/#website"},"datePublished":"2024-03-17T16:20:44+00:00","dateModified":"2026-05-04T13:26:58+00:00","breadcrumb":{"@id":"https:\/\/eu.haitianinter.com\/fr\/carriere\/junior-sales-cnc-europe-en-anglais\/#breadcrumb"},"inLanguage":"fr-FR","potentialAction":[{"@type":"ReadAction","target":["https:\/\/eu.haitianinter.com\/fr\/carriere\/junior-sales-cnc-europe-en-anglais\/"]}]},{"@type":"BreadcrumbList","@id":"https:\/\/eu.haitianinter.com\/fr\/carriere\/junior-sales-cnc-europe-en-anglais\/#breadcrumb","itemListElement":[{"@type":"ListItem","position":1,"name":"Home","item":"https:\/\/eu.haitianinter.com\/fr\/?page_id=11302"},{"@type":"ListItem","position":2,"name":"Carri\u00e8re","item":"https:\/\/eu.haitianinter.com\/fr\/carriere\/"},{"@type":"ListItem","position":3,"name":"Junior Sales CNC Europe (en anglais)"}]},{"@type":"WebSite","@id":"https:\/\/eu.haitianinter.com\/fr\/#website","url":"https:\/\/eu.haitianinter.com\/fr\/","name":"Haitian International Germany","description":"We Create and Extend Advantage","potentialAction":[{"@type":"SearchAction","target":{"@type":"EntryPoint","urlTemplate":"https:\/\/eu.haitianinter.com\/fr\/?s={search_term_string}"},"query-input":{"@type":"PropertyValueSpecification","valueRequired":true,"valueName":"search_term_string"}}],"inLanguage":"fr-FR"}]}},"_links":{"self":[{"href":"https:\/\/eu.haitianinter.com\/fr\/wp-json\/wp\/v2\/pages\/14814","targetHints":{"allow":["GET"]}}],"collection":[{"href":"https:\/\/eu.haitianinter.com\/fr\/wp-json\/wp\/v2\/pages"}],"about":[{"href":"https:\/\/eu.haitianinter.com\/fr\/wp-json\/wp\/v2\/types\/page"}],"author":[{"embeddable":true,"href":"https:\/\/eu.haitianinter.com\/fr\/wp-json\/wp\/v2\/users\/4"}],"replies":[{"embeddable":true,"href":"https:\/\/eu.haitianinter.com\/fr\/wp-json\/wp\/v2\/comments?post=14814"}],"version-history":[{"count":2,"href":"https:\/\/eu.haitianinter.com\/fr\/wp-json\/wp\/v2\/pages\/14814\/revisions"}],"predecessor-version":[{"id":14816,"href":"https:\/\/eu.haitianinter.com\/fr\/wp-json\/wp\/v2\/pages\/14814\/revisions\/14816"}],"up":[{"embeddable":true,"href":"https:\/\/eu.haitianinter.com\/fr\/wp-json\/wp\/v2\/pages\/9279"}],"wp:attachment":[{"href":"https:\/\/eu.haitianinter.com\/fr\/wp-json\/wp\/v2\/media?parent=14814"}],"curies":[{"name":"wp","href":"https:\/\/api.w.org\/{rel}","templated":true}]}}