{"id":14817,"date":"2025-02-06T14:52:14","date_gmt":"2025-02-06T13:52:14","guid":{"rendered":"https:\/\/eu.haitianinter.com\/carriere\/employe-logistique-expedition-m-f-d\/"},"modified":"2026-05-07T09:35:53","modified_gmt":"2026-05-07T07:35:53","slug":"employe-logistique-expedition-m-f-d","status":"publish","type":"page","link":"https:\/\/eu.haitianinter.com\/fr\/carriere\/employe-logistique-expedition-m-f-d\/","title":{"rendered":"Employ\u00e9 logistique \/ exp\u00e9dition (m\/f\/d)"},"content":{"rendered":"<p>[et_pb_section fb_built=\u00a0\u00bb1&Prime; _builder_version=\u00a0\u00bb4.23.1&Prime; _module_preset=\u00a0\u00bbdefault\u00a0\u00bb custom_padding=\u00a0\u00bb||4px||false|false\u00a0\u00bb global_colors_info=\u00a0\u00bb{}\u00a0\u00bb][et_pb_row _builder_version=\u00a0\u00bb4.23.1&Prime; _module_preset=\u00a0\u00bbdefault\u00a0\u00bb global_colors_info=\u00a0\u00bb{}\u00a0\u00bb][et_pb_column type=\u00a0\u00bb4_4&Prime; _builder_version=\u00a0\u00bb4.23.1&Prime; _module_preset=\u00a0\u00bbdefault\u00a0\u00bb global_colors_info=\u00a0\u00bb{}\u00a0\u00bb][et_pb_image src=\u00a0\u00bbhttps:\/\/eu.haitianinter.com\/wp-content\/uploads\/sites\/3\/2024\/01\/HTI_Golden.png\u00a0\u00bb title_text=\u00a0\u00bbHTI Golden\u00a0\u00bb align=\u00a0\u00bbcenter\u00a0\u00bb _builder_version=\u00a0\u00bb4.27.5&Prime; _module_preset=\u00a0\u00bbdefault\u00a0\u00bb width=\u00a0\u00bb8%\u00a0\u00bb custom_margin=\u00a0\u00bb||10px||false|false\u00a0\u00bb global_colors_info=\u00a0\u00bb{}\u00a0\u00bb][\/et_pb_image][et_pb_text _builder_version=\u00a0\u00bb4.27.5&Prime; _module_preset=\u00a0\u00bbdefault\u00a0\u00bb header_3_font_size=\u00a0\u00bb33px\u00a0\u00bb custom_margin=\u00a0\u00bb||12px|||\u00a0\u00bb global_colors_info=\u00a0\u00bb{}\u00a0\u00bb]<\/p>\n<h6 style=\"text-align: center\"><strong>Presses \u00e0 injecter<\/strong><\/h6>\n<h3 style=\"text-align: center\">Employ\u00e9 logistique\/exp\u00e9dition \u00e0 temps plein (m\/f\/d)<\/h3>\n<h6 style=\"text-align: center\">Lieu Ebermannsdorf, Poste permanent, exp\u00e9rience professionnelle requise<\/h6>\n<p>[\/et_pb_text][et_pb_button button_url=\u00a0\u00bbmailto:jobs@haitiangermany.com\u00a0\u00bb button_text=\u00a0\u00bbPostulez maintenant\u00a0\u00bb button_alignment=\u00a0\u00bbcenter\u00a0\u00bb _builder_version=\u00a0\u00bb4.27.5&Prime; _module_preset=\u00a0\u00bbdefault\u00a0\u00bb custom_button=\u00a0\u00bbon\u00a0\u00bb background_layout=\u00a0\u00bbdark\u00a0\u00bb custom_margin=\u00a0\u00bb||18px||false|false\u00a0\u00bb custom_padding=\u00a0\u00bb5px||5px||false|false\u00a0\u00bb mix_blend_mode=\u00a0\u00bbsoft-light\u00a0\u00bb locked=\u00a0\u00bboff\u00a0\u00bb global_colors_info=\u00a0\u00bb{}\u00a0\u00bb][\/et_pb_button][\/et_pb_column][\/et_pb_row][\/et_pb_section][et_pb_section fb_built=\u00a0\u00bb1&Prime; _builder_version=\u00a0\u00bb4.23.1&Prime; _module_preset=\u00a0\u00bbdefault\u00a0\u00bb custom_padding=\u00a0\u00bb2px||4px|||\u00a0\u00bb global_colors_info=\u00a0\u00bb{}\u00a0\u00bb][et_pb_row _builder_version=\u00a0\u00bb4.23.1&Prime; _module_preset=\u00a0\u00bbdefault\u00a0\u00bb global_colors_info=\u00a0\u00bb{}\u00a0\u00bb][et_pb_column type=\u00a0\u00bb4_4&Prime; _builder_version=\u00a0\u00bb4.23.1&Prime; _module_preset=\u00a0\u00bbdefault\u00a0\u00bb global_colors_info=\u00a0\u00bb{}\u00a0\u00bb][et_pb_text _builder_version=\u00a0\u00bb4.27.5&Prime; _module_preset=\u00a0\u00bbdefault\u00a0\u00bb text_line_height=\u00a0\u00bb1.8em\u00a0\u00bb global_colors_info=\u00a0\u00bb{}\u00a0\u00bb]<\/p>\n<h3>Vos t\u00e2ches<\/h3>\n<ul>\n<li>\n<div>Pilotage des flux de transport en lien avec nos prestataires logistiques pour assurer le respect des d\u00e9lais d&rsquo;exp\u00e9dition en France et \u00e0 l&rsquo;international<\/div>\n<\/li>\n<li>\n<div>Coordination interne avec les services de production et de vente pour l&rsquo;ex\u00e9cution des commandes<\/div>\n<\/li>\n<li>\n<div>Attribution des ordres de transport aux transitaires conform\u00e9ment aux accords-cadres<\/div>\n<\/li>\n<li>\n<div>Gestion de l&rsquo;envoi de pi\u00e8ces d\u00e9tach\u00e9es de machines par des transitaires ou des prestataires de services CEP<\/div>\n<\/li>\n<li>\n<div>Pr\u00e9paration des documents de commission et d&rsquo;exp\u00e9dition<\/div>\n<\/li>\n<li>\n<div>Planifier et traiter les op\u00e9rations d&rsquo;importation et d&rsquo;exportation conform\u00e9ment aux directives applicables en mati\u00e8re de d\u00e9douanement et de commerce ext\u00e9rieur.<\/div>\n<\/li>\n<li>\n<div>Contr\u00f4le de la manutention des camions dans les locaux de l&rsquo;entreprise<\/div>\n<\/li>\n<li>\n<div>\u00c9valuation r\u00e9guli\u00e8re des chiffres cl\u00e9s d\u00e9finis pour la logistique, ainsi que pr\u00e9paration et communication des statistiques Intrastat<\/div>\n<\/li>\n<\/ul>\n<h3>Votre profil<\/h3>\n<ul>\n<li>Vous avez suivi avec succ\u00e8s une formation d&rsquo;agent de fret et de logistique, une formation commerciale dans le domaine de la logistique ou une formation comparable.<\/li>\n<li>Id\u00e9alement, vous avez plusieurs ann\u00e9es d&rsquo;exp\u00e9rience professionnelle dans le domaine de l&rsquo;ordonnancement et de la logistique.<\/li>\n<li>Vous avez des connaissances en mati\u00e8re de droits de douane et d&rsquo;exportation<\/li>\n<li>Vous avez de l&rsquo;exp\u00e9rience dans l&rsquo;utilisation des syst\u00e8mes ERP et des applications MS Office.<\/li>\n<li>Vous \u00eates rapide et capable d&rsquo;\u00e9valuer de nouvelles situations avec assurance et d&rsquo;organiser votre routine quotidienne en fonction des priorit\u00e9s.<\/li>\n<li>Une bonne connaissance de l&rsquo;anglais \u00e9crit et parl\u00e9 compl\u00e8te votre profil.<\/li>\n<\/ul>\n<h3>Ce que nous offrons<\/h3>\n<p>Nous vous offrons un emploi s\u00fbr et permanent dans une entreprise tr\u00e8s performante et en croissance constante. Vous pouvez vous attendre \u00e0 un environnement de travail moderne, \u00e0 des horaires de travail flexibles, \u00e0 de bons avantages sociaux tels qu&rsquo;une cantine gratuite et \u00e0 une excellente ambiance de travail dans un environnement international. <\/p>\n<p><strong>Avons-nous \u00e9veill\u00e9 votre int\u00e9r\u00eat ?<\/strong><\/p>\n<p>Dans ce cas, veuillez envoyer votre candidature d\u00e9taill\u00e9e, y compris vos pr\u00e9tentions salariales et votre date d&rsquo;entr\u00e9e en fonction la plus proche possible, de pr\u00e9f\u00e9rence par courrier \u00e9lectronique, \u00e0 l&rsquo;adresse suivante<\/p>\n<div><a href=\"mailto:Jobs@haitiangermany.com\">Jobs@haitiangermany.com<\/a><\/div>\n<p>[\/et_pb_text][et_pb_button button_url=\u00a0\u00bbmailto:jobs@haitiangermany.com\u00a0\u00bb button_text=\u00a0\u00bbPostulez maintenant\u00a0\u00bb button_alignment=\u00a0\u00bbleft\u00a0\u00bb _builder_version=\u00a0\u00bb4.27.5&Prime; _module_preset=\u00a0\u00bbdefault\u00a0\u00bb custom_button=\u00a0\u00bbon\u00a0\u00bb background_layout=\u00a0\u00bbdark\u00a0\u00bb custom_margin=\u00a0\u00bb||18px||false|false\u00a0\u00bb custom_padding=\u00a0\u00bb5px||5px||false|false\u00a0\u00bb mix_blend_mode=\u00a0\u00bbsoft-light\u00a0\u00bb locked=\u00a0\u00bboff\u00a0\u00bb global_colors_info=\u00a0\u00bb{}\u00a0\u00bb][\/et_pb_button][\/et_pb_column][\/et_pb_row][et_pb_row _builder_version=\u00a0\u00bb4.23.1&Prime; _module_preset=\u00a0\u00bbdefault\u00a0\u00bb global_colors_info=\u00a0\u00bb{}\u00a0\u00bb][et_pb_column type=\u00a0\u00bb4_4&Prime; _builder_version=\u00a0\u00bb4.23.1&Prime; _module_preset=\u00a0\u00bbdefault\u00a0\u00bb global_colors_info=\u00a0\u00bb{}\u00a0\u00bb][et_pb_text _builder_version=\u00a0\u00bb4.27.5&Prime; _module_preset=\u00a0\u00bbdefault\u00a0\u00bb global_colors_info=\u00a0\u00bb{}\u00a0\u00bb]<a href=\"https:\/\/eu.haitianinter.com\/career\/\">Toutes les offres d&#8217;emploi<\/a>[\/et_pb_text][\/et_pb_column][\/et_pb_row][\/et_pb_section][et_pb_section fb_built=\u00a0\u00bb1&Prime; _builder_version=\u00a0\u00bb4.23.1&Prime; _module_preset=\u00a0\u00bbdefault\u00a0\u00bb global_colors_info=\u00a0\u00bb{}\u00a0\u00bb][\/et_pb_section]<\/p>\n","protected":false},"excerpt":{"rendered":"<p>Employ\u00e9 logistique \/ exp\u00e9dition (m\/f\/d)<\/p>\n","protected":false},"author":5,"featured_media":0,"parent":9279,"menu_order":0,"comment_status":"closed","ping_status":"closed","template":"","meta":{"_et_pb_use_builder":"on","_et_pb_old_content":"","_et_gb_content_width":"","footnotes":""},"class_list":["post-14817","page","type-page","status-publish","hentry"],"yoast_head":"<!-- This site is optimized with the Yoast SEO plugin v27.2 - https:\/\/yoast.com\/product\/yoast-seo-wordpress\/ -->\n<title>Employ\u00e9 logistique \/ exp\u00e9dition (m\/f\/d) - Haitian International Germany<\/title>\n<meta name=\"description\" content=\"Mitarbeiter Logistik \/ Disposition (m\/w\/d) bei Haitian International\" \/>\n<meta name=\"robots\" content=\"index, follow, max-snippet:-1, max-image-preview:large, max-video-preview:-1\" \/>\n<link rel=\"canonical\" href=\"https:\/\/eu.haitianinter.com\/fr\/carriere\/employe-logistique-expedition-m-f-d\/\" \/>\n<meta property=\"og:locale\" content=\"fr_FR\" \/>\n<meta property=\"og:type\" content=\"article\" \/>\n<meta property=\"og:title\" content=\"Employ\u00e9 logistique \/ exp\u00e9dition (m\/f\/d) - Haitian International Germany\" \/>\n<meta property=\"og:description\" content=\"Mitarbeiter Logistik \/ Disposition (m\/w\/d) bei Haitian International\" \/>\n<meta property=\"og:url\" content=\"https:\/\/eu.haitianinter.com\/fr\/carriere\/employe-logistique-expedition-m-f-d\/\" \/>\n<meta property=\"og:site_name\" content=\"Haitian International Germany\" \/>\n<meta property=\"article:modified_time\" content=\"2026-05-07T07:35:53+00:00\" \/>\n<meta name=\"twitter:card\" content=\"summary_large_image\" \/>\n<meta name=\"twitter:label1\" content=\"Dur\u00e9e de lecture estim\u00e9e\" \/>\n\t<meta name=\"twitter:data1\" content=\"4 minutes\" \/>\n<script type=\"application\/ld+json\" class=\"yoast-schema-graph\">{\"@context\":\"https:\/\/schema.org\",\"@graph\":[{\"@type\":\"WebPage\",\"@id\":\"https:\/\/eu.haitianinter.com\/fr\/carriere\/employe-logistique-expedition-m-f-d\/\",\"url\":\"https:\/\/eu.haitianinter.com\/fr\/carriere\/employe-logistique-expedition-m-f-d\/\",\"name\":\"Employ\u00e9 logistique \/ exp\u00e9dition (m\/f\/d) - Haitian International Germany\",\"isPartOf\":{\"@id\":\"https:\/\/eu.haitianinter.com\/fr\/#website\"},\"datePublished\":\"2025-02-06T13:52:14+00:00\",\"dateModified\":\"2026-05-07T07:35:53+00:00\",\"description\":\"Mitarbeiter Logistik \/ Disposition (m\/w\/d) bei Haitian International\",\"breadcrumb\":{\"@id\":\"https:\/\/eu.haitianinter.com\/fr\/carriere\/employe-logistique-expedition-m-f-d\/#breadcrumb\"},\"inLanguage\":\"fr-FR\",\"potentialAction\":[{\"@type\":\"ReadAction\",\"target\":[\"https:\/\/eu.haitianinter.com\/fr\/carriere\/employe-logistique-expedition-m-f-d\/\"]}]},{\"@type\":\"BreadcrumbList\",\"@id\":\"https:\/\/eu.haitianinter.com\/fr\/carriere\/employe-logistique-expedition-m-f-d\/#breadcrumb\",\"itemListElement\":[{\"@type\":\"ListItem\",\"position\":1,\"name\":\"Home\",\"item\":\"https:\/\/eu.haitianinter.com\/fr\/?page_id=11302\"},{\"@type\":\"ListItem\",\"position\":2,\"name\":\"Carri\u00e8re\",\"item\":\"https:\/\/eu.haitianinter.com\/fr\/carriere\/\"},{\"@type\":\"ListItem\",\"position\":3,\"name\":\"Employ\u00e9 logistique \/ exp\u00e9dition (m\/f\/d)\"}]},{\"@type\":\"WebSite\",\"@id\":\"https:\/\/eu.haitianinter.com\/fr\/#website\",\"url\":\"https:\/\/eu.haitianinter.com\/fr\/\",\"name\":\"Haitian International Germany\",\"description\":\"We Create and Extend Advantage\",\"potentialAction\":[{\"@type\":\"SearchAction\",\"target\":{\"@type\":\"EntryPoint\",\"urlTemplate\":\"https:\/\/eu.haitianinter.com\/fr\/?s={search_term_string}\"},\"query-input\":{\"@type\":\"PropertyValueSpecification\",\"valueRequired\":true,\"valueName\":\"search_term_string\"}}],\"inLanguage\":\"fr-FR\"}]}<\/script>\n<!-- \/ Yoast SEO plugin. -->","yoast_head_json":{"title":"Employ\u00e9 logistique \/ exp\u00e9dition (m\/f\/d) - Haitian International Germany","description":"Mitarbeiter Logistik \/ Disposition (m\/w\/d) bei Haitian International","robots":{"index":"index","follow":"follow","max-snippet":"max-snippet:-1","max-image-preview":"max-image-preview:large","max-video-preview":"max-video-preview:-1"},"canonical":"https:\/\/eu.haitianinter.com\/fr\/carriere\/employe-logistique-expedition-m-f-d\/","og_locale":"fr_FR","og_type":"article","og_title":"Employ\u00e9 logistique \/ exp\u00e9dition (m\/f\/d) - Haitian International Germany","og_description":"Mitarbeiter Logistik \/ Disposition (m\/w\/d) bei Haitian International","og_url":"https:\/\/eu.haitianinter.com\/fr\/carriere\/employe-logistique-expedition-m-f-d\/","og_site_name":"Haitian International Germany","article_modified_time":"2026-05-07T07:35:53+00:00","twitter_card":"summary_large_image","twitter_misc":{"Dur\u00e9e de lecture estim\u00e9e":"4 minutes"},"schema":{"@context":"https:\/\/schema.org","@graph":[{"@type":"WebPage","@id":"https:\/\/eu.haitianinter.com\/fr\/carriere\/employe-logistique-expedition-m-f-d\/","url":"https:\/\/eu.haitianinter.com\/fr\/carriere\/employe-logistique-expedition-m-f-d\/","name":"Employ\u00e9 logistique \/ exp\u00e9dition (m\/f\/d) - Haitian International Germany","isPartOf":{"@id":"https:\/\/eu.haitianinter.com\/fr\/#website"},"datePublished":"2025-02-06T13:52:14+00:00","dateModified":"2026-05-07T07:35:53+00:00","description":"Mitarbeiter Logistik \/ Disposition (m\/w\/d) bei Haitian International","breadcrumb":{"@id":"https:\/\/eu.haitianinter.com\/fr\/carriere\/employe-logistique-expedition-m-f-d\/#breadcrumb"},"inLanguage":"fr-FR","potentialAction":[{"@type":"ReadAction","target":["https:\/\/eu.haitianinter.com\/fr\/carriere\/employe-logistique-expedition-m-f-d\/"]}]},{"@type":"BreadcrumbList","@id":"https:\/\/eu.haitianinter.com\/fr\/carriere\/employe-logistique-expedition-m-f-d\/#breadcrumb","itemListElement":[{"@type":"ListItem","position":1,"name":"Home","item":"https:\/\/eu.haitianinter.com\/fr\/?page_id=11302"},{"@type":"ListItem","position":2,"name":"Carri\u00e8re","item":"https:\/\/eu.haitianinter.com\/fr\/carriere\/"},{"@type":"ListItem","position":3,"name":"Employ\u00e9 logistique \/ exp\u00e9dition (m\/f\/d)"}]},{"@type":"WebSite","@id":"https:\/\/eu.haitianinter.com\/fr\/#website","url":"https:\/\/eu.haitianinter.com\/fr\/","name":"Haitian International Germany","description":"We Create and Extend Advantage","potentialAction":[{"@type":"SearchAction","target":{"@type":"EntryPoint","urlTemplate":"https:\/\/eu.haitianinter.com\/fr\/?s={search_term_string}"},"query-input":{"@type":"PropertyValueSpecification","valueRequired":true,"valueName":"search_term_string"}}],"inLanguage":"fr-FR"}]}},"_links":{"self":[{"href":"https:\/\/eu.haitianinter.com\/fr\/wp-json\/wp\/v2\/pages\/14817","targetHints":{"allow":["GET"]}}],"collection":[{"href":"https:\/\/eu.haitianinter.com\/fr\/wp-json\/wp\/v2\/pages"}],"about":[{"href":"https:\/\/eu.haitianinter.com\/fr\/wp-json\/wp\/v2\/types\/page"}],"author":[{"embeddable":true,"href":"https:\/\/eu.haitianinter.com\/fr\/wp-json\/wp\/v2\/users\/5"}],"replies":[{"embeddable":true,"href":"https:\/\/eu.haitianinter.com\/fr\/wp-json\/wp\/v2\/comments?post=14817"}],"version-history":[{"count":5,"href":"https:\/\/eu.haitianinter.com\/fr\/wp-json\/wp\/v2\/pages\/14817\/revisions"}],"predecessor-version":[{"id":15034,"href":"https:\/\/eu.haitianinter.com\/fr\/wp-json\/wp\/v2\/pages\/14817\/revisions\/15034"}],"up":[{"embeddable":true,"href":"https:\/\/eu.haitianinter.com\/fr\/wp-json\/wp\/v2\/pages\/9279"}],"wp:attachment":[{"href":"https:\/\/eu.haitianinter.com\/fr\/wp-json\/wp\/v2\/media?parent=14817"}],"curies":[{"name":"wp","href":"https:\/\/api.w.org\/{rel}","templated":true}]}}