{"id":14953,"date":"2024-02-20T14:26:45","date_gmt":"2024-02-20T13:26:45","guid":{"rendered":"https:\/\/eu.haitianinter.com\/service-2\/formation\/reservation\/"},"modified":"2026-05-06T09:31:31","modified_gmt":"2026-05-06T07:31:31","slug":"reservation","status":"publish","type":"page","link":"https:\/\/eu.haitianinter.com\/fr\/service-2\/formation\/reservation\/","title":{"rendered":"R\u00e9servation"},"content":{"rendered":"<p>[et_pb_section fb_built=\u00a0\u00bb1&Prime; _builder_version=\u00a0\u00bb4.23.1&Prime; _module_preset=\u00a0\u00bbdefault\u00a0\u00bb global_colors_info=\u00a0\u00bb{}\u00a0\u00bb][et_pb_row _builder_version=\u00a0\u00bb4.23.1&Prime; _module_preset=\u00a0\u00bbdefault\u00a0\u00bb global_colors_info=\u00a0\u00bb{}\u00a0\u00bb][et_pb_column type=\u00a0\u00bb4_4&Prime; _builder_version=\u00a0\u00bb4.23.1&Prime; _module_preset=\u00a0\u00bbdefault\u00a0\u00bb global_colors_info=\u00a0\u00bb{}\u00a0\u00bb][et_pb_code disabled_on=\u00a0\u00bboff|off|off\u00a0\u00bb _builder_version=\u00a0\u00bb4.25.2&Prime; _module_preset=\u00a0\u00bbdefault\u00a0\u00bb hover_enabled=\u00a0\u00bb0&Prime; global_colors_info=\u00a0\u00bb{}\u00a0\u00bb sticky_enabled=\u00a0\u00bb0&Prime;][\/et_pb_code][\/et_pb_column][\/et_pb_row][\/et_pb_section]<\/p>\n","protected":false},"excerpt":{"rendered":"\n","protected":false},"author":3,"featured_media":0,"parent":14787,"menu_order":0,"comment_status":"closed","ping_status":"closed","template":"custom-template-menu-dark-no-background.php","meta":{"_et_pb_use_builder":"on","_et_pb_old_content":"","_et_gb_content_width":"","footnotes":""},"class_list":["post-14953","page","type-page","status-publish","hentry"],"yoast_head":"<!-- This site is optimized with the Yoast SEO plugin v27.2 - https:\/\/yoast.com\/product\/yoast-seo-wordpress\/ -->\n<title>R\u00e9servation - Haitian International Germany<\/title>\n<meta name=\"description\" content=\"Cours de base et de perfectionnement gratuits pour nos clients, individuellement ou en groupe. Exercices pratiques sur les s\u00e9ries Mars, Jupiter, V\u00e9nus et Z\u00e9r\u00e8s.\" \/>\n<meta name=\"robots\" content=\"index, follow, max-snippet:-1, max-image-preview:large, max-video-preview:-1\" \/>\n<link rel=\"canonical\" href=\"https:\/\/eu.haitianinter.com\/fr\/service-2\/formation\/reservation\/\" \/>\n<meta property=\"og:locale\" content=\"fr_FR\" \/>\n<meta property=\"og:type\" content=\"article\" \/>\n<meta property=\"og:title\" content=\"R\u00e9servation - Haitian International Germany\" \/>\n<meta property=\"og:description\" content=\"Cours de base et de perfectionnement gratuits pour nos clients, individuellement ou en groupe. Exercices pratiques sur les s\u00e9ries Mars, Jupiter, V\u00e9nus et Z\u00e9r\u00e8s.\" \/>\n<meta property=\"og:url\" content=\"https:\/\/eu.haitianinter.com\/fr\/service-2\/formation\/reservation\/\" \/>\n<meta property=\"og:site_name\" content=\"Haitian International Germany\" \/>\n<meta property=\"article:modified_time\" content=\"2026-05-06T07:31:31+00:00\" \/>\n<meta name=\"twitter:card\" content=\"summary_large_image\" \/>\n<script type=\"application\/ld+json\" class=\"yoast-schema-graph\">{\"@context\":\"https:\/\/schema.org\",\"@graph\":[{\"@type\":\"WebPage\",\"@id\":\"https:\/\/eu.haitianinter.com\/fr\/service-2\/formation\/reservation\/\",\"url\":\"https:\/\/eu.haitianinter.com\/fr\/service-2\/formation\/reservation\/\",\"name\":\"R\u00e9servation - Haitian International Germany\",\"isPartOf\":{\"@id\":\"https:\/\/eu.haitianinter.com\/fr\/#website\"},\"datePublished\":\"2024-02-20T13:26:45+00:00\",\"dateModified\":\"2026-05-06T07:31:31+00:00\",\"description\":\"Cours de base et de perfectionnement gratuits pour nos clients, individuellement ou en groupe. Exercices pratiques sur les s\u00e9ries Mars, Jupiter, V\u00e9nus et Z\u00e9r\u00e8s.\",\"breadcrumb\":{\"@id\":\"https:\/\/eu.haitianinter.com\/fr\/service-2\/formation\/reservation\/#breadcrumb\"},\"inLanguage\":\"fr-FR\",\"potentialAction\":[{\"@type\":\"ReadAction\",\"target\":[\"https:\/\/eu.haitianinter.com\/fr\/service-2\/formation\/reservation\/\"]}]},{\"@type\":\"BreadcrumbList\",\"@id\":\"https:\/\/eu.haitianinter.com\/fr\/service-2\/formation\/reservation\/#breadcrumb\",\"itemListElement\":[{\"@type\":\"ListItem\",\"position\":1,\"name\":\"Home\",\"item\":\"https:\/\/eu.haitianinter.com\/fr\/?page_id=11302\"},{\"@type\":\"ListItem\",\"position\":2,\"name\":\"Service\",\"item\":\"https:\/\/eu.haitianinter.com\/fr\/service-2\/\"},{\"@type\":\"ListItem\",\"position\":3,\"name\":\"Formation\",\"item\":\"https:\/\/eu.haitianinter.com\/fr\/service-2\/formation\/\"},{\"@type\":\"ListItem\",\"position\":4,\"name\":\"R\u00e9servation\"}]},{\"@type\":\"WebSite\",\"@id\":\"https:\/\/eu.haitianinter.com\/fr\/#website\",\"url\":\"https:\/\/eu.haitianinter.com\/fr\/\",\"name\":\"Haitian International Germany\",\"description\":\"We Create and Extend Advantage\",\"potentialAction\":[{\"@type\":\"SearchAction\",\"target\":{\"@type\":\"EntryPoint\",\"urlTemplate\":\"https:\/\/eu.haitianinter.com\/fr\/?s={search_term_string}\"},\"query-input\":{\"@type\":\"PropertyValueSpecification\",\"valueRequired\":true,\"valueName\":\"search_term_string\"}}],\"inLanguage\":\"fr-FR\"}]}<\/script>\n<!-- \/ Yoast SEO plugin. -->","yoast_head_json":{"title":"R\u00e9servation - Haitian International Germany","description":"Cours de base et de perfectionnement gratuits pour nos clients, individuellement ou en groupe. Exercices pratiques sur les s\u00e9ries Mars, Jupiter, V\u00e9nus et Z\u00e9r\u00e8s.","robots":{"index":"index","follow":"follow","max-snippet":"max-snippet:-1","max-image-preview":"max-image-preview:large","max-video-preview":"max-video-preview:-1"},"canonical":"https:\/\/eu.haitianinter.com\/fr\/service-2\/formation\/reservation\/","og_locale":"fr_FR","og_type":"article","og_title":"R\u00e9servation - Haitian International Germany","og_description":"Cours de base et de perfectionnement gratuits pour nos clients, individuellement ou en groupe. Exercices pratiques sur les s\u00e9ries Mars, Jupiter, V\u00e9nus et Z\u00e9r\u00e8s.","og_url":"https:\/\/eu.haitianinter.com\/fr\/service-2\/formation\/reservation\/","og_site_name":"Haitian International Germany","article_modified_time":"2026-05-06T07:31:31+00:00","twitter_card":"summary_large_image","schema":{"@context":"https:\/\/schema.org","@graph":[{"@type":"WebPage","@id":"https:\/\/eu.haitianinter.com\/fr\/service-2\/formation\/reservation\/","url":"https:\/\/eu.haitianinter.com\/fr\/service-2\/formation\/reservation\/","name":"R\u00e9servation - Haitian International Germany","isPartOf":{"@id":"https:\/\/eu.haitianinter.com\/fr\/#website"},"datePublished":"2024-02-20T13:26:45+00:00","dateModified":"2026-05-06T07:31:31+00:00","description":"Cours de base et de perfectionnement gratuits pour nos clients, individuellement ou en groupe. Exercices pratiques sur les s\u00e9ries Mars, Jupiter, V\u00e9nus et Z\u00e9r\u00e8s.","breadcrumb":{"@id":"https:\/\/eu.haitianinter.com\/fr\/service-2\/formation\/reservation\/#breadcrumb"},"inLanguage":"fr-FR","potentialAction":[{"@type":"ReadAction","target":["https:\/\/eu.haitianinter.com\/fr\/service-2\/formation\/reservation\/"]}]},{"@type":"BreadcrumbList","@id":"https:\/\/eu.haitianinter.com\/fr\/service-2\/formation\/reservation\/#breadcrumb","itemListElement":[{"@type":"ListItem","position":1,"name":"Home","item":"https:\/\/eu.haitianinter.com\/fr\/?page_id=11302"},{"@type":"ListItem","position":2,"name":"Service","item":"https:\/\/eu.haitianinter.com\/fr\/service-2\/"},{"@type":"ListItem","position":3,"name":"Formation","item":"https:\/\/eu.haitianinter.com\/fr\/service-2\/formation\/"},{"@type":"ListItem","position":4,"name":"R\u00e9servation"}]},{"@type":"WebSite","@id":"https:\/\/eu.haitianinter.com\/fr\/#website","url":"https:\/\/eu.haitianinter.com\/fr\/","name":"Haitian International Germany","description":"We Create and Extend Advantage","potentialAction":[{"@type":"SearchAction","target":{"@type":"EntryPoint","urlTemplate":"https:\/\/eu.haitianinter.com\/fr\/?s={search_term_string}"},"query-input":{"@type":"PropertyValueSpecification","valueRequired":true,"valueName":"search_term_string"}}],"inLanguage":"fr-FR"}]}},"_links":{"self":[{"href":"https:\/\/eu.haitianinter.com\/fr\/wp-json\/wp\/v2\/pages\/14953","targetHints":{"allow":["GET"]}}],"collection":[{"href":"https:\/\/eu.haitianinter.com\/fr\/wp-json\/wp\/v2\/pages"}],"about":[{"href":"https:\/\/eu.haitianinter.com\/fr\/wp-json\/wp\/v2\/types\/page"}],"author":[{"embeddable":true,"href":"https:\/\/eu.haitianinter.com\/fr\/wp-json\/wp\/v2\/users\/3"}],"replies":[{"embeddable":true,"href":"https:\/\/eu.haitianinter.com\/fr\/wp-json\/wp\/v2\/comments?post=14953"}],"version-history":[{"count":2,"href":"https:\/\/eu.haitianinter.com\/fr\/wp-json\/wp\/v2\/pages\/14953\/revisions"}],"predecessor-version":[{"id":14955,"href":"https:\/\/eu.haitianinter.com\/fr\/wp-json\/wp\/v2\/pages\/14953\/revisions\/14955"}],"up":[{"embeddable":true,"href":"https:\/\/eu.haitianinter.com\/fr\/wp-json\/wp\/v2\/pages\/14787"}],"wp:attachment":[{"href":"https:\/\/eu.haitianinter.com\/fr\/wp-json\/wp\/v2\/media?parent=14953"}],"curies":[{"name":"wp","href":"https:\/\/api.w.org\/{rel}","templated":true}]}}