{"id":5223,"date":"2024-02-23T09:50:53","date_gmt":"2024-02-23T08:50:53","guid":{"rendered":"https:\/\/eu.haitianinter.com\/prodotti\/strategia-di-prodotto\/"},"modified":"2024-09-03T17:21:44","modified_gmt":"2024-09-03T15:21:44","slug":"strategia-di-prodotto","status":"publish","type":"page","link":"https:\/\/eu.haitianinter.com\/it\/prodotti\/strategia-di-prodotto\/","title":{"rendered":"Strategia di prodotto"},"content":{"rendered":"<p>[et_pb_section fb_built=&#8221;1&#8243; fullwidth=&#8221;on&#8221; module_class=&#8221;teaser-image-under-text&#8221; _builder_version=&#8221;4.22.2&#8243; _module_preset=&#8221;default&#8221; locked=&#8221;off&#8221; global_colors_info=&#8221;{}&#8221;][et_pb_fullwidth_header title=&#8221;La nostra strategia di prodotto  &#8221; subhead=&#8221;\u201eTechnology to the Point\u201c&#8221; text_orientation=&#8221;center&#8221; header_fullscreen=&#8221;on&#8221; header_image_url=&#8221;https:\/\/eu.haitianinter.com\/wp-content\/uploads\/sites\/3\/2024\/03\/Haitian_Product_Strategy_Teaser.jpg&#8221; image_orientation=&#8221;bottom&#8221; _builder_version=&#8221;4.23.1&#8243; _module_preset=&#8221;default&#8221; background_enable_color=&#8221;off&#8221; background_layout=&#8221;light&#8221; global_colors_info=&#8221;{}&#8221;][\/et_pb_fullwidth_header][\/et_pb_section][et_pb_section fb_built=&#8221;1&#8243; admin_label=&#8221;Section with 3 Icons only without Text&#8221; module_class=&#8221;section-content-center noMargin-bottom noMargin-top&#8221; _builder_version=&#8221;4.23.1&#8243; _module_preset=&#8221;default&#8221; locked=&#8221;off&#8221; global_colors_info=&#8221;{}&#8221;][et_pb_row module_class=&#8221;icons-only-3Columns&#8221; _builder_version=&#8221;4.23.1&#8243; _module_preset=&#8221;default&#8221; global_colors_info=&#8221;{}&#8221;][et_pb_column type=&#8221;4_4&#8243; _builder_version=&#8221;4.22.2&#8243; _module_preset=&#8221;default&#8221; global_colors_info=&#8221;{}&#8221;][et_pb_blurb image=&#8221;https:\/\/eu.haitianinter.com\/wp-content\/uploads\/sites\/3\/2024\/03\/Icon_smart_400.png&#8221; _builder_version=&#8221;4.23.1&#8243; _module_preset=&#8221;default&#8221; text_orientation=&#8221;center&#8221; global_colors_info=&#8221;{}&#8221;][\/et_pb_blurb][et_pb_blurb image=&#8221;https:\/\/eu.haitianinter.com\/wp-content\/uploads\/sites\/3\/2024\/03\/Icon_flexible_400.png&#8221; admin_label=&#8221;Informationstext&#8221; _builder_version=&#8221;4.23.1&#8243; _module_preset=&#8221;default&#8221; text_orientation=&#8221;center&#8221; global_colors_info=&#8221;{}&#8221;][\/et_pb_blurb][et_pb_blurb image=&#8221;https:\/\/eu.haitianinter.com\/wp-content\/uploads\/sites\/3\/2024\/03\/Icon_solutions_400.png&#8221; _builder_version=&#8221;4.23.1&#8243; _module_preset=&#8221;default&#8221; text_orientation=&#8221;center&#8221; global_colors_info=&#8221;{}&#8221;][\/et_pb_blurb][\/et_pb_column][\/et_pb_row][\/et_pb_section][et_pb_section fb_built=&#8221;1&#8243; module_class=&#8221;noMargin-top noPadding-top&#8221; _builder_version=&#8221;4.23.1&#8243; _module_preset=&#8221;default&#8221; locked=&#8221;off&#8221; global_colors_info=&#8221;{}&#8221;][et_pb_row module_class=&#8221;row-text-center&#8221; _builder_version=&#8221;4.23.1&#8243; _module_preset=&#8221;default&#8221; global_colors_info=&#8221;{}&#8221;][et_pb_column type=&#8221;4_4&#8243; _builder_version=&#8221;4.23.1&#8243; _module_preset=&#8221;default&#8221; global_colors_info=&#8221;{}&#8221;][et_pb_text _builder_version=&#8221;4.23.1&#8243; _module_preset=&#8221;default&#8221; global_colors_info=&#8221;{}&#8221;]<\/p>\n<h5><span>I nuovi sviluppi e le innovazioni di prodotto si basano rigorosamente sulle esigenze dei clienti nel rispettivo contesto di utilizzo, senza aggiungere costi aggiuntivi. <\/span><\/h5>\n<h5><span>La vetrina pi\u00f9 recente \u00e8 la nostra<\/span> quinta generazione di presse: miglioramenti continui della qualit\u00e0 e dell&#8217;efficienza, intelligenza digitale e soluzioni sostenibili.<\/h5>\n<p>[\/et_pb_text][\/et_pb_column][\/et_pb_row][\/et_pb_section][et_pb_section fb_built=&#8221;1&#8243; admin_label=&#8221;Section\/Teaserbox with Text and Image&#8221; module_class=&#8221;section-text-image-box-withIcon noPadding-bottom&#8221; _builder_version=&#8221;4.23.1&#8243; locked=&#8221;off&#8221; global_colors_info=&#8221;{}&#8221;][et_pb_row column_structure=&#8221;1_2,1_2&#8243; make_equal=&#8221;on&#8221; admin_label=&#8221;fila&#8221; _builder_version=&#8221;4.23.1&#8243; background_size=&#8221;initial&#8221; background_position=&#8221;top_left&#8221; background_repeat=&#8221;repeat&#8221; min_height_tablet=&#8221;&#8221; min_height_phone=&#8221;&#8221; min_height_last_edited=&#8221;on|desktop&#8221; custom_padding=&#8221;0px||0px||true|false&#8221; global_colors_info=&#8221;{}&#8221;][et_pb_column type=&#8221;1_2&#8243; module_class=&#8221;background&#8221; _builder_version=&#8221;4.23.1&#8243; background_enable_image=&#8221;off&#8221; background_video_mp4=&#8221;https:\/\/eu.haitianinter.com\/wp-content\/uploads\/sites\/3\/2024\/03\/Smart-Technology.mp4&#8243; custom_padding=&#8221;|||&#8221; global_colors_info=&#8221;{}&#8221; custom_padding__hover=&#8221;|||&#8221;][\/et_pb_column][et_pb_column type=&#8221;1_2&#8243; _builder_version=&#8221;4.22.2&#8243; global_colors_info=&#8221;{}&#8221; custom_padding__hover=&#8221;|||&#8221;][et_pb_blurb image=&#8221;https:\/\/eu.haitianinter.com\/wp-content\/uploads\/sites\/3\/2024\/03\/Icon_smart_400.png&#8221; image_icon_width=&#8221;30%&#8221; icon_alignment=&#8221;left&#8221; _builder_version=&#8221;4.23.1&#8243; _module_preset=&#8221;default&#8221; header_level=&#8221;h6&#8243; image_icon_custom_margin=&#8221;||0px||false|false&#8221; global_colors_info=&#8221;{}&#8221;]<\/p>\n<h4>Tecnologia intelligente<\/h4>\n<h5>Haitian combina l&#8217;hardware innovativo delle sue macchine con l&#8217;intelligenza artificiale per una produzione pi\u00f9 efficiente. Puntiamo all&#8217;innovazione per ridurre i costi operativi ed aumentare l&#8217;efficienza: vogliamo dare forma ad un futuro intelligente insieme ai nostri clienti.<\/h5>\n<p>[\/et_pb_blurb][\/et_pb_column][\/et_pb_row][\/et_pb_section][et_pb_section fb_built=&#8221;1&#8243; admin_label=&#8221;Section\/Teaserbox with Text and Image&#8221; module_class=&#8221;section-text-image-box-withIcon noPadding-top noPadding-bottom&#8221; _builder_version=&#8221;4.23.1&#8243; locked=&#8221;off&#8221; global_colors_info=&#8221;{}&#8221;][et_pb_row column_structure=&#8221;1_2,1_2&#8243; make_equal=&#8221;on&#8221; admin_label=&#8221;fila&#8221; module_class=&#8221;reverse&#8221; _builder_version=&#8221;4.23.1&#8243; background_size=&#8221;initial&#8221; background_position=&#8221;top_left&#8221; background_repeat=&#8221;repeat&#8221; min_height=&#8221;300px&#8221; custom_margin=&#8221;||||false&#8221; custom_padding=&#8221;0px||0px||true|false&#8221; global_colors_info=&#8221;{}&#8221;][et_pb_column type=&#8221;1_2&#8243; _builder_version=&#8221;4.22.2&#8243; background_enable_image=&#8221;off&#8221; global_colors_info=&#8221;{}&#8221; custom_padding__hover=&#8221;|||&#8221;][et_pb_blurb image=&#8221;https:\/\/eu.haitianinter.com\/wp-content\/uploads\/sites\/3\/2024\/03\/Icon_flexible_400.png&#8221; image_icon_width=&#8221;30%&#8221; icon_alignment=&#8221;left&#8221; _builder_version=&#8221;4.23.1&#8243; _module_preset=&#8221;default&#8221; header_level=&#8221;h6&#8243; image_icon_custom_margin=&#8221;||0px||false|false&#8221; global_colors_info=&#8221;{}&#8221;]<\/p>\n<h4>Integrazione flessibile<\/h4>\n<h5>Le nostre macchine offrono un&#8217;integrazione aperta con periferiche ed automazioni, creando un sistema di produzione integrato che fornisce dati sullo stato dell&#8217;impianto, sulla produzione, sul controllo dei processi e sulla tracciabilit\u00e0 degli articoli.<\/h5>\n<p>[\/et_pb_blurb][\/et_pb_column][et_pb_column type=&#8221;1_2&#8243; module_class=&#8221;background&#8221; _builder_version=&#8221;4.23.1&#8243; background_enable_image=&#8221;off&#8221; background_video_mp4=&#8221;https:\/\/eu.haitianinter.com\/wp-content\/uploads\/sites\/3\/2024\/03\/Flexible.mp4&#8243; custom_padding=&#8221;|||&#8221; global_colors_info=&#8221;{}&#8221; custom_padding__hover=&#8221;|||&#8221;][\/et_pb_column][\/et_pb_row][\/et_pb_section][et_pb_section fb_built=&#8221;1&#8243; admin_label=&#8221;Section\/Teaserbox with Text and Image&#8221; module_class=&#8221;section-text-image-box-withIcon noPadding-top&#8221; _builder_version=&#8221;4.23.1&#8243; locked=&#8221;off&#8221; global_colors_info=&#8221;{}&#8221;][et_pb_row column_structure=&#8221;1_2,1_2&#8243; make_equal=&#8221;on&#8221; admin_label=&#8221;fila&#8221; _builder_version=&#8221;4.23.1&#8243; background_size=&#8221;initial&#8221; background_position=&#8221;top_left&#8221; background_repeat=&#8221;repeat&#8221; min_height_tablet=&#8221;&#8221; min_height_phone=&#8221;&#8221; min_height_last_edited=&#8221;on|desktop&#8221; custom_padding=&#8221;0px||0px||true|false&#8221; global_colors_info=&#8221;{}&#8221;][et_pb_column type=&#8221;1_2&#8243; module_class=&#8221;background&#8221; _builder_version=&#8221;4.23.1&#8243; background_enable_image=&#8221;off&#8221; background_video_mp4=&#8221;https:\/\/eu.haitianinter.com\/wp-content\/uploads\/sites\/3\/2024\/03\/Sustainabile.mp4&#8243; custom_padding=&#8221;|||&#8221; global_colors_info=&#8221;{}&#8221; custom_padding__hover=&#8221;|||&#8221;][\/et_pb_column][et_pb_column type=&#8221;1_2&#8243; _builder_version=&#8221;4.22.2&#8243; global_colors_info=&#8221;{}&#8221; custom_padding__hover=&#8221;|||&#8221;][et_pb_blurb image=&#8221;https:\/\/eu.haitianinter.com\/wp-content\/uploads\/sites\/3\/2024\/03\/Icon_solutions_400.png&#8221; image_icon_width=&#8221;30%&#8221; icon_alignment=&#8221;left&#8221; _builder_version=&#8221;4.23.1&#8243; _module_preset=&#8221;default&#8221; header_level=&#8221;h6&#8243; image_icon_custom_margin=&#8221;||0px||false|false&#8221; global_colors_info=&#8221;{}&#8221;]<\/p>\n<h4>Soluzioni sostenibili<\/h4>\n<h5>Da anni siamo pionieri nel settore dello sviluppo di tecnologie e macchinari ad elevato risparmio energetico.<\/h5>\n<p>[\/et_pb_blurb][\/et_pb_column][\/et_pb_row][\/et_pb_section][et_pb_section fb_built=&#8221;1&#8243; module_class=&#8221;section-carousel-slider-post&#8221; _builder_version=&#8221;4.23.1&#8243; _module_preset=&#8221;default&#8221; locked=&#8221;off&#8221; global_colors_info=&#8221;{}&#8221;][et_pb_row _builder_version=&#8221;4.23.1&#8243; _module_preset=&#8221;default&#8221; global_colors_info=&#8221;{}&#8221;][et_pb_column type=&#8221;4_4&#8243; _builder_version=&#8221;4.23.1&#8243; _module_preset=&#8221;default&#8221; global_colors_info=&#8221;{}&#8221;][et_pb_text _builder_version=&#8221;4.23.1&#8243; _module_preset=&#8221;default&#8221; text_orientation=&#8221;center&#8221; global_colors_info=&#8221;{}&#8221;]<\/p>\n<h3>Messaggi correlati<\/h3>\n<p>[\/et_pb_text][\/et_pb_column][\/et_pb_row][et_pb_row _builder_version=&#8221;4.22.2&#8243; _module_preset=&#8221;default&#8221; locked=&#8221;off&#8221; global_colors_info=&#8221;{}&#8221;][et_pb_column type=&#8221;4_4&#8243; _builder_version=&#8221;4.22.2&#8243; _module_preset=&#8221;default&#8221; global_colors_info=&#8221;{}&#8221;][et_pb_blog_extras blog_layout=&#8221;slider&#8221; slider_layout=&#8221;vertical_grid&#8221; meta_date=&#8221;m\/j\/Y&#8221; excerpt_length=&#8221;100&#8243; use_read_more_button=&#8221;on&#8221; read_more_text=&#8221;more&#8221; show_author=&#8221;off&#8221; show_comments=&#8221;off&#8221; slides_per_view=&#8221;3&#8243; slider_loop=&#8221;on&#8221; autoplay=&#8221;off&#8221; show_arrow=&#8221;on&#8221; show_arrow_on_hover=&#8221;on&#8221; slides_per_view_tablet=&#8221;3&#8243; slides_per_view_phone=&#8221;1&#8243; slides_per_view_last_edited=&#8221;on|phone&#8221; space_between_slides_tablet=&#8221;&#8221; space_between_slides_phone=&#8221;10px&#8221; space_between_slides_last_edited=&#8221;on|phone&#8221; _builder_version=&#8221;4.27.0&#8243; _module_preset=&#8221;default&#8221; header_level=&#8221;h4&#8243; read_more_alignment=&#8221;center&#8221; hover_enabled=&#8221;0&#8243; global_colors_info=&#8221;{}&#8221; sticky_enabled=&#8221;0&#8243;][\/et_pb_blog_extras][\/et_pb_column][\/et_pb_row][\/et_pb_section]<\/p>\n","protected":false},"excerpt":{"rendered":"<p>I nuovi sviluppi e le innovazioni di prodotto si basano rigorosamente sulle esigenze dei clienti nel rispettivo contesto di utilizzo, senza aggiungere costi aggiuntivi. La vetrina pi\u00f9 recente \u00e8 la nostra quinta generazione di presse: miglioramenti continui della qualit\u00e0 e dell&#8217;efficienza, intelligenza digitale e soluzioni sostenibili.Tecnologia intelligente Haitian combina l&#8217;hardware innovativo delle sue macchine con [&hellip;]<\/p>\n","protected":false},"author":3,"featured_media":0,"parent":5162,"menu_order":0,"comment_status":"closed","ping_status":"closed","template":"","meta":{"_et_pb_use_builder":"on","_et_pb_old_content":"","_et_gb_content_width":"","footnotes":""},"class_list":["post-5223","page","type-page","status-publish","hentry"],"yoast_head":"<!-- This site is optimized with the Yoast SEO plugin v27.2 - https:\/\/yoast.com\/product\/yoast-seo-wordpress\/ -->\n<title>Strategia di prodotto - Haitian International Germany<\/title>\n<meta name=\"robots\" content=\"index, follow, max-snippet:-1, max-image-preview:large, max-video-preview:-1\" \/>\n<link rel=\"canonical\" href=\"https:\/\/eu.haitianinter.com\/it\/prodotti\/strategia-di-prodotto\/\" \/>\n<meta property=\"og:locale\" content=\"it_IT\" \/>\n<meta property=\"og:type\" content=\"article\" \/>\n<meta property=\"og:title\" content=\"Strategia di prodotto - Haitian International Germany\" \/>\n<meta property=\"og:description\" content=\"I nuovi sviluppi e le innovazioni di prodotto si basano rigorosamente sulle esigenze dei clienti nel rispettivo contesto di utilizzo, senza aggiungere costi aggiuntivi. La vetrina pi\u00f9 recente \u00e8 la nostra quinta generazione di presse: miglioramenti continui della qualit\u00e0 e dell&#039;efficienza, intelligenza digitale e soluzioni sostenibili.Tecnologia intelligente Haitian combina l&#039;hardware innovativo delle sue macchine con [&hellip;]\" \/>\n<meta property=\"og:url\" content=\"https:\/\/eu.haitianinter.com\/it\/prodotti\/strategia-di-prodotto\/\" \/>\n<meta property=\"og:site_name\" content=\"Haitian International Germany\" \/>\n<meta property=\"article:modified_time\" content=\"2024-09-03T15:21:44+00:00\" \/>\n<meta name=\"twitter:card\" content=\"summary_large_image\" \/>\n<meta name=\"twitter:label1\" content=\"Tempo di lettura stimato\" \/>\n\t<meta name=\"twitter:data1\" content=\"6 minuti\" \/>\n<script type=\"application\/ld+json\" class=\"yoast-schema-graph\">{\"@context\":\"https:\/\/schema.org\",\"@graph\":[{\"@type\":\"WebPage\",\"@id\":\"https:\/\/eu.haitianinter.com\/it\/prodotti\/strategia-di-prodotto\/\",\"url\":\"https:\/\/eu.haitianinter.com\/it\/prodotti\/strategia-di-prodotto\/\",\"name\":\"Strategia di prodotto - Haitian International Germany\",\"isPartOf\":{\"@id\":\"https:\/\/eu.haitianinter.com\/it\/#website\"},\"datePublished\":\"2024-02-23T08:50:53+00:00\",\"dateModified\":\"2024-09-03T15:21:44+00:00\",\"breadcrumb\":{\"@id\":\"https:\/\/eu.haitianinter.com\/it\/prodotti\/strategia-di-prodotto\/#breadcrumb\"},\"inLanguage\":\"it-IT\",\"potentialAction\":[{\"@type\":\"ReadAction\",\"target\":[\"https:\/\/eu.haitianinter.com\/it\/prodotti\/strategia-di-prodotto\/\"]}]},{\"@type\":\"BreadcrumbList\",\"@id\":\"https:\/\/eu.haitianinter.com\/it\/prodotti\/strategia-di-prodotto\/#breadcrumb\",\"itemListElement\":[{\"@type\":\"ListItem\",\"position\":1,\"name\":\"Home\",\"item\":\"https:\/\/eu.haitianinter.com\/it\/homepage-2\/\"},{\"@type\":\"ListItem\",\"position\":2,\"name\":\"Prodotti\",\"item\":\"https:\/\/eu.haitianinter.com\/it\/prodotti\/\"},{\"@type\":\"ListItem\",\"position\":3,\"name\":\"Strategia di prodotto\"}]},{\"@type\":\"WebSite\",\"@id\":\"https:\/\/eu.haitianinter.com\/it\/#website\",\"url\":\"https:\/\/eu.haitianinter.com\/it\/\",\"name\":\"Haitian International Germany\",\"description\":\"We Create and Extend Advantage\",\"potentialAction\":[{\"@type\":\"SearchAction\",\"target\":{\"@type\":\"EntryPoint\",\"urlTemplate\":\"https:\/\/eu.haitianinter.com\/it\/?s={search_term_string}\"},\"query-input\":{\"@type\":\"PropertyValueSpecification\",\"valueRequired\":true,\"valueName\":\"search_term_string\"}}],\"inLanguage\":\"it-IT\"}]}<\/script>\n<!-- \/ Yoast SEO plugin. -->","yoast_head_json":{"title":"Strategia di prodotto - Haitian International Germany","robots":{"index":"index","follow":"follow","max-snippet":"max-snippet:-1","max-image-preview":"max-image-preview:large","max-video-preview":"max-video-preview:-1"},"canonical":"https:\/\/eu.haitianinter.com\/it\/prodotti\/strategia-di-prodotto\/","og_locale":"it_IT","og_type":"article","og_title":"Strategia di prodotto - Haitian International Germany","og_description":"I nuovi sviluppi e le innovazioni di prodotto si basano rigorosamente sulle esigenze dei clienti nel rispettivo contesto di utilizzo, senza aggiungere costi aggiuntivi. La vetrina pi\u00f9 recente \u00e8 la nostra quinta generazione di presse: miglioramenti continui della qualit\u00e0 e dell'efficienza, intelligenza digitale e soluzioni sostenibili.Tecnologia intelligente Haitian combina l'hardware innovativo delle sue macchine con [&hellip;]","og_url":"https:\/\/eu.haitianinter.com\/it\/prodotti\/strategia-di-prodotto\/","og_site_name":"Haitian International Germany","article_modified_time":"2024-09-03T15:21:44+00:00","twitter_card":"summary_large_image","twitter_misc":{"Tempo di lettura stimato":"6 minuti"},"schema":{"@context":"https:\/\/schema.org","@graph":[{"@type":"WebPage","@id":"https:\/\/eu.haitianinter.com\/it\/prodotti\/strategia-di-prodotto\/","url":"https:\/\/eu.haitianinter.com\/it\/prodotti\/strategia-di-prodotto\/","name":"Strategia di prodotto - Haitian International Germany","isPartOf":{"@id":"https:\/\/eu.haitianinter.com\/it\/#website"},"datePublished":"2024-02-23T08:50:53+00:00","dateModified":"2024-09-03T15:21:44+00:00","breadcrumb":{"@id":"https:\/\/eu.haitianinter.com\/it\/prodotti\/strategia-di-prodotto\/#breadcrumb"},"inLanguage":"it-IT","potentialAction":[{"@type":"ReadAction","target":["https:\/\/eu.haitianinter.com\/it\/prodotti\/strategia-di-prodotto\/"]}]},{"@type":"BreadcrumbList","@id":"https:\/\/eu.haitianinter.com\/it\/prodotti\/strategia-di-prodotto\/#breadcrumb","itemListElement":[{"@type":"ListItem","position":1,"name":"Home","item":"https:\/\/eu.haitianinter.com\/it\/homepage-2\/"},{"@type":"ListItem","position":2,"name":"Prodotti","item":"https:\/\/eu.haitianinter.com\/it\/prodotti\/"},{"@type":"ListItem","position":3,"name":"Strategia di prodotto"}]},{"@type":"WebSite","@id":"https:\/\/eu.haitianinter.com\/it\/#website","url":"https:\/\/eu.haitianinter.com\/it\/","name":"Haitian International Germany","description":"We Create and Extend Advantage","potentialAction":[{"@type":"SearchAction","target":{"@type":"EntryPoint","urlTemplate":"https:\/\/eu.haitianinter.com\/it\/?s={search_term_string}"},"query-input":{"@type":"PropertyValueSpecification","valueRequired":true,"valueName":"search_term_string"}}],"inLanguage":"it-IT"}]}},"_links":{"self":[{"href":"https:\/\/eu.haitianinter.com\/it\/wp-json\/wp\/v2\/pages\/5223","targetHints":{"allow":["GET"]}}],"collection":[{"href":"https:\/\/eu.haitianinter.com\/it\/wp-json\/wp\/v2\/pages"}],"about":[{"href":"https:\/\/eu.haitianinter.com\/it\/wp-json\/wp\/v2\/types\/page"}],"author":[{"embeddable":true,"href":"https:\/\/eu.haitianinter.com\/it\/wp-json\/wp\/v2\/users\/3"}],"replies":[{"embeddable":true,"href":"https:\/\/eu.haitianinter.com\/it\/wp-json\/wp\/v2\/comments?post=5223"}],"version-history":[{"count":5,"href":"https:\/\/eu.haitianinter.com\/it\/wp-json\/wp\/v2\/pages\/5223\/revisions"}],"predecessor-version":[{"id":6253,"href":"https:\/\/eu.haitianinter.com\/it\/wp-json\/wp\/v2\/pages\/5223\/revisions\/6253"}],"up":[{"embeddable":true,"href":"https:\/\/eu.haitianinter.com\/it\/wp-json\/wp\/v2\/pages\/5162"}],"wp:attachment":[{"href":"https:\/\/eu.haitianinter.com\/it\/wp-json\/wp\/v2\/media?parent=5223"}],"curies":[{"name":"wp","href":"https:\/\/api.w.org\/{rel}","templated":true}]}}