{"id":5245,"date":"2023-12-02T14:07:25","date_gmt":"2023-12-02T13:07:25","guid":{"rendered":"https:\/\/eu.haitianinter.com\/chi-siamo\/"},"modified":"2024-09-03T15:50:06","modified_gmt":"2024-09-03T13:50:06","slug":"chi-siamo","status":"publish","type":"page","link":"https:\/\/eu.haitianinter.com\/it\/chi-siamo\/","title":{"rendered":"Chi siamo"},"content":{"rendered":"<p>[et_pb_section fb_built=&#8221;1&#8243; fullwidth=&#8221;on&#8221; module_class=&#8221;teaser-image-under-text&#8221; _builder_version=&#8221;4.22.2&#8243; _module_preset=&#8221;default&#8221; locked=&#8221;off&#8221; global_colors_info=&#8221;{}&#8221;][et_pb_fullwidth_header title=&#8221;Chi siamo&#8221; subhead=&#8221;Haitian International&#8221; text_orientation=&#8221;center&#8221; header_fullscreen=&#8221;on&#8221; header_image_url=&#8221;https:\/\/eu.haitianinter.com\/wp-content\/uploads\/sites\/3\/2024\/03\/Haitian_Company_About_us.jpg&#8221; image_orientation=&#8221;bottom&#8221; _builder_version=&#8221;4.23.1&#8243; _module_preset=&#8221;default&#8221; background_enable_color=&#8221;off&#8221; background_layout=&#8221;light&#8221; global_colors_info=&#8221;{}&#8221;][\/et_pb_fullwidth_header][\/et_pb_section][et_pb_section fb_built=&#8221;1&#8243; module_class=&#8221;section-content-center&#8221; _builder_version=&#8221;4.22.2&#8243; _module_preset=&#8221;default&#8221; custom_padding=&#8221;||2px|||&#8221; locked=&#8221;off&#8221; global_colors_info=&#8221;{}&#8221;][et_pb_row _builder_version=&#8221;4.22.2&#8243; _module_preset=&#8221;default&#8221; locked=&#8221;off&#8221; global_colors_info=&#8221;{}&#8221;][et_pb_column type=&#8221;4_4&#8243; _builder_version=&#8221;4.22.2&#8243; _module_preset=&#8221;default&#8221; global_colors_info=&#8221;{}&#8221;][et_pb_text module_class=&#8221;content-center&#8221; _builder_version=&#8221;4.23.1&#8243; _module_preset=&#8221;default&#8221; global_colors_info=&#8221;{}&#8221;]<\/p>\n<h5><span>La nostra missione \u00e8 creare ed estendere i vantaggi per i nostri clienti. Sviluppiamo continuamente nuovi standard e soluzioni che garantiscono maggiore efficienza, flessibilit\u00e0 e produttivit\u00e0 per un successo imprenditoriale duraturo.<\/span><\/h5>\n<p>[\/et_pb_text][\/et_pb_column][\/et_pb_row][\/et_pb_section][et_pb_section fb_built=&#8221;1&#8243; _builder_version=&#8221;4.23.1&#8243; _module_preset=&#8221;default&#8221; custom_padding=&#8221;92px||170px|||&#8221; global_colors_info=&#8221;{}&#8221;][et_pb_row column_structure=&#8221;1_2,1_2&#8243; module_class=&#8221;row-counter row-divider-counter&#8221; _builder_version=&#8221;4.23.1&#8243; _module_preset=&#8221;default&#8221; width=&#8221;50%&#8221; width_tablet=&#8221;auto&#8221; width_phone=&#8221;auto&#8221; width_last_edited=&#8221;on|phone&#8221; custom_padding=&#8221;0px||||false|false&#8221; global_colors_info=&#8221;{}&#8221;][et_pb_column type=&#8221;1_2&#8243; _builder_version=&#8221;4.22.2&#8243; _module_preset=&#8221;default&#8221; global_colors_info=&#8221;{}&#8221;][et_pb_number_counter title=&#8221;I dipendenti della nostra sede centrale&#8221; number=&#8221;90&#8243; percent_sign=&#8221;off&#8221; _builder_version=&#8221;4.23.1&#8243; _module_preset=&#8221;default&#8221; title_level=&#8221;h6&#8243; title_font=&#8221;|600|||||||&#8221; number_font=&#8221;|700|||||||&#8221; width=&#8221;70%&#8221; width_tablet=&#8221;40%&#8221; width_phone=&#8221;50%&#8221; width_last_edited=&#8221;on|phone&#8221; global_colors_info=&#8221;{}&#8221;][\/et_pb_number_counter][\/et_pb_column][et_pb_column type=&#8221;1_2&#8243; _builder_version=&#8221;4.22.2&#8243; _module_preset=&#8221;default&#8221; global_colors_info=&#8221;{}&#8221;][et_pb_number_counter title=&#8221;mq riservati alla produzione presso la nostra sede in Germania&#8221; number=&#8221;12,000&#8243; percent_sign=&#8221;off&#8221; _builder_version=&#8221;4.27.0&#8243; _module_preset=&#8221;default&#8221; title_level=&#8221;h6&#8243; title_font=&#8221;|600|||||||&#8221; number_font=&#8221;|700|||||||&#8221; width=&#8221;70%&#8221; width_tablet=&#8221;40%&#8221; width_phone=&#8221;50%&#8221; width_last_edited=&#8221;on|phone&#8221; hover_enabled=&#8221;0&#8243; global_colors_info=&#8221;{}&#8221; sticky_enabled=&#8221;0&#8243;][\/et_pb_number_counter][\/et_pb_column][\/et_pb_row][et_pb_row column_structure=&#8221;1_3,1_3,1_3&#8243; module_class=&#8221;row-counter row-divider-counter&#8221; _builder_version=&#8221;4.23.1&#8243; _module_preset=&#8221;default&#8221; custom_padding=&#8221;0px||||false|false&#8221; global_colors_info=&#8221;{}&#8221;][et_pb_column type=&#8221;1_3&#8243; _builder_version=&#8221;4.22.2&#8243; _module_preset=&#8221;default&#8221; global_colors_info=&#8221;{}&#8221;][et_pb_number_counter title=&#8221;Macchine in stock&#8221; number=&#8221;200+&#8221; percent_sign=&#8221;off&#8221; _builder_version=&#8221;4.23.1&#8243; _module_preset=&#8221;default&#8221; title_level=&#8221;h6&#8243; title_font=&#8221;|600|||||||&#8221; number_font=&#8221;|700|||||||&#8221; width=&#8221;70%&#8221; width_tablet=&#8221;40%&#8221; width_phone=&#8221;50%&#8221; width_last_edited=&#8221;on|phone&#8221; global_colors_info=&#8221;{}&#8221;][\/et_pb_number_counter][\/et_pb_column][et_pb_column type=&#8221;1_3&#8243; _builder_version=&#8221;4.22.2&#8243; _module_preset=&#8221;default&#8221; global_colors_info=&#8221;{}&#8221;][et_pb_number_counter title=&#8221;Partner di Haitian in Europa&#8221; number=&#8221;24&#8243; percent_sign=&#8221;off&#8221; _builder_version=&#8221;4.27.0&#8243; _module_preset=&#8221;default&#8221; title_level=&#8221;h6&#8243; title_font=&#8221;|600|||||||&#8221; number_font=&#8221;|700|||||||&#8221; width=&#8221;70%&#8221; width_tablet=&#8221;40%&#8221; width_phone=&#8221;50%&#8221; width_last_edited=&#8221;on|phone&#8221; hover_enabled=&#8221;0&#8243; global_colors_info=&#8221;{}&#8221; sticky_enabled=&#8221;0&#8243;][\/et_pb_number_counter][\/et_pb_column][et_pb_column type=&#8221;1_3&#8243; _builder_version=&#8221;4.22.2&#8243; _module_preset=&#8221;default&#8221; global_colors_info=&#8221;{}&#8221;][et_pb_number_counter title=&#8221;addetti alle vendite e all&#8217;assistenza in tutta Europa&#8221; number=&#8221;220+  &#8221; percent_sign=&#8221;off&#8221; _builder_version=&#8221;4.27.0&#8243; _module_preset=&#8221;default&#8221; title_level=&#8221;h6&#8243; title_font=&#8221;|600|||||||&#8221; number_font=&#8221;|700|||||||&#8221; width=&#8221;70%&#8221; width_tablet=&#8221;40%&#8221; width_phone=&#8221;50%&#8221; width_last_edited=&#8221;on|phone&#8221; hover_enabled=&#8221;0&#8243; global_colors_info=&#8221;{}&#8221; sticky_enabled=&#8221;0&#8243;][\/et_pb_number_counter][\/et_pb_column][\/et_pb_row][\/et_pb_section][et_pb_section fb_built=&#8221;1&#8243; admin_label=&#8221;Section\/Teaserbox with Text and Image&#8221; module_class=&#8221;section-text-image-box-withIcon&#8221; _builder_version=&#8221;4.23.1&#8243; custom_padding=&#8221;0px||2px|||&#8221; locked=&#8221;off&#8221; collapsed=&#8221;off&#8221; global_colors_info=&#8221;{}&#8221;][et_pb_row column_structure=&#8221;1_2,1_2&#8243; make_equal=&#8221;on&#8221; admin_label=&#8221;fila&#8221; _builder_version=&#8221;4.23.1&#8243; background_size=&#8221;initial&#8221; background_position=&#8221;top_left&#8221; background_repeat=&#8221;repeat&#8221; min_height_tablet=&#8221;&#8221; min_height_phone=&#8221;&#8221; min_height_last_edited=&#8221;on|desktop&#8221; custom_padding=&#8221;0px||0px||true|false&#8221; global_colors_info=&#8221;{}&#8221;][et_pb_column type=&#8221;1_2&#8243; module_class=&#8221;background&#8221; _builder_version=&#8221;4.23.1&#8243; background_image=&#8221;https:\/\/eu.haitianinter.com\/wp-content\/uploads\/sites\/3\/2024\/03\/HTIG_location-droneflight.jpg&#8221; custom_padding=&#8221;|||&#8221; global_colors_info=&#8221;{}&#8221; custom_padding__hover=&#8221;|||&#8221;][\/et_pb_column][et_pb_column type=&#8221;1_2&#8243; _builder_version=&#8221;4.22.2&#8243; global_colors_info=&#8221;{}&#8221; custom_padding__hover=&#8221;|||&#8221;][et_pb_blurb title=&#8221;In Europa dal 1989&#8243; image_icon_width=&#8221;30%&#8221; icon_alignment=&#8221;left&#8221; _builder_version=&#8221;4.23.1&#8243; _module_preset=&#8221;default&#8221; image_icon_custom_margin=&#8221;||0px||false|false&#8221; global_colors_info=&#8221;{}&#8221;]<\/p>\n<h5>Dall&#8217; arrivo della prima macchina per lo stampaggio a iniezione in Europa nel 1989, Haitian International \u00e8 diventata un nome di fiducia nell&#8217;industria europea della lavorazione delle materie plastiche. <br \/>Il percorso di innovazione ha portato alla fondazione di Haitian Germany a Ebermannsdorf nel 2015.<\/h5>\n<p>[\/et_pb_blurb][\/et_pb_column][\/et_pb_row][\/et_pb_section][et_pb_section fb_built=&#8221;1&#8243; admin_label=&#8221;Section\/Teaserbox with Text and Image&#8221; module_class=&#8221;section-text-image-box-withIcon&#8221; _builder_version=&#8221;4.23.1&#8243; custom_margin=&#8221;-2px|||||&#8221; custom_padding=&#8221;0px||0px|||&#8221; locked=&#8221;off&#8221; global_colors_info=&#8221;{}&#8221;][et_pb_row column_structure=&#8221;1_2,1_2&#8243; make_equal=&#8221;on&#8221; admin_label=&#8221;fila&#8221; module_class=&#8221;reverse&#8221; _builder_version=&#8221;4.23.1&#8243; background_size=&#8221;initial&#8221; background_position=&#8221;top_left&#8221; background_repeat=&#8221;repeat&#8221; min_height=&#8221;300px&#8221; custom_margin=&#8221;||||false&#8221; custom_padding=&#8221;0px||0px||true|false&#8221; global_colors_info=&#8221;{}&#8221;][et_pb_column type=&#8221;1_2&#8243; _builder_version=&#8221;4.22.2&#8243; background_enable_image=&#8221;off&#8221; global_colors_info=&#8221;{}&#8221; custom_padding__hover=&#8221;|||&#8221;][et_pb_blurb title=&#8221;Servizi personalizzati&#8221; image_icon_width=&#8221;30%&#8221; icon_alignment=&#8221;left&#8221; _builder_version=&#8221;4.23.1&#8243; _module_preset=&#8221;default&#8221; image_icon_custom_margin=&#8221;||0px||false|false&#8221; global_colors_info=&#8221;{}&#8221;]<\/p>\n<h5>Offriamo tutti i tipi di servizi per gli stampatori a iniezione e manteniamo una grande quantit\u00e0 di macchine a magazzino cos\u00ec come i pezzi di ricambio. Il nostro centro applicativo \u00e8 progettato per i test e le prove stampo ed \u00e8 completato da una formazione completa per i clienti in materia di configurazione e manutenzione.<\/h5>\n<p>[\/et_pb_blurb][\/et_pb_column][et_pb_column type=&#8221;1_2&#8243; module_class=&#8221;background&#8221; _builder_version=&#8221;4.23.1&#8243; background_image=&#8221;https:\/\/eu.haitianinter.com\/wp-content\/uploads\/sites\/3\/2024\/03\/about-us_Application-center.jpg&#8221; custom_padding=&#8221;|||&#8221; global_colors_info=&#8221;{}&#8221; custom_padding__hover=&#8221;|||&#8221;][\/et_pb_column][\/et_pb_row][\/et_pb_section][et_pb_section fb_built=&#8221;1&#8243; admin_label=&#8221;Section\/Teaserbox with Text and Image&#8221; module_class=&#8221;section-text-image-box-withIcon&#8221; _builder_version=&#8221;4.23.1&#8243; custom_padding=&#8221;0px||2px|||&#8221; hover_enabled=&#8221;0&#8243; locked=&#8221;off&#8221; collapsed=&#8221;off&#8221; global_colors_info=&#8221;{}&#8221; sticky_enabled=&#8221;0&#8243;][et_pb_row column_structure=&#8221;1_2,1_2&#8243; make_equal=&#8221;on&#8221; admin_label=&#8221;fila&#8221; _builder_version=&#8221;4.23.1&#8243; background_size=&#8221;initial&#8221; background_position=&#8221;top_left&#8221; background_repeat=&#8221;repeat&#8221; min_height_tablet=&#8221;&#8221; min_height_phone=&#8221;&#8221; min_height_last_edited=&#8221;on|desktop&#8221; custom_padding=&#8221;0px||0px||true|false&#8221; global_colors_info=&#8221;{}&#8221;][et_pb_column type=&#8221;1_2&#8243; module_class=&#8221;column_lightbox&#8221; _builder_version=&#8221;4.23.1&#8243; background_enable_image=&#8221;off&#8221; custom_padding=&#8221;|||&#8221; global_colors_info=&#8221;{}&#8221; custom_padding__hover=&#8221;|||&#8221;][et_pb_image src=&#8221;https:\/\/eu.haitianinter.com\/wp-content\/uploads\/sites\/3\/2024\/03\/EU-Karte_2000xx2000.jpg&#8221; title_text=&#8221;Carta UE 2000xx2000&#8243; show_in_lightbox=&#8221;on&#8221; force_fullwidth=&#8221;on&#8221; _builder_version=&#8221;4.23.1&#8243; _module_preset=&#8221;default&#8221; global_colors_info=&#8221;{}&#8221;][\/et_pb_image][\/et_pb_column][et_pb_column type=&#8221;1_2&#8243; _builder_version=&#8221;4.23.1&#8243; global_colors_info=&#8221;{}&#8221; custom_padding__hover=&#8221;|||&#8221;][et_pb_blurb title=&#8221;Rete di vendita e assistenza&#8221; image_icon_width=&#8221;30%&#8221; icon_alignment=&#8221;left&#8221; _builder_version=&#8221;4.23.1&#8243; _module_preset=&#8221;default&#8221; image_icon_custom_margin=&#8221;||0px||false|false&#8221; global_colors_info=&#8221;{}&#8221;]<\/p>\n<h5>La nostra rete si estende in tutta Europa con 24 partner di vendita e assistenza &#8211; 18 in tutta Europa e 6 in Germania. Insieme, questi partner forniscono oltre 220 rappresentanti di vendita e tecnici, garantendo una copertura completa ed una risposta immediata in tutto il mercato europeo.<\/h5>\n<p>[\/et_pb_blurb][\/et_pb_column][\/et_pb_row][\/et_pb_section][et_pb_section fb_built=&#8221;1&#8243; _builder_version=&#8221;4.23.1&#8243; _module_preset=&#8221;default&#8221; custom_padding=&#8221;92px|||||&#8221; locked=&#8221;off&#8221; global_colors_info=&#8221;{}&#8221;][et_pb_row module_class=&#8221;row-fullwidth&#8221; _builder_version=&#8221;4.23.1&#8243; _module_preset=&#8221;default&#8221; width_tablet=&#8221;&#8221; width_phone=&#8221;&#8221; width_last_edited=&#8221;on|phone&#8221; custom_padding=&#8221;68px|||||&#8221; global_colors_info=&#8221;{}&#8221;][et_pb_column type=&#8221;4_4&#8243; _builder_version=&#8221;4.23.1&#8243; _module_preset=&#8221;default&#8221; global_colors_info=&#8221;{}&#8221;][et_pb_text _builder_version=&#8221;4.23.1&#8243; _module_preset=&#8221;default&#8221; global_colors_info=&#8221;{}&#8221;]<\/p>\n<h2 style=\"text-align: center\">We Create and Extend Advantage<\/h2>\n<p>[\/et_pb_text][\/et_pb_column][\/et_pb_row][et_pb_row module_class=&#8221;row-fullwidth&#8221; _builder_version=&#8221;4.23.1&#8243; _module_preset=&#8221;default&#8221; width_tablet=&#8221;&#8221; width_phone=&#8221;&#8221; width_last_edited=&#8221;on|phone&#8221; custom_padding=&#8221;68px|||||&#8221; global_colors_info=&#8221;{}&#8221;][et_pb_column type=&#8221;4_4&#8243; module_class=&#8221;carousel-2Col-blurb-slider&#8221; _builder_version=&#8221;4.23.1&#8243; _module_preset=&#8221;default&#8221; global_colors_info=&#8221;{}&#8221;][et_pb_blurb title=&#8221;Bassi costi di investimento&#8221; image=&#8221;https:\/\/eu.haitianinter.com\/wp-content\/uploads\/sites\/3\/2024\/03\/Anschaffungspreis_HTBlau.svg&#8221; image_icon_width=&#8221;40%&#8221; _builder_version=&#8221;4.23.1&#8243; _module_preset=&#8221;default&#8221; background_enable_image=&#8221;off&#8221; background_size=&#8221;contain&#8221; global_colors_info=&#8221;{}&#8221;]<\/p>\n<h5>Eccellente rapporto qualit\u00e0-prezzo, produzione efficiente dal punto di vista dei costi, componenti principali prodotti da Haitian<\/h5>\n<p>[\/et_pb_blurb][et_pb_blurb title=&#8221;Tempi di consegna brevi&#8221; image=&#8221;https:\/\/eu.haitianinter.com\/wp-content\/uploads\/sites\/3\/2024\/03\/KurzeLieferzeit_HTBlau.svg&#8221; image_icon_width=&#8221;40%&#8221; _builder_version=&#8221;4.23.1&#8243; _module_preset=&#8221;default&#8221; background_enable_image=&#8221;off&#8221; background_size=&#8221;contain&#8221; global_colors_info=&#8221;{}&#8221;]<\/p>\n<h5>Tempi di consegna brevi anche per macchine di grandi dimensioni, sedi in tutto il mondo con macchine pronte in stock per la personalizzazione<\/h5>\n<p>[\/et_pb_blurb][et_pb_blurb title=&#8221;Costi di servizio ridotti&#8221; image=&#8221;https:\/\/eu.haitianinter.com\/wp-content\/uploads\/sites\/3\/2024\/03\/Servicekosten_HTBlau.svg&#8221; image_icon_width=&#8221;40%&#8221; _builder_version=&#8221;4.23.1&#8243; _module_preset=&#8221;default&#8221; background_enable_image=&#8221;off&#8221; background_size=&#8221;contain&#8221; global_colors_info=&#8221;{}&#8221;]<\/p>\n<h5>Concetti di macchine a bassa manutenzione, strategia aperta per i ricambi, rete di assistenza mondiale<\/h5>\n<p>[\/et_pb_blurb][et_pb_blurb title=&#8221;Ampia gamma di applicazioni&#8221; image=&#8221;https:\/\/eu.haitianinter.com\/wp-content\/uploads\/sites\/3\/2024\/03\/Maschinenverfugbarkeit_HTBlau.svg&#8221; image_icon_width=&#8221;40%&#8221; _builder_version=&#8221;4.23.1&#8243; _module_preset=&#8221;default&#8221; background_enable_image=&#8221;off&#8221; background_size=&#8221;contain&#8221; global_colors_info=&#8221;{}&#8221;]<\/p>\n<h5>Soluzioni industriali speciali, macchine elettriche o servoidrauliche da 400 a 88.000 kN per tutte le esigenze del mercato<\/h5>\n<p>[\/et_pb_blurb][et_pb_blurb title=&#8221;Elevato risparmio energetico&#8221; image=&#8221;https:\/\/eu.haitianinter.com\/wp-content\/uploads\/sites\/3\/2024\/03\/Energieeinsparung_HTBlau.svg&#8221; image_icon_width=&#8221;40%&#8221; _builder_version=&#8221;4.23.1&#8243; _module_preset=&#8221;default&#8221; background_enable_image=&#8221;off&#8221; background_size=&#8221;contain&#8221; global_colors_info=&#8221;{}&#8221;]<\/p>\n<h5>Sistemi di azionamento servoidraulici brevettati, carica elettrica di serie<\/h5>\n<p>[\/et_pb_blurb][\/et_pb_column][\/et_pb_row][\/et_pb_section]<\/p>\n","protected":false},"excerpt":{"rendered":"<p>La nostra missione \u00e8 creare ed estendere i vantaggi per i nostri clienti. Sviluppiamo continuamente nuovi standard e soluzioni che garantiscono maggiore efficienza, flessibilit\u00e0 e produttivit\u00e0 per un successo imprenditoriale duraturo.Dall&#8217; arrivo della prima macchina per lo stampaggio a iniezione in Europa nel 1989, Haitian International \u00e8 diventata un nome di fiducia nell&#8217;industria europea della [&hellip;]<\/p>\n","protected":false},"author":1,"featured_media":0,"parent":0,"menu_order":0,"comment_status":"closed","ping_status":"closed","template":"","meta":{"_et_pb_use_builder":"on","_et_pb_old_content":"","_et_gb_content_width":"","footnotes":""},"class_list":["post-5245","page","type-page","status-publish","hentry"],"yoast_head":"<!-- This site is optimized with the Yoast SEO plugin v27.2 - https:\/\/yoast.com\/product\/yoast-seo-wordpress\/ -->\n<title>Chi siamo - Haitian International Germany<\/title>\n<meta name=\"robots\" content=\"index, follow, max-snippet:-1, max-image-preview:large, max-video-preview:-1\" \/>\n<link rel=\"canonical\" href=\"https:\/\/eu.haitianinter.com\/it\/chi-siamo\/\" \/>\n<meta property=\"og:locale\" content=\"it_IT\" \/>\n<meta property=\"og:type\" content=\"article\" \/>\n<meta property=\"og:title\" content=\"Chi siamo - Haitian International Germany\" \/>\n<meta property=\"og:description\" content=\"La nostra missione \u00e8 creare ed estendere i vantaggi per i nostri clienti. Sviluppiamo continuamente nuovi standard e soluzioni che garantiscono maggiore efficienza, flessibilit\u00e0 e produttivit\u00e0 per un successo imprenditoriale duraturo.Dall&#039; arrivo della prima macchina per lo stampaggio a iniezione in Europa nel 1989, Haitian International \u00e8 diventata un nome di fiducia nell&#039;industria europea della [&hellip;]\" \/>\n<meta property=\"og:url\" content=\"https:\/\/eu.haitianinter.com\/it\/chi-siamo\/\" \/>\n<meta property=\"og:site_name\" content=\"Haitian International Germany\" \/>\n<meta property=\"article:modified_time\" content=\"2024-09-03T13:50:06+00:00\" \/>\n<meta name=\"twitter:card\" content=\"summary_large_image\" \/>\n<meta name=\"twitter:label1\" content=\"Tempo di lettura stimato\" \/>\n\t<meta name=\"twitter:data1\" content=\"8 minuti\" \/>\n<script type=\"application\/ld+json\" class=\"yoast-schema-graph\">{\"@context\":\"https:\/\/schema.org\",\"@graph\":[{\"@type\":\"WebPage\",\"@id\":\"https:\/\/eu.haitianinter.com\/it\/chi-siamo\/\",\"url\":\"https:\/\/eu.haitianinter.com\/it\/chi-siamo\/\",\"name\":\"Chi siamo - Haitian International Germany\",\"isPartOf\":{\"@id\":\"https:\/\/eu.haitianinter.com\/it\/#website\"},\"datePublished\":\"2023-12-02T13:07:25+00:00\",\"dateModified\":\"2024-09-03T13:50:06+00:00\",\"breadcrumb\":{\"@id\":\"https:\/\/eu.haitianinter.com\/it\/chi-siamo\/#breadcrumb\"},\"inLanguage\":\"it-IT\",\"potentialAction\":[{\"@type\":\"ReadAction\",\"target\":[\"https:\/\/eu.haitianinter.com\/it\/chi-siamo\/\"]}]},{\"@type\":\"BreadcrumbList\",\"@id\":\"https:\/\/eu.haitianinter.com\/it\/chi-siamo\/#breadcrumb\",\"itemListElement\":[{\"@type\":\"ListItem\",\"position\":1,\"name\":\"Home\",\"item\":\"https:\/\/eu.haitianinter.com\/it\/homepage-2\/\"},{\"@type\":\"ListItem\",\"position\":2,\"name\":\"Chi siamo\"}]},{\"@type\":\"WebSite\",\"@id\":\"https:\/\/eu.haitianinter.com\/it\/#website\",\"url\":\"https:\/\/eu.haitianinter.com\/it\/\",\"name\":\"Haitian International Germany\",\"description\":\"We Create and Extend Advantage\",\"potentialAction\":[{\"@type\":\"SearchAction\",\"target\":{\"@type\":\"EntryPoint\",\"urlTemplate\":\"https:\/\/eu.haitianinter.com\/it\/?s={search_term_string}\"},\"query-input\":{\"@type\":\"PropertyValueSpecification\",\"valueRequired\":true,\"valueName\":\"search_term_string\"}}],\"inLanguage\":\"it-IT\"}]}<\/script>\n<!-- \/ Yoast SEO plugin. -->","yoast_head_json":{"title":"Chi siamo - Haitian International Germany","robots":{"index":"index","follow":"follow","max-snippet":"max-snippet:-1","max-image-preview":"max-image-preview:large","max-video-preview":"max-video-preview:-1"},"canonical":"https:\/\/eu.haitianinter.com\/it\/chi-siamo\/","og_locale":"it_IT","og_type":"article","og_title":"Chi siamo - Haitian International Germany","og_description":"La nostra missione \u00e8 creare ed estendere i vantaggi per i nostri clienti. Sviluppiamo continuamente nuovi standard e soluzioni che garantiscono maggiore efficienza, flessibilit\u00e0 e produttivit\u00e0 per un successo imprenditoriale duraturo.Dall' arrivo della prima macchina per lo stampaggio a iniezione in Europa nel 1989, Haitian International \u00e8 diventata un nome di fiducia nell'industria europea della [&hellip;]","og_url":"https:\/\/eu.haitianinter.com\/it\/chi-siamo\/","og_site_name":"Haitian International Germany","article_modified_time":"2024-09-03T13:50:06+00:00","twitter_card":"summary_large_image","twitter_misc":{"Tempo di lettura stimato":"8 minuti"},"schema":{"@context":"https:\/\/schema.org","@graph":[{"@type":"WebPage","@id":"https:\/\/eu.haitianinter.com\/it\/chi-siamo\/","url":"https:\/\/eu.haitianinter.com\/it\/chi-siamo\/","name":"Chi siamo - Haitian International Germany","isPartOf":{"@id":"https:\/\/eu.haitianinter.com\/it\/#website"},"datePublished":"2023-12-02T13:07:25+00:00","dateModified":"2024-09-03T13:50:06+00:00","breadcrumb":{"@id":"https:\/\/eu.haitianinter.com\/it\/chi-siamo\/#breadcrumb"},"inLanguage":"it-IT","potentialAction":[{"@type":"ReadAction","target":["https:\/\/eu.haitianinter.com\/it\/chi-siamo\/"]}]},{"@type":"BreadcrumbList","@id":"https:\/\/eu.haitianinter.com\/it\/chi-siamo\/#breadcrumb","itemListElement":[{"@type":"ListItem","position":1,"name":"Home","item":"https:\/\/eu.haitianinter.com\/it\/homepage-2\/"},{"@type":"ListItem","position":2,"name":"Chi siamo"}]},{"@type":"WebSite","@id":"https:\/\/eu.haitianinter.com\/it\/#website","url":"https:\/\/eu.haitianinter.com\/it\/","name":"Haitian International Germany","description":"We Create and Extend Advantage","potentialAction":[{"@type":"SearchAction","target":{"@type":"EntryPoint","urlTemplate":"https:\/\/eu.haitianinter.com\/it\/?s={search_term_string}"},"query-input":{"@type":"PropertyValueSpecification","valueRequired":true,"valueName":"search_term_string"}}],"inLanguage":"it-IT"}]}},"_links":{"self":[{"href":"https:\/\/eu.haitianinter.com\/it\/wp-json\/wp\/v2\/pages\/5245","targetHints":{"allow":["GET"]}}],"collection":[{"href":"https:\/\/eu.haitianinter.com\/it\/wp-json\/wp\/v2\/pages"}],"about":[{"href":"https:\/\/eu.haitianinter.com\/it\/wp-json\/wp\/v2\/types\/page"}],"author":[{"embeddable":true,"href":"https:\/\/eu.haitianinter.com\/it\/wp-json\/wp\/v2\/users\/1"}],"replies":[{"embeddable":true,"href":"https:\/\/eu.haitianinter.com\/it\/wp-json\/wp\/v2\/comments?post=5245"}],"version-history":[{"count":5,"href":"https:\/\/eu.haitianinter.com\/it\/wp-json\/wp\/v2\/pages\/5245\/revisions"}],"predecessor-version":[{"id":6229,"href":"https:\/\/eu.haitianinter.com\/it\/wp-json\/wp\/v2\/pages\/5245\/revisions\/6229"}],"wp:attachment":[{"href":"https:\/\/eu.haitianinter.com\/it\/wp-json\/wp\/v2\/media?parent=5245"}],"curies":[{"name":"wp","href":"https:\/\/api.w.org\/{rel}","templated":true}]}}