{"id":6116,"date":"2024-03-17T17:20:44","date_gmt":"2024-03-17T16:20:44","guid":{"rendered":"https:\/\/eu.haitianinter.com\/carriera\/vendite-senior-cnc-europa\/"},"modified":"2024-08-30T10:32:56","modified_gmt":"2024-08-30T08:32:56","slug":"vendite-senior-cnc-europa","status":"publish","type":"page","link":"https:\/\/eu.haitianinter.com\/it\/carriera\/vendite-senior-cnc-europa\/","title":{"rendered":"Vendite Senior CNC Europa"},"content":{"rendered":"<p>[et_pb_section fb_built=&#8221;1&#8243; fullwidth=&#8221;on&#8221; module_class=&#8221;teaser-image-under-text&#8221; _builder_version=&#8221;4.22.2&#8243; _module_preset=&#8221;default&#8221; locked=&#8221;off&#8221; global_colors_info=&#8221;{}&#8221;][et_pb_fullwidth_header text_orientation=&#8221;center&#8221; header_fullscreen=&#8221;on&#8221; header_image_url=&#8221;https:\/\/eu.haitianinter.com\/wp-content\/uploads\/sites\/3\/2024\/03\/Teaser-CNC-job.jpg&#8221; image_orientation=&#8221;bottom&#8221; _builder_version=&#8221;4.23.1&#8243; _module_preset=&#8221;default&#8221; background_enable_color=&#8221;off&#8221; background_layout=&#8221;light&#8221; hover_enabled=&#8221;0&#8243; global_colors_info=&#8221;{}&#8221; title_text=&#8221;Teaser CNC Job&#8221; sticky_enabled=&#8221;0&#8243;][\/et_pb_fullwidth_header][\/et_pb_section][et_pb_section fb_built=&#8221;1&#8243; _builder_version=&#8221;4.23.1&#8243; _module_preset=&#8221;default&#8221; custom_padding=&#8221;||4px||false|false&#8221; global_colors_info=&#8221;{}&#8221;][et_pb_row _builder_version=&#8221;4.23.1&#8243; _module_preset=&#8221;default&#8221; background_color=&#8221;RGBA(255,255,255,0)&#8221; custom_padding=&#8221;2px|||||&#8221; global_colors_info=&#8221;{}&#8221;][et_pb_column type=&#8221;4_4&#8243; _builder_version=&#8221;4.23.1&#8243; _module_preset=&#8221;default&#8221; global_colors_info=&#8221;{}&#8221;][et_pb_image src=&#8221;https:\/\/eu.haitianinter.com\/wp-content\/uploads\/sites\/3\/2024\/01\/Metal_Golden.png&#8221; title_text=&#8221;Metallo dorato&#8221; align=&#8221;center&#8221; _builder_version=&#8221;4.23.1&#8243; _module_preset=&#8221;default&#8221; width=&#8221;8%&#8221; custom_margin=&#8221;||10px||false|false&#8221; global_colors_info=&#8221;{}&#8221;][\/et_pb_image][et_pb_text _builder_version=&#8221;4.23.1&#8243; _module_preset=&#8221;default&#8221; header_3_font_size=&#8221;33px&#8221; custom_margin=&#8221;||10px||false|false&#8221; custom_padding=&#8221;||0px||false|false&#8221; global_colors_info=&#8221;{}&#8221;]<\/p>\n<h6 style=\"text-align: center\"><strong>Area di business CNC<\/strong><\/h6>\n<h3 style=\"text-align: center\">Senior Sales Manager Europa (m\/w\/d)<\/h3>\n<h6 style=\"text-align: center\">Localit\u00e0 Ebermannsdorf (GERMANIA) esperienza professionale<\/h6>\n<p>[\/et_pb_text][et_pb_button button_url=&#8221;mailto:bmy14811@mail.haitian.com&#8221; button_text=&#8221;Candidati ora&#8221; button_alignment=&#8221;center&#8221; _builder_version=&#8221;4.23.1&#8243; _module_preset=&#8221;default&#8221; custom_button=&#8221;on&#8221; background_layout=&#8221;dark&#8221; custom_margin=&#8221;||18px||false|false&#8221; custom_padding=&#8221;5px||5px||false|false&#8221; mix_blend_mode=&#8221;soft-light&#8221; locked=&#8221;off&#8221; global_colors_info=&#8221;{}&#8221;][\/et_pb_button][\/et_pb_column][\/et_pb_row][\/et_pb_section][et_pb_section fb_built=&#8221;1&#8243; _builder_version=&#8221;4.23.1&#8243; _module_preset=&#8221;default&#8221; custom_padding=&#8221;2px||4px|||&#8221; global_colors_info=&#8221;{}&#8221;][et_pb_row column_structure=&#8221;1_5,3_5,1_5&#8243; disabled_on=&#8221;off|off|off&#8221; _builder_version=&#8221;4.23.1&#8243; _module_preset=&#8221;default&#8221; global_colors_info=&#8221;{}&#8221; custom_padding=&#8221;88px|||||&#8221;][et_pb_column type=&#8221;1_5&#8243; _builder_version=&#8221;4.23.1&#8243; _module_preset=&#8221;default&#8221; global_colors_info=&#8221;{}&#8221;][\/et_pb_column][et_pb_column type=&#8221;3_5&#8243; _builder_version=&#8221;4.23.1&#8243; _module_preset=&#8221;default&#8221; global_colors_info=&#8221;{}&#8221;][et_pb_text _builder_version=&#8221;4.23.1&#8243; _module_preset=&#8221;default&#8221; global_colors_info=&#8221;{}&#8221;]<\/p>\n<h3 style=\"text-align: center\">L&#8217;offerta di lavoro riguarda la nostra consociata Haitian Precision Germany, anch&#8217;essa con sede a Ebermannsdorf, in Germania.<\/h3>\n<p>[\/et_pb_text][\/et_pb_column][et_pb_column type=&#8221;1_5&#8243; _builder_version=&#8221;4.23.1&#8243; _module_preset=&#8221;default&#8221; global_colors_info=&#8221;{}&#8221;][\/et_pb_column][\/et_pb_row][et_pb_row _builder_version=&#8221;4.23.1&#8243; _module_preset=&#8221;default&#8221; global_colors_info=&#8221;{}&#8221;][et_pb_column type=&#8221;4_4&#8243; _builder_version=&#8221;4.23.1&#8243; _module_preset=&#8221;default&#8221; global_colors_info=&#8221;{}&#8221;][et_pb_text _builder_version=&#8221;4.23.1&#8243; _module_preset=&#8221;default&#8221; text_line_height=&#8221;1.8em&#8221; global_colors_info=&#8221;{}&#8221;]<\/p>\n<div><a href=\"http:\/\/www.haitian-precision.com\" target=\"_blank\" rel=\"noopener\">Haitian Precision<\/a> \u00e8 un rinomato produttore di macchine utensili CNC e una societ\u00e0 quotata in borsa specializzata nel settore delle macchine utensili.<br \/>\nCon impianti di produzione all&#8217;avanguardia in Cina, produciamo un&#8217;ampia gamma di macchine utensili CNC di alta qualit\u00e0. <\/div>\n<div><\/div>\n<div><\/div>\n<div><\/div>\n<div><\/div>\n<div><\/div>\n<div><\/div>\n<div>In qualit\u00e0 di Senior Sales Manager Europe per la nostra attivit\u00e0 CNC, svolgerai un ruolo centrale nella costruzione e creazione di una rete di vendita in tutta Europa.<br \/>\nIl tuo obiettivo principale sar\u00e0 quello di espandere la nostra base di clienti, sviluppare solide relazioni con i clienti e identificare nuove opportunit\u00e0 commerciali in linea con la nostra strategia aziendale.<br \/>\nInoltre, sarai responsabile di coltivare i contatti con i potenziali clienti e di guidarli attraverso l&#8217;intero processo di vendita.  <\/div>\n<h3><\/h3>\n<h3><\/h3>\n<h3>Le tue responsabilit\u00e0<span> <\/span><\/h3>\n<ul>\n<li>Sviluppo di una strategia di vendita completa per il mercato europeo nel settore delle macchine CNC, compreso lo sviluppo e l&#8217;espansione di una rete di venditaIdentificazione e perseguimento di nuove opportunit\u00e0 commerciali in linea con la nostra strategia aziendale<\/li>\n<li><span>  Promuovere e presentare ai clienti la nostra gamma di prodotti e servizi CNC<\/span><\/li>\n<li><span>Negoziare e chiudere accordi con i clientiCollaborare con il team interno per la richiesta di preventivi (RFQ) e supportare il processo di vendita<\/span><\/li>\n<li>Partecipa attivamente a eventi di settore, fiere e conferenze per migliorare il profilo dell&#8217;azienda e individuare nuove opportunit\u00e0 commerciali.<\/li>\n<li>Lavorare a stretto contatto con altri reparti come lo sviluppo dei prodotti, il marketing e il servizio clienti per fornire una soluzione incentrata sul cliente e migliorare continuamente l&#8217;offerta dei prodottiPianificazione e controllo del budget per il reparto vendite e relazioni periodiche al team di gestione<\/li>\n<li>Monitoraggio e reporting sulla soddisfazione dei clienti e sul feedback del progetto<\/li>\n<\/ul>\n<h3><\/h3>\n<h3>Il tuo profilo<\/h3>\n<ul>\n<li>E&#8217; auspicabile una laurea in una disciplina tecnica correlata.<\/li>\n<li>Ottime capacit\u00e0 di comunicazione con fluidit\u00e0 in inglese (essenziale), altre lingue europee sono un vantaggio<\/li>\n<li>Forti capacit\u00e0 tecniche di vendita e di negoziazione<\/li>\n<li>Comprovate capacit\u00e0 di leadership<\/li>\n<li>Esperienza nella creazione e nell&#8217;espansione di reti di vendita e nella gestione di clienti e partner internazionali.<\/li>\n<li>Una solida conoscenza dei servizi dell&#8217;azienda e del settore delle macchine CNC<\/li>\n<li>Capacit\u00e0 di lavorare sotto pressione, di operare a livello globale e di lavorare efficacemente all&#8217;interno di un team.<\/li>\n<li>Pensiero strategico, alto livello di iniziativa e orientamento ai risultati<\/li>\n<li>Almeno 5+ anni di esperienza in ambito tecnico\/commerciale, idealmente nelle vendite o nello sviluppo commerciale di una societ\u00e0 di consulenza tecnica.<\/li>\n<\/ul>\n<div><\/div>\n<h3><\/h3>\n<h3>La nostra offerta<\/h3>\n<div><\/div>\n<ul>\n<li>Un lavoro orientato al futuro con assunzione a tempo indeterminato<\/li>\n<li>Gerarchie piatte e lavoro autonomoFormazione intensiva su misura per le tue esigenze individuali<\/li>\n<li>Uno stipendio interessante<\/li>\n<li>Benefici sociali e accessori<\/li>\n<\/ul>\n<div><\/div>\n<div><\/div>\n<div><\/div>\n<div><\/div>\n<div><\/div>\n<div>Se sei un professionista ambizioso e orientato ai risultati, con una passione per le vendite e un solido background tecnico, ti invitiamo a unirti al nostro dinamico team di Haitian Precision.<br \/>\nIn qualit\u00e0 di Senior Sales Manager Europa avrai l&#8217;opportunit\u00e0 di plasmare il futuro della nostra attivit\u00e0 CNC nel mercato europeo e di contribuire in modo significativo al nostro continuo successo e alla nostra crescita. Se abbiamo suscitato il tuo interesse, ti invitiamo a inviare la tua candidatura dettagliata (comprese le tue aspettative salariali), indicando la tua prima data di inizio possibile, via e-mail al nostro responsabile per l&#8217;Europa, il signor Bao Mengyang. <\/div>\n<p>[\/et_pb_text][et_pb_button button_url=&#8221;mailto:bmy14811@mail.haitian.com&#8221; button_text=&#8221;Candidati ora&#8221; button_alignment=&#8221;left&#8221; _builder_version=&#8221;4.23.1&#8243; _module_preset=&#8221;default&#8221; custom_button=&#8221;on&#8221; background_layout=&#8221;dark&#8221; custom_margin=&#8221;||18px||false|false&#8221; custom_padding=&#8221;5px||5px||false|false&#8221; mix_blend_mode=&#8221;soft-light&#8221; locked=&#8221;off&#8221; global_colors_info=&#8221;{}&#8221;][\/et_pb_button][\/et_pb_column][\/et_pb_row][\/et_pb_section][et_pb_section fb_built=&#8221;1&#8243; _builder_version=&#8221;4.23.1&#8243; _module_preset=&#8221;default&#8221; custom_padding=&#8221;2px|||||&#8221; global_colors_info=&#8221;{}&#8221;][et_pb_row _builder_version=&#8221;4.23.1&#8243; _module_preset=&#8221;default&#8221; global_colors_info=&#8221;{}&#8221;][et_pb_column type=&#8221;4_4&#8243; _builder_version=&#8221;4.23.1&#8243; _module_preset=&#8221;default&#8221; global_colors_info=&#8221;{}&#8221;][et_pb_text _builder_version=&#8221;4.23.1&#8243; _module_preset=&#8221;default&#8221; global_colors_info=&#8221;{}&#8221;]<\/p>\n<p><a href=\"https:\/\/eu.haitianinter.com\/career\/\">Torna alla pagina della carriera<\/a><\/p>\n<p>[\/et_pb_text][\/et_pb_column][\/et_pb_row][\/et_pb_section]<\/p>\n","protected":false},"excerpt":{"rendered":"<p>Area di business CNC Senior Sales Manager Europa (m\/w\/d) Localit\u00e0 Ebermannsdorf (GERMANIA) esperienza professionaleL&#8217;offerta di lavoro riguarda la nostra consociata Haitian Precision Germany, anch&#8217;essa con sede a Ebermannsdorf, in Germania.Haitian Precision \u00e8 un rinomato produttore di macchine utensili CNC e una societ\u00e0 quotata in borsa specializzata nel settore delle macchine utensili. Con impianti di produzione [&hellip;]<\/p>\n","protected":false},"author":4,"featured_media":0,"parent":5167,"menu_order":0,"comment_status":"closed","ping_status":"closed","template":"","meta":{"_et_pb_use_builder":"on","_et_pb_old_content":"","_et_gb_content_width":"","footnotes":""},"class_list":["post-6116","page","type-page","status-publish","hentry"],"yoast_head":"<!-- This site is optimized with the Yoast SEO plugin v27.2 - https:\/\/yoast.com\/product\/yoast-seo-wordpress\/ -->\n<title>Vendite Senior CNC Europa - Haitian International Germany<\/title>\n<meta name=\"robots\" content=\"index, follow, max-snippet:-1, max-image-preview:large, max-video-preview:-1\" \/>\n<link rel=\"canonical\" href=\"https:\/\/eu.haitianinter.com\/it\/carriera\/vendite-senior-cnc-europa\/\" \/>\n<meta property=\"og:locale\" content=\"it_IT\" \/>\n<meta property=\"og:type\" content=\"article\" \/>\n<meta property=\"og:title\" content=\"Vendite Senior CNC Europa - Haitian International Germany\" \/>\n<meta property=\"og:description\" content=\"Area di business CNC Senior Sales Manager Europa (m\/w\/d) Localit\u00e0 Ebermannsdorf (GERMANIA) esperienza professionaleL&#039;offerta di lavoro riguarda la nostra consociata Haitian Precision Germany, anch&#039;essa con sede a Ebermannsdorf, in Germania.Haitian Precision \u00e8 un rinomato produttore di macchine utensili CNC e una societ\u00e0 quotata in borsa specializzata nel settore delle macchine utensili. Con impianti di produzione [&hellip;]\" \/>\n<meta property=\"og:url\" content=\"https:\/\/eu.haitianinter.com\/it\/carriera\/vendite-senior-cnc-europa\/\" \/>\n<meta property=\"og:site_name\" content=\"Haitian International Germany\" \/>\n<meta property=\"article:modified_time\" content=\"2024-08-30T08:32:56+00:00\" \/>\n<meta name=\"twitter:card\" content=\"summary_large_image\" \/>\n<meta name=\"twitter:label1\" content=\"Tempo di lettura stimato\" \/>\n\t<meta name=\"twitter:data1\" content=\"5 minuti\" \/>\n<script type=\"application\/ld+json\" class=\"yoast-schema-graph\">{\"@context\":\"https:\/\/schema.org\",\"@graph\":[{\"@type\":\"WebPage\",\"@id\":\"https:\/\/eu.haitianinter.com\/it\/carriera\/vendite-senior-cnc-europa\/\",\"url\":\"https:\/\/eu.haitianinter.com\/it\/carriera\/vendite-senior-cnc-europa\/\",\"name\":\"Vendite Senior CNC Europa - Haitian International Germany\",\"isPartOf\":{\"@id\":\"https:\/\/eu.haitianinter.com\/it\/#website\"},\"datePublished\":\"2024-03-17T16:20:44+00:00\",\"dateModified\":\"2024-08-30T08:32:56+00:00\",\"breadcrumb\":{\"@id\":\"https:\/\/eu.haitianinter.com\/it\/carriera\/vendite-senior-cnc-europa\/#breadcrumb\"},\"inLanguage\":\"it-IT\",\"potentialAction\":[{\"@type\":\"ReadAction\",\"target\":[\"https:\/\/eu.haitianinter.com\/it\/carriera\/vendite-senior-cnc-europa\/\"]}]},{\"@type\":\"BreadcrumbList\",\"@id\":\"https:\/\/eu.haitianinter.com\/it\/carriera\/vendite-senior-cnc-europa\/#breadcrumb\",\"itemListElement\":[{\"@type\":\"ListItem\",\"position\":1,\"name\":\"Home\",\"item\":\"https:\/\/eu.haitianinter.com\/it\/homepage-2\/\"},{\"@type\":\"ListItem\",\"position\":2,\"name\":\"Carriera\",\"item\":\"https:\/\/eu.haitianinter.com\/it\/carriera\/\"},{\"@type\":\"ListItem\",\"position\":3,\"name\":\"Vendite Senior CNC Europa\"}]},{\"@type\":\"WebSite\",\"@id\":\"https:\/\/eu.haitianinter.com\/it\/#website\",\"url\":\"https:\/\/eu.haitianinter.com\/it\/\",\"name\":\"Haitian International Germany\",\"description\":\"We Create and Extend Advantage\",\"potentialAction\":[{\"@type\":\"SearchAction\",\"target\":{\"@type\":\"EntryPoint\",\"urlTemplate\":\"https:\/\/eu.haitianinter.com\/it\/?s={search_term_string}\"},\"query-input\":{\"@type\":\"PropertyValueSpecification\",\"valueRequired\":true,\"valueName\":\"search_term_string\"}}],\"inLanguage\":\"it-IT\"}]}<\/script>\n<!-- \/ Yoast SEO plugin. -->","yoast_head_json":{"title":"Vendite Senior CNC Europa - Haitian International Germany","robots":{"index":"index","follow":"follow","max-snippet":"max-snippet:-1","max-image-preview":"max-image-preview:large","max-video-preview":"max-video-preview:-1"},"canonical":"https:\/\/eu.haitianinter.com\/it\/carriera\/vendite-senior-cnc-europa\/","og_locale":"it_IT","og_type":"article","og_title":"Vendite Senior CNC Europa - Haitian International Germany","og_description":"Area di business CNC Senior Sales Manager Europa (m\/w\/d) Localit\u00e0 Ebermannsdorf (GERMANIA) esperienza professionaleL'offerta di lavoro riguarda la nostra consociata Haitian Precision Germany, anch'essa con sede a Ebermannsdorf, in Germania.Haitian Precision \u00e8 un rinomato produttore di macchine utensili CNC e una societ\u00e0 quotata in borsa specializzata nel settore delle macchine utensili. Con impianti di produzione [&hellip;]","og_url":"https:\/\/eu.haitianinter.com\/it\/carriera\/vendite-senior-cnc-europa\/","og_site_name":"Haitian International Germany","article_modified_time":"2024-08-30T08:32:56+00:00","twitter_card":"summary_large_image","twitter_misc":{"Tempo di lettura stimato":"5 minuti"},"schema":{"@context":"https:\/\/schema.org","@graph":[{"@type":"WebPage","@id":"https:\/\/eu.haitianinter.com\/it\/carriera\/vendite-senior-cnc-europa\/","url":"https:\/\/eu.haitianinter.com\/it\/carriera\/vendite-senior-cnc-europa\/","name":"Vendite Senior CNC Europa - Haitian International Germany","isPartOf":{"@id":"https:\/\/eu.haitianinter.com\/it\/#website"},"datePublished":"2024-03-17T16:20:44+00:00","dateModified":"2024-08-30T08:32:56+00:00","breadcrumb":{"@id":"https:\/\/eu.haitianinter.com\/it\/carriera\/vendite-senior-cnc-europa\/#breadcrumb"},"inLanguage":"it-IT","potentialAction":[{"@type":"ReadAction","target":["https:\/\/eu.haitianinter.com\/it\/carriera\/vendite-senior-cnc-europa\/"]}]},{"@type":"BreadcrumbList","@id":"https:\/\/eu.haitianinter.com\/it\/carriera\/vendite-senior-cnc-europa\/#breadcrumb","itemListElement":[{"@type":"ListItem","position":1,"name":"Home","item":"https:\/\/eu.haitianinter.com\/it\/homepage-2\/"},{"@type":"ListItem","position":2,"name":"Carriera","item":"https:\/\/eu.haitianinter.com\/it\/carriera\/"},{"@type":"ListItem","position":3,"name":"Vendite Senior CNC Europa"}]},{"@type":"WebSite","@id":"https:\/\/eu.haitianinter.com\/it\/#website","url":"https:\/\/eu.haitianinter.com\/it\/","name":"Haitian International Germany","description":"We Create and Extend Advantage","potentialAction":[{"@type":"SearchAction","target":{"@type":"EntryPoint","urlTemplate":"https:\/\/eu.haitianinter.com\/it\/?s={search_term_string}"},"query-input":{"@type":"PropertyValueSpecification","valueRequired":true,"valueName":"search_term_string"}}],"inLanguage":"it-IT"}]}},"_links":{"self":[{"href":"https:\/\/eu.haitianinter.com\/it\/wp-json\/wp\/v2\/pages\/6116","targetHints":{"allow":["GET"]}}],"collection":[{"href":"https:\/\/eu.haitianinter.com\/it\/wp-json\/wp\/v2\/pages"}],"about":[{"href":"https:\/\/eu.haitianinter.com\/it\/wp-json\/wp\/v2\/types\/page"}],"author":[{"embeddable":true,"href":"https:\/\/eu.haitianinter.com\/it\/wp-json\/wp\/v2\/users\/4"}],"replies":[{"embeddable":true,"href":"https:\/\/eu.haitianinter.com\/it\/wp-json\/wp\/v2\/comments?post=6116"}],"version-history":[{"count":2,"href":"https:\/\/eu.haitianinter.com\/it\/wp-json\/wp\/v2\/pages\/6116\/revisions"}],"predecessor-version":[{"id":6118,"href":"https:\/\/eu.haitianinter.com\/it\/wp-json\/wp\/v2\/pages\/6116\/revisions\/6118"}],"up":[{"embeddable":true,"href":"https:\/\/eu.haitianinter.com\/it\/wp-json\/wp\/v2\/pages\/5167"}],"wp:attachment":[{"href":"https:\/\/eu.haitianinter.com\/it\/wp-json\/wp\/v2\/media?parent=6116"}],"curies":[{"name":"wp","href":"https:\/\/api.w.org\/{rel}","templated":true}]}}