{"id":6206,"date":"2024-03-05T12:44:35","date_gmt":"2024-03-05T11:44:35","guid":{"rendered":"https:\/\/eu.haitianinter.com\/i-nostri-principi\/"},"modified":"2024-10-21T08:42:51","modified_gmt":"2024-10-21T06:42:51","slug":"i-nostri-principi","status":"publish","type":"page","link":"https:\/\/eu.haitianinter.com\/it\/i-nostri-principi\/","title":{"rendered":"I nostri principi"},"content":{"rendered":"<p>[et_pb_section fb_built=&#8221;1&#8243; fullwidth=&#8221;on&#8221; module_class=&#8221;teaser-image-under-text&#8221; _builder_version=&#8221;4.22.2&#8243; _module_preset=&#8221;default&#8221; locked=&#8221;off&#8221; global_colors_info=&#8221;{}&#8221;][et_pb_fullwidth_header title=&#8221;I nostri principi&#8221; text_orientation=&#8221;center&#8221; header_fullscreen=&#8221;on&#8221; header_image_url=&#8221;https:\/\/eu.haitianinter.com\/wp-content\/uploads\/sites\/3\/2024\/03\/Our_Principles.Kompass.jpg&#8221; image_orientation=&#8221;bottom&#8221; _builder_version=&#8221;4.23.1&#8243; _module_preset=&#8221;default&#8221; background_enable_color=&#8221;off&#8221; background_layout=&#8221;light&#8221; global_colors_info=&#8221;{}&#8221;][\/et_pb_fullwidth_header][\/et_pb_section][et_pb_section fb_built=&#8221;1&#8243; _builder_version=&#8221;4.23.1&#8243; _module_preset=&#8221;default&#8221; custom_padding=&#8221;||||false|false&#8221; global_colors_info=&#8221;{}&#8221;][et_pb_row _builder_version=&#8221;4.23.1&#8243; _module_preset=&#8221;default&#8221; global_colors_info=&#8221;{}&#8221;][et_pb_column type=&#8221;4_4&#8243; _builder_version=&#8221;4.23.1&#8243; _module_preset=&#8221;default&#8221; global_colors_info=&#8221;{}&#8221;][et_pb_text _builder_version=&#8221;4.23.1&#8243; _module_preset=&#8221;default&#8221; global_colors_info=&#8221;{}&#8221;]<\/p>\n<h5 style=\"text-align: center\"><span>Spirito imprenditoriale, consapevolezza dei costi, volont\u00e0 di investire e pieno rispetto per i dipendenti, i partner e i clienti sono le pietre miliari della nostra cultura aziendale. Perch\u00e9 i prodotti di alta qualit\u00e0 e competitivi a livello internazionale nascono dalla mente e dalle mani di dipendenti motivati. <\/span><\/h5>\n<p>[\/et_pb_text][\/et_pb_column][\/et_pb_row][\/et_pb_section][et_pb_section fb_built=&#8221;1&#8243; admin_label=&#8221;Section Image-Text-Box-light&#8221; module_class=&#8221;section-text-image-box&#8221; _builder_version=&#8221;4.22.2&#8243; _module_preset=&#8221;default&#8221; locked=&#8221;off&#8221; global_colors_info=&#8221;{}&#8221;][et_pb_row column_structure=&#8221;1_2,1_2&#8243; make_equal=&#8221;on&#8221; module_class=&#8221;icon-mirror-left&#8221; _builder_version=&#8221;4.23.1&#8243; _module_preset=&#8221;default&#8221; custom_padding=&#8221;0px||0px||true|false&#8221; global_colors_info=&#8221;{}&#8221;][et_pb_column type=&#8221;1_2&#8243; _builder_version=&#8221;4.23.1&#8243; _module_preset=&#8221;default&#8221; background_image=&#8221;https:\/\/eu.haitianinter.com\/wp-content\/uploads\/sites\/3\/2024\/03\/Our_Principles.Mission.jpg&#8221; global_colors_info=&#8221;{}&#8221;][\/et_pb_column][et_pb_column type=&#8221;1_2&#8243; module_class=&#8221;light&#8221; _builder_version=&#8221;4.22.2&#8243; _module_preset=&#8221;default&#8221; background_enable_color=&#8221;off&#8221; global_colors_info=&#8221;{}&#8221;][et_pb_text admin_label=&#8221;Headline&#8221; _builder_version=&#8221;4.23.1&#8243; _module_preset=&#8221;default&#8221; locked=&#8221;off&#8221; global_colors_info=&#8221;{}&#8221;]<\/p>\n<h4>La nostra missione<\/h4>\n<p>[\/et_pb_text][et_pb_text admin_label=&#8221;Content&#8221; _builder_version=&#8221;4.23.1&#8243; _module_preset=&#8221;default&#8221; locked=&#8221;off&#8221; global_colors_info=&#8221;{}&#8221;]<\/p>\n<h5 style=\"text-align: left\">Vogliamo costruire relazioni a lungo termine con i clienti di tutto il mondo e metterli in condizione di gestire con successo e in modo sostenibile la loro attivit\u00e0, fornendo loro soluzioni industriali su misura con il miglior rapporto qualit\u00e0-prezzo e la massima efficienza.<\/h5>\n<p>[\/et_pb_text][\/et_pb_column][\/et_pb_row][et_pb_row column_structure=&#8221;1_2,1_2&#8243; use_custom_gutter=&#8221;on&#8221; make_equal=&#8221;on&#8221; module_class=&#8221;icon-mirror-right reverse&#8221; _builder_version=&#8221;4.23.1&#8243; _module_preset=&#8221;default&#8221; background_enable_color=&#8221;off&#8221; custom_padding=&#8221;0px||0px||true|false&#8221; hover_enabled=&#8221;0&#8243; global_colors_info=&#8221;{}&#8221; sticky_enabled=&#8221;0&#8243;][et_pb_column type=&#8221;1_2&#8243; module_class=&#8221;light&#8221; _builder_version=&#8221;4.22.2&#8243; _module_preset=&#8221;default&#8221; background_enable_color=&#8221;off&#8221; global_colors_info=&#8221;{}&#8221;][et_pb_text admin_label=&#8221;Headline&#8221; _builder_version=&#8221;4.23.1&#8243; _module_preset=&#8221;default&#8221; global_colors_info=&#8221;{}&#8221;][\/et_pb_text][et_pb_text admin_label=&#8221;Content&#8221; _builder_version=&#8221;4.23.1&#8243; _module_preset=&#8221;default&#8221; locked=&#8221;off&#8221; global_colors_info=&#8221;{}&#8221;]<\/p>\n<h4>Filosofia di gestione<\/h4>\n<h5>Vogliamo essere leader nel nostro settore e fornire ai nostri clienti il miglior supporto possibile. La comunicazione \u00e8 alla base di tutto questo. Questo ci permette di sviluppare innovazioni che aiutano i nostri clienti a diventare pi\u00f9 efficienti e a dare loro un chiaro vantaggio competitivo.  <\/h5>\n<p>[\/et_pb_text][\/et_pb_column][et_pb_column type=&#8221;1_2&#8243; _builder_version=&#8221;4.23.1&#8243; _module_preset=&#8221;default&#8221; background_image=&#8221;https:\/\/eu.haitianinter.com\/wp-content\/uploads\/sites\/3\/2024\/03\/Our_Principles.communication.jpg&#8221; global_colors_info=&#8221;{}&#8221;][\/et_pb_column][\/et_pb_row][et_pb_row column_structure=&#8221;1_2,1_2&#8243; make_equal=&#8221;on&#8221; module_class=&#8221;icon-mirror-left&#8221; _builder_version=&#8221;4.23.1&#8243; _module_preset=&#8221;default&#8221; custom_padding=&#8221;0px||0px||true|false&#8221; global_colors_info=&#8221;{}&#8221;][et_pb_column type=&#8221;1_2&#8243; _builder_version=&#8221;4.23.1&#8243; _module_preset=&#8221;default&#8221; background_image=&#8221;https:\/\/eu.haitianinter.com\/wp-content\/uploads\/sites\/3\/2024\/03\/Our_Principles.productstrategy.jpg&#8221; global_colors_info=&#8221;{}&#8221;][\/et_pb_column][et_pb_column type=&#8221;1_2&#8243; module_class=&#8221;light&#8221; _builder_version=&#8221;4.23.1&#8243; _module_preset=&#8221;default&#8221; background_enable_color=&#8221;off&#8221; global_colors_info=&#8221;{}&#8221;][et_pb_text admin_label=&#8221;Content&#8221; _builder_version=&#8221;4.23.1&#8243; _module_preset=&#8221;default&#8221; locked=&#8221;off&#8221; global_colors_info=&#8221;{}&#8221;]<\/p>\n<h5 style=\"text-align: left\"><span style=\"font-size: 31.96px\"><\/span><\/h5>\n<h4 style=\"text-align: left\"><span style=\"font-size: 31.96px\">La nostra strategia di prodotto<\/span><\/h4>\n<h5 style=\"text-align: left\">Le sfide del futuro sono importanti e varie. Il nostro portafoglio \u00e8 progettato per affrontarle. L&#8217;ingegneria, l&#8217;intelligenza digitale e l&#8217;elevata connettivit\u00e0 garantiscono un alto grado di flessibilit\u00e0: pi\u00f9 qualit\u00e0, pi\u00f9 efficienza, pi\u00f9 sostenibilit\u00e0. Technology to the Point   <\/h5>\n<p>&nbsp;<\/p>\n<p>[\/et_pb_text][\/et_pb_column][\/et_pb_row][\/et_pb_section][et_pb_section fb_built=&#8221;1&#8243; _builder_version=&#8221;4.23.1&#8243; _module_preset=&#8221;default&#8221; custom_padding=&#8221;0px||117px|||&#8221; locked=&#8221;off&#8221; global_colors_info=&#8221;{}&#8221;][et_pb_row module_class=&#8221;row-fullwidth&#8221; _builder_version=&#8221;4.23.1&#8243; _module_preset=&#8221;default&#8221; width_tablet=&#8221;&#8221; width_phone=&#8221;&#8221; width_last_edited=&#8221;on|phone&#8221; custom_padding=&#8221;68px|||||&#8221; global_colors_info=&#8221;{}&#8221;][et_pb_column type=&#8221;4_4&#8243; _builder_version=&#8221;4.23.1&#8243; _module_preset=&#8221;default&#8221; global_colors_info=&#8221;{}&#8221;][et_pb_text _builder_version=&#8221;4.23.1&#8243; _module_preset=&#8221;default&#8221; global_colors_info=&#8221;{}&#8221;]<\/p>\n<h2 style=\"text-align: center\">We Create and Extend Advantage<\/h2>\n<p>[\/et_pb_text][\/et_pb_column][\/et_pb_row][et_pb_row module_class=&#8221;row-fullwidth&#8221; _builder_version=&#8221;4.23.1&#8243; _module_preset=&#8221;default&#8221; width_tablet=&#8221;&#8221; width_phone=&#8221;&#8221; width_last_edited=&#8221;on|phone&#8221; custom_padding=&#8221;68px|||||&#8221; global_colors_info=&#8221;{}&#8221;][et_pb_column type=&#8221;4_4&#8243; module_class=&#8221;carousel-2Col-blurb-slider&#8221; _builder_version=&#8221;4.23.1&#8243; _module_preset=&#8221;default&#8221; global_colors_info=&#8221;{}&#8221;][et_pb_blurb title=&#8221;Bassi costi di investimento&#8221; image=&#8221;https:\/\/eu.haitianinter.com\/wp-content\/uploads\/sites\/3\/2024\/03\/Anschaffungspreis_HTBlau.svg&#8221; image_icon_width=&#8221;40%&#8221; _builder_version=&#8221;4.23.1&#8243; _module_preset=&#8221;default&#8221; background_enable_image=&#8221;off&#8221; background_size=&#8221;contain&#8221; global_colors_info=&#8221;{}&#8221;]<\/p>\n<h5>Eccellente rapporto qualit\u00e0-prezzo, produzione efficiente dal punto di vista dei costi, componenti principali prodotti da Haiti.<\/h5>\n<p>[\/et_pb_blurb][et_pb_blurb title=&#8221;Tempi di consegna brevi&#8221; image=&#8221;https:\/\/eu.haitianinter.com\/wp-content\/uploads\/sites\/3\/2024\/03\/KurzeLieferzeit_HTBlau.svg&#8221; image_icon_width=&#8221;40%&#8221; _builder_version=&#8221;4.23.1&#8243; _module_preset=&#8221;default&#8221; background_enable_image=&#8221;off&#8221; background_size=&#8221;contain&#8221; global_colors_info=&#8221;{}&#8221;]<\/p>\n<h5>Tempi di consegna brevi anche per macchine di grandi dimensioni, sedi in tutto il mondo con macchine in stock per la personalizzazione<\/h5>\n<p>[\/et_pb_blurb][et_pb_blurb title=&#8221;Costi di servizio ridotti&#8221; image=&#8221;https:\/\/eu.haitianinter.com\/wp-content\/uploads\/sites\/3\/2024\/03\/Servicekosten_HTBlau.svg&#8221; image_icon_width=&#8221;40%&#8221; _builder_version=&#8221;4.23.1&#8243; _module_preset=&#8221;default&#8221; background_enable_image=&#8221;off&#8221; background_size=&#8221;contain&#8221; global_colors_info=&#8221;{}&#8221;]<\/p>\n<h5>Concetti di macchine a bassa manutenzione, strategia aperta per i ricambi, rete di assistenza mondiale<\/h5>\n<p>[\/et_pb_blurb][et_pb_blurb title=&#8221;Ampia gamma di applicazioni&#8221; image=&#8221;https:\/\/eu.haitianinter.com\/wp-content\/uploads\/sites\/3\/2024\/03\/Maschinenverfugbarkeit_HTBlau.svg&#8221; image_icon_width=&#8221;40%&#8221; _builder_version=&#8221;4.23.1&#8243; _module_preset=&#8221;default&#8221; background_enable_image=&#8221;off&#8221; background_size=&#8221;contain&#8221; global_colors_info=&#8221;{}&#8221;]<\/p>\n<h5>Soluzioni industriali speciali, macchine elettriche o servoidrauliche da 400 a 88.000 kN per tutte le esigenze del mercato<\/h5>\n<p>[\/et_pb_blurb][et_pb_blurb title=&#8221;Elevato risparmio energetico&#8221; image=&#8221;https:\/\/eu.haitianinter.com\/wp-content\/uploads\/sites\/3\/2024\/03\/Energieeinsparung_HTBlau.svg&#8221; image_icon_width=&#8221;40%&#8221; _builder_version=&#8221;4.23.1&#8243; _module_preset=&#8221;default&#8221; background_enable_image=&#8221;off&#8221; background_size=&#8221;contain&#8221; global_colors_info=&#8221;{}&#8221;]<\/p>\n<h5>Sistemi di azionamento servoidraulici brevettati, ricarica elettrica di serie<\/h5>\n<p>[\/et_pb_blurb][\/et_pb_column][\/et_pb_row][\/et_pb_section]<\/p>\n","protected":false},"excerpt":{"rendered":"<p>Spirito imprenditoriale, consapevolezza dei costi, volont\u00e0 di investire e pieno rispetto per i dipendenti, i partner e i clienti sono le pietre miliari della nostra cultura aziendale. Perch\u00e9 i prodotti di alta qualit\u00e0 e competitivi a livello internazionale nascono dalla mente e dalle mani di dipendenti motivati. La nostra missioneVogliamo costruire relazioni a lungo termine [&hellip;]<\/p>\n","protected":false},"author":5,"featured_media":0,"parent":0,"menu_order":0,"comment_status":"closed","ping_status":"closed","template":"","meta":{"_et_pb_use_builder":"on","_et_pb_old_content":"","_et_gb_content_width":"","footnotes":""},"class_list":["post-6206","page","type-page","status-publish","hentry"],"yoast_head":"<!-- This site is optimized with the Yoast SEO plugin v27.2 - https:\/\/yoast.com\/product\/yoast-seo-wordpress\/ -->\n<title>I nostri principi - Haitian International Germany<\/title>\n<meta name=\"robots\" content=\"index, follow, max-snippet:-1, max-image-preview:large, max-video-preview:-1\" \/>\n<link rel=\"canonical\" href=\"https:\/\/eu.haitianinter.com\/it\/i-nostri-principi\/\" \/>\n<meta property=\"og:locale\" content=\"it_IT\" \/>\n<meta property=\"og:type\" content=\"article\" \/>\n<meta property=\"og:title\" content=\"I nostri principi - Haitian International Germany\" \/>\n<meta property=\"og:description\" content=\"Spirito imprenditoriale, consapevolezza dei costi, volont\u00e0 di investire e pieno rispetto per i dipendenti, i partner e i clienti sono le pietre miliari della nostra cultura aziendale. Perch\u00e9 i prodotti di alta qualit\u00e0 e competitivi a livello internazionale nascono dalla mente e dalle mani di dipendenti motivati. La nostra missioneVogliamo costruire relazioni a lungo termine [&hellip;]\" \/>\n<meta property=\"og:url\" content=\"https:\/\/eu.haitianinter.com\/it\/i-nostri-principi\/\" \/>\n<meta property=\"og:site_name\" content=\"Haitian International Germany\" \/>\n<meta property=\"article:modified_time\" content=\"2024-10-21T06:42:51+00:00\" \/>\n<meta name=\"twitter:card\" content=\"summary_large_image\" \/>\n<meta name=\"twitter:label1\" content=\"Tempo di lettura stimato\" \/>\n\t<meta name=\"twitter:data1\" content=\"5 minuti\" \/>\n<script type=\"application\/ld+json\" class=\"yoast-schema-graph\">{\"@context\":\"https:\/\/schema.org\",\"@graph\":[{\"@type\":\"WebPage\",\"@id\":\"https:\/\/eu.haitianinter.com\/it\/i-nostri-principi\/\",\"url\":\"https:\/\/eu.haitianinter.com\/it\/i-nostri-principi\/\",\"name\":\"I nostri principi - Haitian International Germany\",\"isPartOf\":{\"@id\":\"https:\/\/eu.haitianinter.com\/it\/#website\"},\"datePublished\":\"2024-03-05T11:44:35+00:00\",\"dateModified\":\"2024-10-21T06:42:51+00:00\",\"breadcrumb\":{\"@id\":\"https:\/\/eu.haitianinter.com\/it\/i-nostri-principi\/#breadcrumb\"},\"inLanguage\":\"it-IT\",\"potentialAction\":[{\"@type\":\"ReadAction\",\"target\":[\"https:\/\/eu.haitianinter.com\/it\/i-nostri-principi\/\"]}]},{\"@type\":\"BreadcrumbList\",\"@id\":\"https:\/\/eu.haitianinter.com\/it\/i-nostri-principi\/#breadcrumb\",\"itemListElement\":[{\"@type\":\"ListItem\",\"position\":1,\"name\":\"Home\",\"item\":\"https:\/\/eu.haitianinter.com\/it\/homepage-2\/\"},{\"@type\":\"ListItem\",\"position\":2,\"name\":\"I nostri principi\"}]},{\"@type\":\"WebSite\",\"@id\":\"https:\/\/eu.haitianinter.com\/it\/#website\",\"url\":\"https:\/\/eu.haitianinter.com\/it\/\",\"name\":\"Haitian International Germany\",\"description\":\"We Create and Extend Advantage\",\"potentialAction\":[{\"@type\":\"SearchAction\",\"target\":{\"@type\":\"EntryPoint\",\"urlTemplate\":\"https:\/\/eu.haitianinter.com\/it\/?s={search_term_string}\"},\"query-input\":{\"@type\":\"PropertyValueSpecification\",\"valueRequired\":true,\"valueName\":\"search_term_string\"}}],\"inLanguage\":\"it-IT\"}]}<\/script>\n<!-- \/ Yoast SEO plugin. -->","yoast_head_json":{"title":"I nostri principi - Haitian International Germany","robots":{"index":"index","follow":"follow","max-snippet":"max-snippet:-1","max-image-preview":"max-image-preview:large","max-video-preview":"max-video-preview:-1"},"canonical":"https:\/\/eu.haitianinter.com\/it\/i-nostri-principi\/","og_locale":"it_IT","og_type":"article","og_title":"I nostri principi - Haitian International Germany","og_description":"Spirito imprenditoriale, consapevolezza dei costi, volont\u00e0 di investire e pieno rispetto per i dipendenti, i partner e i clienti sono le pietre miliari della nostra cultura aziendale. Perch\u00e9 i prodotti di alta qualit\u00e0 e competitivi a livello internazionale nascono dalla mente e dalle mani di dipendenti motivati. La nostra missioneVogliamo costruire relazioni a lungo termine [&hellip;]","og_url":"https:\/\/eu.haitianinter.com\/it\/i-nostri-principi\/","og_site_name":"Haitian International Germany","article_modified_time":"2024-10-21T06:42:51+00:00","twitter_card":"summary_large_image","twitter_misc":{"Tempo di lettura stimato":"5 minuti"},"schema":{"@context":"https:\/\/schema.org","@graph":[{"@type":"WebPage","@id":"https:\/\/eu.haitianinter.com\/it\/i-nostri-principi\/","url":"https:\/\/eu.haitianinter.com\/it\/i-nostri-principi\/","name":"I nostri principi - Haitian International Germany","isPartOf":{"@id":"https:\/\/eu.haitianinter.com\/it\/#website"},"datePublished":"2024-03-05T11:44:35+00:00","dateModified":"2024-10-21T06:42:51+00:00","breadcrumb":{"@id":"https:\/\/eu.haitianinter.com\/it\/i-nostri-principi\/#breadcrumb"},"inLanguage":"it-IT","potentialAction":[{"@type":"ReadAction","target":["https:\/\/eu.haitianinter.com\/it\/i-nostri-principi\/"]}]},{"@type":"BreadcrumbList","@id":"https:\/\/eu.haitianinter.com\/it\/i-nostri-principi\/#breadcrumb","itemListElement":[{"@type":"ListItem","position":1,"name":"Home","item":"https:\/\/eu.haitianinter.com\/it\/homepage-2\/"},{"@type":"ListItem","position":2,"name":"I nostri principi"}]},{"@type":"WebSite","@id":"https:\/\/eu.haitianinter.com\/it\/#website","url":"https:\/\/eu.haitianinter.com\/it\/","name":"Haitian International Germany","description":"We Create and Extend Advantage","potentialAction":[{"@type":"SearchAction","target":{"@type":"EntryPoint","urlTemplate":"https:\/\/eu.haitianinter.com\/it\/?s={search_term_string}"},"query-input":{"@type":"PropertyValueSpecification","valueRequired":true,"valueName":"search_term_string"}}],"inLanguage":"it-IT"}]}},"_links":{"self":[{"href":"https:\/\/eu.haitianinter.com\/it\/wp-json\/wp\/v2\/pages\/6206","targetHints":{"allow":["GET"]}}],"collection":[{"href":"https:\/\/eu.haitianinter.com\/it\/wp-json\/wp\/v2\/pages"}],"about":[{"href":"https:\/\/eu.haitianinter.com\/it\/wp-json\/wp\/v2\/types\/page"}],"author":[{"embeddable":true,"href":"https:\/\/eu.haitianinter.com\/it\/wp-json\/wp\/v2\/users\/5"}],"replies":[{"embeddable":true,"href":"https:\/\/eu.haitianinter.com\/it\/wp-json\/wp\/v2\/comments?post=6206"}],"version-history":[{"count":10,"href":"https:\/\/eu.haitianinter.com\/it\/wp-json\/wp\/v2\/pages\/6206\/revisions"}],"predecessor-version":[{"id":7235,"href":"https:\/\/eu.haitianinter.com\/it\/wp-json\/wp\/v2\/pages\/6206\/revisions\/7235"}],"wp:attachment":[{"href":"https:\/\/eu.haitianinter.com\/it\/wp-json\/wp\/v2\/media?parent=6206"}],"curies":[{"name":"wp","href":"https:\/\/api.w.org\/{rel}","templated":true}]}}